{"id":1098,"date":"2013-12-20T11:06:21","date_gmt":"2016-05-04T15:49:48","guid":{"rendered":"http:\/\/agora.xtec.cat\/iesmontsoriu\/intraweb\/unitats-formatives-cicle-formatiu-cima\/"},"modified":"2024-07-12T10:32:49","modified_gmt":"2024-07-12T08:32:49","slug":"unitats-formatives-cicle-formatiu-cima","status":"publish","type":"page","link":"https:\/\/agora.xtec.cat\/iesmontsoriu\/intraweb\/unitats-formatives-cicle-formatiu-cima\/","title":{"rendered":"Unitats formatives cicle formatiu CiMA"},"content":{"rendered":"<table style=\"width: 902px; height: 131px;\" border=\"1\" bgcolor=\"#333399\">\n<tbody>\n<tr>\n<td style=\"width: 896px; background-color: #a074f2;\">\n<div align=\"center\">\n<h2 class=\"Estilo1\"><span style=\"color: black;\">DISTRIBUCI\u00d3 D&#8217;UNITATS FORMATIVES PER CURS DEL CICLE FORMATIU DE CONSTRUCCI\u00d3 I MUNTATGE D&#8217;AUTOCARS<\/span><\/h2>\n<\/div>\n<\/td>\n<\/tr>\n<\/tbody>\n<\/table>\n<p>&nbsp;<\/p>\n<table style=\"width: 903px; height: 530px;\" border=\"1\">\n<tbody>\n<tr bgcolor=\"#99cc33\">\n<td colspan=\"3\">\n<div align=\"center\"><strong><span class=\"xl28\">Primer curs<\/span><\/strong><\/div>\n<\/td>\n<\/tr>\n<tr bgcolor=\"#ffffcc\">\n<td width=\"390\"><strong>M\u00f2dul professional <\/strong><\/td>\n<td width=\"463\"><span class=\"xl29\"><strong>Unitat formativa<\/strong><\/span><\/td>\n<td width=\"130\">\n<div align=\"center\"><strong><span class=\"xl34\">hores<\/span><\/strong><\/div>\n<\/td>\n<\/tr>\n<tr bgcolor=\"#ffcc33\">\n<td rowspan=\"3\">M01\u2013 T\u00e8cniques de fabricaci\u00f3<\/td>\n<td><span class=\"xl31\">UF-1 \u2013 Interpretaci\u00f3 gr\u00e0fica<\/span><\/td>\n<td>\n<div align=\"center\"><span class=\"xl32\">66<\/span><\/div>\n<\/td>\n<\/tr>\n<tr>\n<td bgcolor=\"#ffcc33\">UF-2 \u2013 Materials<\/td>\n<td bgcolor=\"#ffcc33\">\n<div align=\"center\">18<\/div>\n<\/td>\n<\/tr>\n<tr>\n<td bgcolor=\"#ffcc33\"><span class=\"xl31\">UF-3 \u2013 Metrologia <\/span><\/td>\n<td bgcolor=\"#ffcc33\">\n<div align=\"center\">18<\/div>\n<\/td>\n<\/tr>\n<tr bgcolor=\"#ffcc99\">\n<td style=\"background-color: #dece90;\">M03 \u2013 Electricitat i automatismes el\u00e8ctrics<\/td>\n<td style=\"background-color: #dece90;\">UF-1 <span class=\"xl31\">\u2013<\/span> Mesures en els circuits de C.C.<\/td>\n<td style=\"background-color: #dece90;\">\n<div align=\"center\">66<\/div>\n<\/td>\n<\/tr>\n<tr bgcolor=\"#66ff66\">\n<td>M04 \u2013 Automatismes pneum\u00e0tics i hidr\u00e0ulics<\/td>\n<td>UF-2 <span class=\"xl31\">\u2013<\/span> Automatismes hidr\u00e0ulics<\/td>\n<td>\n<div align=\"center\">33<\/div>\n<\/td>\n<\/tr>\n<tr bgcolor=\"#ffffcc\">\n<td>M05 \u2013 Muntatge i manteniment mec\u00e0nic<\/td>\n<td>UF-1 <span class=\"xl31\">\u2013<\/span> Elements de m\u00e0quines<\/td>\n<td>\n<div align=\"center\">33<\/div>\n<\/td>\n<\/tr>\n<tr bgcolor=\"#99ff00\">\n<td rowspan=\"3\">M06 \u2013 Muntatge i manteniment el\u00e8ctric-electr\u00f2nic<\/td>\n<td>UF-1 <span class=\"xl31\">\u2013<\/span> M\u00e0quines el\u00e8ctriques<\/td>\n<td>\n<div align=\"center\">33<\/div>\n<\/td>\n<\/tr>\n<tr>\n<td bgcolor=\"#99ff00\"><span class=\"xl31\">UF-2\u2013 Muntatge i manteniment de m\u00e0quines el\u00e8ctriques<\/span><\/td>\n<td bgcolor=\"#99ff00\">\n<div align=\"center\">66<\/div>\n<\/td>\n<\/tr>\n<tr>\n<td bgcolor=\"#99ff00\">UF-3<span class=\"xl31\">\u2013<\/span> Sistemes autom\u00e0tics per a m\u00e0quines el\u00e8ctriques<\/td>\n<td bgcolor=\"#99ff00\">\n<div align=\"center\">66<\/div>\n<\/td>\n<\/tr>\n<tr bgcolor=\"#33ccff\">\n<td style=\"background-color: #63c7f2;\" rowspan=\"2\">M08 \u2013 Formaci\u00f3 i orientaci\u00f3 laboral<\/td>\n<td style=\"background-color: #63c7f2;\">UF-1 <span class=\"xl31\">\u2013<\/span> Incorporaci\u00f3 al treball<\/td>\n<td style=\"background-color: #63c7f2;\">\n<div align=\"center\">66<\/div>\n<\/td>\n<\/tr>\n<tr>\n<td style=\"background-color: #63c7f2;\" bgcolor=\"#33ccff\">UF-2<span class=\"xl31\">\u2013<\/span> Prevenci\u00f3 de riscos laborals<\/td>\n<td style=\"background-color: #63c7f2;\" bgcolor=\"#33ccff\">\n<div align=\"center\">33<\/div>\n<\/td>\n<\/tr>\n<tr bgcolor=\"#cc99ff\">\n<td>M10 \u2013 Angl\u00e8s t\u00e8cnic<\/td>\n<td>UF-1 <span class=\"xl31\">\u2013<\/span> Angl\u00e8s t\u00e8cnic<\/td>\n<td>\n<div align=\"center\">99<\/div>\n<\/td>\n<\/tr>\n<tr bgcolor=\"#66cc99\">\n<td rowspan=\"2\">M02SiC \u2013 Tra\u00e7at, tall i conformat<\/td>\n<td>UF-1 <span class=\"xl31\">\u2013<\/span> Preparaci\u00f3 i organitzaci\u00f3 del treball<\/td>\n<td>\n<div align=\"center\">20<\/div>\n<\/td>\n<\/tr>\n<tr>\n<td bgcolor=\"#66cc99\">UF-2<span class=\"xl31\">\u2013<\/span> Tra\u00e7at i marcat<\/td>\n<td bgcolor=\"#66cc99\">\n<div align=\"center\">30<\/div>\n<\/td>\n<\/tr>\n<tr bgcolor=\"#ff6666\">\n<td>M04-SiC \u2013 Soldadura<\/td>\n<td>UF-1 <span class=\"xl31\">\u2013<\/span> Soldadura atmosfera natural (electrode)<\/td>\n<td>\n<div align=\"center\">180<\/div>\n<\/td>\n<\/tr>\n<tr>\n<td colspan=\"3\"><\/td>\n<\/tr>\n<tr bgcolor=\"#66ffff\">\n<td><\/td>\n<td><span class=\"xl33\"><strong><em>A partir del gener:<\/em><\/strong><\/span><\/td>\n<td>\n<div align=\"center\">Hores totals<\/div>\n<\/td>\n<\/tr>\n<tr bgcolor=\"#66ffff\">\n<td>M12 \u2013 FCT<\/td>\n<td><span class=\"xl31\">Formaci\u00f3 en centres de treball (FCT)<\/span><\/td>\n<td>\n<div align=\"center\">350<\/div>\n<\/td>\n<\/tr>\n<\/tbody>\n<\/table>\n<p>&nbsp;<\/p>\n<table style=\"width: 905px; height: 346px;\" border=\"1\">\n<tbody>\n<tr style=\"height: 34px;\" bgcolor=\"#6699ff\">\n<td style=\"height: 34px;\" colspan=\"3\">\n<div align=\"center\"><strong><span class=\"xl28\">Segon curs<\/span><\/strong><\/div>\n<\/td>\n<\/tr>\n<tr style=\"height: 34px;\" bgcolor=\"#ffffcc\">\n<td style=\"height: 34px;\" width=\"394\"><strong>M\u00f2dul professional <\/strong><\/td>\n<td style=\"height: 34px;\" width=\"458\"><span class=\"xl29\"><strong>Unitat formativa<\/strong><\/span><\/td>\n<td style=\"height: 34px;\" width=\"129\">\n<div align=\"center\"><strong><span class=\"xl34\">hores<\/span><\/strong><\/div>\n<\/td>\n<\/tr>\n<tr style=\"height: 33px;\" bgcolor=\"#ffcc99\">\n<td style=\"background-color: #f2c261; height: 99px;\" rowspan=\"3\">M03 \u2013 Electricitat i automatismes el\u00e8ctrics<\/td>\n<td style=\"background-color: #f2c261; height: 33px;\">UF-2 <span class=\"xl31\">\u2013<\/span> Mesures en els circuits de C.A.<\/td>\n<td style=\"background-color: #f2c261; height: 33px;\">\n<div align=\"center\">66<\/div>\n<\/td>\n<\/tr>\n<tr style=\"height: 33px;\" bgcolor=\"#ffcc99\">\n<td style=\"background-color: #f2c261; height: 33px;\">UF-3 <span class=\"xl31\">\u2013<\/span> Instal\u00b7lacions electrot\u00e8cniques<\/td>\n<td style=\"background-color: #f2c261; height: 33px;\">\n<div align=\"center\">33<\/div>\n<\/td>\n<\/tr>\n<tr style=\"height: 33px;\" bgcolor=\"#ffcc99\">\n<td style=\"background-color: #f2c261; height: 33px;\">UF-4 <span class=\"xl31\">\u2013<\/span> Quadres el\u00e8ctrics<\/td>\n<td style=\"background-color: #f2c261; height: 33px;\">\n<div align=\"center\">66<\/div>\n<\/td>\n<\/tr>\n<tr style=\"height: 33px;\" bgcolor=\"#66ff66\">\n<td style=\"height: 33px;\">M04 \u2013 Automatismes pneum\u00e0tics i hidr\u00e0ulics<\/td>\n<td style=\"height: 33px;\">UF-1<span class=\"xl31\">\u2013<\/span> Automatismes pneum\u00e0tics<\/td>\n<td style=\"height: 33px;\">\n<div align=\"center\">66<\/div>\n<\/td>\n<\/tr>\n<tr style=\"height: 33px;\" bgcolor=\"#ffffcc\">\n<td style=\"height: 33px;\">M05 \u2013 Muntatge i manteniment mec\u00e0nic<\/td>\n<td style=\"height: 33px;\">UF-3<span class=\"xl31\">\u2013<\/span> Manteniment mec\u00e0nic<\/td>\n<td style=\"height: 33px;\">\n<div align=\"center\">66<\/div>\n<\/td>\n<\/tr>\n<tr style=\"height: 49px;\" bgcolor=\"#66ffff\">\n<td style=\"height: 49px;\">M07 \u2013 Muntatge i manteniment de l\u00ednies automatitzades<\/td>\n<td style=\"height: 49px;\">UF-1 <span class=\"xl31\">\u2013<\/span> Organitzaci\u00f3 del manteniment industrial<\/td>\n<td style=\"height: 49px;\">\n<div align=\"center\">33<\/div>\n<\/td>\n<\/tr>\n<tr style=\"height: 33px;\" bgcolor=\"#ffff66\">\n<td style=\"height: 33px;\">M09 \u2013 Empresa i iniciativa emprenedora<\/td>\n<td style=\"height: 33px;\"><span class=\"xl31\">UF-1\u2013 Empresa i iniciativa emprenedora<\/span><\/td>\n<td style=\"height: 33px;\">\n<div align=\"center\">66<\/div>\n<\/td>\n<\/tr>\n<tr style=\"height: 33px;\" bgcolor=\"#9999ff\">\n<td style=\"height: 33px;\">M14\u2013 Dibuix assistit per ordinador<\/td>\n<td style=\"height: 33px;\">UF-1<span class=\"xl31\">\u2013<\/span> CAD<\/td>\n<td style=\"height: 33px;\">\n<div align=\"center\">66<\/div>\n<\/td>\n<\/tr>\n<tr style=\"height: 33px;\" bgcolor=\"#66cc99\">\n<td style=\"height: 66px;\" rowspan=\"2\">M02SiC \u2013 Tra\u00e7at, tall i conformat<\/td>\n<td style=\"height: 33px;\">UF-3<span class=\"xl31\">\u2013<\/span> Tall t\u00e8rmic i mec\u00e0nic<\/td>\n<td style=\"height: 33px;\">\n<div align=\"center\">20<\/div>\n<\/td>\n<\/tr>\n<tr style=\"height: 33px;\">\n<td style=\"height: 33px;\" bgcolor=\"#66cc99\">UF-4<span class=\"xl31\">\u2013<\/span> Conformat t\u00e8rmic i mec\u00e0nic<\/td>\n<td style=\"height: 33px;\" bgcolor=\"#66cc99\">\n<div align=\"center\">95<\/div>\n<\/td>\n<\/tr>\n<tr style=\"height: 33px;\" bgcolor=\"#cc99cc\">\n<td style=\"height: 33px;\">M05-SiC \u2013 Soldadura atmosfera protegida<\/td>\n<td style=\"height: 33px;\">UF-2<span class=\"xl31\">\u2013<\/span> Soldadura MIG\/MAG<\/td>\n<td style=\"height: 33px;\">\n<div align=\"center\">77<\/div>\n<\/td>\n<\/tr>\n<\/tbody>\n<\/table>\n<p>&nbsp;<\/p>\n<table style=\"width: 906px; height: 346px;\" border=\"1\">\n<tbody>\n<tr bgcolor=\"#ff66cc\">\n<td colspan=\"3\">\n<div align=\"center\"><strong><span class=\"xl28\">Tercer curs<\/span><\/strong><\/div>\n<\/td>\n<\/tr>\n<tr bgcolor=\"#ffffcc\">\n<td width=\"400\"><strong>M\u00f2dul professional <\/strong><\/td>\n<td width=\"452\"><span class=\"xl29\"><strong>Unitat formativa<\/strong><\/span><\/td>\n<td width=\"130\">\n<div align=\"center\"><strong><span class=\"xl34\">hores<\/span><\/strong><\/div>\n<\/td>\n<\/tr>\n<tr bgcolor=\"#ffcc33\">\n<td rowspan=\"2\">M01\u2013 T\u00e8cniques de fabricaci\u00f3<\/td>\n<td><span class=\"xl31\">UF-4\u2013 Mecanitzat manual<\/span><\/td>\n<td>\n<div align=\"center\">40<\/div>\n<\/td>\n<\/tr>\n<tr>\n<td bgcolor=\"#ffcc33\">UF-5\u2013 Mecanitzat amb m\u00e0quina-eina<\/td>\n<td bgcolor=\"#ffcc33\">\n<div align=\"center\">89<\/div>\n<\/td>\n<\/tr>\n<tr bgcolor=\"#66ff66\">\n<td>M04 \u2013 Automatismes pneum\u00e0tics i hidr\u00e0ulics<\/td>\n<td>UF-3<span class=\"xl31\">\u2013<\/span> Programaci\u00f3 d&#8217;automatismes pneumatics i hidr\u00e0ulics<\/td>\n<td>\n<div align=\"center\">66<\/div>\n<\/td>\n<\/tr>\n<tr bgcolor=\"#ffffcc\">\n<td>M05 \u2013 Muntatge i manteniment mec\u00e0nic<\/td>\n<td>UF-2<span class=\"xl31\">\u2013<\/span> Muntatge i posada en marxa m\u00e0quines<\/td>\n<td>\n<div align=\"center\">66<\/div>\n<\/td>\n<\/tr>\n<tr bgcolor=\"#99ff00\">\n<td rowspan=\"3\" bgcolor=\"#66ffff\">M07 \u2013 Muntatge i manteniment de l\u00ednies automatitzades<\/td>\n<td bgcolor=\"#66ffff\">UF-2<span class=\"xl31\">\u2013<\/span> Processos auxiliars de producci\u00f3<\/td>\n<td bgcolor=\"#66ffff\">\n<div align=\"center\">33<\/div>\n<\/td>\n<\/tr>\n<tr>\n<td bgcolor=\"#66ffff\"><span class=\"xl31\">UF-3\u2013 Sistemes mecatr\u00f2nics<\/span><\/td>\n<td bgcolor=\"#66ffff\">\n<div align=\"center\">99<\/div>\n<\/td>\n<\/tr>\n<tr>\n<td bgcolor=\"#66ffff\">UF-4<span class=\"xl31\">\u2013<\/span> Manteniment correctiu en sistemes mecatronics<\/td>\n<td bgcolor=\"#66ffff\">\n<div align=\"center\">33<\/div>\n<\/td>\n<\/tr>\n<tr bgcolor=\"#cc99ff\">\n<td>M11 \u2013 S\u00edntesi<\/td>\n<td>UF-1 <span class=\"xl31\">\u2013<\/span> Cr\u00e8dit de s\u00edntesi<\/td>\n<td>\n<div align=\"center\">66<\/div>\n<\/td>\n<\/tr>\n<tr bgcolor=\"#66cc99\">\n<td style=\"background-color: #ffff99;\" colspan=\"1\" rowspan=\"3\">M13 \u2013 Pintura industrial<\/td>\n<td style=\"background-color: #ffff99;\">UF-1 <span class=\"xl31\">\u2013<\/span> Vinils<\/td>\n<td style=\"text-align: center; background-color: #ffff99;\">33<\/td>\n<\/tr>\n<tr>\n<td style=\"background-color: #ffff99;\" bgcolor=\"#66cc99\">UF-2 <span class=\"xl31\">\u2013<\/span> Preparaci\u00f3 superf\u00edcies<\/td>\n<td style=\"text-align: center; background-color: #ffff99;\" bgcolor=\"#66cc99\">\u00a033<\/td>\n<\/tr>\n<tr>\n<td style=\"background-color: #ffff99;\" bgcolor=\"#66cc99\">UF-3<span class=\"xl31\"> \u2013<\/span> Acabat de superf\u00edcies<\/td>\n<td style=\"text-align: center; background-color: #ffff99;\" bgcolor=\"#66cc99\">99<\/td>\n<\/tr>\n<\/tbody>\n<\/table>\n<p>&nbsp;<\/p>\n","protected":false},"excerpt":{"rendered":"<p>DISTRIBUCI\u00d3 D&#8217;UNITATS FORMATIVES PER CURS DEL CICLE FORMATIU DE CONSTRUCCI\u00d3 I MUNTATGE D&#8217;AUTOCARS &nbsp; Primer curs M\u00f2dul professional Unitat formativa hores M01\u2013 T\u00e8cniques de fabricaci\u00f3 UF-1 \u2013 Interpretaci\u00f3 gr\u00e0fica 66 UF-2 \u2013 Materials 18 UF-3 \u2013 Metrologia 18 M03 \u2013 Electricitat i automatismes el\u00e8ctrics UF-1 \u2013 Mesures en els circuits de C.C. 66 M04 \u2013 [&hellip;]<\/p>\n","protected":false},"author":3,"featured_media":0,"parent":1073,"menu_order":0,"comment_status":"closed","ping_status":"closed","template":"page-templates\/side-menu.php","meta":{"_bbp_topic_count":0,"_bbp_reply_count":0,"_bbp_total_topic_count":0,"_bbp_total_reply_count":0,"_bbp_voice_count":0,"_bbp_anonymous_reply_count":0,"_bbp_topic_count_hidden":0,"_bbp_reply_count_hidden":0,"_bbp_forum_subforum_count":0,"site-sidebar-layout":"default","site-content-layout":"","ast-site-content-layout":"","site-content-style":"default","site-sidebar-style":"default","ast-global-header-display":"","ast-banner-title-visibility":"","ast-main-header-display":"","ast-hfb-above-header-display":"","ast-hfb-below-header-display":"","ast-hfb-mobile-header-display":"","site-post-title":"","ast-breadcrumbs-content":"","ast-featured-img":"","footer-sml-layout":"","theme-transparent-header-meta":"","adv-header-id-meta":"","stick-header-meta":"","header-above-stick-meta":"","header-main-stick-meta":"","header-below-stick-meta":"","astra-migrate-meta-layouts":"default","ast-page-background-enabled":"default","ast-page-background-meta":{"desktop":{"background-color":"var(--ast-global-color-4)","background-image":"","background-repeat":"repeat","background-position":"center center","background-size":"auto","background-attachment":"scroll","background-type":"","background-media":"","overlay-type":"","overlay-color":"","overlay-opacity":"","overlay-gradient":""},"tablet":{"background-color":"","background-image":"","background-repeat":"repeat","background-position":"center center","background-size":"auto","background-attachment":"scroll","background-type":"","background-media":"","overlay-type":"","overlay-color":"","overlay-opacity":"","overlay-gradient":""},"mobile":{"background-color":"","background-image":"","background-repeat":"repeat","background-position":"center center","background-size":"auto","background-attachment":"scroll","background-type":"","background-media":"","overlay-type":"","overlay-color":"","overlay-opacity":"","overlay-gradient":""}},"ast-content-background-meta":{"desktop":{"background-color":"var(--ast-global-color-5)","background-image":"","background-repeat":"repeat","background-position":"center center","background-size":"auto","background-attachment":"scroll","background-type":"","background-media":"","overlay-type":"","overlay-color":"","overlay-opacity":"","overlay-gradient":""},"tablet":{"background-color":"var(--ast-global-color-5)","background-image":"","background-repeat":"repeat","background-position":"center center","background-size":"auto","background-attachment":"scroll","background-type":"","background-media":"","overlay-type":"","overlay-color":"","overlay-opacity":"","overlay-gradient":""},"mobile":{"background-color":"var(--ast-global-color-5)","background-image":"","background-repeat":"repeat","background-position":"center center","background-size":"auto","background-attachment":"scroll","background-type":"","background-media":"","overlay-type":"","overlay-color":"","overlay-opacity":"","overlay-gradient":""}},"footnotes":""},"class_list":["post-1098","page","type-page","status-publish","hentry"],"post_mailing_queue_ids":[],"_links":{"self":[{"href":"https:\/\/agora.xtec.cat\/iesmontsoriu\/wp-json\/wp\/v2\/pages\/1098","targetHints":{"allow":["GET"]}}],"collection":[{"href":"https:\/\/agora.xtec.cat\/iesmontsoriu\/wp-json\/wp\/v2\/pages"}],"about":[{"href":"https:\/\/agora.xtec.cat\/iesmontsoriu\/wp-json\/wp\/v2\/types\/page"}],"author":[{"embeddable":true,"href":"https:\/\/agora.xtec.cat\/iesmontsoriu\/wp-json\/wp\/v2\/users\/3"}],"replies":[{"embeddable":true,"href":"https:\/\/agora.xtec.cat\/iesmontsoriu\/wp-json\/wp\/v2\/comments?post=1098"}],"version-history":[{"count":4,"href":"https:\/\/agora.xtec.cat\/iesmontsoriu\/wp-json\/wp\/v2\/pages\/1098\/revisions"}],"predecessor-version":[{"id":10855,"href":"https:\/\/agora.xtec.cat\/iesmontsoriu\/wp-json\/wp\/v2\/pages\/1098\/revisions\/10855"}],"up":[{"embeddable":true,"href":"https:\/\/agora.xtec.cat\/iesmontsoriu\/wp-json\/wp\/v2\/pages\/1073"}],"wp:attachment":[{"href":"https:\/\/agora.xtec.cat\/iesmontsoriu\/wp-json\/wp\/v2\/media?parent=1098"}],"curies":[{"name":"wp","href":"https:\/\/api.w.org\/{rel}","templated":true}]}}