{"id":10947,"date":"2024-09-04T19:44:00","date_gmt":"2024-09-04T17:44:00","guid":{"rendered":"https:\/\/agora.xtec.cat\/iesmontsoriu\/?page_id=10947"},"modified":"2025-09-28T16:15:11","modified_gmt":"2025-09-28T14:15:11","slug":"moduls-del-tercer-curs-cima","status":"publish","type":"page","link":"https:\/\/agora.xtec.cat\/iesmontsoriu\/estudis\/cicles-formatius\/cicle-formatiu-cima-2024\/moduls-del-tercer-curs-cima\/","title":{"rendered":"M\u00f2duls del tercer curs CiMA (2024)"},"content":{"rendered":"\n<p>A partir del curs 2024-25 els m\u00f2duls que es cursaran al tercer curs del cicle formatiu de construcci\u00f3 i muntatge d&#8217;autocars, \u00e9s el seg\u00fcent:<\/p>\n\n\n\n<figure class=\"wp-block-table is-style-stripes\"><table class=\"has-black-color has-pale-cyan-blue-background-color has-text-color has-background has-link-color\"><thead><tr><th class=\"has-text-align-center\" data-align=\"center\"><strong>M\u00f2dul<\/strong><\/th><th class=\"has-text-align-center\" data-align=\"center\">Hores a l&#8217;Institut<\/th><th class=\"has-text-align-center\" data-align=\"center\">Hores a l&#8217;empresa<\/th><th class=\"has-text-align-center\" data-align=\"center\">Hores totals<\/th><\/tr><\/thead><tbody><tr><td class=\"has-text-align-center\" data-align=\"center\">0955 &#8211; Muntatge i manteniment de l\u00ednies automatitzades<\/td><td class=\"has-text-align-center\" data-align=\"center\">99<\/td><td class=\"has-text-align-center\" data-align=\"center\">66<\/td><td class=\"has-text-align-center\" data-align=\"center\">165<\/td><\/tr><tr><td class=\"has-text-align-center\" data-align=\"center\">1708 &#8211; Sostenibilitat aplicada al sistema productiu<\/td><td class=\"has-text-align-center\" data-align=\"center\">33<\/td><td class=\"has-text-align-center\" data-align=\"center\">&#8211;<\/td><td class=\"has-text-align-center\" data-align=\"center\">33<\/td><\/tr><tr><td class=\"has-text-align-center\" data-align=\"center\">1710 &#8211; Itinerari personal per a l&#8217;ocupabilitat II<\/td><td class=\"has-text-align-center\" data-align=\"center\">66<\/td><td class=\"has-text-align-center\" data-align=\"center\">&#8211;<\/td><td class=\"has-text-align-center\" data-align=\"center\">66<\/td><\/tr><tr><td class=\"has-text-align-center\" data-align=\"center\">1713 &#8211; Projecte intermodular<\/td><td class=\"has-text-align-center\" data-align=\"center\">198<\/td><td class=\"has-text-align-center\" data-align=\"center\">&#8211;<\/td><td class=\"has-text-align-center\" data-align=\"center\">198<\/td><\/tr><tr><td class=\"has-text-align-center\" data-align=\"center\"><\/td><td class=\"has-text-align-center\" data-align=\"center\"><\/td><td class=\"has-text-align-center\" data-align=\"center\"><\/td><td class=\"has-text-align-center\" data-align=\"center\"><\/td><\/tr><tr><td class=\"has-text-align-center\" data-align=\"center\">Tutoria<\/td><td class=\"has-text-align-center\" data-align=\"center\">33<\/td><td class=\"has-text-align-center\" data-align=\"center\">&#8211;<\/td><td class=\"has-text-align-center\" data-align=\"center\">33<\/td><\/tr><tr><td class=\"has-text-align-center\" data-align=\"center\"><strong><em>Hores totals<\/em><\/strong><\/td><td class=\"has-text-align-center\" data-align=\"center\"><strong>429<\/strong><\/td><td class=\"has-text-align-center\" data-align=\"center\"><strong>66<\/strong><\/td><td class=\"has-text-align-center\" data-align=\"center\"><strong>495<\/strong><\/td><\/tr><\/tbody><\/table><\/figure>\n","protected":false},"excerpt":{"rendered":"<p>A partir del curs 2024-25 els m\u00f2duls que es cursaran al tercer curs del cicle formatiu de construcci\u00f3 i muntatge d&#8217;autocars, \u00e9s el seg\u00fcent: M\u00f2dul Hores a l&#8217;Institut Hores a l&#8217;empresa Hores totals 0955 &#8211; Muntatge i manteniment de l\u00ednies automatitzades 99 66 165 1708 &#8211; Sostenibilitat aplicada al sistema productiu 33 &#8211; 33 1710 [&hellip;]<\/p>\n","protected":false},"author":3,"featured_media":0,"parent":10862,"menu_order":0,"comment_status":"closed","ping_status":"closed","template":"","meta":{"_bbp_topic_count":0,"_bbp_reply_count":0,"_bbp_total_topic_count":0,"_bbp_total_reply_count":0,"_bbp_voice_count":0,"_bbp_anonymous_reply_count":0,"_bbp_topic_count_hidden":0,"_bbp_reply_count_hidden":0,"_bbp_forum_subforum_count":0,"site-sidebar-layout":"default","site-content-layout":"","ast-site-content-layout":"","site-content-style":"default","site-sidebar-style":"default","ast-global-header-display":"","ast-banner-title-visibility":"","ast-main-header-display":"","ast-hfb-above-header-display":"","ast-hfb-below-header-display":"","ast-hfb-mobile-header-display":"","site-post-title":"","ast-breadcrumbs-content":"","ast-featured-img":"","footer-sml-layout":"","theme-transparent-header-meta":"","adv-header-id-meta":"","stick-header-meta":"","header-above-stick-meta":"","header-main-stick-meta":"","header-below-stick-meta":"","astra-migrate-meta-layouts":"default","ast-page-background-enabled":"default","ast-page-background-meta":{"desktop":{"background-color":"var(--ast-global-color-4)","background-image":"","background-repeat":"repeat","background-position":"center center","background-size":"auto","background-attachment":"scroll","background-type":"","background-media":"","overlay-type":"","overlay-color":"","overlay-opacity":"","overlay-gradient":""},"tablet":{"background-color":"","background-image":"","background-repeat":"repeat","background-position":"center center","background-size":"auto","background-attachment":"scroll","background-type":"","background-media":"","overlay-type":"","overlay-color":"","overlay-opacity":"","overlay-gradient":""},"mobile":{"background-color":"","background-image":"","background-repeat":"repeat","background-position":"center center","background-size":"auto","background-attachment":"scroll","background-type":"","background-media":"","overlay-type":"","overlay-color":"","overlay-opacity":"","overlay-gradient":""}},"ast-content-background-meta":{"desktop":{"background-color":"var(--ast-global-color-5)","background-image":"","background-repeat":"repeat","background-position":"center center","background-size":"auto","background-attachment":"scroll","background-type":"","background-media":"","overlay-type":"","overlay-color":"","overlay-opacity":"","overlay-gradient":""},"tablet":{"background-color":"var(--ast-global-color-5)","background-image":"","background-repeat":"repeat","background-position":"center center","background-size":"auto","background-attachment":"scroll","background-type":"","background-media":"","overlay-type":"","overlay-color":"","overlay-opacity":"","overlay-gradient":""},"mobile":{"background-color":"var(--ast-global-color-5)","background-image":"","background-repeat":"repeat","background-position":"center center","background-size":"auto","background-attachment":"scroll","background-type":"","background-media":"","overlay-type":"","overlay-color":"","overlay-opacity":"","overlay-gradient":""}},"footnotes":""},"class_list":["post-10947","page","type-page","status-publish","hentry"],"post_mailing_queue_ids":[],"_links":{"self":[{"href":"https:\/\/agora.xtec.cat\/iesmontsoriu\/wp-json\/wp\/v2\/pages\/10947","targetHints":{"allow":["GET"]}}],"collection":[{"href":"https:\/\/agora.xtec.cat\/iesmontsoriu\/wp-json\/wp\/v2\/pages"}],"about":[{"href":"https:\/\/agora.xtec.cat\/iesmontsoriu\/wp-json\/wp\/v2\/types\/page"}],"author":[{"embeddable":true,"href":"https:\/\/agora.xtec.cat\/iesmontsoriu\/wp-json\/wp\/v2\/users\/3"}],"replies":[{"embeddable":true,"href":"https:\/\/agora.xtec.cat\/iesmontsoriu\/wp-json\/wp\/v2\/comments?post=10947"}],"version-history":[{"count":5,"href":"https:\/\/agora.xtec.cat\/iesmontsoriu\/wp-json\/wp\/v2\/pages\/10947\/revisions"}],"predecessor-version":[{"id":12612,"href":"https:\/\/agora.xtec.cat\/iesmontsoriu\/wp-json\/wp\/v2\/pages\/10947\/revisions\/12612"}],"up":[{"embeddable":true,"href":"https:\/\/agora.xtec.cat\/iesmontsoriu\/wp-json\/wp\/v2\/pages\/10862"}],"wp:attachment":[{"href":"https:\/\/agora.xtec.cat\/iesmontsoriu\/wp-json\/wp\/v2\/media?parent=10947"}],"curies":[{"name":"wp","href":"https:\/\/api.w.org\/{rel}","templated":true}]}}