{"id":10463,"date":"2022-06-09T13:17:19","date_gmt":"2022-06-09T11:17:19","guid":{"rendered":"https:\/\/agora.xtec.cat\/iesmontsoriu\/?page_id=10463"},"modified":"2023-03-23T17:06:01","modified_gmt":"2023-03-23T16:06:01","slug":"estretegia-digital-de-centre-edc","status":"publish","type":"page","link":"https:\/\/agora.xtec.cat\/iesmontsoriu\/estretegia-digital-de-centre-edc\/","title":{"rendered":"Estret\u00e8gia Digital de Centre (EDC)"},"content":{"rendered":"<p><strong>Qu\u00e8 \u00e9s l\u2019estrat\u00e8gia digital de centre?<\/strong><\/p>\n<p>L\u2019Estrat\u00e8gia Digital de Centre (EDC) \u00e9s un document que recull totes les accions que es realitzen en un centre, i les que es realitzaran a mitj\u00e0 termini, per aconseguir la m\u00e0xima compet\u00e8ncia digital de l\u2019alumnat, del professorat i del centre educatiu i t\u00e9 com a referent el\u00a0<a href=\"https:\/\/educacio.gencat.cat\/ca\/departament\/linies-estrategiques\/pla-educacio-digital\/\" target=\"_blank\" rel=\"noreferrer noopener\">Pla d\u2019educaci\u00f3 digital de Catalunya (PEDC)<\/a><\/p>\n<table style=\"width: 100%; border-collapse: collapse; border-style: hidden;\">\n<tbody>\n<tr>\n<td style=\"width: 50%;\">\n<p class=\"CDt4Ke zfr3Q\" dir=\"ltr\">Al nostre <span class=\" aw5Odc\"><a class=\"XqQF9c\" href=\"https:\/\/agora.xtec.cat\/iesmontsoriu\/wp-content\/uploads\/usu272\/2023\/03\/PEC-INSTITUT-MONTSORIU-2012.pdf\" target=\"_blank\" rel=\"noopener\">Projecte Educatiu de Centre<\/a> (<\/span>s&#8217;est\u00e0 redactant el nou), dintre de l&#8217;objectiu prioritari <em>Millorar els resultats educatius<\/em>, plantegem un grup d&#8217;actuacions relacionades amb el desplegament de l&#8217;Estrat\u00e8gia Digital de Centre.<\/p>\n<p class=\"CDt4Ke zfr3Q\" dir=\"ltr\">Amb la implementaci\u00f3 del Pla de Transformaci\u00f3 Digital (cursos 18-20) i, posteriorment, del Pla d&#8217;Educaci\u00f3 Digital de Catalunya 20-23, el centre ha rebut una dotaci\u00f3 de material i una millora de la connectivitat Wi-Fi substancial, el qual ha perm\u00e8s dotar a l&#8217;alumnat i al professorat de dispositius que faciliten l&#8217;exploraci\u00f3 de metodologies m\u00e9s actives i universals. Aix\u00f2 ens han perm\u00e8s millorar la nostra resposta educativa a diferents contextos per a tot l&#8217;alumnat.<\/p>\n<p class=\"CDt4Ke zfr3Q\" dir=\"ltr\">Juntament amb la formaci\u00f3 continuada del professorat, aquesta estrat\u00e8gia digital est\u00e0 orientada a tenir un impacte als nostres tres objectius estrat\u00e8gics: <em>Millorar els resultats educatius<\/em>, <em>Millorar la cohesi\u00f3 social<\/em> i <em>Garantir la confian\u00e7a dels grups d&#8217;inter\u00e8s<\/em>.<\/p>\n<\/td>\n<td style=\"width: 50%;\"><a href=\"https:\/\/agora.xtec.cat\/iesmontsoriu\/wp-content\/uploads\/usu272\/2023\/03\/EDC.jpg\"><img loading=\"lazy\" decoding=\"async\" class=\"aligncenter wp-image-10623\" src=\"https:\/\/agora.xtec.cat\/iesmontsoriu\/wp-content\/uploads\/usu272\/2023\/03\/EDC-174x300.jpg\" alt=\"\" width=\"294\" height=\"507\" srcset=\"https:\/\/agora.xtec.cat\/iesmontsoriu\/wp-content\/uploads\/usu272\/2023\/03\/EDC-174x300.jpg 174w, https:\/\/agora.xtec.cat\/iesmontsoriu\/wp-content\/uploads\/usu272\/2023\/03\/EDC-594x1024.jpg 594w, https:\/\/agora.xtec.cat\/iesmontsoriu\/wp-content\/uploads\/usu272\/2023\/03\/EDC.jpg 598w\" sizes=\"auto, (max-width: 294px) 100vw, 294px\" \/><\/a><\/td>\n<\/tr>\n<\/tbody>\n<\/table>\n<p>&nbsp;<\/p>\n","protected":false},"excerpt":{"rendered":"<p>Qu\u00e8 \u00e9s l\u2019estrat\u00e8gia digital de centre? L\u2019Estrat\u00e8gia Digital de Centre (EDC) \u00e9s un document que recull totes les accions que es realitzen en un centre, i les que es realitzaran a mitj\u00e0 termini, per aconseguir la m\u00e0xima compet\u00e8ncia digital de l\u2019alumnat, del professorat i del centre educatiu i t\u00e9 com a referent el\u00a0Pla d\u2019educaci\u00f3 digital [&hellip;]<\/p>\n","protected":false},"author":4,"featured_media":0,"parent":0,"menu_order":0,"comment_status":"closed","ping_status":"closed","template":"page-templates\/side-menu.php","meta":{"_bbp_topic_count":0,"_bbp_reply_count":0,"_bbp_total_topic_count":0,"_bbp_total_reply_count":0,"_bbp_voice_count":0,"_bbp_anonymous_reply_count":0,"_bbp_topic_count_hidden":0,"_bbp_reply_count_hidden":0,"_bbp_forum_subforum_count":0,"site-sidebar-layout":"default","site-content-layout":"","ast-site-content-layout":"","site-content-style":"default","site-sidebar-style":"default","ast-global-header-display":"","ast-banner-title-visibility":"","ast-main-header-display":"","ast-hfb-above-header-display":"","ast-hfb-below-header-display":"","ast-hfb-mobile-header-display":"","site-post-title":"","ast-breadcrumbs-content":"","ast-featured-img":"","footer-sml-layout":"","theme-transparent-header-meta":"","adv-header-id-meta":"","stick-header-meta":"","header-above-stick-meta":"","header-main-stick-meta":"","header-below-stick-meta":"","astra-migrate-meta-layouts":"default","ast-page-background-enabled":"default","ast-page-background-meta":{"desktop":{"background-color":"var(--ast-global-color-4)","background-image":"","background-repeat":"repeat","background-position":"center center","background-size":"auto","background-attachment":"scroll","background-type":"","background-media":"","overlay-type":"","overlay-color":"","overlay-opacity":"","overlay-gradient":""},"tablet":{"background-color":"","background-image":"","background-repeat":"repeat","background-position":"center center","background-size":"auto","background-attachment":"scroll","background-type":"","background-media":"","overlay-type":"","overlay-color":"","overlay-opacity":"","overlay-gradient":""},"mobile":{"background-color":"","background-image":"","background-repeat":"repeat","background-position":"center center","background-size":"auto","background-attachment":"scroll","background-type":"","background-media":"","overlay-type":"","overlay-color":"","overlay-opacity":"","overlay-gradient":""}},"ast-content-background-meta":{"desktop":{"background-color":"var(--ast-global-color-5)","background-image":"","background-repeat":"repeat","background-position":"center center","background-size":"auto","background-attachment":"scroll","background-type":"","background-media":"","overlay-type":"","overlay-color":"","overlay-opacity":"","overlay-gradient":""},"tablet":{"background-color":"var(--ast-global-color-5)","background-image":"","background-repeat":"repeat","background-position":"center center","background-size":"auto","background-attachment":"scroll","background-type":"","background-media":"","overlay-type":"","overlay-color":"","overlay-opacity":"","overlay-gradient":""},"mobile":{"background-color":"var(--ast-global-color-5)","background-image":"","background-repeat":"repeat","background-position":"center center","background-size":"auto","background-attachment":"scroll","background-type":"","background-media":"","overlay-type":"","overlay-color":"","overlay-opacity":"","overlay-gradient":""}},"footnotes":""},"class_list":["post-10463","page","type-page","status-publish","hentry"],"post_mailing_queue_ids":[],"_links":{"self":[{"href":"https:\/\/agora.xtec.cat\/iesmontsoriu\/wp-json\/wp\/v2\/pages\/10463","targetHints":{"allow":["GET"]}}],"collection":[{"href":"https:\/\/agora.xtec.cat\/iesmontsoriu\/wp-json\/wp\/v2\/pages"}],"about":[{"href":"https:\/\/agora.xtec.cat\/iesmontsoriu\/wp-json\/wp\/v2\/types\/page"}],"author":[{"embeddable":true,"href":"https:\/\/agora.xtec.cat\/iesmontsoriu\/wp-json\/wp\/v2\/users\/4"}],"replies":[{"embeddable":true,"href":"https:\/\/agora.xtec.cat\/iesmontsoriu\/wp-json\/wp\/v2\/comments?post=10463"}],"version-history":[{"count":4,"href":"https:\/\/agora.xtec.cat\/iesmontsoriu\/wp-json\/wp\/v2\/pages\/10463\/revisions"}],"predecessor-version":[{"id":10632,"href":"https:\/\/agora.xtec.cat\/iesmontsoriu\/wp-json\/wp\/v2\/pages\/10463\/revisions\/10632"}],"wp:attachment":[{"href":"https:\/\/agora.xtec.cat\/iesmontsoriu\/wp-json\/wp\/v2\/media?parent=10463"}],"curies":[{"name":"wp","href":"https:\/\/api.w.org\/{rel}","templated":true}]}}