{"id":10389,"date":"2025-04-30T11:38:00","date_gmt":"2025-04-30T09:38:00","guid":{"rendered":"https:\/\/agora.xtec.cat\/iesmontsoriu\/?page_id=10389"},"modified":"2026-03-26T19:24:49","modified_gmt":"2026-03-26T18:24:49","slug":"cfgm-tecnic-en-gestio-administrativa","status":"publish","type":"page","link":"https:\/\/agora.xtec.cat\/iesmontsoriu\/estudis\/cicles-formatius\/cfgm-tecnic-en-gestio-administrativa\/","title":{"rendered":"Cicle formatiu grau mitj\u00e0 T\u00e8cnic en gesti\u00f3 administrativa (GAD)"},"content":{"rendered":"\n<h3 class=\"wp-block-heading\">Fam\u00edlia professional: Administraci\u00f3 i Gesti\u00f3<\/h3>\n\n\n\n<p>La compet\u00e8ncia general d\u2019aquest cicle consisteix en activitats de suport administratiu en l&#8217;\u00e0mbit laboral, comptable, comercial, financer i fiscal, aix\u00ed com d&#8217;atenci\u00f3 al client\/usuari, tant en empreses p\u00fabliques com en empreses privades, aplicant la normativa vigent i protocols de qualitat, assegurant la satisfacci\u00f3 del client i actuant segons les normes de prevenci\u00f3 de riscos laborals i de protecci\u00f3 ambiental.<\/p>\n\n\n\n<figure class=\"wp-block-image aligncenter size-full is-resized\"><a href=\"https:\/\/agora.xtec.cat\/iesmontsoriu\/wp-content\/uploads\/usu272\/2025\/05\/TREBALLANT.png\"><img loading=\"lazy\" decoding=\"async\" width=\"761\" height=\"501\" src=\"https:\/\/agora.xtec.cat\/iesmontsoriu\/wp-content\/uploads\/usu272\/2025\/05\/TREBALLANT.png\" alt=\"\" class=\"wp-image-12532\" style=\"width:457px;height:auto\" srcset=\"https:\/\/agora.xtec.cat\/iesmontsoriu\/wp-content\/uploads\/usu272\/2025\/05\/TREBALLANT.png 761w, https:\/\/agora.xtec.cat\/iesmontsoriu\/wp-content\/uploads\/usu272\/2025\/05\/TREBALLANT-300x198.png 300w\" sizes=\"auto, (max-width: 761px) 100vw, 761px\" \/><\/a><\/figure>\n\n\n\n<div class=\"wp-block-getwid-tabs\" data-active-tab=\"0\"><ul class=\"wp-block-getwid-tabs__nav-links\"><\/ul>\n<div class=\"wp-block-getwid-tabs__nav-link\"><span class=\"wp-block-getwid-tabs__title-wrapper\"><a href=\"#\"><span class=\"wp-block-getwid-tabs__title\">Hores del cicle formatiu<\/span><\/a><\/span><\/div><div class=\"wp-block-getwid-tabs__tab-content-wrapper\"><div class=\"wp-block-getwid-tabs__tab-content\">\n<p><strong>Durada acad\u00e8mica:&nbsp;<\/strong>El cicle formatiu de gesti\u00f3 administrativa consta de 2 cursos, amb un total de 2000 hores.<\/p>\n<\/div><\/div>\n\n\n\n<div class=\"wp-block-getwid-tabs__nav-link\"><span class=\"wp-block-getwid-tabs__title-wrapper\"><a href=\"#\"><span class=\"wp-block-getwid-tabs__title\">Primer curs<\/span><\/a><\/span><\/div><div class=\"wp-block-getwid-tabs__tab-content-wrapper\"><div class=\"wp-block-getwid-tabs__tab-content\">\n<p>Horari del primer curs<\/p>\n\n\n\n<figure class=\"wp-block-image size-full is-resized\"><a href=\"https:\/\/agora.xtec.cat\/iesmontsoriu\/wp-content\/uploads\/usu272\/2025\/04\/HORARIS-1R_br-1.png\"><img loading=\"lazy\" decoding=\"async\" width=\"800\" height=\"481\" src=\"https:\/\/agora.xtec.cat\/iesmontsoriu\/wp-content\/uploads\/usu272\/2025\/04\/HORARIS-1R_br-1.png\" alt=\"\" class=\"wp-image-12498\" style=\"width:802px;height:auto\" srcset=\"https:\/\/agora.xtec.cat\/iesmontsoriu\/wp-content\/uploads\/usu272\/2025\/04\/HORARIS-1R_br-1.png 800w, https:\/\/agora.xtec.cat\/iesmontsoriu\/wp-content\/uploads\/usu272\/2025\/04\/HORARIS-1R_br-1-300x180.png 300w, https:\/\/agora.xtec.cat\/iesmontsoriu\/wp-content\/uploads\/usu272\/2025\/04\/HORARIS-1R_br-1-768x462.png 768w\" sizes=\"auto, (max-width: 800px) 100vw, 800px\" \/><\/a><\/figure>\n\n\n\n<div style=\"height:37px\" aria-hidden=\"true\" class=\"wp-block-spacer\"><\/div>\n\n\n\n<p>M\u00f2duls que es realitzen a primer curs<\/p>\n\n\n\n<figure class=\"wp-block-table is-style-stripes\"><table><tbody><tr><td><strong>Nom del m\u00f2dul<\/strong><\/td><td class=\"has-text-align-center\" data-align=\"center\"><strong>H. al centre<\/strong><\/td><td class=\"has-text-align-center\" data-align=\"center\"><strong>H. empresa<\/strong><\/td><td class=\"has-text-align-center\" data-align=\"center\"><strong>Hores totals<\/strong><\/td><\/tr><tr><td>M0437 &#8211; Comunicaci\u00f3 empresarial i atenci\u00f3 al client.<\/td><td class=\"has-text-align-center\" data-align=\"center\">99<\/td><td class=\"has-text-align-center\" data-align=\"center\">66<\/td><td class=\"has-text-align-center\" data-align=\"center\">165<\/td><\/tr><tr><td>M0438 &#8211; Operacions administratives de compravenda.<\/td><td class=\"has-text-align-center\" data-align=\"center\">99<\/td><td class=\"has-text-align-center\" data-align=\"center\">66<\/td><td class=\"has-text-align-center\" data-align=\"center\">165<\/td><\/tr><tr><td>M0439 &#8211; Empresa i administraci\u00f3.<\/td><td class=\"has-text-align-center\" data-align=\"center\">99<\/td><td class=\"has-text-align-center\" data-align=\"center\">&#8211;<\/td><td class=\"has-text-align-center\" data-align=\"center\">99<\/td><\/tr><tr><td>M0440 &#8211; Tractament inform\u00e0tic de la informaci\u00f3.<\/td><td class=\"has-text-align-center\" data-align=\"center\">165<\/td><td class=\"has-text-align-center\" data-align=\"center\">132<\/td><td class=\"has-text-align-center\" data-align=\"center\">297<\/td><\/tr><tr><td>M0441 &#8211; T\u00e8cnica comptable.<\/td><td class=\"has-text-align-center\" data-align=\"center\">99<\/td><td class=\"has-text-align-center\" data-align=\"center\">53<\/td><td class=\"has-text-align-center\" data-align=\"center\">152<\/td><\/tr><tr><td>M0442 &#8211; Operacions administratives de recursos humans.<\/td><td class=\"has-text-align-center\" data-align=\"center\">99<\/td><td class=\"has-text-align-center\" data-align=\"center\">66<\/td><td class=\"has-text-align-center\" data-align=\"center\">165<\/td><\/tr><tr><td>C056 &#8211; Catal\u00e0 professional<\/td><td class=\"has-text-align-center\" data-align=\"center\">66<\/td><td class=\"has-text-align-center\" data-align=\"center\">&#8211;<\/td><td class=\"has-text-align-center\" data-align=\"center\">66<\/td><\/tr><tr><td>M0156 &#8211; Angl\u00e8s professional<\/td><td class=\"has-text-align-center\" data-align=\"center\">66<\/td><td class=\"has-text-align-center\" data-align=\"center\">&#8211;<\/td><td class=\"has-text-align-center\" data-align=\"center\">66<\/td><\/tr><tr><td>M1709 &#8211; Itinerari personal per a l&#8217;ocupabilitat I<\/td><td class=\"has-text-align-center\" data-align=\"center\">99<\/td><td class=\"has-text-align-center\" data-align=\"center\">&#8211;<\/td><td class=\"has-text-align-center\" data-align=\"center\">99<\/td><\/tr><tr><td>Tutoria<\/td><td class=\"has-text-align-center\" data-align=\"center\">33<\/td><td class=\"has-text-align-center\" data-align=\"center\">&#8211;<\/td><td class=\"has-text-align-center\" data-align=\"center\">33<\/td><\/tr><tr><td><\/td><td class=\"has-text-align-center\" data-align=\"center\"><\/td><td class=\"has-text-align-center\" data-align=\"center\"><\/td><td class=\"has-text-align-center\" data-align=\"center\"><\/td><\/tr><\/tbody><\/table><\/figure>\n<\/div><\/div>\n\n\n\n<div class=\"wp-block-getwid-tabs__nav-link\"><span class=\"wp-block-getwid-tabs__title-wrapper\"><a href=\"#\"><span class=\"wp-block-getwid-tabs__title\">Segon curs<\/span><\/a><\/span><\/div><div class=\"wp-block-getwid-tabs__tab-content-wrapper\"><div class=\"wp-block-getwid-tabs__tab-content\">\n<p>Horari segon curs<\/p>\n\n\n\n<figure class=\"wp-block-image size-full\"><a href=\"https:\/\/agora.xtec.cat\/iesmontsoriu\/wp-content\/uploads\/usu272\/2025\/04\/HORARIS-2N_br.png\"><img loading=\"lazy\" decoding=\"async\" width=\"800\" height=\"478\" src=\"https:\/\/agora.xtec.cat\/iesmontsoriu\/wp-content\/uploads\/usu272\/2025\/04\/HORARIS-2N_br.png\" alt=\"\" class=\"wp-image-12499\" srcset=\"https:\/\/agora.xtec.cat\/iesmontsoriu\/wp-content\/uploads\/usu272\/2025\/04\/HORARIS-2N_br.png 800w, https:\/\/agora.xtec.cat\/iesmontsoriu\/wp-content\/uploads\/usu272\/2025\/04\/HORARIS-2N_br-300x179.png 300w, https:\/\/agora.xtec.cat\/iesmontsoriu\/wp-content\/uploads\/usu272\/2025\/04\/HORARIS-2N_br-768x459.png 768w\" sizes=\"auto, (max-width: 800px) 100vw, 800px\" \/><\/a><\/figure>\n\n\n\n<div style=\"height:46px\" aria-hidden=\"true\" class=\"wp-block-spacer\"><\/div>\n\n\n\n<p>M\u00f2duls que es realitzen a segon curs<\/p>\n\n\n\n<figure class=\"wp-block-table is-style-stripes\"><table><tbody><tr><td><strong>Nom del m\u00f2dul<\/strong><\/td><td class=\"has-text-align-center\" data-align=\"center\"><strong>H. al centre<\/strong><\/td><td class=\"has-text-align-center\" data-align=\"center\"><strong>H. empresa<\/strong><\/td><td class=\"has-text-align-center\" data-align=\"center\"><strong>Hores totals<\/strong><\/td><\/tr><tr><td>M0443 &#8211; T\u00e8cnica de la documentaci\u00f3 comptable.<\/td><td class=\"has-text-align-center\" data-align=\"center\">99<\/td><td class=\"has-text-align-center\" data-align=\"center\">66<\/td><td class=\"has-text-align-center\" data-align=\"center\">165<\/td><\/tr><tr><td>M0446 &#8211; Empresa a l\u2019 aula.<\/td><td class=\"has-text-align-center\" data-align=\"center\">99<\/td><td class=\"has-text-align-center\" data-align=\"center\">&#8211;<\/td><td class=\"has-text-align-center\" data-align=\"center\">99<\/td><\/tr><tr><td>M0448 &#8211; Operacions auxiliars de gesti\u00f3 de tresoreria.<\/td><td class=\"has-text-align-center\" data-align=\"center\">99<\/td><td class=\"has-text-align-center\" data-align=\"center\">66<\/td><td class=\"has-text-align-center\" data-align=\"center\">165<\/td><\/tr><tr><td>M01708 &#8211; Sostenibilitat aplicada al sistema productiu.<\/td><td class=\"has-text-align-center\" data-align=\"center\">33<\/td><td class=\"has-text-align-center\" data-align=\"center\">&#8211;<\/td><td class=\"has-text-align-center\" data-align=\"center\">33<\/td><\/tr><tr><td>M1710 &#8211; Itinerari personal per a l&#8217;ocupabilitat II.<\/td><td class=\"has-text-align-center\" data-align=\"center\">66<\/td><td class=\"has-text-align-center\" data-align=\"center\">&#8211;<\/td><td class=\"has-text-align-center\" data-align=\"center\">66<\/td><\/tr><tr><td>M\u00f2dul professional optatiu.<\/td><td class=\"has-text-align-center\" data-align=\"center\">66<\/td><td class=\"has-text-align-center\" data-align=\"center\">&#8211;<\/td><td class=\"has-text-align-center\" data-align=\"center\">66<\/td><\/tr><tr><td>Tutoria.<\/td><td class=\"has-text-align-center\" data-align=\"center\">33<\/td><td class=\"has-text-align-center\" data-align=\"center\">&#8211;<\/td><td class=\"has-text-align-center\" data-align=\"center\">33<\/td><\/tr><\/tbody><\/table><\/figure>\n<\/div><\/div>\n\n\n\n<div class=\"wp-block-getwid-tabs__nav-link\"><span class=\"wp-block-getwid-tabs__title-wrapper\"><a href=\"#\"><span class=\"wp-block-getwid-tabs__title\">Transport<\/span><\/a><\/span><\/div><div class=\"wp-block-getwid-tabs__tab-content-wrapper\"><div class=\"wp-block-getwid-tabs__tab-content\">\n<p>Pel que fa al transport, es disposen de dos autobusos, un que surt des de Sant Hilari i l&#8217;altre des d&#8217;Hostalric, Breda i Riells. Els horaris s\u00f3n els seg\u00fcents:<\/p>\n\n\n\n<figure class=\"wp-block-image size-full is-resized\"><a href=\"https:\/\/agora.xtec.cat\/iesmontsoriu\/wp-content\/uploads\/usu272\/2025\/04\/BUS-PER-VENIR.png\"><img loading=\"lazy\" decoding=\"async\" width=\"756\" height=\"228\" src=\"https:\/\/agora.xtec.cat\/iesmontsoriu\/wp-content\/uploads\/usu272\/2025\/04\/BUS-PER-VENIR.png\" alt=\"\" class=\"wp-image-12504\" style=\"width:762px;height:auto\" srcset=\"https:\/\/agora.xtec.cat\/iesmontsoriu\/wp-content\/uploads\/usu272\/2025\/04\/BUS-PER-VENIR.png 756w, https:\/\/agora.xtec.cat\/iesmontsoriu\/wp-content\/uploads\/usu272\/2025\/04\/BUS-PER-VENIR-300x90.png 300w\" sizes=\"auto, (max-width: 756px) 100vw, 756px\" \/><\/a><\/figure>\n\n\n\n<div style=\"height:34px\" aria-hidden=\"true\" class=\"wp-block-spacer\"><\/div>\n\n\n\n<figure class=\"wp-block-image size-full is-resized\"><a href=\"https:\/\/agora.xtec.cat\/iesmontsoriu\/wp-content\/uploads\/usu272\/2025\/04\/BUS-PER-TORNAR.png\"><img loading=\"lazy\" decoding=\"async\" width=\"757\" height=\"204\" src=\"https:\/\/agora.xtec.cat\/iesmontsoriu\/wp-content\/uploads\/usu272\/2025\/04\/BUS-PER-TORNAR.png\" alt=\"\" class=\"wp-image-12505\" style=\"width:767px;height:auto\" srcset=\"https:\/\/agora.xtec.cat\/iesmontsoriu\/wp-content\/uploads\/usu272\/2025\/04\/BUS-PER-TORNAR.png 757w, https:\/\/agora.xtec.cat\/iesmontsoriu\/wp-content\/uploads\/usu272\/2025\/04\/BUS-PER-TORNAR-300x81.png 300w\" sizes=\"auto, (max-width: 757px) 100vw, 757px\" \/><\/a><\/figure>\n<\/div><\/div>\n<\/div>\n\n\n\n<div style=\"height:35px\" aria-hidden=\"true\" class=\"wp-block-spacer\"><\/div>\n\n\n\n<p class=\"is-style-stripes has-white-background-color has-background\"><\/p>\n\n\n\n<p><\/p>\n\n\n\n<div style=\"height:61px\" aria-hidden=\"true\" class=\"wp-block-spacer\"><\/div>\n\n\n\n<figure class=\"wp-block-table is-style-stripes\"><table class=\"has-light-green-cyan-background-color has-background\"><thead><tr><th>Sortides Professionals<\/th><\/tr><\/thead><tbody><tr><td>Auxiliar administratiu o administrativa.<br>Auxiliar administratiu o administrativa de cobraments i pagaments.<br>Auxiliar administratiu o administrativa de gesti\u00f3 de personal.<br>Auxiliar administratiu o administrativa d&#8217;assegurances.<br>Auxiliar administratiu o administrativa d&#8217;administracions p\u00fabliques (ajuntaments, consell comarcal, diputaci\u00f3&#8230;)<br>Administratiu comercial.<br>Recepcionista, telefonista.<br>Empleat d&#8217;atenci\u00f3 al client<br>Ajudant d&#8217;oficina.<br>Empleat o empleada de tresoreria i mitjans de pagament.<br>Empleat de mitjans de pagament<\/td><\/tr><\/tbody><\/table><\/figure>\n\n\n\n<div style=\"height:52px\" aria-hidden=\"true\" class=\"wp-block-spacer\"><\/div>\n\n\n\n<figure class=\"wp-block-table is-style-stripes\"><table class=\"has-pale-cyan-blue-background-color has-background\"><tbody><tr><td><strong>A quins estudis puc accedir en acabar el cicles estudis puc accedir en acabar el cicle<\/strong><\/td><\/tr><tr><td>\u00b7 A un cicle de Grau Superior.<br>\u00b7 A Batxillerat.<\/td><\/tr><\/tbody><\/table><\/figure>\n\n\n\n<figure class=\"wp-block-table is-style-stripes\"><table class=\"has-pale-cyan-blue-background-color has-background\"><tbody><tr><td><strong><a href=\"https:\/\/preinscripcio.gencat.cat\/ca\/estudis\/fp-grau-mitja\/inici\/\">M\u00e9s informaci\u00f3<\/a><\/strong><\/td><\/tr><tr><td><a href=\"https:\/\/preinscripcio.gencat.cat\/ca\/estudis\/fp-grau-mitja\/inici\/\" target=\"_blank\" rel=\"noreferrer noopener\">Acc\u00e9s a la Preinscripci\u00f3<\/a><br><br>Tens algun dubte?<br>Envia&#8217;ns un missatge o truca&#8217;ns: 972860154<\/td><\/tr><\/tbody><\/table><\/figure>\n\n\n\n<div class=\"btn-group\">\u00a0<\/div>\n\n\n\n\n","protected":false},"excerpt":{"rendered":"<p>Fam\u00edlia professional: Administraci\u00f3 i Gesti\u00f3 La compet\u00e8ncia general d\u2019aquest cicle consisteix en activitats de suport administratiu en l&#8217;\u00e0mbit laboral, comptable, comercial, financer i fiscal, aix\u00ed com d&#8217;atenci\u00f3 al client\/usuari, tant en empreses p\u00fabliques com en empreses privades, aplicant la normativa vigent i protocols de qualitat, assegurant la satisfacci\u00f3 del client i actuant segons les normes [&hellip;]<\/p>\n","protected":false},"author":3,"featured_media":0,"parent":9968,"menu_order":0,"comment_status":"closed","ping_status":"closed","template":"","meta":{"_bbp_topic_count":0,"_bbp_reply_count":0,"_bbp_total_topic_count":0,"_bbp_total_reply_count":0,"_bbp_voice_count":0,"_bbp_anonymous_reply_count":0,"_bbp_topic_count_hidden":0,"_bbp_reply_count_hidden":0,"_bbp_forum_subforum_count":0,"site-sidebar-layout":"default","site-content-layout":"","ast-site-content-layout":"default","site-content-style":"default","site-sidebar-style":"default","ast-global-header-display":"","ast-banner-title-visibility":"","ast-main-header-display":"","ast-hfb-above-header-display":"","ast-hfb-below-header-display":"","ast-hfb-mobile-header-display":"","site-post-title":"","ast-breadcrumbs-content":"","ast-featured-img":"","footer-sml-layout":"","theme-transparent-header-meta":"","adv-header-id-meta":"","stick-header-meta":"","header-above-stick-meta":"","header-main-stick-meta":"","header-below-stick-meta":"","astra-migrate-meta-layouts":"set","ast-page-background-enabled":"default","ast-page-background-meta":{"desktop":{"background-color":"var(--ast-global-color-4)","background-image":"","background-repeat":"repeat","background-position":"center center","background-size":"auto","background-attachment":"scroll","background-type":"","background-media":"","overlay-type":"","overlay-color":"","overlay-opacity":"","overlay-gradient":""},"tablet":{"background-color":"","background-image":"","background-repeat":"repeat","background-position":"center center","background-size":"auto","background-attachment":"scroll","background-type":"","background-media":"","overlay-type":"","overlay-color":"","overlay-opacity":"","overlay-gradient":""},"mobile":{"background-color":"","background-image":"","background-repeat":"repeat","background-position":"center center","background-size":"auto","background-attachment":"scroll","background-type":"","background-media":"","overlay-type":"","overlay-color":"","overlay-opacity":"","overlay-gradient":""}},"ast-content-background-meta":{"desktop":{"background-color":"var(--ast-global-color-5)","background-image":"","background-repeat":"repeat","background-position":"center center","background-size":"auto","background-attachment":"scroll","background-type":"","background-media":"","overlay-type":"","overlay-color":"","overlay-opacity":"","overlay-gradient":""},"tablet":{"background-color":"var(--ast-global-color-5)","background-image":"","background-repeat":"repeat","background-position":"center center","background-size":"auto","background-attachment":"scroll","background-type":"","background-media":"","overlay-type":"","overlay-color":"","overlay-opacity":"","overlay-gradient":""},"mobile":{"background-color":"var(--ast-global-color-5)","background-image":"","background-repeat":"repeat","background-position":"center center","background-size":"auto","background-attachment":"scroll","background-type":"","background-media":"","overlay-type":"","overlay-color":"","overlay-opacity":"","overlay-gradient":""}},"footnotes":""},"class_list":["post-10389","page","type-page","status-publish","hentry"],"post_mailing_queue_ids":[],"_links":{"self":[{"href":"https:\/\/agora.xtec.cat\/iesmontsoriu\/wp-json\/wp\/v2\/pages\/10389","targetHints":{"allow":["GET"]}}],"collection":[{"href":"https:\/\/agora.xtec.cat\/iesmontsoriu\/wp-json\/wp\/v2\/pages"}],"about":[{"href":"https:\/\/agora.xtec.cat\/iesmontsoriu\/wp-json\/wp\/v2\/types\/page"}],"author":[{"embeddable":true,"href":"https:\/\/agora.xtec.cat\/iesmontsoriu\/wp-json\/wp\/v2\/users\/3"}],"replies":[{"embeddable":true,"href":"https:\/\/agora.xtec.cat\/iesmontsoriu\/wp-json\/wp\/v2\/comments?post=10389"}],"version-history":[{"count":6,"href":"https:\/\/agora.xtec.cat\/iesmontsoriu\/wp-json\/wp\/v2\/pages\/10389\/revisions"}],"predecessor-version":[{"id":12699,"href":"https:\/\/agora.xtec.cat\/iesmontsoriu\/wp-json\/wp\/v2\/pages\/10389\/revisions\/12699"}],"up":[{"embeddable":true,"href":"https:\/\/agora.xtec.cat\/iesmontsoriu\/wp-json\/wp\/v2\/pages\/9968"}],"wp:attachment":[{"href":"https:\/\/agora.xtec.cat\/iesmontsoriu\/wp-json\/wp\/v2\/media?parent=10389"}],"curies":[{"name":"wp","href":"https:\/\/api.w.org\/{rel}","templated":true}]}}