{"id":10204,"date":"2021-09-06T12:46:16","date_gmt":"2021-09-06T10:46:16","guid":{"rendered":"https:\/\/agora.xtec.cat\/iesmontsoriu\/?page_id=10204"},"modified":"2026-04-13T18:11:43","modified_gmt":"2026-04-13T16:11:43","slug":"presentacio-cicle-formatiu-cima","status":"publish","type":"page","link":"https:\/\/agora.xtec.cat\/iesmontsoriu\/presentacio-cicle-formatiu-cima\/","title":{"rendered":"Presentaci\u00f3 Cicle Formatiu CiMA"},"content":{"rendered":"\n<p>El cicle formatiu de grau mitj\u00e0 de\u00a0<strong>t\u00e8cnic en construcci\u00f3 i muntatge d\u2019autocars\u00a0<\/strong>\u00e9s fruit del conveni entre el Departament d\u2019Educaci\u00f3, les empreses d\u2019Arb\u00facies del sector de l\u2019autocar (Ayats, Beulas i Indcar), la Pimec (patronal de la Petita i Mitjana Empresa de Catalunya a Girona) i els Ajuntaments d\u2019Arb\u00facies, Breda, Hostalric, Massanes, Riells i Viabrea, Sant Feliu de Buixalleu i Sant Hilari Sacalm.<\/p>\n\n\n\n<p>A partir del curs 2024-25 hi ha un canvi de curr\u00edculum que afecta els cicles formatius. Per tant, a partir d&#8217;aquest curs la distribuci\u00f3 del cicle formatiu canviar\u00e0.<\/p>\n\n\n\n<p>Podeu veure les caracter\u00edstiques i la distribuci\u00f3 del cicle formatiu del curr\u00edculum del 2021 i del curr\u00edculum del 2024 a les seg\u00fcents p\u00e0gines:<\/p>\n\n\n\n<div style=\"height:42px\" aria-hidden=\"true\" class=\"wp-block-spacer\"><\/div>\n\n\n\n<div class=\"wp-block-buttons is-content-justification-center is-layout-flex wp-container-core-buttons-is-layout-1 wp-block-buttons-is-layout-flex\">\n<div class=\"wp-block-button\"><a class=\"wp-block-button__link has-white-color has-text-color has-link-color wp-element-button\" href=\"https:\/\/agora.xtec.cat\/iesmontsoriu\/estudis\/cicle-formatiu-de-construccio-i-muntatge-dautocars\/cicle-formatiu-tecnic-en-construccio-dautocars\/\">Distribuci\u00f3 del Cicle formatiu (Curr\u00edculum 2021)<\/a><\/div>\n<\/div>\n\n\n\n<div style=\"height:36px\" aria-hidden=\"true\" class=\"wp-block-spacer\"><\/div>\n\n\n\n<div class=\"wp-block-buttons is-content-justification-center is-layout-flex wp-container-core-buttons-is-layout-2 wp-block-buttons-is-layout-flex\">\n<div class=\"wp-block-button\"><a class=\"wp-block-button__link has-white-color has-text-color has-link-color wp-element-button\" href=\"https:\/\/agora.xtec.cat\/iesmontsoriu\/estudis\/cicles-formatius\/cicle-formatiu-cima-2024\/\">Distribuci\u00f3 del Cicle formatiu (Curr\u00edculum 2024)<\/a><\/div>\n<\/div>\n","protected":false},"excerpt":{"rendered":"<p>El cicle formatiu de grau mitj\u00e0 de\u00a0t\u00e8cnic en construcci\u00f3 i muntatge d\u2019autocars\u00a0\u00e9s fruit del conveni entre el Departament d\u2019Educaci\u00f3, les empreses d\u2019Arb\u00facies del sector de l\u2019autocar (Ayats, Beulas i Indcar), la Pimec (patronal de la Petita i Mitjana Empresa de Catalunya a Girona) i els Ajuntaments d\u2019Arb\u00facies, Breda, Hostalric, Massanes, Riells i Viabrea, Sant Feliu [&hellip;]<\/p>\n","protected":false},"author":3,"featured_media":0,"parent":0,"menu_order":0,"comment_status":"closed","ping_status":"closed","template":"","meta":{"_bbp_topic_count":0,"_bbp_reply_count":0,"_bbp_total_topic_count":0,"_bbp_total_reply_count":0,"_bbp_voice_count":0,"_bbp_anonymous_reply_count":0,"_bbp_topic_count_hidden":0,"_bbp_reply_count_hidden":0,"_bbp_forum_subforum_count":0,"site-sidebar-layout":"default","site-content-layout":"","ast-site-content-layout":"default","site-content-style":"default","site-sidebar-style":"default","ast-global-header-display":"","ast-banner-title-visibility":"","ast-main-header-display":"","ast-hfb-above-header-display":"","ast-hfb-below-header-display":"","ast-hfb-mobile-header-display":"","site-post-title":"","ast-breadcrumbs-content":"","ast-featured-img":"","footer-sml-layout":"","theme-transparent-header-meta":"","adv-header-id-meta":"","stick-header-meta":"","header-above-stick-meta":"","header-main-stick-meta":"","header-below-stick-meta":"","astra-migrate-meta-layouts":"set","ast-page-background-enabled":"default","ast-page-background-meta":{"desktop":{"background-color":"var(--ast-global-color-4)","background-image":"","background-repeat":"repeat","background-position":"center center","background-size":"auto","background-attachment":"scroll","background-type":"","background-media":"","overlay-type":"","overlay-color":"","overlay-opacity":"","overlay-gradient":""},"tablet":{"background-color":"","background-image":"","background-repeat":"repeat","background-position":"center center","background-size":"auto","background-attachment":"scroll","background-type":"","background-media":"","overlay-type":"","overlay-color":"","overlay-opacity":"","overlay-gradient":""},"mobile":{"background-color":"","background-image":"","background-repeat":"repeat","background-position":"center center","background-size":"auto","background-attachment":"scroll","background-type":"","background-media":"","overlay-type":"","overlay-color":"","overlay-opacity":"","overlay-gradient":""}},"ast-content-background-meta":{"desktop":{"background-color":"var(--ast-global-color-5)","background-image":"","background-repeat":"repeat","background-position":"center center","background-size":"auto","background-attachment":"scroll","background-type":"","background-media":"","overlay-type":"","overlay-color":"","overlay-opacity":"","overlay-gradient":""},"tablet":{"background-color":"var(--ast-global-color-5)","background-image":"","background-repeat":"repeat","background-position":"center center","background-size":"auto","background-attachment":"scroll","background-type":"","background-media":"","overlay-type":"","overlay-color":"","overlay-opacity":"","overlay-gradient":""},"mobile":{"background-color":"var(--ast-global-color-5)","background-image":"","background-repeat":"repeat","background-position":"center center","background-size":"auto","background-attachment":"scroll","background-type":"","background-media":"","overlay-type":"","overlay-color":"","overlay-opacity":"","overlay-gradient":""}},"footnotes":""},"class_list":["post-10204","page","type-page","status-publish","hentry"],"post_mailing_queue_ids":[],"_links":{"self":[{"href":"https:\/\/agora.xtec.cat\/iesmontsoriu\/wp-json\/wp\/v2\/pages\/10204","targetHints":{"allow":["GET"]}}],"collection":[{"href":"https:\/\/agora.xtec.cat\/iesmontsoriu\/wp-json\/wp\/v2\/pages"}],"about":[{"href":"https:\/\/agora.xtec.cat\/iesmontsoriu\/wp-json\/wp\/v2\/types\/page"}],"author":[{"embeddable":true,"href":"https:\/\/agora.xtec.cat\/iesmontsoriu\/wp-json\/wp\/v2\/users\/3"}],"replies":[{"embeddable":true,"href":"https:\/\/agora.xtec.cat\/iesmontsoriu\/wp-json\/wp\/v2\/comments?post=10204"}],"version-history":[{"count":6,"href":"https:\/\/agora.xtec.cat\/iesmontsoriu\/wp-json\/wp\/v2\/pages\/10204\/revisions"}],"predecessor-version":[{"id":12712,"href":"https:\/\/agora.xtec.cat\/iesmontsoriu\/wp-json\/wp\/v2\/pages\/10204\/revisions\/12712"}],"wp:attachment":[{"href":"https:\/\/agora.xtec.cat\/iesmontsoriu\/wp-json\/wp\/v2\/media?parent=10204"}],"curies":[{"name":"wp","href":"https:\/\/api.w.org\/{rel}","templated":true}]}}