{"id":75,"date":"2014-09-18T10:21:02","date_gmt":"2014-09-18T09:21:02","guid":{"rendered":"http:\/\/agora.xtec.cat\/iesmontserratroig\/?page_id=75"},"modified":"2025-10-01T16:38:41","modified_gmt":"2025-10-01T14:38:41","slug":"activitats-extraescolars","status":"publish","type":"page","link":"https:\/\/agora.xtec.cat\/iesmontserratroig\/serveis\/activitats-extraescolars\/","title":{"rendered":"Activitats esportives escolars 2025-26"},"content":{"rendered":"<p>&nbsp;<\/p>\n<p>Iniciem les <a href=\"https:\/\/drive.google.com\/file\/d\/1AzemmiLq9wPQOubkn10MhQ2udW7hGstM\/view?usp=drive_link\">activitats esportives extraescolars del curs 2025-26!<\/a><\/p>\n<p>Aquest curs estem treballant per poder signar un conveni de col\u00b7laboraci\u00f3 amb dos ben reconeguts clubs esportius de la ciutat: el Club B\u00e0squet Sant Pere de Terrassa i el Club Nataci\u00f3 Terrassa Volei.<\/p>\n<p>Desitgem que aquesta iniciativa us motivi encara m\u00e9s per practicar esport! De seguida disposareu de l&#8217;enlla\u00e7 per fer la inscripci\u00f3.<\/p>\n<p>&nbsp;<\/p>\n<p style=\"text-align: center;\"><a href=\"https:\/\/forms.gle\/PZeiUf8mC6ds65wi8\"><img loading=\"lazy\" decoding=\"async\" class=\"alignnone size-full wp-image-3207\" src=\"https:\/\/agora.xtec.cat\/iesmontserratroig\/wp-content\/uploads\/usu248\/2025\/09\/FORMULARI-AEE.png\" alt=\"\" width=\"460\" height=\"81\" srcset=\"https:\/\/agora.xtec.cat\/iesmontserratroig\/wp-content\/uploads\/usu248\/2025\/09\/FORMULARI-AEE.png 460w, https:\/\/agora.xtec.cat\/iesmontserratroig\/wp-content\/uploads\/usu248\/2025\/09\/FORMULARI-AEE-300x53.png 300w\" sizes=\"auto, (max-width: 460px) 100vw, 460px\" \/><\/a><\/p>\n<p>&nbsp;<\/p>\n<p style=\"text-align: center;\"><a href=\"https:\/\/drive.google.com\/file\/d\/1AzemmiLq9wPQOubkn10MhQ2udW7hGstM\/view?usp=drive_link\"><img loading=\"lazy\" decoding=\"async\" class=\"wp-image-3185 aligncenter\" src=\"https:\/\/agora.xtec.cat\/iesmontserratroig\/wp-content\/uploads\/usu248\/2025\/09\/aee.png\" alt=\"\" width=\"496\" height=\"400\" srcset=\"https:\/\/agora.xtec.cat\/iesmontserratroig\/wp-content\/uploads\/usu248\/2025\/09\/aee.png 631w, https:\/\/agora.xtec.cat\/iesmontserratroig\/wp-content\/uploads\/usu248\/2025\/09\/aee-300x242.png 300w\" sizes=\"auto, (max-width: 496px) 100vw, 496px\" \/><\/a><\/p>\n","protected":false},"excerpt":{"rendered":"<p>&nbsp;<br \/>\nIniciem les <a href=\"https:\/\/drive.google.com\/file\/d\/1AzemmiLq9wPQOubkn10MhQ2udW7hGstM\/view?usp=drive_link\">activitats esportives extraescolars del curs 2025-26!<\/a><br \/>\nAquest curs estem treballant per poder signar un conveni de col\u00b7laboraci\u00f3 amb dos ben reconeguts clubs esportius de la ciutat: el Club B\u00e0squet Sant Pere de Terrassa i el Club Nataci\u00f3 Terrassa Volei.<br \/>\nDesitgem que aquesta iniciativa us&hellip;  <a href=\"https:\/\/agora.xtec.cat\/iesmontserratroig\/serveis\/activitats-extraescolars\/\" title=\"Read Activitats esportives escolars 2025-26\">Llegeix m\u00e9s\u00bb<\/a><\/p>\n","protected":false},"author":1,"featured_media":0,"parent":63,"menu_order":40,"comment_status":"closed","ping_status":"closed","template":"page-templates\/side-menu.php","meta":{"_bbp_topic_count":0,"_bbp_reply_count":0,"_bbp_total_topic_count":0,"_bbp_total_reply_count":0,"_bbp_voice_count":0,"_bbp_anonymous_reply_count":0,"_bbp_topic_count_hidden":0,"_bbp_reply_count_hidden":0,"_bbp_forum_subforum_count":0,"footnotes":""},"class_list":["post-75","page","type-page","status-publish","hentry"],"post_mailing_queue_ids":[],"_links":{"self":[{"href":"https:\/\/agora.xtec.cat\/iesmontserratroig\/wp-json\/wp\/v2\/pages\/75","targetHints":{"allow":["GET"]}}],"collection":[{"href":"https:\/\/agora.xtec.cat\/iesmontserratroig\/wp-json\/wp\/v2\/pages"}],"about":[{"href":"https:\/\/agora.xtec.cat\/iesmontserratroig\/wp-json\/wp\/v2\/types\/page"}],"author":[{"embeddable":true,"href":"https:\/\/agora.xtec.cat\/iesmontserratroig\/wp-json\/wp\/v2\/users\/1"}],"replies":[{"embeddable":true,"href":"https:\/\/agora.xtec.cat\/iesmontserratroig\/wp-json\/wp\/v2\/comments?post=75"}],"version-history":[{"count":7,"href":"https:\/\/agora.xtec.cat\/iesmontserratroig\/wp-json\/wp\/v2\/pages\/75\/revisions"}],"predecessor-version":[{"id":3223,"href":"https:\/\/agora.xtec.cat\/iesmontserratroig\/wp-json\/wp\/v2\/pages\/75\/revisions\/3223"}],"up":[{"embeddable":true,"href":"https:\/\/agora.xtec.cat\/iesmontserratroig\/wp-json\/wp\/v2\/pages\/63"}],"wp:attachment":[{"href":"https:\/\/agora.xtec.cat\/iesmontserratroig\/wp-json\/wp\/v2\/media?parent=75"}],"curies":[{"name":"wp","href":"https:\/\/api.w.org\/{rel}","templated":true}]}}