{"id":46,"date":"2014-09-17T16:53:45","date_gmt":"2014-09-17T16:53:45","guid":{"rendered":"http:\/\/agora.xtec.cat\/iesmontserratroig\/?page_id=46"},"modified":"2024-04-02T19:31:26","modified_gmt":"2024-04-02T17:31:26","slug":"documentaciodecentre","status":"publish","type":"page","link":"https:\/\/agora.xtec.cat\/iesmontserratroig\/linstitut\/documentaciodecentre\/","title":{"rendered":"Documentaci\u00f3 de centre"},"content":{"rendered":"<p>En aquesta secci\u00f3, trobareu els documents principals i p\u00fablics de centre. <a href=\"https:\/\/drive.google.com\/drive\/folders\/1bczNpPIMM95TYKkf8wkd6QhDYlGa1-ay\" target=\"_blank\" rel=\"noopener\">(enlla\u00e7 a la carpeta de documents)<\/a><\/p>\n<p>&nbsp;<\/p>\n<p>&nbsp;<\/p>\n<p>&nbsp;<\/p>\n<p><iframe loading=\"lazy\" src=\"https:\/\/drive.google.com\/embeddedfolderview?id=1bczNpPIMM95TYKkf8wkd6QhDYlGa1-ay#grid\" width=\"900\" height=\"600\" frameborder=\"0\"><\/iframe><\/p>\n","protected":false},"excerpt":{"rendered":"<p>En aquesta secci\u00f3, trobareu els documents principals i p\u00fablics de centre. <a href=\"https:\/\/drive.google.com\/drive\/folders\/1bczNpPIMM95TYKkf8wkd6QhDYlGa1-ay\" target=\"_blank\" rel=\"noopener\">(enlla\u00e7 a la carpeta de documents)<\/a><br \/>\n&nbsp;<br \/>\n&nbsp;<br \/>\n&nbsp;<\/p>\n","protected":false},"author":1,"featured_media":0,"parent":19,"menu_order":50,"comment_status":"closed","ping_status":"closed","template":"page-templates\/side-menu.php","meta":{"_bbp_topic_count":0,"_bbp_reply_count":0,"_bbp_total_topic_count":0,"_bbp_total_reply_count":0,"_bbp_voice_count":0,"_bbp_anonymous_reply_count":0,"_bbp_topic_count_hidden":0,"_bbp_reply_count_hidden":0,"_bbp_forum_subforum_count":0,"footnotes":""},"class_list":["post-46","page","type-page","status-publish","hentry"],"post_mailing_queue_ids":[],"_links":{"self":[{"href":"https:\/\/agora.xtec.cat\/iesmontserratroig\/wp-json\/wp\/v2\/pages\/46","targetHints":{"allow":["GET"]}}],"collection":[{"href":"https:\/\/agora.xtec.cat\/iesmontserratroig\/wp-json\/wp\/v2\/pages"}],"about":[{"href":"https:\/\/agora.xtec.cat\/iesmontserratroig\/wp-json\/wp\/v2\/types\/page"}],"author":[{"embeddable":true,"href":"https:\/\/agora.xtec.cat\/iesmontserratroig\/wp-json\/wp\/v2\/users\/1"}],"replies":[{"embeddable":true,"href":"https:\/\/agora.xtec.cat\/iesmontserratroig\/wp-json\/wp\/v2\/comments?post=46"}],"version-history":[{"count":4,"href":"https:\/\/agora.xtec.cat\/iesmontserratroig\/wp-json\/wp\/v2\/pages\/46\/revisions"}],"predecessor-version":[{"id":2953,"href":"https:\/\/agora.xtec.cat\/iesmontserratroig\/wp-json\/wp\/v2\/pages\/46\/revisions\/2953"}],"up":[{"embeddable":true,"href":"https:\/\/agora.xtec.cat\/iesmontserratroig\/wp-json\/wp\/v2\/pages\/19"}],"wp:attachment":[{"href":"https:\/\/agora.xtec.cat\/iesmontserratroig\/wp-json\/wp\/v2\/media?parent=46"}],"curies":[{"name":"wp","href":"https:\/\/api.w.org\/{rel}","templated":true}]}}