{"id":27,"date":"2014-09-17T16:24:03","date_gmt":"2014-09-17T16:24:03","guid":{"rendered":"http:\/\/agora.xtec.cat\/iesmontserratroig\/?page_id=27"},"modified":"2020-08-17T23:57:40","modified_gmt":"2020-08-17T21:57:40","slug":"historia","status":"publish","type":"page","link":"https:\/\/agora.xtec.cat\/iesmontserratroig\/linstitut\/historia\/","title":{"rendered":"Hist\u00f2ria"},"content":{"rendered":"<p>L\u2019INS Montserrat Roig som un centre p\u00fablic, depenent del Departament d\u2019Educaci\u00f3 de la Generalitat de Catalunya, que vam iniciar el nostre viatge el curs 1991-92, compartint instal\u00b7lacions amb el centre de prim\u00e0ria Pere Viver.<\/p>\n<p><a href=\"https:\/\/agora.xtec.cat\/iesmontserratroig\/wp-content\/uploads\/usu248\/2020\/08\/C19.png\"><img loading=\"lazy\" decoding=\"async\" class=\"alignnone size-full wp-image-503\" src=\"https:\/\/agora.xtec.cat\/iesmontserratroig\/wp-content\/uploads\/usu248\/2020\/08\/C19.png\" alt=\"\" width=\"366\" height=\"252\" srcset=\"https:\/\/agora.xtec.cat\/iesmontserratroig\/wp-content\/uploads\/usu248\/2020\/08\/C19.png 366w, https:\/\/agora.xtec.cat\/iesmontserratroig\/wp-content\/uploads\/usu248\/2020\/08\/C19-300x207.png 300w\" sizes=\"auto, (max-width: 366px) 100vw, 366px\" \/><\/a> \u00a0 <a href=\"https:\/\/agora.xtec.cat\/iesmontserratroig\/wp-content\/uploads\/usu248\/2020\/08\/C1.png\"><img loading=\"lazy\" decoding=\"async\" class=\"alignnone wp-image-504\" src=\"https:\/\/agora.xtec.cat\/iesmontserratroig\/wp-content\/uploads\/usu248\/2020\/08\/C1.png\" alt=\"\" width=\"443\" height=\"303\" srcset=\"https:\/\/agora.xtec.cat\/iesmontserratroig\/wp-content\/uploads\/usu248\/2020\/08\/C1.png 493w, https:\/\/agora.xtec.cat\/iesmontserratroig\/wp-content\/uploads\/usu248\/2020\/08\/C1-300x205.png 300w\" sizes=\"auto, (max-width: 443px) 100vw, 443px\" \/><\/a><\/p>\n<p><a href=\"https:\/\/agora.xtec.cat\/iesmontserratroig\/wp-content\/uploads\/usu248\/2020\/08\/C13.png\"><img loading=\"lazy\" decoding=\"async\" class=\"alignnone size-full wp-image-506\" src=\"https:\/\/agora.xtec.cat\/iesmontserratroig\/wp-content\/uploads\/usu248\/2020\/08\/C13.png\" alt=\"\" width=\"358\" height=\"233\" srcset=\"https:\/\/agora.xtec.cat\/iesmontserratroig\/wp-content\/uploads\/usu248\/2020\/08\/C13.png 358w, https:\/\/agora.xtec.cat\/iesmontserratroig\/wp-content\/uploads\/usu248\/2020\/08\/C13-300x195.png 300w\" sizes=\"auto, (max-width: 358px) 100vw, 358px\" \/>\u00a0\u00a0\u00a0\u00a0\u00a0 <\/a><a href=\"https:\/\/agora.xtec.cat\/iesmontserratroig\/wp-content\/uploads\/usu248\/2020\/08\/C16.png\"><img loading=\"lazy\" decoding=\"async\" class=\"alignnone size-full wp-image-507\" src=\"https:\/\/agora.xtec.cat\/iesmontserratroig\/wp-content\/uploads\/usu248\/2020\/08\/C16.png\" alt=\"\" width=\"364\" height=\"252\" srcset=\"https:\/\/agora.xtec.cat\/iesmontserratroig\/wp-content\/uploads\/usu248\/2020\/08\/C16.png 364w, https:\/\/agora.xtec.cat\/iesmontserratroig\/wp-content\/uploads\/usu248\/2020\/08\/C16-300x208.png 300w\" sizes=\"auto, (max-width: 364px) 100vw, 364px\" \/><\/a><\/p>\n<p>&nbsp;<\/p>\n<p><a href=\"https:\/\/agora.xtec.cat\/iesmontserratroig\/wp-content\/uploads\/usu248\/2020\/08\/C12.png\"><img loading=\"lazy\" decoding=\"async\" class=\"size-full wp-image-505 alignright\" src=\"https:\/\/agora.xtec.cat\/iesmontserratroig\/wp-content\/uploads\/usu248\/2020\/08\/C12.png\" alt=\"\" width=\"357\" height=\"281\" srcset=\"https:\/\/agora.xtec.cat\/iesmontserratroig\/wp-content\/uploads\/usu248\/2020\/08\/C12.png 357w, https:\/\/agora.xtec.cat\/iesmontserratroig\/wp-content\/uploads\/usu248\/2020\/08\/C12-300x236.png 300w\" sizes=\"auto, (max-width: 357px) 100vw, 357px\" \/><\/a><\/p>\n<p>&nbsp;<\/p>\n<p style=\"text-align: right;\">Est\u00e0vem instal\u00b7lats en barracots i la vida no era f\u00e0cil. Pass\u00e0vem molt de fred i ens mull\u00e0vem quan plovia i hav\u00edem d&#8217;anar d&#8217;un barracot a l&#8217;altre en els canvis de classe.<\/p>\n<p style=\"text-align: right;\">Per\u00f2 \u00e9rem feli\u00e7os!<\/p>\n<p>&nbsp;<\/p>\n<p>&nbsp;<\/p>\n<p>&nbsp;<\/p>\n<p><a href=\"https:\/\/agora.xtec.cat\/iesmontserratroig\/wp-content\/uploads\/usu248\/2020\/08\/Foto-M-Roig.jpg\"><img loading=\"lazy\" decoding=\"async\" class=\"alignnone wp-image-508 alignleft\" src=\"https:\/\/agora.xtec.cat\/iesmontserratroig\/wp-content\/uploads\/usu248\/2020\/08\/Foto-M-Roig.jpg\" alt=\"\" width=\"278\" height=\"198\" \/><\/a><\/p>\n<p>&nbsp;<\/p>\n<p>&nbsp;<\/p>\n<p style=\"text-align: left;\">Els primers anys vam compartir nom amb l&#8217;escola Pere Viver, fins que al 1997 vam rebre el nostre nom definitiu, en homenatge a l\u2019escriptora Montserrat Roig.<\/p>\n<p>&nbsp;<\/p>\n<p>&nbsp;<\/p>\n<p>Despr\u00e9s de molts entrabancs i moltes reivindicacions per part de l&#8217;AMPA, el professorat i l&#8217;alumnat, vam rebre, per fi, instal\u00b7lacions pr\u00f2pies l\u2019any 1999, i ens vam traslladar a la nostra ubicaci\u00f3 actual, en la zona centre de la ciutat.<\/p>\n<p><a href=\"https:\/\/agora.xtec.cat\/iesmontserratroig\/wp-content\/uploads\/usu248\/2020\/08\/C35.png\"><img loading=\"lazy\" decoding=\"async\" class=\"alignnone wp-image-509\" src=\"https:\/\/agora.xtec.cat\/iesmontserratroig\/wp-content\/uploads\/usu248\/2020\/08\/C35.png\" alt=\"\" width=\"231\" height=\"326\" srcset=\"https:\/\/agora.xtec.cat\/iesmontserratroig\/wp-content\/uploads\/usu248\/2020\/08\/C35.png 317w, https:\/\/agora.xtec.cat\/iesmontserratroig\/wp-content\/uploads\/usu248\/2020\/08\/C35-213x300.png 213w\" sizes=\"auto, (max-width: 231px) 100vw, 231px\" \/><\/a> \u00a0 <a href=\"https:\/\/agora.xtec.cat\/iesmontserratroig\/wp-content\/uploads\/usu248\/2020\/08\/foto-edifici.jpg\"><img loading=\"lazy\" decoding=\"async\" class=\"alignnone wp-image-510\" src=\"https:\/\/agora.xtec.cat\/iesmontserratroig\/wp-content\/uploads\/usu248\/2020\/08\/foto-edifici.jpg\" alt=\"\" width=\"508\" height=\"242\" srcset=\"https:\/\/agora.xtec.cat\/iesmontserratroig\/wp-content\/uploads\/usu248\/2020\/08\/foto-edifici.jpg 325w, https:\/\/agora.xtec.cat\/iesmontserratroig\/wp-content\/uploads\/usu248\/2020\/08\/foto-edifici-300x143.jpg 300w\" sizes=\"auto, (max-width: 508px) 100vw, 508px\" \/><\/a><\/p>\n<p><a href=\"https:\/\/agora.xtec.cat\/iesmontserratroig\/wp-content\/uploads\/usu248\/2020\/08\/C45.png\"><img loading=\"lazy\" decoding=\"async\" class=\"size-full wp-image-511 aligncenter\" src=\"https:\/\/agora.xtec.cat\/iesmontserratroig\/wp-content\/uploads\/usu248\/2020\/08\/C45.png\" alt=\"\" width=\"537\" height=\"388\" srcset=\"https:\/\/agora.xtec.cat\/iesmontserratroig\/wp-content\/uploads\/usu248\/2020\/08\/C45.png 537w, https:\/\/agora.xtec.cat\/iesmontserratroig\/wp-content\/uploads\/usu248\/2020\/08\/C45-300x217.png 300w\" sizes=\"auto, (max-width: 537px) 100vw, 537px\" \/><\/a><\/p>\n<p>Des d&#8217;aleshores que ens hem anat fent grans, de mida i d&#8217;esperit. Som una comunitat d&#8217;uns 1.400 alumnes i uns 120 professors i professores, diversos i rics en la nostra diversitat.<\/p>\n<p>Somiem amb un m\u00f3n m\u00e9s hum\u00e0 i amable, on totes les persones siguem respectades i valorades. Sabem que el cam\u00ed de l&#8217;educaci\u00f3 i la formaci\u00f3 \u00e9s el cam\u00ed correcte&#8230;.ens acompanyes?<\/p>\n","protected":false},"excerpt":{"rendered":"<p>L\u2019INS Montserrat Roig som un centre p\u00fablic, depenent del Departament d\u2019Educaci\u00f3 de la Generalitat de Catalunya, que vam iniciar el nostre viatge el curs 1991-92, compartint instal\u00b7lacions amb el centre de prim\u00e0ria Pere Viver.<br \/>\n<a href=\"https:\/\/agora.xtec.cat\/iesmontserratroig\/wp-content\/uploads\/usu248\/2020\/08\/C19.png\"><\/a> \u00a0 <a href=\"https:\/\/agora.xtec.cat\/iesmontserratroig\/wp-content\/uploads\/usu248\/2020\/08\/C1.png\"><\/a><br \/>\n<a href=\"https:\/\/agora.xtec.cat\/iesmontserratroig\/wp-content\/uploads\/usu248\/2020\/08\/C13.png\">\u00a0\u00a0\u00a0\u00a0\u00a0 <\/a><a href=\"https:\/\/agora.xtec.cat\/iesmontserratroig\/wp-content\/uploads\/usu248\/2020\/08\/C16.png\"><\/a><br \/>\n&nbsp;<br \/>\n<a href=\"https:\/\/agora.xtec.cat\/iesmontserratroig\/wp-content\/uploads\/usu248\/2020\/08\/C12.png\"><\/a><br \/>\n&nbsp;<br \/>\nEst\u00e0vem instal\u00b7lats en barracots&hellip;  <a href=\"https:\/\/agora.xtec.cat\/iesmontserratroig\/linstitut\/historia\/\" title=\"Read Hist\u00f2ria\">Llegeix m\u00e9s\u00bb<\/a><\/p>\n","protected":false},"author":1,"featured_media":0,"parent":19,"menu_order":20,"comment_status":"closed","ping_status":"closed","template":"page-templates\/side-menu.php","meta":{"_bbp_topic_count":0,"_bbp_reply_count":0,"_bbp_total_topic_count":0,"_bbp_total_reply_count":0,"_bbp_voice_count":0,"_bbp_anonymous_reply_count":0,"_bbp_topic_count_hidden":0,"_bbp_reply_count_hidden":0,"_bbp_forum_subforum_count":0,"footnotes":""},"class_list":["post-27","page","type-page","status-publish","hentry"],"post_mailing_queue_ids":[],"_links":{"self":[{"href":"https:\/\/agora.xtec.cat\/iesmontserratroig\/wp-json\/wp\/v2\/pages\/27","targetHints":{"allow":["GET"]}}],"collection":[{"href":"https:\/\/agora.xtec.cat\/iesmontserratroig\/wp-json\/wp\/v2\/pages"}],"about":[{"href":"https:\/\/agora.xtec.cat\/iesmontserratroig\/wp-json\/wp\/v2\/types\/page"}],"author":[{"embeddable":true,"href":"https:\/\/agora.xtec.cat\/iesmontserratroig\/wp-json\/wp\/v2\/users\/1"}],"replies":[{"embeddable":true,"href":"https:\/\/agora.xtec.cat\/iesmontserratroig\/wp-json\/wp\/v2\/comments?post=27"}],"version-history":[{"count":3,"href":"https:\/\/agora.xtec.cat\/iesmontserratroig\/wp-json\/wp\/v2\/pages\/27\/revisions"}],"predecessor-version":[{"id":530,"href":"https:\/\/agora.xtec.cat\/iesmontserratroig\/wp-json\/wp\/v2\/pages\/27\/revisions\/530"}],"up":[{"embeddable":true,"href":"https:\/\/agora.xtec.cat\/iesmontserratroig\/wp-json\/wp\/v2\/pages\/19"}],"wp:attachment":[{"href":"https:\/\/agora.xtec.cat\/iesmontserratroig\/wp-json\/wp\/v2\/media?parent=27"}],"curies":[{"name":"wp","href":"https:\/\/api.w.org\/{rel}","templated":true}]}}