{"id":19,"date":"2014-09-17T14:56:56","date_gmt":"2014-09-17T14:56:56","guid":{"rendered":"http:\/\/agora.xtec.cat\/iesmontserratroig\/?page_id=19"},"modified":"2021-02-15T11:06:05","modified_gmt":"2021-02-15T10:06:05","slug":"linstitut","status":"publish","type":"page","link":"https:\/\/agora.xtec.cat\/iesmontserratroig\/linstitut\/","title":{"rendered":"L&#8217;institut"},"content":{"rendered":"<p>En aquest apartat del web trobareu informaci\u00f3 gen\u00e8rica del centre.<\/p>\n<p>Trobareu on som, i amb quins mitjans de transport p\u00fablic hi podeu accedir.<\/p>\n<p>Tamb\u00e9 teniu disponible tota la documentaci\u00f3 b\u00e0sica de centre on cal destacar les Normes de Funcionament de Centre (NOFC), el Projecte educatiu de centre (PEC), la Programaci\u00f3 General Anual de Centre (PGAC), o la Carta de serveis entre altres.<\/p>\n<p>&nbsp;<\/p>\n","protected":false},"excerpt":{"rendered":"<p>En aquest apartat del web trobareu informaci\u00f3 gen\u00e8rica del centre.<br \/>\nTrobareu on som, i amb quins mitjans de transport p\u00fablic hi podeu accedir.<br \/>\nTamb\u00e9 teniu disponible tota la documentaci\u00f3 b\u00e0sica de centre on cal destacar les Normes de Funcionament de Centre (NOFC), el Projecte educatiu de centre&hellip;  <a href=\"https:\/\/agora.xtec.cat\/iesmontserratroig\/linstitut\/\" title=\"Read L&#8217;institut\">Llegeix m\u00e9s\u00bb<\/a><\/p>\n","protected":false},"author":1,"featured_media":0,"parent":0,"menu_order":0,"comment_status":"closed","ping_status":"closed","template":"page-templates\/side-menu.php","meta":{"_bbp_topic_count":0,"_bbp_reply_count":0,"_bbp_total_topic_count":0,"_bbp_total_reply_count":0,"_bbp_voice_count":0,"_bbp_anonymous_reply_count":0,"_bbp_topic_count_hidden":0,"_bbp_reply_count_hidden":0,"_bbp_forum_subforum_count":0,"footnotes":""},"class_list":["post-19","page","type-page","status-publish","hentry"],"post_mailing_queue_ids":[],"_links":{"self":[{"href":"https:\/\/agora.xtec.cat\/iesmontserratroig\/wp-json\/wp\/v2\/pages\/19","targetHints":{"allow":["GET"]}}],"collection":[{"href":"https:\/\/agora.xtec.cat\/iesmontserratroig\/wp-json\/wp\/v2\/pages"}],"about":[{"href":"https:\/\/agora.xtec.cat\/iesmontserratroig\/wp-json\/wp\/v2\/types\/page"}],"author":[{"embeddable":true,"href":"https:\/\/agora.xtec.cat\/iesmontserratroig\/wp-json\/wp\/v2\/users\/1"}],"replies":[{"embeddable":true,"href":"https:\/\/agora.xtec.cat\/iesmontserratroig\/wp-json\/wp\/v2\/comments?post=19"}],"version-history":[{"count":2,"href":"https:\/\/agora.xtec.cat\/iesmontserratroig\/wp-json\/wp\/v2\/pages\/19\/revisions"}],"predecessor-version":[{"id":1035,"href":"https:\/\/agora.xtec.cat\/iesmontserratroig\/wp-json\/wp\/v2\/pages\/19\/revisions\/1035"}],"wp:attachment":[{"href":"https:\/\/agora.xtec.cat\/iesmontserratroig\/wp-json\/wp\/v2\/media?parent=19"}],"curies":[{"name":"wp","href":"https:\/\/api.w.org\/{rel}","templated":true}]}}