{"id":1317,"date":"2021-05-10T00:04:18","date_gmt":"2021-05-09T22:04:18","guid":{"rendered":"https:\/\/agora.xtec.cat\/iesmontserratroig\/?page_id=1317"},"modified":"2025-05-09T12:07:22","modified_gmt":"2025-05-09T10:07:22","slug":"ife-auxiliar-en-vendes-i-atencio-al-public","status":"publish","type":"page","link":"https:\/\/agora.xtec.cat\/iesmontserratroig\/estudis\/ife-auxiliar-en-vendes-i-atencio-al-public\/","title":{"rendered":"IFE &#8211; Auxiliar en Vendes i Atenci\u00f3 al P\u00fablic"},"content":{"rendered":"<h5 class=\"header2 pd-15 pd-30\">Qu\u00e8 s\u00f3n els itineraris formatius espec\u00edfics<\/h5>\n<p>Els itineraris formatius espec\u00edfics (IFE) s\u00f3n ensenyaments professionals que s&#8217;adrecen a alumnes amb<strong> necessitats educatives especials associades a una discapacitat intel\u00b7lectual lleu o moderada<\/strong>, amb l&#8217;objectiu d&#8217;oferir atenci\u00f3 educativa, a l&#8217;etapa postobligat\u00f2ria, segons les necessitats individuals i les capacitats i habilitats pr\u00f2pies.<\/p>\n<p>La finalitat d&#8217;aquests ensenyaments \u00e9s que els i les alumnes incrementin l&#8217;autonomia personal i assoleixin les compet\u00e8ncies professionals que els facilitin la transici\u00f3 a la vida adulta i la inclusi\u00f3 social i laboral.<\/p>\n<h5 class=\"header2 pd-15 pd-30\">Qu\u00e8 necessito per accedir-hi<\/h5>\n<div class=\"pd-15x\">\n<p>Poden accedir als itineraris els joves amb necessitats educatives especials associades a discapacitat intel\u00b7lectual lleu o moderada que tenen com a m\u00ednim 16 anys d\u2019edat i com a \u00a0m\u00e0xim 20, l\u2019any natural d\u2019inici de l\u2019itinerari i preferentment que no hagin obtingut el t\u00edtol de graduat en educaci\u00f3 secund\u00e0ria obligat\u00f2ria.<\/p>\n<p>Excepcionalment, tamb\u00e9 s\u2019hi poden acollir joves que tenen l\u2019edat i les necessitats abans indicades i que hagin obtingut el t\u00edtol de graduat en educaci\u00f3 secund\u00e0ria obligat\u00f2ria per\u00f2 no puguin accedir als ensenyaments de formaci\u00f3 professional ordinaris.<\/p>\n<hr \/>\n<h3 class=\"subtitle\" style=\"text-align: center;\"><span style=\"color: #ff9900;\">IFE d&#8217;Auxiliar en Vendes i Atenci\u00f3 al P\u00fablic<\/span><\/h3>\n<\/div>\n<p><a href=\"https:\/\/agora.xtec.cat\/iesmontserratroig\/wp-content\/uploads\/usu248\/2021\/05\/blake-wisz-q3o_8MteFM0-unsplash-1.jpg\"><img loading=\"lazy\" decoding=\"async\" class=\"size-medium wp-image-1318 alignleft\" src=\"https:\/\/agora.xtec.cat\/iesmontserratroig\/wp-content\/uploads\/usu248\/2021\/05\/blake-wisz-q3o_8MteFM0-unsplash-1-300x200.jpg\" alt=\"\" width=\"300\" height=\"200\" srcset=\"https:\/\/agora.xtec.cat\/iesmontserratroig\/wp-content\/uploads\/usu248\/2021\/05\/blake-wisz-q3o_8MteFM0-unsplash-1-300x200.jpg 300w, https:\/\/agora.xtec.cat\/iesmontserratroig\/wp-content\/uploads\/usu248\/2021\/05\/blake-wisz-q3o_8MteFM0-unsplash-1-768x512.jpg 768w, https:\/\/agora.xtec.cat\/iesmontserratroig\/wp-content\/uploads\/usu248\/2021\/05\/blake-wisz-q3o_8MteFM0-unsplash-1-1024x683.jpg 1024w, https:\/\/agora.xtec.cat\/iesmontserratroig\/wp-content\/uploads\/usu248\/2021\/05\/blake-wisz-q3o_8MteFM0-unsplash-1.jpg 1920w\" sizes=\"auto, (max-width: 300px) 100vw, 300px\" \/><\/a><\/p>\n<p>Aquests estudis desenvolupen compet\u00e8ncies per a fer tasques auxiliars de comercialitzaci\u00f3, marxandatge, preparaci\u00f3 de comandes i venda de productes, i treballs de reprografia, observant les normes de prevenci\u00f3 de riscos laborals i protecci\u00f3 mediambiental corresponents, aix\u00ed com compet\u00e8ncies de comunicaci\u00f3, autonomia personal i de participaci\u00f3 en activitats comunit\u00e0ries.<\/p>\n<p>La durada \u00e9s de 3.360 hores, distribu\u00efdes en <strong>quatre cursos acad\u00e8mics<\/strong>. El darrer curs inclou la formaci\u00f3 en centres de treball.<\/p>\n<hr \/>\n<p style=\"padding-left: 80px;\"><strong>M\u00f2duls professionals comuns<\/strong><\/p>\n<ul>\n<li style=\"list-style-type: none;\">\n<ul>\n<li style=\"list-style-type: none;\">\n<ul class=\"llista-especial\">\n<li>Vida Saludable i Cura d&#8217;un Mateix (210 hores)<\/li>\n<li>Comunicaci\u00f3 i Relacions Interpersonals (210 hores)<\/li>\n<li>Viure en Entorns Propers (175 hores)<\/li>\n<li>\u00das d&#8217;Establiments i Serveis (140 hores)<\/li>\n<li>Organitzaci\u00f3 Personal (175 hores)<\/li>\n<li>Activitats Comunit\u00e0ries (140 hores)<\/li>\n<li>Participaci\u00f3 Ciutadana (140 hores)<\/li>\n<li>Iniciaci\u00f3 a l&#8217;Activitat Laboral (385 hores)<\/li>\n<li>Organitzaci\u00f3 de les Empreses (105 hores)<\/li>\n<li>M\u00f3n Laboral (105 hores)<\/li>\n<li>Desenvolupament en el Lloc de Treball (140 hores)<\/li>\n<li>Tutoria (70 hores per curs)<\/li>\n<\/ul>\n<\/li>\n<\/ul>\n<\/li>\n<\/ul>\n<p style=\"padding-left: 80px;\"><strong>M\u00f2duls professionals espec\u00edfics<\/strong><\/p>\n<ul>\n<li style=\"list-style-type: none;\">\n<ul>\n<li style=\"list-style-type: none;\">\n<ul class=\"llista-especial\">\n<li>T\u00e8cniques B\u00e0siques de Marxandatge (245 hores)<\/li>\n<li>Atenci\u00f3 al Client (140 hores)<\/li>\n<li>Preparaci\u00f3 de Comandes i Venda de Productes (140 hores)<\/li>\n<li>Treballs de Reprografia (245 hores)<\/li>\n<li>Formaci\u00f3 en Centres de Treball (385 hores)<\/li>\n<\/ul>\n<\/li>\n<\/ul>\n<\/li>\n<\/ul>\n<p>Per cursar els itineraris formatius espec\u00edfics (IFE) cal formalitzar la sol\u00b7licitud de preinscripci\u00f3 corresponent encara que s&#8217;estiguin cursant altres ensenyaments al mateix centre.<\/p>\n<p>Trobareu m\u00e9s informaci\u00f3 al web <a href=\"https:\/\/preinscripcio.gencat.cat\/ca\/estudis\/ife\/inici\/\" target=\"_blank\" rel=\"noopener noreferrer\">preinscripcio.gencat.cat <\/a><\/p>\n<ul>\n<li><a title=\"Anar al DOGC\" href=\"http:\/\/dogc.gencat.cat\/ca\/pdogc_canals_interns\/pdogc_resultats_fitxa\/?action=fitxa&amp;documentId=752341&amp;language=ca_ES\" target=\"_blank\" rel=\"noopener noreferrer\">Acord GOV\/120\/2016, de 30 d&#8217;agost,<\/a>\u00a0pel qual es crea el Pla pilot experimental d&#8217;itineraris formatius espec\u00edfics (IFE) per a alumnes amb necessitats educatives especials associades a discapacitat intel\u00b7lectual lleu o moderada (DOGC n\u00fam. 7196, d&#8217;1.9.2016)<\/li>\n<\/ul>\n","protected":false},"excerpt":{"rendered":"<p>Qu\u00e8 s\u00f3n els itineraris formatius espec\u00edfics<br \/>\nEls itineraris formatius espec\u00edfics (IFE) s\u00f3n ensenyaments professionals que s&#8217;adrecen a alumnes amb necessitats educatives especials associades a una discapacitat intel\u00b7lectual lleu o moderada, amb l&#8217;objectiu d&#8217;oferir atenci\u00f3 educativa, a l&#8217;etapa postobligat\u00f2ria, segons les necessitats individuals i les capacitats i&hellip;  <a href=\"https:\/\/agora.xtec.cat\/iesmontserratroig\/estudis\/ife-auxiliar-en-vendes-i-atencio-al-public\/\" title=\"Read IFE &#8211; Auxiliar en Vendes i Atenci\u00f3 al P\u00fablic\">Llegeix m\u00e9s\u00bb<\/a><\/p>\n","protected":false},"author":1,"featured_media":0,"parent":195,"menu_order":0,"comment_status":"closed","ping_status":"closed","template":"","meta":{"_bbp_topic_count":0,"_bbp_reply_count":0,"_bbp_total_topic_count":0,"_bbp_total_reply_count":0,"_bbp_voice_count":0,"_bbp_anonymous_reply_count":0,"_bbp_topic_count_hidden":0,"_bbp_reply_count_hidden":0,"_bbp_forum_subforum_count":0,"footnotes":""},"class_list":["post-1317","page","type-page","status-publish","hentry"],"post_mailing_queue_ids":[],"_links":{"self":[{"href":"https:\/\/agora.xtec.cat\/iesmontserratroig\/wp-json\/wp\/v2\/pages\/1317","targetHints":{"allow":["GET"]}}],"collection":[{"href":"https:\/\/agora.xtec.cat\/iesmontserratroig\/wp-json\/wp\/v2\/pages"}],"about":[{"href":"https:\/\/agora.xtec.cat\/iesmontserratroig\/wp-json\/wp\/v2\/types\/page"}],"author":[{"embeddable":true,"href":"https:\/\/agora.xtec.cat\/iesmontserratroig\/wp-json\/wp\/v2\/users\/1"}],"replies":[{"embeddable":true,"href":"https:\/\/agora.xtec.cat\/iesmontserratroig\/wp-json\/wp\/v2\/comments?post=1317"}],"version-history":[{"count":3,"href":"https:\/\/agora.xtec.cat\/iesmontserratroig\/wp-json\/wp\/v2\/pages\/1317\/revisions"}],"predecessor-version":[{"id":3092,"href":"https:\/\/agora.xtec.cat\/iesmontserratroig\/wp-json\/wp\/v2\/pages\/1317\/revisions\/3092"}],"up":[{"embeddable":true,"href":"https:\/\/agora.xtec.cat\/iesmontserratroig\/wp-json\/wp\/v2\/pages\/195"}],"wp:attachment":[{"href":"https:\/\/agora.xtec.cat\/iesmontserratroig\/wp-json\/wp\/v2\/media?parent=1317"}],"curies":[{"name":"wp","href":"https:\/\/api.w.org\/{rel}","templated":true}]}}