{"id":9534,"date":"2024-05-12T21:18:47","date_gmt":"2024-05-12T19:18:47","guid":{"rendered":"https:\/\/agora.xtec.cat\/iesmontserratroig-santandreu\/?page_id=9534"},"modified":"2024-05-12T21:19:16","modified_gmt":"2024-05-12T19:19:16","slug":"documents-per-a-lorganitzacio-i-la-gestio-dels-centres","status":"publish","type":"page","link":"https:\/\/agora.xtec.cat\/iesmontserratroig-santandreu\/pagines-dinici\/linstitut\/documents-per-a-lorganitzacio-i-la-gestio-dels-centres\/","title":{"rendered":"Documents per a l\u2019organitzaci\u00f3 i la gesti\u00f3 dels centres"},"content":{"rendered":"<p>D&#8217;acord amb la normativa de transpar\u00e8ncia i acc\u00e9s a la informaci\u00f3 p\u00fablica, presentem els seg\u00fcents documents:<\/p>\n<h5><strong><span style=\"color: #008080;\"><a style=\"color: #008080;\" href=\"https:\/\/agora.xtec.cat\/iesmontserratroig-santandreu\/wp-content\/uploads\/usu1568\/2024\/05\/Liquidacio-del-pressupost-2023.pdf\">LIQUIDACI\u00d3 DEL PRESSUPOST 2023<\/a> <\/span><\/strong><\/h5>\n<h5><span style=\"color: #008080;\"><strong><a style=\"color: #008080;\" href=\"https:\/\/agora.xtec.cat\/iesmontserratroig-santandreu\/wp-content\/uploads\/usu1568\/2024\/05\/Dades-del-pressupost-2024.pdf\">DADES DEL PRESSUPOST 2024<\/a><\/strong><\/span><\/h5>\n","protected":false},"excerpt":{"rendered":"<p>D&#8217;acord amb la normativa de transpar\u00e8ncia i acc\u00e9s a la informaci\u00f3 p\u00fablica, presentem els seg\u00fcents documents:<br \/>\n<a style=\"color: #008080;\" href=\"https:\/\/agora.xtec.cat\/iesmontserratroig-santandreu\/wp-content\/uploads\/usu1568\/2024\/05\/Liquidacio-del-pressupost-2023.pdf\">LIQUIDACI\u00d3 DEL PRESSUPOST 2023<\/a><br \/>\n<a style=\"color: #008080;\" href=\"https:\/\/agora.xtec.cat\/iesmontserratroig-santandreu\/wp-content\/uploads\/usu1568\/2024\/05\/Dades-del-pressupost-2024.pdf\">DADES DEL PRESSUPOST 2024<\/a><\/p>\n","protected":false},"author":1,"featured_media":0,"parent":19,"menu_order":21,"comment_status":"closed","ping_status":"closed","template":"page-templates\/side-menu.php","meta":{"_bbp_topic_count":0,"_bbp_reply_count":0,"_bbp_total_topic_count":0,"_bbp_total_reply_count":0,"_bbp_voice_count":0,"_bbp_anonymous_reply_count":0,"_bbp_topic_count_hidden":0,"_bbp_reply_count_hidden":0,"_bbp_forum_subforum_count":0,"footnotes":""},"class_list":["post-9534","page","type-page","status-publish","hentry"],"post_mailing_queue_ids":[],"_links":{"self":[{"href":"https:\/\/agora.xtec.cat\/iesmontserratroig-santandreu\/wp-json\/wp\/v2\/pages\/9534","targetHints":{"allow":["GET"]}}],"collection":[{"href":"https:\/\/agora.xtec.cat\/iesmontserratroig-santandreu\/wp-json\/wp\/v2\/pages"}],"about":[{"href":"https:\/\/agora.xtec.cat\/iesmontserratroig-santandreu\/wp-json\/wp\/v2\/types\/page"}],"author":[{"embeddable":true,"href":"https:\/\/agora.xtec.cat\/iesmontserratroig-santandreu\/wp-json\/wp\/v2\/users\/1"}],"replies":[{"embeddable":true,"href":"https:\/\/agora.xtec.cat\/iesmontserratroig-santandreu\/wp-json\/wp\/v2\/comments?post=9534"}],"version-history":[{"count":2,"href":"https:\/\/agora.xtec.cat\/iesmontserratroig-santandreu\/wp-json\/wp\/v2\/pages\/9534\/revisions"}],"predecessor-version":[{"id":9538,"href":"https:\/\/agora.xtec.cat\/iesmontserratroig-santandreu\/wp-json\/wp\/v2\/pages\/9534\/revisions\/9538"}],"up":[{"embeddable":true,"href":"https:\/\/agora.xtec.cat\/iesmontserratroig-santandreu\/wp-json\/wp\/v2\/pages\/19"}],"wp:attachment":[{"href":"https:\/\/agora.xtec.cat\/iesmontserratroig-santandreu\/wp-json\/wp\/v2\/media?parent=9534"}],"curies":[{"name":"wp","href":"https:\/\/api.w.org\/{rel}","templated":true}]}}