{"id":942,"date":"2025-02-13T20:30:13","date_gmt":"2025-02-13T19:30:13","guid":{"rendered":"https:\/\/agora.xtec.cat\/iesmontserratmiro\/?page_id=942"},"modified":"2026-03-03T19:31:20","modified_gmt":"2026-03-03T18:31:20","slug":"preinscripcio-i-matricula","status":"publish","type":"page","link":"https:\/\/agora.xtec.cat\/iesmontserratmiro\/preinscripcio-i-matricula\/","title":{"rendered":"Preinscripci\u00f3 ESO 2026-2027 (del 6 al 18 de mar\u00e7 de 2026)"},"content":{"rendered":"\r\n<h2 class=\"has-very-dark-gray-color has-text-color has-text-align-center wp-block-heading\" style=\"text-align: center;\"><strong>ALUMNAT DE NOVA INCORPORACI\u00d3<\/strong><\/h2>\r\n<h1 class=\"has-text-align-center\" style=\"text-align: center;\"><strong>(del 6\u00a0 al 18 de mar\u00e7 de 2026)<\/strong><\/h1>\r\n\r\n\r\n\r\n<h3 style=\"text-align: center;\"><strong>CODI DE CENTRE Ins Montserrat Mir\u00f3 08021788<\/strong><\/h3>\r\n<h3 style=\"text-align: center;\">Centres adscrits:<\/h3>\r\n<h5 style=\"text-align: center;\"><u>CEIP Elvira Cuy\u00e0s (08034783)<\/u><\/h5>\r\n<h5 style=\"text-align: center;\"><u>CEIP Font Freda (08021685)<\/u><\/h5>\r\n<h5 style=\"text-align: center;\"><u>CEIP Mitja Costa (08021764)<\/u><\/h5>\r\n<h5 style=\"text-align: center;\"><u> CEIP Reixac (08035283)<\/u><\/h5>\r\n<h5 style=\"text-align: center;\"><u>CEIP El Tur\u00f3 (08043361)<\/u><\/h5>\r\n<table style=\"width: 100%; border-collapse: collapse; background-color: #3af3fc;\">\r\n<tbody>\r\n<tr>\r\n<td style=\"width: 100%; text-align: center;\">\r\n<h3><strong><span style=\"color: #ff0000;\"><a style=\"color: #ff0000;\" href=\"https:\/\/agora.xtec.cat\/iesmontserratmiro\/wp-content\/uploads\/usu2144\/2026\/03\/INFORME_OFERTA_OME_INFORME_OFERTA.pdf\" target=\"_blank\" rel=\"noopener\">\u21d2OFERTA DE VACANTS<\/a><\/span><\/strong><\/h3>\r\n<\/td>\r\n<\/tr>\r\n<\/tbody>\r\n<\/table>\r\n<p>&nbsp;<\/p>\r\n\r\n\r\n\r\n\r\n\r\n<h3 class=\"has-background has-text-align-center has-vivid-cyan-blue-background-color\"><strong>1. Qu\u00e8 necessito per fer la preinscripci\u00f3?<\/strong><\/h3>\r\n<div class=\"col-sm-8 columna_esquerra\">\r\n<div class=\"cos_bloc basic_text_peq pd-15 link-dotted\">\r\n<ul>\r\n<li><strong>Ordinador, tauleta o tel\u00e8fon m\u00f2bil amb connexi\u00f3 a Internet:<\/strong>\u00a0Et caldr\u00e0 un dispositiu electr\u00f2nic amb connexi\u00f3 a Internet perqu\u00e8 la preinscripci\u00f3 es fa en l\u00ednia.<\/li>\r\n<li><strong>Eina d&#8217;identificaci\u00f3 digital:<\/strong>\u00a0\u00c9s m\u00e9s segur que quan facis el tr\u00e0mit (el pare, la mare o el tutor o tutora que faci el tr\u00e0mit) tinguis una eina d&#8217;identificaci\u00f3 digital. Et recomanem l&#8217;<a title=\"idCAT M\u00f2bil\" href=\"https:\/\/web.gencat.cat\/ca\/tramits\/que-cal-fer-si\/Vull-identificar-me-digitalment\/idcat-mobil\/\" target=\"_blank\" rel=\"noopener\">idCAT M\u00f2bil<\/a>\u00a0per la seva facilitat d&#8217;obtenci\u00f3 i d&#8217;\u00fas. Pots utilitzar tamb\u00e9 qualsevol certificat digital i Cl@ve.<\/li>\r\n<li><strong>Codi identificador del Registre d&#8217;alumnes de Catalunya (RALC) de l&#8217;alumne o alumna:<\/strong>\u00a0Quan la sol\u00b7licitud de preinscripci\u00f3 es fa per demanar canvi de centre, \u00e9s a dir, per a alumnes que ja estan escolaritzats a Catalunya, a l&#8217;hora de fer la sol\u00b7licitud de preinscripci\u00f3 has de tenir preparat el\u00a0<strong>codi identificador de l&#8217;alumne o l&#8217;alumna<\/strong>. Aquest codi, el pots consultar amb identificaci\u00f3 electr\u00f2nica des d&#8217;aquest mateix web, a l&#8217;apartat\u00a0<a title=\"Consulta de l'identificador de l'alumne\" href=\"http:\/\/educacio.gencat.cat\/ca\/tramits\/tramits-temes\/identificador-alumne\" target=\"_blank\" rel=\"noopener\">Consulta de l&#8217;identificador de l&#8217;alumne<\/a>.\u00a0<strong>\u00c9s molt<\/strong>\u00a0<strong>important<\/strong>\u00a0verificar tamb\u00e9 que tota la informaci\u00f3 que hi apareix \u00e9s correcta. En cas contrari, has de sol\u00b7licitar una rectificaci\u00f3 de les dades, adjuntant la documentaci\u00f3 que correspongui.<\/li>\r\n<li><strong>Documentaci\u00f3 digitalitzada:<\/strong>\u00a0Hi ha documentaci\u00f3 que no cal que presentis, perqu\u00e8 es fan consultes interadministratives. Per\u00f2 si n&#8217;has de presentar, l&#8217;has d&#8217;adjuntar a la sol\u00b7licitud digitalitzada (mitjan\u00e7ant un esc\u00e0ner o una fotografia).<\/li>\r\n<\/ul>\r\n<\/div>\r\n<\/div>\r\n\r\n\r\n\r\n\r\n\r\n\r\n\r\n<h3 class=\"has-background has-text-align-center has-vivid-cyan-blue-background-color\"><strong>2. Com es far\u00e0 la preinscripci\u00f3?<\/strong><\/h3>\r\n<p><iframe loading=\"lazy\" title=\"YouTube video player\" src=\"\/\/www.youtube.com\/embed\/9xMdvXoFR_4?si=7QneaWen6I__Tvys\" width=\"560\" height=\"315\" frameborder=\"0\" allowfullscreen=\"allowfullscreen\"><\/iframe><\/p>\r\n\r\n\r\n\r\n<h4><a href=\"https:\/\/preinscripcio.gencat.cat\/ca\/estudis\/eso\/preinscriute\/sollicitud\/\" target=\"_blank\" rel=\"noopener\">\u21d2FES LA SOL\u00b7LICITUD DE PREINSCRIPCI\u00d3:<\/a><\/h4>\r\n<p><strong>Hi ha dues opcions:<\/strong><\/p>\r\n\r\n\r\n\r\n<h3 class=\"has-background has-light-green-cyan-background-color\"><em><span style=\"color: #ff0000;\">\u21d2<\/span><a href=\"https:\/\/tramits.gencat.cat\/ca\/tramits\/tramits-temes\/perinscripcio-obligatoris?moda=3\">SOL\u00b7LICITUD ELECTR\u00d2NICA (AMB CERTIFICAT DIGITAL)<\/a><\/em><\/h3>\r\n\r\n\r\n\r\n<p>Mitjan\u00e7ant certificat digital, com DNI electr\u00f2nic, Cl@ve, idCat, etc.<\/p>\r\n<p><strong><span style=\"color: #008000;\">Si no es disposa de cap certificat, us en podeu generar un de forma f\u00e0cil, l\u2019idCat M\u00f2bil, us expliquem com:<\/span><\/strong><\/p>\r\n\r\n\r\n\r\n<p><strong><span style=\"color: #008000;\">Cal complir els requisits seg\u00fcents:<\/span><\/strong><\/p>\r\n<p><strong><span style=\"color: #008000;\">\r\n\r\n<\/span><\/strong><\/p>\r\n<ul class=\"wp-block-list\">\r\n<li><strong><span style=\"color: #008000;\">Ser major de 16 anys<\/span><\/strong>\r\n<ul>\r\n<li><strong><span style=\"color: #008000;\">Disposar de DNI\/NIE\/Passaport\/Doc identificador d\u2019un pa\u00eds de la UE o targeta de resid\u00e8ncia comunit\u00e0ria.<\/span><\/strong><\/li>\r\n<\/ul>\r\n<ul>\r\n<li><strong><span style=\"color: #008000;\">Disposar d\u2019adre\u00e7a de correu electr\u00f2nic i un tel\u00e8fon m\u00f2bil a efectes d\u2019identificaci\u00f3 i contacte<\/span><\/strong><\/li>\r\n<\/ul>\r\n<ul>\r\n<li><strong><span style=\"color: #008000;\">Targeta sanit\u00e0ria per la teva identificaci\u00f3<\/span><\/strong><\/li>\r\n<\/ul>\r\n<\/li>\r\n<\/ul>\r\n<p><strong><span style=\"color: #008000;\">\r\n\r\n<\/span><\/strong><\/p>\r\n<p><strong><span style=\"color: #008000;\">Accediu a l\u2019adre\u00e7a <a style=\"color: #008000;\" href=\"https:\/\/idcatmobil.seu.cat\/\" target=\"_blank\" rel=\"noreferrer noopener\" aria-label=\"https:\/\/idcatmobil.seu.cat\/ (s'obre en una nova pestanya)\">https:\/\/idcatmobil.seu.cat\/<\/a> i trobareu les instruccions pas a pas de com fer-ho.<\/span><\/strong><\/p>\r\n<p><strong><span style=\"color: #008000;\">\r\n\r\n<\/span><\/strong><\/p>\r\n<p><strong><span style=\"color: #008000;\">Per utilitzar l\u2019idCAT M\u00f2bil nom\u00e9s cal introduir el n\u00famero de document d\u2019identitat i el n\u00famero de tel\u00e8fon m\u00f2bil en el web on calgui identificar-se electr\u00f2nicament per fer un tr\u00e0mit. Tot seguit es rep un missatge al tel\u00e8fon, que cont\u00e9 una clau d\u2019acc\u00e9s per introduir-la en el web. En aquest cas, al tr\u00e0mit de sol\u00b7licitud de preinscripci\u00f3.<\/span><\/strong><\/p>\r\n\r\n\r\n\r\n<p>Una vegada identificats, caldr\u00e0 entrar el <strong><em>n\u00famero d\u2019identificaci\u00f3 de l\u2019alumne\/a (RALC o IDALU) <\/em><\/strong>que us proporcionar\u00e0 l\u2019escola on est\u00e0 matriculat per poder recuperar les seves dades personals i acad\u00e8miques, omplir les prefer\u00e8ncies i enviar la sol\u00b7licitud. <strong>En la majoria de casos no caldr\u00e0 fer res m\u00e9s ni adjuntar cap mena de documentaci\u00f3, donat que s\u2019haur\u00e0 fet l\u2019intercanvi de validaci\u00f3 de les vostres dades amb totes les administracions implicades.<\/strong><\/p>\r\n\r\n\r\n\r\n<h3 class=\"has-background has-light-green-cyan-background-color\"><a href=\"https:\/\/tramits.gencat.cat\/ca\/tramits\/tramits-temes\/perinscripcio-obligatoris?moda=3\" target=\"_blank\" rel=\"noopener\"><span style=\"color: #ff0000;\">\u21d2<\/span>SOL\u00b7LICITUD EN SUPORT <em>INFORM\u00c0TIC<\/em> (SENSE CERTIFICAT DIGITAL)<\/a><\/h3>\r\n\r\n\r\n\r\n<p>\u00a0<img loading=\"lazy\" decoding=\"async\" class=\"alignnone size-large wp-image-1826\" src=\"https:\/\/agora.xtec.cat\/iesmontserratmiro\/wp-content\/uploads\/usu2144\/2022\/03\/internet-1024x223.png\" alt=\"\" width=\"1024\" height=\"223\" srcset=\"https:\/\/agora.xtec.cat\/iesmontserratmiro\/wp-content\/uploads\/usu2144\/2022\/03\/internet-1024x223.png 1024w, https:\/\/agora.xtec.cat\/iesmontserratmiro\/wp-content\/uploads\/usu2144\/2022\/03\/internet-300x65.png 300w, https:\/\/agora.xtec.cat\/iesmontserratmiro\/wp-content\/uploads\/usu2144\/2022\/03\/internet-768x167.png 768w, https:\/\/agora.xtec.cat\/iesmontserratmiro\/wp-content\/uploads\/usu2144\/2022\/03\/internet.png 1126w\" sizes=\"auto, (max-width: 1024px) 100vw, 1024px\" \/><\/p>\r\n<p>Caldr\u00e0 identificar l\u2019alumne\/a amb el seu<strong> <em>n\u00fam. d\u2019Identificaci\u00f3 d\u2019alumne (RALC o IDALU) <\/em><\/strong>i omplir el formulari, en enviar-ho es far\u00e0 l\u2019intercanvi de dades amb les administracions implicades. <strong>Per aquest sistema caldr\u00e0 adjuntar escanejada o fotografiada la documentaci\u00f3 d\u2019identificaci\u00f3 i filiaci\u00f3 (DNI, llibre de fam\u00edlia, etc), juntament amb la que al\u00b7legueu a efectes de barems i que no s\u2019hagi pogut validar.<\/strong><\/p>\r\n<p><strong>En cap cas s&#8217;ha d&#8217;enviar la documentaci\u00f3 a l&#8217;Institut.<\/strong><\/p>\r\n\r\n\r\n\r\n\r\n\r\n<h3 class=\"has-background has-text-align-center has-vivid-cyan-blue-background-color\"><strong>3. Calendari i criteris d&#8217;admissi\u00f3<\/strong><\/h3>\r\n<h4><a href=\"https:\/\/agora.xtec.cat\/iesmontserratmiro\/preinscripcio-i-matricula\/attachment\/calendari-preinscripcio-eso-6\/\" rel=\"attachment wp-att-5910\">Calendari preinscripci\u00f3 ESO<\/a><\/h4>\r\n<h4><a href=\"https:\/\/agora.xtec.cat\/iesmontserratmiro\/preinscripcio-i-matricula\/attachment\/barem-preinscripcio-6\/\" rel=\"attachment wp-att-5911\">Barem preinscripci\u00f3<\/a><\/h4>\r\n<h3 class=\"has-background has-text-align-center has-vivid-cyan-blue-background-color\"><strong>4. Consultes necess\u00e0ries<\/strong><\/h3>\r\n<h3><span style=\"color: #0000ff;\"><a style=\"color: #0000ff;\" href=\"https:\/\/agora.xtec.cat\/iesmontserratmiro\/secretaria\/preinscripcio-batxillerat-2022-2023-nova-incorporacio\/attachment\/mapa_escolar_secundaria\/\" target=\"_blank\" rel=\"attachment noopener wp-att-5789\">\u21d2Mapa de zones escolars<\/a><\/span><\/h3>\r\n<h3><span style=\"color: #0000ff;\"><a style=\"color: #0000ff;\" href=\"http:\/\/ensenyament.gencat.cat\/es\/tramits\/tramits-temes\/identificador-alumne\" target=\"_blank\" rel=\"noopener\"><span style=\"text-decoration: underline;\">\u21d2 Web del departament per obtenir el n\u00famero d&#8217;identificaci\u00f3 d&#8217;alumne (RALC).<\/span><\/a><\/span><\/h3>\r\n<h3><span style=\"color: #0000ff;\">\r\n\r\n<\/span><\/h3>\r\n<h3><span style=\"color: #0000ff;\"><a style=\"color: #0000ff;\" href=\"https:\/\/agora.xtec.cat\/iesmontserratmiro\/preinscripcio-i-matricula\/attachment\/2026-27_cercador_zones_escolars\/\" rel=\"attachment wp-att-5785\">\u21d2 Consulta per carrers (zona d&#8217;escolaritzaci\u00f3 preferent): servei de l&#8217;Ajuntament de Montcada i Reixac)<\/a><\/span><\/h3>\r\n<h3>\u00a0<\/h3>\r\n<h3 class=\"has-background has-text-align-center has-vivid-cyan-blue-background-color\"><strong>5.<\/strong>\u00a0<span style=\"color: #000000;\">Documentaci\u00f3 necess\u00e0ria en cas d\u2019al\u00b7legar circumst\u00e0ncies personals. <\/span><\/h3>\r\n<h5 class=\"has-background has-text-align-center has-vivid-cyan-blue-background-color\"><span style=\"color: #000000;\"><span style=\"color: #ff0000;\">Important: hi ha tr\u00e0mits que es validen mitjan\u00e7ant consultes interadministratives.\u00a0<\/span><\/span><\/h5>\r\n\r\n\r\n\r\n\r\n\r\n<ul class=\"wp-block-list\">\r\n<li style=\"list-style-type: none;\">\r\n<ul>\r\n<li style=\"list-style-type: none;\">\r\n<ul>\r\n<li><strong>DNI o NIE<\/strong> de<strong> l&#8217;alumne<\/strong> (obligatori en el cas de majors de 14 anys) i <strong>del pare, la mare<\/strong> o dels tutors legals.<\/li>\r\n<li><strong>Certificat de conviv\u00e8ncia<\/strong>, on constin tots els membres de la unitat familiar, en el cas que l\u2019adre\u00e7a del DNI\/NIE no sigui l\u2019actual.\u00a0<\/li>\r\n<li><strong>Llibre de fam\u00edlia, <\/strong>o partida de naixement, en el cas de no tenir-ne.<\/li>\r\n<li><strong>Contracte laboral<\/strong> o certificat em\u00e8s per l&#8217;empresa, pel que fa a efectes de proximitat al centre, es vulgui tenir present el lloc de treball dintre de la zona d&#8217;influ\u00e8ncia.<\/li>\r\n<li>Certificaci\u00f3 de la condici\u00f3 assegurant que la unitat familiar \u00e9s benefici\u00e0ria de l&#8217;ajut de la <strong>renda garantida de ciutadania.\u00a0<\/strong><\/li>\r\n<li><strong>Certificat de disminuci\u00f3 <\/strong>(igual o superior al 33%) de l\u2019alumne\/a, germ\u00e0\/germana, pare\/mare o pensionistes de la Seg. Social que tenen reconeguda una incapacitat permanent de grau total, absoluta o gran invalidesa i els de les classes passives que tenen reconeguda una pensi\u00f3 de jubilaci\u00f3 per incapacitat permanent per al servei.<\/li>\r\n<li>Carnet de <strong>fam\u00edlia nombrosa o monoparental<\/strong> vigent, si s&#8217;al\u00b7lega aquesta condici\u00f3.\u00a0<\/li>\r\n<li><strong>Resoluci\u00f3 d&#8217;acolliment<\/strong> del Departament de Drets Socials.<\/li>\r\n<li>Sent\u00e8ncia judicial de qualsevol ordre jurisdiccional, l&#8217;ordre de protecci\u00f3 vigent, o l&#8217;informe dels serveis socials o el certificat que acredita la <strong>condici\u00f3 de v\u00edctima de viol\u00e8ncia de g\u00e8nere o de terrorisme<\/strong> que emet la Subdirecci\u00f3 General de Apoyo a V\u00edctimes del Terrorisme del Ministeri de l&#8217;Interior.<\/li>\r\n<\/ul>\r\n<\/li>\r\n<\/ul>\r\n<\/li>\r\n<\/ul>\r\n\r\n\r\n\r\n<h2 style=\"text-align: center;\"><strong>IMPORTANT<\/strong>!<\/h2>\r\n<p style=\"text-align: center;\"><span style=\"color: #ff0000;\"><strong>Totes les publicacions es faran al web del centre, no cal venir al centre a consultar-les. Si en teniu dubtes envieu-nos un correu a secretaria@insmm.org o contacteu via telef\u00f2nica en el n\u00famero 93 564 27 81.<\/strong><\/span><\/p>\r\n\r\n\r\n\r\n<p style=\"text-align: center;\">\u00a0<\/p>\r\n\r\n\r\n\r\n\r\n\r\n<h2 style=\"text-align: center;\">\u00a0<\/h2>\r\n","protected":false},"excerpt":{"rendered":"<p>ALUMNAT DE NOVA INCORPORACI\u00d3<br \/>\n(del 6\u00a0 al 18 de mar\u00e7 de 2026)<\/p>\n<p>CODI DE CENTRE Ins Montserrat Mir\u00f3 08021788<br \/>\nCentres adscrits:<br \/>\nCEIP Elvira Cuy\u00e0s (08034783)<br \/>\nCEIP Font Freda (08021685)<br \/>\nCEIP Mitja Costa (08021764)<br \/>\n CEIP Reixac (08035283)<br \/>\nCEIP El Tur\u00f3 (08043361)<\/p>\n<p><a style=\"color: #ff0000;\" href=\"https:\/\/agora.xtec.cat\/iesmontserratmiro\/wp-content\/uploads\/usu2144\/2026\/03\/INFORME_OFERTA_OME_INFORME_OFERTA.pdf\" target=\"_blank\" rel=\"noopener\">\u21d2OFERTA DE VACANTS<\/a><\/p>\n<p>&nbsp;<\/p>\n<p>1. Qu\u00e8 necessito per fer la&hellip;  <a href=\"https:\/\/agora.xtec.cat\/iesmontserratmiro\/preinscripcio-i-matricula\/\" title=\"Read Preinscripci\u00f3 ESO 2026-2027 (del 6 al 18 de mar\u00e7 de 2026)\">Llegeix m\u00e9s\u00bb<\/a><\/p>\n","protected":false},"author":1,"featured_media":0,"parent":0,"menu_order":0,"comment_status":"closed","ping_status":"closed","template":"","meta":{"_bbp_topic_count":0,"_bbp_reply_count":0,"_bbp_total_topic_count":0,"_bbp_total_reply_count":0,"_bbp_voice_count":0,"_bbp_anonymous_reply_count":0,"_bbp_topic_count_hidden":0,"_bbp_reply_count_hidden":0,"_bbp_forum_subforum_count":0,"footnotes":""},"class_list":["post-942","page","type-page","status-publish","hentry"],"post_mailing_queue_ids":[],"_links":{"self":[{"href":"https:\/\/agora.xtec.cat\/iesmontserratmiro\/wp-json\/wp\/v2\/pages\/942","targetHints":{"allow":["GET"]}}],"collection":[{"href":"https:\/\/agora.xtec.cat\/iesmontserratmiro\/wp-json\/wp\/v2\/pages"}],"about":[{"href":"https:\/\/agora.xtec.cat\/iesmontserratmiro\/wp-json\/wp\/v2\/types\/page"}],"author":[{"embeddable":true,"href":"https:\/\/agora.xtec.cat\/iesmontserratmiro\/wp-json\/wp\/v2\/users\/1"}],"replies":[{"embeddable":true,"href":"https:\/\/agora.xtec.cat\/iesmontserratmiro\/wp-json\/wp\/v2\/comments?post=942"}],"version-history":[{"count":7,"href":"https:\/\/agora.xtec.cat\/iesmontserratmiro\/wp-json\/wp\/v2\/pages\/942\/revisions"}],"predecessor-version":[{"id":5977,"href":"https:\/\/agora.xtec.cat\/iesmontserratmiro\/wp-json\/wp\/v2\/pages\/942\/revisions\/5977"}],"wp:attachment":[{"href":"https:\/\/agora.xtec.cat\/iesmontserratmiro\/wp-json\/wp\/v2\/media?parent=942"}],"curies":[{"name":"wp","href":"https:\/\/api.w.org\/{rel}","templated":true}]}}