{"id":839,"date":"2021-10-13T20:37:08","date_gmt":"2021-10-13T18:37:08","guid":{"rendered":"https:\/\/agora.xtec.cat\/iesmontserratmiro\/?page_id=839"},"modified":"2024-06-14T14:22:55","modified_gmt":"2024-06-14T12:22:55","slug":"tpv-escola","status":"publish","type":"page","link":"https:\/\/agora.xtec.cat\/iesmontserratmiro\/serveis\/tpv-escola\/","title":{"rendered":"TPV ESCOLA 24-25"},"content":{"rendered":"<p>Benvolgudes fam\u00edlies,\u00a0<\/p>\r\n<p>L&#8217;institut us proporciona un sistema \u00e0gil i senzill per a fer els pagaments, signar autoritzacions i altres serveis necess\u00e0ries del centre, basat en pagament segur amb targeta de cr\u00e8dit o de d\u00e8bit. Si no heu rebut l&#8217;usuari d&#8217;acc\u00e9s o teniu cap dubte, adreceu-vos a Secretaria.<\/p>\r\n<p>Com a novetat, aquest curs 2024-2025, l&#8217;alumnat de nova incorporaci\u00f3 al centre de 1r d&#8217;ESO haur\u00e0 d&#8217;accedir a TPV a omplir les autoritzacions i carregar la documentaci\u00f3 necess\u00e0ria.<\/p>\r\n<h3><strong>Per signar les autoritzacions i adjuntar la documentaci\u00f3 accediu a l\u2019app TPV ESCOLA (heu rebut usuari i contrasenya al correu informat a la preinscripci\u00f3) i cliqueu a SERVEIS\/INSCRIPCIONS i accediu a Autoritzacions 24-25.\u00a0<\/strong><\/h3>\r\n<p><em><strong>Documentaci\u00f3 que cal adjuntar:<\/strong><\/em><\/p>\r\n<ul>\r\n<li style=\"list-style-type: none;\">\r\n<ul>\r\n<li style=\"list-style-type: none;\">\r\n<ul style=\"list-style-type: disc;\">\r\n<li>Fotoc\u00f2pia del carnet de vacunacions actualitzat o certificat m\u00e8dic amb les dosis rebudes.<\/li>\r\n<li>Fotografia escanejada, format carnet DNI (es pot fer amb el m\u00f2bil)<\/li>\r\n<li>Fotoc\u00f2pia del DNI de l\u2019alumne\/a, pare i mare o tutors legals.<\/li>\r\n<li>Fotoc\u00f2pia del llibre de fam\u00edlia complet.<\/li>\r\n<li>Targeta sanit\u00e0ria (TIS).<\/li>\r\n<\/ul>\r\n<\/li>\r\n<\/ul>\r\n<\/li>\r\n<\/ul>\r\n<p><em><strong>Com descarregar TPV ESCOLA?<\/strong><\/em><\/p>\r\n<p><iframe loading=\"lazy\" src=\"\/\/www.youtube.com\/embed\/XMS4KRYyLG8\" width=\"560\" height=\"314\" allowfullscreen=\"allowfullscreen\"><\/iframe><\/p>\r\n\r\n<p><strong>Instruccions per accedir a TPVEscola:<\/strong><\/p>\r\n\r\n<p><strong data-rich-text-format-boundary=\"true\">Amb l\u2019App gratu\u00efta del m\u00f2bil:<\/strong><br data-rich-text-line-break=\"true\" \/>1.- Descarregueu l\u2019App \u201cTPVEscola\u201d a Google Play o App Store.<br data-rich-text-line-break=\"true\" \/>2.- Seleccioneu poblaci\u00f3 <strong>Montcada i Reixac<\/strong> i <strong>Institut Montserrat Mir\u00f3 i Vil\u00e0.<\/strong><br data-rich-text-line-break=\"true\" \/>3.- L\u2019usuari i la contrasenya l&#8217;obtindreu en el moment que el centre us envia el codi d&#8217;inscripci\u00f3.<br data-rich-text-line-break=\"true\" \/>Un cop afegit, ja queda gravat per properes vegades. <strong data-rich-text-format-boundary=\"true\">Per internet:<\/strong><br data-rich-text-line-break=\"true\" \/>1.- Accediu a: <a href=\"http:\/\/www.tpvescola.com\/\" target=\"_blank\" rel=\"noreferrer noopener\" aria-label=\"www.tpvescola.com (s'obre en una nova pestanya)\">www.tpvescola.com\u00a0<\/a><br data-rich-text-line-break=\"true\" \/>2.- Seleccioneu poblaci\u00f3 Montcada i Reixac i Institut Montserrat Mir\u00f3 i Vil\u00e0. Us demanar\u00e0 el nom d\u2019usuari i la contrasenya. Aneu a PAGAMENTS i seleccioneu els conceptes. Fent clic al bot\u00f3 PAGAR accedireu a la p\u00e0gina banc\u00e0ria de pagament. Heu d\u2019introduir les dades de la vostra targeta de cr\u00e8dit o d\u00e9bit i seguir les instruccions en pantalla.<\/p>","protected":false},"excerpt":{"rendered":"<p>Benvolgudes fam\u00edlies,\u00a0<br \/>\nL&#8217;institut us proporciona un sistema \u00e0gil i senzill per a fer els pagaments, signar autoritzacions i altres serveis necess\u00e0ries del centre, basat en pagament segur amb targeta de cr\u00e8dit o de d\u00e8bit. Si no heu rebut l&#8217;usuari d&#8217;acc\u00e9s o teniu cap dubte, adreceu-vos a&hellip;  <a href=\"https:\/\/agora.xtec.cat\/iesmontserratmiro\/serveis\/tpv-escola\/\" title=\"Read TPV ESCOLA 24-25\">Llegeix m\u00e9s\u00bb<\/a><\/p>\n","protected":false},"author":1,"featured_media":0,"parent":808,"menu_order":30,"comment_status":"closed","ping_status":"closed","template":"page-templates\/side-menu.php","meta":{"_bbp_topic_count":0,"_bbp_reply_count":0,"_bbp_total_topic_count":0,"_bbp_total_reply_count":0,"_bbp_voice_count":0,"_bbp_anonymous_reply_count":0,"_bbp_topic_count_hidden":0,"_bbp_reply_count_hidden":0,"_bbp_forum_subforum_count":0,"footnotes":""},"class_list":["post-839","page","type-page","status-publish","hentry"],"post_mailing_queue_ids":[],"_links":{"self":[{"href":"https:\/\/agora.xtec.cat\/iesmontserratmiro\/wp-json\/wp\/v2\/pages\/839","targetHints":{"allow":["GET"]}}],"collection":[{"href":"https:\/\/agora.xtec.cat\/iesmontserratmiro\/wp-json\/wp\/v2\/pages"}],"about":[{"href":"https:\/\/agora.xtec.cat\/iesmontserratmiro\/wp-json\/wp\/v2\/types\/page"}],"author":[{"embeddable":true,"href":"https:\/\/agora.xtec.cat\/iesmontserratmiro\/wp-json\/wp\/v2\/users\/1"}],"replies":[{"embeddable":true,"href":"https:\/\/agora.xtec.cat\/iesmontserratmiro\/wp-json\/wp\/v2\/comments?post=839"}],"version-history":[{"count":5,"href":"https:\/\/agora.xtec.cat\/iesmontserratmiro\/wp-json\/wp\/v2\/pages\/839\/revisions"}],"predecessor-version":[{"id":4578,"href":"https:\/\/agora.xtec.cat\/iesmontserratmiro\/wp-json\/wp\/v2\/pages\/839\/revisions\/4578"}],"up":[{"embeddable":true,"href":"https:\/\/agora.xtec.cat\/iesmontserratmiro\/wp-json\/wp\/v2\/pages\/808"}],"wp:attachment":[{"href":"https:\/\/agora.xtec.cat\/iesmontserratmiro\/wp-json\/wp\/v2\/media?parent=839"}],"curies":[{"name":"wp","href":"https:\/\/api.w.org\/{rel}","templated":true}]}}