{"id":6093,"date":"2026-04-13T14:24:37","date_gmt":"2026-04-13T12:24:37","guid":{"rendered":"https:\/\/agora.xtec.cat\/iesmontserratmiro\/?page_id=6093"},"modified":"2026-04-13T14:24:37","modified_gmt":"2026-04-13T12:24:37","slug":"niu-de-llibres","status":"publish","type":"page","link":"https:\/\/agora.xtec.cat\/iesmontserratmiro\/niu-de-llibres\/","title":{"rendered":"Niu de llibres"},"content":{"rendered":"<p dir=\"ltr\">L&#8217;institut compta amb un Niu de llibres, ubicat al pati de la Magn\u00f2lia. Des de fa uns anys, hi ha diversos nius de llibres per Montcada i hem volgut que el Mir\u00f3 en tingu\u00e9s un.<\/p>\n<p dir=\"ltr\">Es tracta d&#8217;un punt m\u00e9s, a banda de la biblioteca del centre, per incentivar el gust per la lectura\u00a0entre el nostre alumnat. Comencem per primer d&#8217;ESO i segons com funcioni ho farem extensiu a d&#8217;altres nivells.<\/p>\n<p dir=\"ltr\">D&#8217;una banda,\u00a0els alumnes de primer d&#8217;ESO podeu accedir al Niu a les hores del pati.\u00a0Podeu obrir-lo, tafanejar quins llibres hi ha i si algun us agrada, podeu registrar-ho al full de registre per deixar const\u00e0ncia i\u00a0endur-vos-el a casa. Un cop l&#8217;heu llegit, el torneu al Niu i ho enregistreu tamb\u00e9 perqu\u00e8 un altre alumne el pugui llegir si vol. \u00c9s a dir que el Niu funciona com un annex de la biblio.<\/p>\n<p dir=\"ltr\">D&#8217;altra banda, aquells alumnes de batxillerat que vulguin poden fer una donaci\u00f3 al Niu de llibres d\u2019una lectura que hagi estat important per a ells quan eren m\u00e9s petits i\u00a0oferir a l&#8217;alumnat de primer una experi\u00e8ncia lectora.<\/p>\n<p dir=\"ltr\">Per exemple, poden donar una lectura que m\u00e9s o menys amb l&#8217;edat dels alumnes de primer els va marcar per la hist\u00f2ria en s\u00ed mateixa, o pel tema que tracta, o perqu\u00e8 els va recomanar alg\u00fa important per a ells, o perqu\u00e8 s&#8217;hi van identificar, o perqu\u00e8 els va fer riure o passar por\u2026<\/p>\n<p dir=\"ltr\">Els alumnes de batxillerat deixen al Niu el llibre que els va impressionar, juntament amb una breu explicaci\u00f3 del motiu pel qual fan aquesta donaci\u00f3 i\u00a0els de primer se&#8217;l poden endur per llegir-lo.<\/p>\n<p dir=\"ltr\">D&#8217;aquesta manera\u00a0es crea un vincle\u00a0lector i experimental\u00a0entre els alumnes m\u00e9s grans i els m\u00e9s petits\u00a0del centre.<\/p>\n<p dir=\"ltr\">De tant en tant, a tutoria i a les classes de lleng\u00fces, podreu compartir amb la resta de companys quina ha estat la vostra experi\u00e8ncia lectora.<\/p>\n<p dir=\"ltr\"><a href=\"https:\/\/agora.xtec.cat\/iesmontserratmiro\/niu-de-llibres\/attachment\/niu-2\/\" rel=\"attachment wp-att-6094\"><img loading=\"lazy\" decoding=\"async\" class=\"wp-image-6094 alignright\" src=\"https:\/\/agora.xtec.cat\/iesmontserratmiro\/wp-content\/uploads\/usu2144\/2026\/04\/NIU-2.jpg\" alt=\"\" width=\"500\" height=\"707\" srcset=\"https:\/\/agora.xtec.cat\/iesmontserratmiro\/wp-content\/uploads\/usu2144\/2026\/04\/NIU-2.jpg 1587w, https:\/\/agora.xtec.cat\/iesmontserratmiro\/wp-content\/uploads\/usu2144\/2026\/04\/NIU-2-212x300.jpg 212w, https:\/\/agora.xtec.cat\/iesmontserratmiro\/wp-content\/uploads\/usu2144\/2026\/04\/NIU-2-724x1024.jpg 724w, https:\/\/agora.xtec.cat\/iesmontserratmiro\/wp-content\/uploads\/usu2144\/2026\/04\/NIU-2-768x1086.jpg 768w, https:\/\/agora.xtec.cat\/iesmontserratmiro\/wp-content\/uploads\/usu2144\/2026\/04\/NIU-2-1086x1536.jpg 1086w, https:\/\/agora.xtec.cat\/iesmontserratmiro\/wp-content\/uploads\/usu2144\/2026\/04\/NIU-2-1448x2048.jpg 1448w\" sizes=\"auto, (max-width: 500px) 100vw, 500px\" \/><\/a> <a href=\"https:\/\/agora.xtec.cat\/iesmontserratmiro\/niu-de-llibres\/attachment\/niu-1\/\" rel=\"attachment wp-att-6095\"><img loading=\"lazy\" decoding=\"async\" class=\"alignnone wp-image-6095\" src=\"https:\/\/agora.xtec.cat\/iesmontserratmiro\/wp-content\/uploads\/usu2144\/2026\/04\/NIU-1.jpg\" alt=\"\" width=\"500\" height=\"707\" srcset=\"https:\/\/agora.xtec.cat\/iesmontserratmiro\/wp-content\/uploads\/usu2144\/2026\/04\/NIU-1.jpg 1587w, https:\/\/agora.xtec.cat\/iesmontserratmiro\/wp-content\/uploads\/usu2144\/2026\/04\/NIU-1-212x300.jpg 212w, https:\/\/agora.xtec.cat\/iesmontserratmiro\/wp-content\/uploads\/usu2144\/2026\/04\/NIU-1-724x1024.jpg 724w, https:\/\/agora.xtec.cat\/iesmontserratmiro\/wp-content\/uploads\/usu2144\/2026\/04\/NIU-1-768x1086.jpg 768w, https:\/\/agora.xtec.cat\/iesmontserratmiro\/wp-content\/uploads\/usu2144\/2026\/04\/NIU-1-1086x1536.jpg 1086w, https:\/\/agora.xtec.cat\/iesmontserratmiro\/wp-content\/uploads\/usu2144\/2026\/04\/NIU-1-1448x2048.jpg 1448w\" sizes=\"auto, (max-width: 500px) 100vw, 500px\" \/><\/a><\/p>\n<h2 dir=\"ltr\"><em><span style=\"color: #ff0000;\">A llegir!<\/span><\/em><\/h2>\n","protected":false},"excerpt":{"rendered":"<p>L&#8217;institut compta amb un Niu de llibres, ubicat al pati de la Magn\u00f2lia. Des de fa uns anys, hi ha diversos nius de llibres per Montcada i hem volgut que el Mir\u00f3 en tingu\u00e9s un.<br \/>\nEs tracta d&#8217;un punt m\u00e9s, a banda de la biblioteca del&hellip;  <a href=\"https:\/\/agora.xtec.cat\/iesmontserratmiro\/niu-de-llibres\/\" title=\"Read Niu de llibres\">Llegeix m\u00e9s\u00bb<\/a><\/p>\n","protected":false},"author":1,"featured_media":0,"parent":0,"menu_order":0,"comment_status":"closed","ping_status":"closed","template":"","meta":{"_bbp_topic_count":0,"_bbp_reply_count":0,"_bbp_total_topic_count":0,"_bbp_total_reply_count":0,"_bbp_voice_count":0,"_bbp_anonymous_reply_count":0,"_bbp_topic_count_hidden":0,"_bbp_reply_count_hidden":0,"_bbp_forum_subforum_count":0,"footnotes":""},"class_list":["post-6093","page","type-page","status-publish","hentry"],"post_mailing_queue_ids":[],"_links":{"self":[{"href":"https:\/\/agora.xtec.cat\/iesmontserratmiro\/wp-json\/wp\/v2\/pages\/6093","targetHints":{"allow":["GET"]}}],"collection":[{"href":"https:\/\/agora.xtec.cat\/iesmontserratmiro\/wp-json\/wp\/v2\/pages"}],"about":[{"href":"https:\/\/agora.xtec.cat\/iesmontserratmiro\/wp-json\/wp\/v2\/types\/page"}],"author":[{"embeddable":true,"href":"https:\/\/agora.xtec.cat\/iesmontserratmiro\/wp-json\/wp\/v2\/users\/1"}],"replies":[{"embeddable":true,"href":"https:\/\/agora.xtec.cat\/iesmontserratmiro\/wp-json\/wp\/v2\/comments?post=6093"}],"version-history":[{"count":2,"href":"https:\/\/agora.xtec.cat\/iesmontserratmiro\/wp-json\/wp\/v2\/pages\/6093\/revisions"}],"predecessor-version":[{"id":6097,"href":"https:\/\/agora.xtec.cat\/iesmontserratmiro\/wp-json\/wp\/v2\/pages\/6093\/revisions\/6097"}],"wp:attachment":[{"href":"https:\/\/agora.xtec.cat\/iesmontserratmiro\/wp-json\/wp\/v2\/media?parent=6093"}],"curies":[{"name":"wp","href":"https:\/\/api.w.org\/{rel}","templated":true}]}}