{"id":567,"date":"2020-04-28T08:49:36","date_gmt":"2020-04-28T06:49:36","guid":{"rendered":"https:\/\/agora.xtec.cat\/iesmontserratmiro\/?page_id=567"},"modified":"2026-04-09T08:02:52","modified_gmt":"2026-04-09T06:02:52","slug":"unportal","status":"publish","type":"page","link":"https:\/\/agora.xtec.cat\/iesmontserratmiro\/unportal\/","title":{"rendered":"Unportal"},"content":{"rendered":"<h4 style=\"text-align: center;\"><span style=\"color: #008080;\"> <a href=\"https:\/\/www.unportal.net\/\"><img loading=\"lazy\" decoding=\"async\" class=\"wp-image-776 aligncenter\" src=\"https:\/\/agora.xtec.cat\/iesmontserratmiro\/wp-content\/uploads\/usu2144\/2021\/10\/unportal.png\" alt=\"\" width=\"502\" height=\"400\" srcset=\"https:\/\/agora.xtec.cat\/iesmontserratmiro\/wp-content\/uploads\/usu2144\/2021\/10\/unportal.png 755w, https:\/\/agora.xtec.cat\/iesmontserratmiro\/wp-content\/uploads\/usu2144\/2021\/10\/unportal-300x239.png 300w\" sizes=\"auto, (max-width: 502px) 100vw, 502px\" \/><\/a><\/span><\/h4>\n<h4><span style=\"color: #ff6600;\"><strong>DARRERES NOT\u00cdCIES:<\/strong><\/span><\/h4>\n<p>&nbsp;<\/p>\n<h1><span style=\"color: #800080;\">CURS 2025-2026<\/span><\/h1>\n<h1><span style=\"color: #ff6600;\">Beques universit\u00e0ries per al curs vinent: qu\u00e8, com i quan. <a href=\"https:\/\/mailchi.mp\/unportal\/com-demanar-beca-universitaria-2026-2027?e=3aad1fc313\" target=\"_blank\" rel=\"noopener\">M\u00e9s informaci\u00f3<\/a><\/span><\/h1>\n<p class=\"null\"><span style=\"color: #0000ff;\">Graus que no s\u2019abandonen. <a style=\"color: #0000ff;\" href=\"https:\/\/mailchi.mp\/unportal\/httpsblogunportalnetgraus-menys-abandonament-primer-curs-2026?e=3aad1fc313\" target=\"_blank\" rel=\"noopener\">M\u00e9s informaci\u00f3.<\/a><\/span><\/p>\n<p><span style=\"color: #0000ff;\">Els graus en relacions internacionals (fem inventari). <a style=\"color: #0000ff;\" href=\"https:\/\/mailchi.mp\/unportal\/grau-relacions-internacionals?e=3aad1fc313\" target=\"_blank\" rel=\"noopener\">M\u00e9s informaci\u00f3<\/a><\/span><\/p>\n<p><span style=\"color: #0000ff;\">M\u00e0sters oficials, l&#8217;estat de la q\u00fcesti\u00f3. <a style=\"color: #0000ff;\" href=\"https:\/\/mailchi.mp\/unportal\/estudiar-master-oferta-tipus-preus?e=3aad1fc313\" target=\"_blank\" rel=\"noopener\">M\u00e9s informaci\u00f3.<\/a><\/span><\/p>\n<p class=\"null\"><span style=\"color: #0000ff;\">La UPC preparar\u00e0 enginyers perqu\u00e8 puguin dirigir empreses agroaliment\u00e0ries i de telecomunicaci\u00f3. <a style=\"color: #0000ff;\" href=\"https:\/\/mailchi.mp\/unportal\/nous-graus-curs-2026-5332538?e=3aad1fc313\" target=\"_blank\" rel=\"noopener\">M\u00e9s informaci\u00f3<\/a><\/span><\/p>\n<p><span style=\"color: #3366ff;\">Nous r\u00e0nquings de rendiment dels graus dels centres privats. <a style=\"color: #3366ff;\" href=\"https:\/\/mailchi.mp\/unportal\/rankings-rendiment-graus-privats?e=3aad1fc313\" target=\"_blank\" rel=\"noopener\">M\u00e9s informaci\u00f3<\/a><\/span><\/p>\n<p><span style=\"color: #0000ff;\">Nous r\u00e0nquings de rendiment dels graus de la universitat p\u00fablica. <a style=\"color: #0000ff;\" href=\"https:\/\/mailchi.mp\/unportal\/graus-millor-rendiment?e=3aad1fc313\" target=\"_blank\" rel=\"noopener\">M\u00e9s informaci\u00f3<\/a><\/span><\/p>\n<p><span style=\"color: #0000ff;\">Blanquerna oferir\u00e0 la major oferta privada de Medicina: 120 places. <a style=\"color: #0000ff;\" href=\"https:\/\/mailchi.mp\/unportal\/blanquerna-120-places-medicina?e=3aad1fc313\" target=\"_blank\" rel=\"noopener\">M\u00e9s informaci\u00f3<\/a><\/span><\/p>\n<p><span style=\"color: #0000ff;\">El 50% de l&#8217;alumnat que vol cursar Infantil+Prim\u00e0ria no t\u00e9 pla\u00e7a p\u00fablica. <a style=\"color: #0000ff;\" href=\"https:\/\/mailchi.mp\/unportal\/doble-grau-educacio-infantil-primaria?e=3aad1fc313\" target=\"_blank\" rel=\"noopener\">M\u00e9s informaci\u00f3<\/a><\/span><\/p>\n<p><span style=\"color: #0000ff;\">La preinscripci\u00f3 de setembre: escassa oferta p\u00fablica. <a style=\"color: #0000ff;\" href=\"https:\/\/mailchi.mp\/unportal\/preinscripcio-setembre-2025?e=3aad1fc313\" target=\"_blank\" rel=\"noopener\">M\u00e9s informaci\u00f3<\/a><\/span><\/p>\n<p>&nbsp;<\/p>\n<h1><span style=\"color: #800080;\">CURS 2024-2025<\/span><\/h1>\n<h4><span style=\"color: #0000ff;\">L&#8217;aplicaci\u00f3 dels nous criteris de correcci\u00f3 de les PAU, un desgavell. <a style=\"color: #0000ff;\" href=\"https:\/\/mailchi.mp\/unportal\/aplicacio-nous-criteris-correccio-pau?e=3aad1fc313\" target=\"_blank\" rel=\"noopener\">M\u00e9s informaci\u00f3<\/a><\/span><\/h4>\n<h4><span style=\"color: #0000ff;\">El preu del 60% dels graus de les universitats p\u00fabliques baixa un 4%. <a style=\"color: #0000ff;\" href=\"https:\/\/mailchi.mp\/unportal\/nous-preus-graus-curs-2025-2026?e=3aad1fc313\" target=\"_blank\" rel=\"noopener\">M\u00e9s Informaci\u00f3<\/a><\/span><\/h4>\n<h4><span style=\"color: #0000ff;\">El resultat de les PAU arribar\u00e0 abans de Sant Joan. <a style=\"color: #0000ff;\" href=\"https:\/\/mailchi.mp\/unportal\/resultats-pau-2025-notes-tall-que-quan-com?e=3aad1fc313\" target=\"_blank\" rel=\"noopener\">M\u00e9s informaci\u00f3<\/a><\/span><\/h4>\n<h4><span style=\"color: #0000ff;\">Una Selectivitat amb m\u00e9s temari i major exig\u00e8ncia ortogr\u00e0fica. <a style=\"color: #0000ff;\" href=\"https:\/\/mailchi.mp\/unportal\/novetats-selectivitat-2025?e=3aad1fc313\" target=\"_blank\" rel=\"noopener\">M\u00e9s informaci\u00f3<\/a><\/span><\/h4>\n<h4><span style=\"color: #0000ff;\">Quins graus tria l&#8217;alumnat de classe alta? Enginyeries, pilot, empresa internacional&#8230; i Medicina. <a style=\"color: #0000ff;\" href=\"https:\/\/mailchi.mp\/unportal\/graus-estudiants-classe-alta?e=3aad1fc313\" target=\"_blank\" rel=\"noopener\">M\u00e9s informaci\u00f3<\/a><\/span><\/h4>\n<h4><span style=\"color: #0000ff;\">15,929, la nota de tall m\u00e9s alta d\u2019aquest curs per accedir a un CFGS. <a style=\"color: #0000ff;\" href=\"https:\/\/mailchi.mp\/unportal\/notes-tall-cicles-formatius?e=3aad1fc313\" target=\"_blank\" rel=\"noopener\">M\u00e9s informaci\u00f3.<\/a><\/span><\/h4>\n<h4><span style=\"color: #0000ff;\">12 graus d&#8217;enginyeria on et pots preinscriure (o haur\u00e0s de fer-ho) del m\u00e0ster professional. <a style=\"color: #0000ff;\" href=\"https:\/\/mailchi.mp\/unportal\/pars-2025-enginyeries-master?e=3aad1fc313\" target=\"_blank\" rel=\"noopener\">M\u00e9s informaci\u00f3.<\/a><\/span><\/h4>\n<h4><span style=\"color: #0000ff;\">L&#8217;augment de la demanda postcovid de places d&#8217;Infermeria neutralitza l&#8217;increment de l&#8217;oferta. <a style=\"color: #0000ff;\" href=\"https:\/\/mailchi.mp\/unportal\/places-grau-infermeria-covid?e=3aad1fc313\" target=\"_blank\" rel=\"noopener\">M\u00e9s informaci\u00f3<\/a><\/span><\/h4>\n<h4><span style=\"color: #0000ff;\">Els titulats en CFGM i els batxillers tindran les mateixes places a CFGS. <a style=\"color: #0000ff;\" href=\"https:\/\/mailchi.mp\/unportal\/reserva-places-cfgs-cfgm-batxillerat-2025-2026?e=3aad1fc313\" target=\"_blank\" rel=\"noopener\">M\u00e9s informaci\u00f3<\/a><\/span><\/h4>\n<h4><span style=\"color: #0000ff;\">Filologia Catalana matricula un 80% d\u2019estudiants m\u00e9s que el 2015. <a style=\"color: #0000ff;\" href=\"https:\/\/mailchi.mp\/unportal\/filologia-catalana-mes-estudiants-2015?e=3aad1fc313\" target=\"_blank\" rel=\"noopener\">M\u00e9s informaci\u00f3<\/a><\/span><\/h4>\n<h4 class=\"null\"><span style=\"color: #0000ff;\">4 de cada 10\u00a0estudiants que entren a Medicina s\u00f3n de fora de Catalunya. <a style=\"color: #0000ff;\" href=\"https:\/\/mailchi.mp\/unportal\/estudiants-medicina-fora-catalunya?e=3aad1fc313\" target=\"_blank\" rel=\"noopener\">M\u00e9s informaci\u00f3.<\/a><\/span><\/h4>\n<h4 class=\"null\"><span style=\"color: #0000ff;\">Els nous graus del curs 2025-2026. <a style=\"color: #0000ff;\" href=\"https:\/\/mailchi.mp\/unportal\/nous-graus-2025-2026?e=3aad1fc313\" target=\"_blank\" rel=\"noopener\">M\u00e9s informaci\u00f3<\/a><\/span><\/h4>\n<h4><span style=\"color: #0000ff;\">Global Studies, de quins estudis estem parlant? <a style=\"color: #0000ff;\" href=\"https:\/\/mailchi.mp\/unportal\/global-studies?e=3aad1fc313\">M\u00e9s informaci\u00f3.<\/a><\/span><\/h4>\n<h4><span style=\"color: #0000ff;\">Les notes de tall de Medicina han estat al final m\u00e9s altes que el 2023. <a style=\"color: #0000ff;\" href=\"https:\/\/mailchi.mp\/unportal\/notes-tall-octubre-medicina-mes-altes?e=3aad1fc313\" target=\"_blank\" rel=\"noopener\">M\u00e9s informaci\u00f3<\/a><\/span><\/h4>\n<h4><span style=\"color: #0000ff;\">La PAP torna a ser obligat\u00f2ria a tots els graus de mestre per titular-se. <a style=\"color: #0000ff;\" href=\"https:\/\/mailchi.mp\/unportal\/pap-educacio-obligatoria-titol?e=3aad1fc313\" target=\"_blank\" rel=\"noopener\">M\u00e9s informaci\u00f3<\/a><\/span><\/h4>\n<h4><span style=\"color: #0000ff;\">El Treball de Recerca perdr\u00e0 pes en el c\u00e0lcul de la nota de Batxillerat. <a style=\"color: #0000ff;\" href=\"https:\/\/mailchi.mp\/unportal\/httpsblogunportalnetcanvis-batxillerat-treball-recerca?e=3aad1fc313\" target=\"_blank\" rel=\"noopener\">M\u00e9s informaci\u00f3<\/a><\/span><\/h4>\n<h4><span style=\"color: #0000ff;\">La nota de matem\u00e0tiques de la PAP d\u2019Educaci\u00f3 del 2024 no arriba al 5. <a style=\"color: #0000ff;\" href=\"https:\/\/mailchi.mp\/unportal\/notes-pap-educacio-2024?e=3aad1fc313\" target=\"_blank\" rel=\"noopener\">M\u00e9s informaci\u00f3<\/a><\/span><\/h4>\n<h4 class=\"null\"><span style=\"color: #0000ff;\">Les universitats privades perden alumnat de la resta de l\u2019Estat i guanyen estudiants estrangers.<a style=\"color: #0000ff;\" href=\"https:\/\/mailchi.mp\/unportal\/matricules-graus-universitats-privades?e=3aad1fc313\" target=\"_blank\" rel=\"noopener\"> M\u00e9s informaci\u00f3<\/a><\/span><\/h4>\n<h4><span style=\"color: #0000ff;\">Les universitats p\u00fabliques reben menys estudiants de la resta de l&#8217;Estat que el 2017. <a style=\"color: #0000ff;\" href=\"https:\/\/mailchi.mp\/unportal\/caiguda-alumnat-resta-estat-universitat-catalana?e=3aad1fc313\" target=\"_blank\" rel=\"noopener\">M\u00e9s informaci\u00f3<\/a><\/span><\/h4>\n<h4 class=\"null\"><span style=\"color: #0000ff;\">La prova d&#8217;Hist\u00f2ria de la Filosofia ja no pivotar\u00e0 entorn d&#8217;un \u00fanic autor. <a style=\"color: #0000ff;\" href=\"https:\/\/mailchi.mp\/unportal\/novetats-examen-historia-filosofia-selectivitat-2025?e=3aad1fc313\" target=\"_blank\" rel=\"noopener\">M\u00e9s informaci\u00f3<\/a><\/span><\/h4>\n<p>&nbsp;<\/p>\n<h1><span style=\"color: #800080;\">CURS 2023-2024<\/span><\/h1>\n<h4 class=\"null\"><span style=\"color: #0000ff;\">La\u00a0nota de tall de Medicina baixa, per\u00f2 a ADE, Magisteri i Dret puja. <a style=\"color: #0000ff;\" href=\"https:\/\/mailchi.mp\/unportal\/notes-tall-2024?e=3aad1fc313\" target=\"_blank\" rel=\"noopener\">M\u00e9s informaci\u00f3<\/a>.<\/span><\/h4>\n<h4><span style=\"color: #0000ff;\">Preinscripci\u00f3 de setembre: ja no queden places als graus p\u00fablics m\u00e9s demandats. <a style=\"color: #0000ff;\" href=\"https:\/\/mailchi.mp\/unportal\/places-publiques-graus-mes-demandats?e=3aad1fc313\" target=\"_blank\" rel=\"noopener\">M\u00e9s informaci\u00f3.<\/a><\/span><\/h4>\n<h4><span style=\"color: #0000ff;\">L\u2019oferta del m\u00e0ster de secund\u00e0ria creix amb comptagotes. <a style=\"color: #0000ff;\" href=\"https:\/\/mailchi.mp\/unportal\/oferta-master-secundaria-2024?e=3aad1fc313\" target=\"_blank\" rel=\"noopener\">M\u00e9s informaci\u00f3<\/a><\/span><\/h4>\n<h4><span style=\"color: #0000ff;\">Els canvis a les ponderacions arriben a final de curs. <a style=\"color: #0000ff;\" href=\"https:\/\/mailchi.mp\/unportal\/noves-ponderacions-selectivitat-pau-2024?e=3aad1fc313\" target=\"_blank\" rel=\"noopener\">M\u00e9s informaci\u00f3.<\/a><\/span><\/h4>\n<h4><span style=\"color: #0000ff;\">Les quatre universitats privades reintrodueixen la PAP d&#8217;Educaci\u00f3. <a style=\"color: #0000ff;\" href=\"https:\/\/mailchi.mp\/unportal\/pap-educacio-centres-privats?e=3aad1fc313\" target=\"_blank\" rel=\"noopener\">M\u00e9s informaci\u00f3<\/a><\/span><\/h4>\n<h4><span style=\"color: #0000ff;\">2.000 suspesos a la PAP podran accedir a 16 graus de mestre. <a style=\"color: #0000ff;\" href=\"https:\/\/mailchi.mp\/unportal\/pap-suspesa-graus-privats-mestre?e=3aad1fc313\" target=\"_blank\" rel=\"noopener\">M\u00e9s informaci\u00f3.<\/a><\/span><\/h4>\n<h4><span style=\"color: #0000ff;\">Els cicles industrials i Hoteleria i turisme lideren els r\u00e0nquings d\u2019ocupaci\u00f3 d&#8217;FP. <a style=\"color: #0000ff;\" href=\"https:\/\/mailchi.mp\/unportal\/cicles-industrials-hoteleria-lideren-ranquings-ocupacio?e=3aad1fc313\" target=\"_blank\" rel=\"noopener\">M\u00e9s informaci\u00f3<\/a><\/span><\/h4>\n<h4 class=\"null\"><span style=\"color: #0000ff;\">Catalunya ser\u00e0 el 2026 la comunitat amb m\u00e9s graus en Medicina. <a style=\"color: #0000ff;\" href=\"https:\/\/mailchi.mp\/unportal\/catalunya-comunitat-mes-graus-medicina?e=3aad1fc313\" target=\"_blank\" rel=\"noopener\">M\u00e9s informaci\u00f3<\/a><\/span><\/h4>\n<h4><span style=\"color: #0000ff;\">Graus que (potser) no saps que existeixen (i 2). <a style=\"color: #0000ff;\" href=\"https:\/\/mailchi.mp\/unportal\/graus-no-saps-existeixen-2?e=3aad1fc313\" target=\"_blank\" rel=\"noopener\">M\u00e9s informaci\u00f3<\/a><\/span><\/h4>\n<h4 class=\"null\"><span style=\"color: #0000ff;\">Graus que (potser) no saps que existeixen (1). <a style=\"color: #0000ff;\" href=\"https:\/\/mailchi.mp\/unportal\/graus-no-saps-existeixen-1?e=3aad1fc313\" target=\"_blank\" rel=\"noopener\">M\u00e9s informaci\u00f3<\/a><\/span><\/h4>\n<h4><span style=\"color: #0000ff;\">Cap universitat privada exigeix la PAP d&#8217;Educaci\u00f3. <a style=\"color: #0000ff;\" href=\"https:\/\/mailchi.mp\/unportal\/pap-educacio-universitats-privades?e=3aad1fc313\" target=\"_blank\" rel=\"noopener\">M\u00e9s informaci\u00f3.<\/a><\/span><\/h4>\n<h4><span style=\"color: #0000ff;\">Com s\u00f3n les beques universit\u00e0ries del curs vinent. <a style=\"color: #0000ff;\" href=\"https:\/\/mailchi.mp\/unportal\/beques-curs-2024-2025?e=3aad1fc313\" target=\"_blank\" rel=\"noopener\">M\u00e9s informaci\u00f3<\/a><\/span><\/h4>\n<h4 class=\"null\"><span style=\"color: #0000ff;\">Nutrici\u00f3 Humana tindr\u00e0 al setembre m\u00e9s places a preu privat que p\u00fablic. <a style=\"color: #0000ff;\" href=\"https:\/\/mailchi.mp\/unportal\/grau-nutricio-humana?e=3aad1fc313\" target=\"_blank\" rel=\"noopener\">M\u00e9s informaci\u00f3<\/a><\/span><\/h4>\n<h4><span style=\"color: #0000ff;\">Les novetats a la preinscripci\u00f3 d\u2019FP. <a style=\"color: #0000ff;\" href=\"https:\/\/mailchi.mp\/unportal\/novetats-preinscripcio-fp-2024?e=3aad1fc313\" target=\"_blank\" rel=\"noopener\">M\u00e9s informaci\u00f3<\/a><\/span><\/h4>\n<h4><span style=\"color: #0000ff;\">4 de cada 10 noies demanen un grau de la branca de Ci\u00e8ncies de la Salut. <a style=\"color: #0000ff;\" href=\"https:\/\/mailchi.mp\/unportal\/noies-graus-ciencies-salut?e=3aad1fc313\" target=\"_blank\" rel=\"noopener\">M\u00e9s informaci\u00f3<\/a><\/span><\/h4>\n<h4><span style=\"color: #0000ff;\">La primera assignaci\u00f3 de places universit\u00e0ries arribar\u00e0 el 9\/10-7. <a style=\"color: #0000ff;\" href=\"https:\/\/mailchi.mp\/unportal\/notes-tall-2024-10-juliol?e=3aad1fc313\" target=\"_blank\" rel=\"noopener\">M\u00e9s informaci\u00f3<\/a><\/span><\/h4>\n<h4 class=\"null\"><span style=\"color: #0000ff;\">Ad\u00e9u a les PAP de CAFE. <a style=\"color: #0000ff;\" href=\"https:\/\/mailchi.mp\/unportal\/pap-cafe?e=3aad1fc313\" target=\"_blank\" rel=\"noopener\">M\u00e9s informaci\u00f3<\/a><\/span><\/h4>\n<h4><span style=\"color: #0000ff;\">Els nous graus del curs 2024-2025. <a style=\"color: #0000ff;\" href=\"https:\/\/mailchi.mp\/unportal\/nous-graus-curs-2024-2025?e=3aad1fc313\" target=\"_blank\" rel=\"noopener\">M\u00e9s informaci\u00f3<\/a><\/span><\/h4>\n<h4 class=\"null\"><span style=\"color: #0000ff;\">Manual d\u2019\u00fas per examinar-se de la Selectivitat i de les PAP d\u2019Educaci\u00f3. <a style=\"color: #0000ff;\" href=\"https:\/\/mailchi.mp\/unportal\/calendari-preinscripcio-selectivitat-pap?e=3aad1fc313\" target=\"_blank\" rel=\"noopener\">M\u00e9s informaci\u00f3<\/a><\/span><\/h4>\n<h4><span style=\"color: #0000ff;\">La import\u00e0ncia de les notes de tall&#8230; d&#8217;octubre. <a style=\"color: #0000ff;\" href=\"https:\/\/mailchi.mp\/unportal\/notes-tall-octubre-2023?e=3aad1fc313\" target=\"_blank\" rel=\"noopener\">M\u00e9s informaci\u00f3<\/a><\/span><\/h4>\n<h4><span style=\"color: #0000ff;\">Infermeria, Medicina i Enginyeria Inform\u00e0tica sobresurten en ocupaci\u00f3. <a style=\"color: #0000ff;\" href=\"https:\/\/mailchi.mp\/unportal\/graus-millor-situats-rankings?e=3aad1fc313\" target=\"_blank\" rel=\"noopener\">M\u00e9s informaci\u00f3<\/a><\/span><\/h4>\n<h4 class=\"null\"><span style=\"color: #0000ff;\">Les enginyeries milloren posicions als r\u00e0nquings d&#8217;inserci\u00f3 laboral. <a style=\"color: #0000ff;\" href=\"https:\/\/mailchi.mp\/unportal\/rankings-insercio-laboral-2023?e=3aad1fc313\" target=\"_blank\" rel=\"noopener\">M\u00e9s informaci\u00f3<\/a><\/span><\/h4>\n<h4 class=\"entry-title\"><span style=\"color: #0000ff;\">Les universitats introdueixen m\u00e9s canvis a les ponderacions de la Selectivitat del 2024. <a style=\"color: #0000ff;\" href=\"https:\/\/blog.unportal.net\/noves-ponderacions-selectivitat-2024\/\" target=\"_blank\" rel=\"noopener\">M\u00e9s informaci\u00f3<\/a><\/span><\/h4>\n<h4><span style=\"color: #0000ff;\">Els graus m\u00e9s cars: 124.000 \u20ac per ser pilot d&#8217;aviaci\u00f3 comercial. <a style=\"color: #0000ff;\" href=\"https:\/\/mailchi.mp\/unportal\/notes-tall-educacio-857534?e=3aad1fc313\" target=\"_blank\" rel=\"noopener\">M\u00e9s informaci\u00f3<\/a><br \/>\n<\/span><\/h4>\n<h4 class=\"null\"><span style=\"color: #0000ff;\">Les notes de tall perden altura. <a style=\"color: #0000ff;\" href=\"https:\/\/mailchi.mp\/unportal\/notes-tall-juliol-2023?e=3aad1fc313\" target=\"_blank\" rel=\"noopener\">M\u00e9s informaci\u00f3<\/a><\/span><\/h4>\n<h4 class=\"null\"><span style=\"color: #0000ff;\">Les notes de tall baixaran. <a style=\"color: #0000ff;\" href=\"https:\/\/mailchi.mp\/unportal\/notes-tall-selectivitat-2023-baixaran?e=3aad1fc313\" target=\"_blank\" rel=\"noopener\">M\u00e9s informaci\u00f3<\/a><\/span><\/h4>\n<h4 class=\"null\"><span style=\"color: #0000ff;\">Les notes de les PAU tornen, excepte a Catal\u00e0 i Hist\u00f2ria, al nivell prepand\u00e8mia. <a style=\"color: #0000ff;\" href=\"https:\/\/mailchi.mp\/unportal\/notes-pau-nivell-prepandemia?e=3aad1fc313\" target=\"_blank\" rel=\"noopener\">M\u00e9s informaci\u00f3<\/a>.<\/span><\/h4>\n<h4><span style=\"color: #0000ff;\">Disseny guanya places, Psicologia, Qu\u00edmica i Pol\u00edtiques en perden. <a style=\"color: #0000ff;\" href=\"https:\/\/mailchi.mp\/unportal\/oferta-places-preinscripcio-curs-2023-2024?e=3aad1fc313\" target=\"_blank\" rel=\"noopener\">M\u00e9s informaci\u00f3<\/a><\/span><\/h4>\n<h4><span style=\"color: #0000ff;\">El CFGS en Educaci\u00f3 Infantil lidera la convalidaci\u00f3 de cr\u00e8dits universitaris. <a style=\"color: #0000ff;\" href=\"https:\/\/mailchi.mp\/unportal\/cicles-convalidacions-materies-universitat?e=3aad1fc313\" target=\"_blank\" rel=\"noopener\">M\u00e9s informaci\u00f3.<\/a><\/span><\/h4>\n<h4><span style=\"color: #0000ff;\">El percentatge d&#8217;aprovats de la PAP d&#8217;Educaci\u00f3 retrocedeix del 63% al 54%. <a style=\"color: #0000ff;\" href=\"https:\/\/mailchi.mp\/unportal\/resultats-pap-educacio-2023?e=3aad1fc313\" target=\"_blank\" rel=\"noopener\">M\u00e9s informaci\u00f3.<\/a><\/span><\/h4>\n<h4 class=\"null\"><span style=\"color: #0000ff;\">Els graus presencials en Dret concentren 2.300 estudiants a 1r. <a style=\"color: #0000ff;\" href=\"https:\/\/mailchi.mp\/unportal\/dret-ade-educacio-mes-demandats-2022-2023?e=3aad1fc313\" target=\"_blank\" rel=\"noopener\">M\u00e9s informaci\u00f3<\/a><\/span><\/h4>\n<h4><span style=\"color: #0000ff;\">La fase general de la Selectivitat del 2024 recuperar\u00e0 Hist\u00f2ria de la Filosofia. <a style=\"color: #0000ff;\" href=\"https:\/\/mailchi.mp\/unportal\/historia-filosofia-selectivitat-2023?e=3aad1fc313\" target=\"_blank\" rel=\"noopener\">M\u00e9s informaci\u00f3.<\/a><\/span><\/h4>\n<h4 class=\"null\"><span style=\"color: #0000ff;\">Els graus p\u00fablics de Medicina oferiran al setembre 126 places m\u00e9s de 1r curs. <a style=\"color: #0000ff;\" href=\"https:\/\/mailchi.mp\/unportal\/oferta-places-medicina-creix?e=3aad1fc313\" target=\"_blank\" rel=\"noopener\">M\u00e9s informaci\u00f3<\/a>.<\/span><\/h4>\n<h4><span style=\"color: #0000ff;\">El Ministeri d\u2019Educaci\u00f3 obre el termini per sol\u00b7licitar una beca universit\u00e0ria. <a style=\"color: #0000ff;\" href=\"https:\/\/mailchi.mp\/unportal\/obert-termini-beca-universitaria?e=3aad1fc313\" target=\"_blank\" rel=\"noopener\">M\u00e9s informaci\u00f3<\/a>.<\/span><\/h4>\n<h4><span style=\"color: #0000ff;\">Sis graus universitaris novells amb vocaci\u00f3 de preservar el medi ambient. <a style=\"color: #0000ff;\" href=\"https:\/\/mailchi.mp\/unportal\/graus-singulars?e=3aad1fc313\" target=\"_blank\" rel=\"noopener\">M\u00e9s informaci\u00f3.<\/a><\/span><\/h4>\n<h4><span style=\"color: #0000ff;\">Global Studies sobreviu a l&#8217;extinci\u00f3 dels graus de 3 anys. <a style=\"color: #0000ff;\" href=\"https:\/\/mailchi.mp\/unportal\/graus-tres-anys-anys-passen-quatre?e=3aad1fc313\" target=\"_blank\" rel=\"noopener\">M\u00e9s informaci\u00f3.<\/a><\/span><\/h4>\n<h4><span style=\"color: #0000ff;\">La preinscripci\u00f3 universit\u00e0ria es podr\u00e0 fer entre el 6 i el 30 de juny. <a style=\"color: #0000ff;\" href=\"https:\/\/mailchi.mp\/unportal\/graus-nous-2023-857450?e=3aad1fc313\" target=\"_blank\" rel=\"noopener\">M\u00e9s informaci\u00f3<\/a><\/span><\/h4>\n<h4><span style=\"color: #0000ff;\">8 graus nous (o seminous) del curs 2023-2024 que has de con\u00e8ixer. <a style=\"color: #0000ff;\" href=\"https:\/\/mailchi.mp\/unportal\/graus-nous-2023-2024?e=3aad1fc313\" target=\"_blank\" rel=\"noopener\">M\u00e9s informaci\u00f3<\/a><\/span><\/h4>\n<h4><span style=\"color: #0000ff;\">300.000 dels 720.000 enginyers en actiu a Espanya tenen 35 anys o menys. <a style=\"color: #0000ff;\" href=\"https:\/\/mailchi.mp\/unportal\/informe-necessitat-enginyers-proxims-anys?e=3aad1fc313\" target=\"_blank\" rel=\"noopener\">M\u00e9s informaci\u00f3<\/a><\/span><\/h4>\n<h4 class=\"entry-title\"><span style=\"color: #0000ff;\">Blanquerna no exigir\u00e0 la PAP per accedir a Educaci\u00f3, sin\u00f3 superar despr\u00e9s una prova pr\u00f2pia. <a style=\"color: #0000ff;\" href=\"https:\/\/blog.unportal.net\/blanquerna-no-exigira-pap-graus-educacio\/\" target=\"_blank\" rel=\"noopener\">M\u00e9s informaci\u00f3<\/a><\/span><\/h4>\n<h4 class=\"null\"><span style=\"color: #0000ff;\">Quan la nota de tall de Comunicaci\u00f3 Audiovisual superava la de Medicina. <a style=\"color: #0000ff;\" href=\"https:\/\/mailchi.mp\/unportal\/evolucio-notes-tall-ultims-20-anys?e=3aad1fc313\" target=\"_blank\" rel=\"noopener\">M\u00e9s informaci\u00f3<\/a><\/span><\/h4>\n<h4 class=\"null\"><span style=\"color: #0000ff;\">Psicologia, un grau molt demandat que ha de millorar la qualitat de l&#8217;ocupaci\u00f3. <a style=\"color: #0000ff;\" href=\"https:\/\/mailchi.mp\/unportal\/psicologia-ocupacio-baixa-qualitat?e=3aad1fc313\" target=\"_blank\" rel=\"noopener\">M\u00e9s informaci\u00f3<\/a><\/span><\/h4>\n<h4 class=\"null\"><span style=\"color: #0000ff;\">7 enginyeries de la Polit\u00e8cnica tenen dues notes de tall. <a style=\"color: #0000ff;\" href=\"https:\/\/mailchi.mp\/unportal\/upc-pars-dues-notes-tall?e=3aad1fc313\" target=\"_blank\" rel=\"noopener\">M\u00e9s informaci\u00f3<\/a><\/span><\/h4>\n<h4><span style=\"color: #0000ff;\">Els resultats de la Selectivitat se sabran abans de Sant Joan.\u00a0<a style=\"color: #0000ff;\" href=\"https:\/\/mailchi.mp\/unportal\/selectivitat-2023-avanca-una-setmana?e=3aad1fc313\" target=\"_blank\" rel=\"noopener\">M\u00e9s informaci\u00f3<\/a><\/span><\/h4>\n<h4 class=\"null\"><span style=\"color: #0000ff;\">Global Studies sobreviu a l&#8217;extinci\u00f3 dels graus de 3 anys. <a style=\"color: #0000ff;\" href=\"https:\/\/mailchi.mp\/unportal\/graus-tres-anys-anys-passen-quatre?e=3aad1fc313\" target=\"_blank\" rel=\"noopener\">M\u00e9s informaci\u00f3<\/a><\/span><\/h4>\n<h4 class=\"null\"><span style=\"color: #0000ff;\">El d\u00e8ficit cr\u00f2nic de places del m\u00e0ster de secund\u00e0ria agreuja la falta de docents. <a style=\"color: #0000ff;\" href=\"https:\/\/mailchi.mp\/unportal\/deficit-places-master-professorat?e=3aad1fc313\" target=\"_blank\" rel=\"noopener\">M\u00e9s informaci\u00f3<\/a><\/span><\/h4>\n<h3><\/h3>\n","protected":false},"excerpt":{"rendered":"<p> <a href=\"https:\/\/www.unportal.net\/\"><\/a><br \/>\nDARRERES NOT\u00cdCIES:<br \/>\n&nbsp;<br \/>\nCURS 2025-2026<br \/>\nBeques universit\u00e0ries per al curs vinent: qu\u00e8, com i quan. <a href=\"https:\/\/mailchi.mp\/unportal\/com-demanar-beca-universitaria-2026-2027?e=3aad1fc313\" target=\"_blank\" rel=\"noopener\">M\u00e9s informaci\u00f3<\/a><br \/>\nGraus que no s\u2019abandonen. <a style=\"color: #0000ff;\" href=\"https:\/\/mailchi.mp\/unportal\/httpsblogunportalnetgraus-menys-abandonament-primer-curs-2026?e=3aad1fc313\" target=\"_blank\" rel=\"noopener\">M\u00e9s informaci\u00f3.<\/a><br \/>\nEls graus en relacions internacionals (fem inventari). <a style=\"color: #0000ff;\" href=\"https:\/\/mailchi.mp\/unportal\/grau-relacions-internacionals?e=3aad1fc313\" target=\"_blank\" rel=\"noopener\">M\u00e9s informaci\u00f3<\/a><br \/>\nM\u00e0sters oficials, l&#8217;estat de&hellip;  <a href=\"https:\/\/agora.xtec.cat\/iesmontserratmiro\/unportal\/\" title=\"Read Unportal\">Llegeix m\u00e9s\u00bb<\/a><\/p>\n","protected":false},"author":1,"featured_media":0,"parent":0,"menu_order":0,"comment_status":"closed","ping_status":"closed","template":"","meta":{"_bbp_topic_count":0,"_bbp_reply_count":0,"_bbp_total_topic_count":0,"_bbp_total_reply_count":0,"_bbp_voice_count":0,"_bbp_anonymous_reply_count":0,"_bbp_topic_count_hidden":0,"_bbp_reply_count_hidden":0,"_bbp_forum_subforum_count":0,"footnotes":""},"class_list":["post-567","page","type-page","status-publish","hentry"],"post_mailing_queue_ids":[],"_links":{"self":[{"href":"https:\/\/agora.xtec.cat\/iesmontserratmiro\/wp-json\/wp\/v2\/pages\/567","targetHints":{"allow":["GET"]}}],"collection":[{"href":"https:\/\/agora.xtec.cat\/iesmontserratmiro\/wp-json\/wp\/v2\/pages"}],"about":[{"href":"https:\/\/agora.xtec.cat\/iesmontserratmiro\/wp-json\/wp\/v2\/types\/page"}],"author":[{"embeddable":true,"href":"https:\/\/agora.xtec.cat\/iesmontserratmiro\/wp-json\/wp\/v2\/users\/1"}],"replies":[{"embeddable":true,"href":"https:\/\/agora.xtec.cat\/iesmontserratmiro\/wp-json\/wp\/v2\/comments?post=567"}],"version-history":[{"count":6,"href":"https:\/\/agora.xtec.cat\/iesmontserratmiro\/wp-json\/wp\/v2\/pages\/567\/revisions"}],"predecessor-version":[{"id":6073,"href":"https:\/\/agora.xtec.cat\/iesmontserratmiro\/wp-json\/wp\/v2\/pages\/567\/revisions\/6073"}],"wp:attachment":[{"href":"https:\/\/agora.xtec.cat\/iesmontserratmiro\/wp-json\/wp\/v2\/media?parent=567"}],"curies":[{"name":"wp","href":"https:\/\/api.w.org\/{rel}","templated":true}]}}