{"id":4779,"date":"2024-10-10T09:27:39","date_gmt":"2024-10-10T07:27:39","guid":{"rendered":"https:\/\/agora.xtec.cat\/iesmontserratmiro\/?page_id=4779"},"modified":"2026-03-02T13:06:00","modified_gmt":"2026-03-02T12:06:00","slug":"biblioteca","status":"publish","type":"page","link":"https:\/\/agora.xtec.cat\/iesmontserratmiro\/biblioteca\/","title":{"rendered":"Biblioteca"},"content":{"rendered":"<h2 style=\"text-align: center;\"><span style=\"color: #800080;\">BIBLIOTECA ELVIRA MONTES<\/span><\/h2>\n<p><a href=\"https:\/\/agora.xtec.cat\/iesmontserratmiro\/wp-content\/uploads\/usu2144\/2024\/10\/Serveis-23-24.jpg\"><img loading=\"lazy\" decoding=\"async\" class=\"wp-image-4771 alignleft\" src=\"https:\/\/agora.xtec.cat\/iesmontserratmiro\/wp-content\/uploads\/usu2144\/2024\/10\/Serveis-23-24.jpg\" alt=\"\" width=\"545\" height=\"726\" srcset=\"https:\/\/agora.xtec.cat\/iesmontserratmiro\/wp-content\/uploads\/usu2144\/2024\/10\/Serveis-23-24.jpg 1728w, https:\/\/agora.xtec.cat\/iesmontserratmiro\/wp-content\/uploads\/usu2144\/2024\/10\/Serveis-23-24-225x300.jpg 225w, https:\/\/agora.xtec.cat\/iesmontserratmiro\/wp-content\/uploads\/usu2144\/2024\/10\/Serveis-23-24-768x1024.jpg 768w, https:\/\/agora.xtec.cat\/iesmontserratmiro\/wp-content\/uploads\/usu2144\/2024\/10\/Serveis-23-24-1152x1536.jpg 1152w, https:\/\/agora.xtec.cat\/iesmontserratmiro\/wp-content\/uploads\/usu2144\/2024\/10\/Serveis-23-24-1536x2048.jpg 1536w\" sizes=\"auto, (max-width: 545px) 100vw, 545px\" \/><\/a><\/p>\n<header class=\"entry-header fullwidth\">\n<h2 class=\"entry-title\"><a title=\"La nostra biblioteca: Horari 2024-2025\" href=\"https:\/\/agora.xtec.cat\/iesmontserratmiro\/general\/biblioiteca-elvira-montes\/la-nostra-biblioteca-horari-2003-2024\/\" rel=\"bookmark\">La nostra biblioteca: Horari 2025-2026<\/a><\/h2>\n<div class=\"edit-link\"><a class=\"post-edit-link\" href=\"https:\/\/agora.xtec.cat\/iesmontserratmiro\/wp-admin\/post.php?post=3875&amp;action=edit\">Edita<\/a><\/div>\n<\/header>\n<div class=\"entry-summary\">\n<ul>\n<li dir=\"ltr\">\n<h6 dir=\"ltr\" role=\"presentation\">La Biblioteca ofereix els seus serveis a tot l\u2019alumnat del centre (ESO, Batxillerat, Aula d\u2019Acollida), al professorat i al PAS.<\/h6>\n<\/li>\n<li dir=\"ltr\">\n<h6 dir=\"ltr\" role=\"presentation\">L\u2019horari d\u2019acc\u00e9s \u00e9s DILLUNS I DIMECRES\u00a0 A LES HORES DEL PATI (si m\u00e9s endavant es pot ampliar l\u2019horari a m\u00e9s dies s\u2019informar\u00e0 degudament.)<\/h6>\n<\/li>\n<li dir=\"ltr\">\n<h6 dir=\"ltr\" role=\"presentation\">L\u2019alumnat que vulgui anar a la biblioteca ha d\u2019esmorzar al pati (no al passad\u00eds de la biblioteca). En acabar, pot pujar a la biblio despr\u00e9s de rebre perm\u00eds del professorat de gu\u00e0rdia del vest\u00edbul.<\/h6>\n<\/li>\n<li dir=\"ltr\">\n<h6 dir=\"ltr\" role=\"presentation\">A partir de les 11.15h. el professorat de gu\u00e0rdia del vest\u00edbul no deixar\u00e0 pujar a la biblio.<\/h6>\n<\/li>\n<li dir=\"ltr\">\n<h6 dir=\"ltr\" role=\"presentation\">Durant les gu\u00e0rdies a l\u2019aula si el professor absent no ha deixat feina o acaben aviat, els alumnes poden accedir a la Biblioteca d\u2019Aula de l\u2019armariet i llegir.\u00a0 Uns minuts abans d\u2019acabar la gu\u00e0rdia s\u2019han de deixar els llibres a l\u2019armariet i tancar amb clau.<\/h6>\n<\/li>\n<li dir=\"ltr\">\n<h6 dir=\"ltr\" role=\"presentation\">Es pot contactar amb la Biblioteca del centre al correu\u00a0<a href=\"mailto:biblioteca@insmm.org\" target=\"_blank\" rel=\"noopener\">biblioteca@insmm.org<\/a><\/h6>\n<\/li>\n<\/ul>\n<h6 dir=\"ltr\">i ens podeu seguir a Instagra i Tik Tok: @<a href=\"http:\/\/instagram\/bibteca\/\" target=\"_blank\" rel=\"noopener\" data-saferedirecturl=\"https:\/\/www.google.com\/url?q=http:\/\/instagram\/bibteca\/&amp;source=gmail&amp;ust=1695362496065000&amp;usg=AOvVaw3dhAc0mbf5XNL_lbvq5myY\">bibteca<\/a><\/h6>\n<\/div>\n<p>&nbsp;<\/p>\n<p>&nbsp;<\/p>\n<p>&nbsp;<\/p>\n<p>&nbsp;<\/p>\n<p>&nbsp;<\/p>\n<p>&nbsp;<\/p>\n<p>&nbsp;<\/p>\n<p>&nbsp;<\/p>\n<p>&nbsp;<\/p>\n<div class=\"entry-summary\">\n<h5><a href=\"https:\/\/agora.xtec.cat\/iesmontserratmiro\/wp-content\/uploads\/usu2144\/2024\/10\/20240923_085933.jpg\"><img loading=\"lazy\" decoding=\"async\" class=\"alignnone size-full wp-image-4761\" src=\"https:\/\/agora.xtec.cat\/iesmontserratmiro\/wp-content\/uploads\/usu2144\/2024\/10\/20240923_085933.jpg\" alt=\"\" width=\"640\" height=\"480\" srcset=\"https:\/\/agora.xtec.cat\/iesmontserratmiro\/wp-content\/uploads\/usu2144\/2024\/10\/20240923_085933.jpg 640w, https:\/\/agora.xtec.cat\/iesmontserratmiro\/wp-content\/uploads\/usu2144\/2024\/10\/20240923_085933-300x225.jpg 300w, https:\/\/agora.xtec.cat\/iesmontserratmiro\/wp-content\/uploads\/usu2144\/2024\/10\/20240923_085933-200x150.jpg 200w\" sizes=\"auto, (max-width: 640px) 100vw, 640px\" \/><\/a> <a href=\"https:\/\/agora.xtec.cat\/iesmontserratmiro\/wp-content\/uploads\/usu2144\/2024\/10\/20240923_085924.jpg\"><img loading=\"lazy\" decoding=\"async\" class=\"alignnone size-full wp-image-4760\" src=\"https:\/\/agora.xtec.cat\/iesmontserratmiro\/wp-content\/uploads\/usu2144\/2024\/10\/20240923_085924.jpg\" alt=\"\" width=\"640\" height=\"480\" srcset=\"https:\/\/agora.xtec.cat\/iesmontserratmiro\/wp-content\/uploads\/usu2144\/2024\/10\/20240923_085924.jpg 640w, https:\/\/agora.xtec.cat\/iesmontserratmiro\/wp-content\/uploads\/usu2144\/2024\/10\/20240923_085924-300x225.jpg 300w, https:\/\/agora.xtec.cat\/iesmontserratmiro\/wp-content\/uploads\/usu2144\/2024\/10\/20240923_085924-200x150.jpg 200w\" sizes=\"auto, (max-width: 640px) 100vw, 640px\" \/><\/a> <a href=\"https:\/\/agora.xtec.cat\/iesmontserratmiro\/wp-content\/uploads\/usu2144\/2024\/10\/20240923_085912.jpg\"><img loading=\"lazy\" decoding=\"async\" class=\"alignnone size-full wp-image-4759\" src=\"https:\/\/agora.xtec.cat\/iesmontserratmiro\/wp-content\/uploads\/usu2144\/2024\/10\/20240923_085912.jpg\" alt=\"\" width=\"640\" height=\"480\" srcset=\"https:\/\/agora.xtec.cat\/iesmontserratmiro\/wp-content\/uploads\/usu2144\/2024\/10\/20240923_085912.jpg 640w, https:\/\/agora.xtec.cat\/iesmontserratmiro\/wp-content\/uploads\/usu2144\/2024\/10\/20240923_085912-300x225.jpg 300w, https:\/\/agora.xtec.cat\/iesmontserratmiro\/wp-content\/uploads\/usu2144\/2024\/10\/20240923_085912-200x150.jpg 200w\" sizes=\"auto, (max-width: 640px) 100vw, 640px\" \/><\/a> <a href=\"https:\/\/agora.xtec.cat\/iesmontserratmiro\/wp-content\/uploads\/usu2144\/2024\/10\/20240923_085904.jpg\"><img loading=\"lazy\" decoding=\"async\" class=\"alignnone size-full wp-image-4758\" src=\"https:\/\/agora.xtec.cat\/iesmontserratmiro\/wp-content\/uploads\/usu2144\/2024\/10\/20240923_085904.jpg\" alt=\"\" width=\"640\" height=\"480\" srcset=\"https:\/\/agora.xtec.cat\/iesmontserratmiro\/wp-content\/uploads\/usu2144\/2024\/10\/20240923_085904.jpg 640w, https:\/\/agora.xtec.cat\/iesmontserratmiro\/wp-content\/uploads\/usu2144\/2024\/10\/20240923_085904-300x225.jpg 300w, https:\/\/agora.xtec.cat\/iesmontserratmiro\/wp-content\/uploads\/usu2144\/2024\/10\/20240923_085904-200x150.jpg 200w\" sizes=\"auto, (max-width: 640px) 100vw, 640px\" \/><\/a> <a href=\"https:\/\/agora.xtec.cat\/iesmontserratmiro\/wp-content\/uploads\/usu2144\/2024\/10\/20240923_085811.jpg\"><img loading=\"lazy\" decoding=\"async\" class=\"alignnone size-full wp-image-4757\" src=\"https:\/\/agora.xtec.cat\/iesmontserratmiro\/wp-content\/uploads\/usu2144\/2024\/10\/20240923_085811.jpg\" alt=\"\" width=\"640\" height=\"480\" srcset=\"https:\/\/agora.xtec.cat\/iesmontserratmiro\/wp-content\/uploads\/usu2144\/2024\/10\/20240923_085811.jpg 640w, https:\/\/agora.xtec.cat\/iesmontserratmiro\/wp-content\/uploads\/usu2144\/2024\/10\/20240923_085811-300x225.jpg 300w, https:\/\/agora.xtec.cat\/iesmontserratmiro\/wp-content\/uploads\/usu2144\/2024\/10\/20240923_085811-200x150.jpg 200w\" sizes=\"auto, (max-width: 640px) 100vw, 640px\" \/><\/a> <a href=\"https:\/\/agora.xtec.cat\/iesmontserratmiro\/wp-content\/uploads\/usu2144\/2024\/10\/20240923_085739.jpg\"><img loading=\"lazy\" decoding=\"async\" class=\"alignnone size-full wp-image-4756\" src=\"https:\/\/agora.xtec.cat\/iesmontserratmiro\/wp-content\/uploads\/usu2144\/2024\/10\/20240923_085739.jpg\" alt=\"\" width=\"640\" height=\"480\" srcset=\"https:\/\/agora.xtec.cat\/iesmontserratmiro\/wp-content\/uploads\/usu2144\/2024\/10\/20240923_085739.jpg 640w, https:\/\/agora.xtec.cat\/iesmontserratmiro\/wp-content\/uploads\/usu2144\/2024\/10\/20240923_085739-300x225.jpg 300w, https:\/\/agora.xtec.cat\/iesmontserratmiro\/wp-content\/uploads\/usu2144\/2024\/10\/20240923_085739-200x150.jpg 200w\" sizes=\"auto, (max-width: 640px) 100vw, 640px\" \/><\/a><\/h5>\n<p>&nbsp;<\/p>\n<\/div>\n","protected":false},"excerpt":{"rendered":"<p>BIBLIOTECA ELVIRA MONTES<br \/>\n<a href=\"https:\/\/agora.xtec.cat\/iesmontserratmiro\/wp-content\/uploads\/usu2144\/2024\/10\/Serveis-23-24.jpg\"><\/a><\/p>\n<p><a title=\"La nostra biblioteca: Horari 2024-2025\" href=\"https:\/\/agora.xtec.cat\/iesmontserratmiro\/general\/biblioiteca-elvira-montes\/la-nostra-biblioteca-horari-2003-2024\/\" rel=\"bookmark\">La nostra biblioteca: Horari 2025-2026<\/a><br \/>\n<a class=\"post-edit-link\" href=\"https:\/\/agora.xtec.cat\/iesmontserratmiro\/wp-admin\/post.php?post=3875&amp;action=edit\">Edita<\/a><\/p>\n<ul>\n<li dir=\"ltr\">\nLa Biblioteca ofereix els seus serveis a tot l\u2019alumnat del centre (ESO, Batxillerat, Aula d\u2019Acollida), al professorat i al PAS.\n<\/li>\n<li dir=\"ltr\">\nL\u2019horari d\u2019acc\u00e9s \u00e9s DILLUNS I DIMECRES\u00a0 A LES&hellip;  <a href=\"https:\/\/agora.xtec.cat\/iesmontserratmiro\/biblioteca\/\" title=\"Read Biblioteca\">Llegeix m\u00e9s\u00bb<\/a><\/p>\n","protected":false},"author":1,"featured_media":0,"parent":0,"menu_order":0,"comment_status":"closed","ping_status":"closed","template":"","meta":{"_bbp_topic_count":0,"_bbp_reply_count":0,"_bbp_total_topic_count":0,"_bbp_total_reply_count":0,"_bbp_voice_count":0,"_bbp_anonymous_reply_count":0,"_bbp_topic_count_hidden":0,"_bbp_reply_count_hidden":0,"_bbp_forum_subforum_count":0,"footnotes":""},"class_list":["post-4779","page","type-page","status-publish","hentry"],"post_mailing_queue_ids":[],"_links":{"self":[{"href":"https:\/\/agora.xtec.cat\/iesmontserratmiro\/wp-json\/wp\/v2\/pages\/4779","targetHints":{"allow":["GET"]}}],"collection":[{"href":"https:\/\/agora.xtec.cat\/iesmontserratmiro\/wp-json\/wp\/v2\/pages"}],"about":[{"href":"https:\/\/agora.xtec.cat\/iesmontserratmiro\/wp-json\/wp\/v2\/types\/page"}],"author":[{"embeddable":true,"href":"https:\/\/agora.xtec.cat\/iesmontserratmiro\/wp-json\/wp\/v2\/users\/1"}],"replies":[{"embeddable":true,"href":"https:\/\/agora.xtec.cat\/iesmontserratmiro\/wp-json\/wp\/v2\/comments?post=4779"}],"version-history":[{"count":5,"href":"https:\/\/agora.xtec.cat\/iesmontserratmiro\/wp-json\/wp\/v2\/pages\/4779\/revisions"}],"predecessor-version":[{"id":5968,"href":"https:\/\/agora.xtec.cat\/iesmontserratmiro\/wp-json\/wp\/v2\/pages\/4779\/revisions\/5968"}],"wp:attachment":[{"href":"https:\/\/agora.xtec.cat\/iesmontserratmiro\/wp-json\/wp\/v2\/media?parent=4779"}],"curies":[{"name":"wp","href":"https:\/\/api.w.org\/{rel}","templated":true}]}}