{"id":46,"date":"2014-09-17T16:53:45","date_gmt":"2014-09-17T16:53:45","guid":{"rendered":"http:\/\/agora.xtec.cat\/iesmontserratmiro\/?page_id=46"},"modified":"2026-02-06T12:03:33","modified_gmt":"2026-02-06T11:03:33","slug":"organigrama","status":"publish","type":"page","link":"https:\/\/agora.xtec.cat\/iesmontserratmiro\/projecte-educatiu-de-centre\/organigrama\/","title":{"rendered":"Organigrama"},"content":{"rendered":"<p><a href=\"https:\/\/agora.xtec.cat\/iesmontserratmiro\/wp-content\/uploads\/usu2144\/2023\/01\/Organigrama-Institut-21-22-2.jpg\"><img loading=\"lazy\" decoding=\"async\" class=\"alignnone size-full wp-image-3023\" src=\"https:\/\/agora.xtec.cat\/iesmontserratmiro\/wp-content\/uploads\/usu2144\/2023\/01\/Organigrama-Institut-21-22-2.jpg\" alt=\"\" width=\"1040\" height=\"720\" srcset=\"https:\/\/agora.xtec.cat\/iesmontserratmiro\/wp-content\/uploads\/usu2144\/2023\/01\/Organigrama-Institut-21-22-2.jpg 1040w, https:\/\/agora.xtec.cat\/iesmontserratmiro\/wp-content\/uploads\/usu2144\/2023\/01\/Organigrama-Institut-21-22-2-300x208.jpg 300w, https:\/\/agora.xtec.cat\/iesmontserratmiro\/wp-content\/uploads\/usu2144\/2023\/01\/Organigrama-Institut-21-22-2-1024x709.jpg 1024w, https:\/\/agora.xtec.cat\/iesmontserratmiro\/wp-content\/uploads\/usu2144\/2023\/01\/Organigrama-Institut-21-22-2-768x532.jpg 768w\" sizes=\"auto, (max-width: 1040px) 100vw, 1040px\" \/><\/a><\/p>\n<h2><strong style=\"font-size: medium; font-family: inherit; line-height: 1.6;\">2025-2026<\/strong><\/h2>\n<p><strong style=\"font-size: medium; font-family: inherit; line-height: 1.6;\">C\u00e0rrecs i coordinacions<\/strong><\/p>\n<ul>\n<li><span style=\"font-size: medium;\">B\u00fastia General: iesmontserrratmiro@xtec.cat\u00a0\u00a0<\/span><\/li>\n<li>Directora: Gemma Hidalgo<\/li>\n<li>Cap d&#8217;estudis: Mar Rodr\u00edguez<\/li>\n<li>Coordinaci\u00f3 pedag\u00f2gica: Laia G\u00e0llego<\/li>\n<li>Secretari: Domingo Cabezas<\/li>\n<\/ul>\n<p><span style=\"font-size: medium;\"><strong>ESO Tutors<\/strong><\/span><\/p>\n<p>1r ESO A: Loren Ramos<br \/>\n1r ESO B: Gema Mayoral<br \/>\n1r ESO C: Guillem Rovira\/Pau Barald\u00e9s<\/p>\n<p>2n ESO A: Souhaila Belhani<br \/>\n2n ESO B: Carla Pastor<br \/>\n2n ESO C: Laura Casas<br \/>\n2n ESO D: Ra\u00fcl Hern\u00e1ndez<\/p>\n<p>3r ESO A: Laura Romero<br \/>\n3r ESO B: Roger Pujol<br \/>\n3r ESO C: Antonio Martin<br \/>\n3r ESO D: Toni D\u00edaz<\/p>\n<p>4t ESO A: Alba Lumeras<br \/>\n4t ESO B: Jaume Xiol\/Valent\u00ed Manubens<br \/>\n4t ESO C: Adri\u00e0 Pi\u00f1ol<\/p>\n<p><strong>ESO Coordinacions de nivell<\/strong><\/p>\n<ul>\n<li><span style=\"font-size: medium;\">Coordinaci\u00f3 1r i 2n ESO: Marga Barrantes<br \/>\n<\/span><\/li>\n<li><span style=\"font-size: medium;\">Coordinaci\u00f3 3r i 4t ESO: Patr\u00edcia C\u00f3rcoles<br \/>\n<\/span><\/li>\n<\/ul>\n<p><span style=\"font-size: medium;\"><strong>BATXILLERAT<\/strong><\/span><\/p>\n<p>1r BATX A: M\u00edriam Guillamon<br \/>\n1r BATX B: N\u00e1yade Mart\u00ednez<br \/>\n2n BATX A: Rosa P\u00e9rez\/Aroa Mateo<br \/>\n2n BATX B: Rebeca Lid\u00f3n<\/p>\n<ul style=\"list-style-type: disc;\">\n<li><span style=\"font-size: medium;\">Coordinaci\u00f3 Batxillerat: Sandra Ortega<br \/>\n<\/span><\/li>\n<\/ul>\n<p><span style=\"font-size: medium;\"><strong>DEPARTAMENTS<\/strong><\/span><\/p>\n<ul>\n<li><span style=\"font-size: medium;\">Cap de departament \u00c0mbit Ling\u00fc\u00edstic: Rosa P\u00e9rez<br \/>\n<\/span><\/li>\n<li><span style=\"font-size: medium;\">Cap de departament Lleng\u00fces estrangeres: Carol Belvis<br \/>\n<\/span><\/li>\n<li><span style=\"font-size: medium;\">Cap de departament Matem\u00e0tiques: Sandra F\u00e0bregas<br \/>\n<\/span><\/li>\n<li><span style=\"font-size: medium;\">Cap de departament Ci\u00e8ncies Experimentals: Dolors Arenas<br \/>\n<\/span><\/li>\n<li><span style=\"font-size: medium;\">Cap de departament Socials: Alba Lumeras<br \/>\n<\/span><\/li>\n<li><span style=\"font-size: medium;\">Cap de departament Tecnologia: Alfons Marruedo<br \/>\n<\/span><\/li>\n<li><span style=\"font-size: medium;\">Cap de departament Expressi\u00f3: Arantxa Bonet<\/span><\/li>\n<\/ul>\n<p><span style=\"font-size: medium;\"><strong>ALTRES<\/strong><\/span><\/p>\n<ul>\n<li><span style=\"font-size: medium;\">Coordinaci\u00f3 d&#8217;activitats: Raquel G\u00e0llego<br \/>\n<\/span><\/li>\n<li>Biblioteca: Eva S\u00e1nchez<\/li>\n<li>LIC: Aleix Halmen<\/li>\n<li>APS: Lu\u00eds V\u00e1zquez<\/li>\n<li>MUFPS: Dolors Arenas<\/li>\n<li>Biblioteca: Eva S\u00e1nchez<\/li>\n<li><span style=\"font-size: medium;\">Riscos laborals: Jose D. L\u00f3pez<br \/>\n<\/span><\/li>\n<li><span style=\"font-size: medium;\">Coordinaci\u00f3 inform\u00e0tica: Alfons Marruedo<\/span><\/li>\n<li>COCOBE: Montse G\u00f3mez<\/li>\n<li>WEB: M Rosa Vera<\/li>\n<\/ul>\n","protected":false},"excerpt":{"rendered":"<p><a href=\"https:\/\/agora.xtec.cat\/iesmontserratmiro\/wp-content\/uploads\/usu2144\/2023\/01\/Organigrama-Institut-21-22-2.jpg\"><\/a><br \/>\n2025-2026<br \/>\nC\u00e0rrecs i coordinacions<\/p>\n<ul>\n<li>B\u00fastia General: iesmontserrratmiro@xtec.cat\u00a0\u00a0<\/li>\n<li>Directora: Gemma Hidalgo<\/li>\n<li>Cap d&#8217;estudis: Mar Rodr\u00edguez<\/li>\n<li>Coordinaci\u00f3 pedag\u00f2gica: Laia G\u00e0llego<\/li>\n<li>Secretari: Domingo Cabezas<\/li>\n<\/ul>\n<p>ESO Tutors<br \/>\n1r ESO A: Loren Ramos<br \/>\n1r ESO B: Gema Mayoral<br \/>\n1r ESO C: Guillem Rovira\/Pau Barald\u00e9s<br \/>\n2n ESO A: Souhaila Belhani<br \/>\n2n ESO B: Carla Pastor<br \/>\n2n ESO C: Laura Casas<br \/>\n2n ESO D: Ra\u00fcl&hellip;  <a href=\"https:\/\/agora.xtec.cat\/iesmontserratmiro\/projecte-educatiu-de-centre\/organigrama\/\" title=\"Read Organigrama\">Llegeix m\u00e9s\u00bb<\/a><\/p>\n","protected":false},"author":1,"featured_media":0,"parent":896,"menu_order":50,"comment_status":"closed","ping_status":"closed","template":"page-templates\/side-menu.php","meta":{"_bbp_topic_count":0,"_bbp_reply_count":0,"_bbp_total_topic_count":0,"_bbp_total_reply_count":0,"_bbp_voice_count":0,"_bbp_anonymous_reply_count":0,"_bbp_topic_count_hidden":0,"_bbp_reply_count_hidden":0,"_bbp_forum_subforum_count":0,"footnotes":""},"class_list":["post-46","page","type-page","status-publish","hentry"],"post_mailing_queue_ids":[],"_links":{"self":[{"href":"https:\/\/agora.xtec.cat\/iesmontserratmiro\/wp-json\/wp\/v2\/pages\/46","targetHints":{"allow":["GET"]}}],"collection":[{"href":"https:\/\/agora.xtec.cat\/iesmontserratmiro\/wp-json\/wp\/v2\/pages"}],"about":[{"href":"https:\/\/agora.xtec.cat\/iesmontserratmiro\/wp-json\/wp\/v2\/types\/page"}],"author":[{"embeddable":true,"href":"https:\/\/agora.xtec.cat\/iesmontserratmiro\/wp-json\/wp\/v2\/users\/1"}],"replies":[{"embeddable":true,"href":"https:\/\/agora.xtec.cat\/iesmontserratmiro\/wp-json\/wp\/v2\/comments?post=46"}],"version-history":[{"count":6,"href":"https:\/\/agora.xtec.cat\/iesmontserratmiro\/wp-json\/wp\/v2\/pages\/46\/revisions"}],"predecessor-version":[{"id":5851,"href":"https:\/\/agora.xtec.cat\/iesmontserratmiro\/wp-json\/wp\/v2\/pages\/46\/revisions\/5851"}],"up":[{"embeddable":true,"href":"https:\/\/agora.xtec.cat\/iesmontserratmiro\/wp-json\/wp\/v2\/pages\/896"}],"wp:attachment":[{"href":"https:\/\/agora.xtec.cat\/iesmontserratmiro\/wp-json\/wp\/v2\/media?parent=46"}],"curies":[{"name":"wp","href":"https:\/\/api.w.org\/{rel}","templated":true}]}}