{"id":4384,"date":"2024-05-06T22:19:13","date_gmt":"2024-05-06T20:19:13","guid":{"rendered":"https:\/\/agora.xtec.cat\/iesmontserratmiro\/?page_id=4384"},"modified":"2025-12-09T20:23:06","modified_gmt":"2025-12-09T19:23:06","slug":"projecte-interdisciplinar-i-daprenentatge-i-servei","status":"publish","type":"page","link":"https:\/\/agora.xtec.cat\/iesmontserratmiro\/projecte-interdisciplinar-i-daprenentatge-i-servei\/","title":{"rendered":"Projecte interdisciplinar i d&#8217;aprenentatge i servei"},"content":{"rendered":"<p><a href=\"https:\/\/agora.xtec.cat\/iesmontserratmiro\/wp-content\/uploads\/usu2144\/2024\/04\/Viu-Edat-mitjana-2024-3.jpg\"><img loading=\"lazy\" decoding=\"async\" class=\"alignnone  wp-image-4325\" src=\"https:\/\/agora.xtec.cat\/iesmontserratmiro\/wp-content\/uploads\/usu2144\/2024\/04\/Viu-Edat-mitjana-2024-3.jpg\" alt=\"\" width=\"484\" height=\"484\" srcset=\"https:\/\/agora.xtec.cat\/iesmontserratmiro\/wp-content\/uploads\/usu2144\/2024\/04\/Viu-Edat-mitjana-2024-3.jpg 1080w, https:\/\/agora.xtec.cat\/iesmontserratmiro\/wp-content\/uploads\/usu2144\/2024\/04\/Viu-Edat-mitjana-2024-3-300x300.jpg 300w, https:\/\/agora.xtec.cat\/iesmontserratmiro\/wp-content\/uploads\/usu2144\/2024\/04\/Viu-Edat-mitjana-2024-3-1024x1024.jpg 1024w, https:\/\/agora.xtec.cat\/iesmontserratmiro\/wp-content\/uploads\/usu2144\/2024\/04\/Viu-Edat-mitjana-2024-3-150x150.jpg 150w, https:\/\/agora.xtec.cat\/iesmontserratmiro\/wp-content\/uploads\/usu2144\/2024\/04\/Viu-Edat-mitjana-2024-3-768x768.jpg 768w\" sizes=\"auto, (max-width: 484px) 100vw, 484px\" \/><\/a><\/p>\n<p><span style=\"font-weight: 400;\">A l&#8217;Institut Montserrat Mir\u00f3, durant el curs 2022-2023, vam posar en marxa un emocionant projecte interdisciplinari amb un fil conductor com\u00fa: l\u2019Edat Mitjana a Montcada.<\/span><\/p>\n<p><strong>Aquest projecte est\u00e0 dissenyat per als estudiants de 2n d\u2019ESO i involucra diverses \u00e0rees acad\u00e8miques, incloent Ci\u00e8ncies socials, Catal\u00e0, Castell\u00e0, Angl\u00e8s, Educaci\u00f3 F\u00edsica, F\u00edsica i Qu\u00edmica, M\u00fasica, Matem\u00e0tiques, Tecnologia i ViP aix\u00ed com alumnat de diferents nivells educatius que connectem per compartir aprenentatges.<\/strong><\/p>\n<p><span style=\"font-weight: 400;\">La nostra metodologia fomenta l&#8217;adquisici\u00f3 de compet\u00e8ncies b\u00e0siques mitjan\u00e7ant un enfocament que posa l&#8217;\u00e8mfasi en la construcci\u00f3 del propi coneixement. Incentivem l&#8217;\u00fas de processos d&#8217;investigaci\u00f3, promovem el treball cooperatiu i facilitem la comunicaci\u00f3 i el di\u00e0leg.<\/span><\/p>\n<p><span style=\"font-weight: 400;\">A m\u00e9s de complir amb el marc normatiu establert pel DECRET 175\/2022 per als ensenyaments d&#8217;ESO, aquest projecte t\u00e9 com a objectiu principal que els nostres alumnes prenguin consci\u00e8ncia de la realitat immediata del seu municipi i siguin capa\u00e7os d&#8217;identificar elements patrimonials locals que els transportin a l&#8217;\u00e8poca medieval.<\/span><\/p>\n<p><span style=\"font-weight: 400;\">Mitjan\u00e7ant la pregunta central,<strong> &#8220;Montcada i Reixac va existir fa mil anys?&#8221;<\/strong>, els estudiants s&#8217;endinsen en una apassionant exploraci\u00f3 de la hist\u00f2ria local, recopilant evid\u00e8ncies, materials i documents que els permetin descobrir el passat medieval de Montcada.<\/span><\/p>\n<p><span style=\"font-weight: 400;\">A trav\u00e9s d&#8217;aquesta recerca, els alumnes desperten el seu inter\u00e8s pel patrimoni local, la seva preservaci\u00f3 i la comprensi\u00f3 de la seva projecci\u00f3 actual. Elements com el Rec Comtal, els molins fariners, la Torre dels Frares, Can Sans, l&#8217;Ermita de Reixac o figures il\u00b7lustres com Guillem Ramon de Montcada o la Reina Elisenda els guien en la reconstrucci\u00f3 dels diferents aspectes i caracter\u00edstiques d&#8217;aquest per\u00edode hist\u00f2ric sovint menyspreuat, l&#8217;Edat Mitjana.<\/span><\/p>\n<p><span style=\"font-weight: 400;\">A m\u00e9s, els estudiants descobreixen com a Montcada encara es conserven espais i edificis que els transporten a aquella \u00e8poca, o b\u00e9 com altres han desaparegut, per\u00f2 cal preservar-ne la mem\u00f2ria per evitar que caiguin en l&#8217;oblit, com \u00e9s el cas de l&#8217;invencible castell de la fam\u00edlia Montcada, que abans s&#8217;aixecava a la cima d&#8217;una muntanya, ara desapareguda.<\/span><\/p>\n<p><span style=\"font-weight: 400;\"><strong>El Museu Municipal de Montcada<\/strong> \u00e9s una altra font important per a aquest projecte, ja que el seu arxiu documental i material permet als alumnes apropar-se especialment a l&#8217;her\u00e8ncia de la fam\u00edlia noble dels Moncada.<\/span><\/p>\n<p><span style=\"font-weight: 400;\">A m\u00e9s, aquest projecte relaciona l&#8217;aprenentatge amb la tradici\u00f3 i la cultura m\u00e9s propera, utilitzant els gegants de Montcada com a representaci\u00f3 de dos personatges medievals destacats, Guillem Ramon Moncada i la Reina Elisenda Montcada. Aix\u00f2 ofereix una oportunitat addicional per connectar el context hist\u00f2ric amb la cultura popular.<\/span><\/p>\n<p><span style=\"font-weight: 400;\">La culminaci\u00f3 d&#8217;aquest projecte \u00e9s un producte final, una mostra dels aprenentatges adquirits, presentada en forma d&#8217;una fira medieval al pati de l&#8217;institut, on els alumnes de 2n d&#8217;ESO s\u00f3n els protagonistes. Aqu\u00ed, tenen l&#8217;oportunitat de guiar i explicar les seves troballes a les seves pr\u00f2pies fam\u00edlies, que s\u00f3n convidades a aquesta emocionant activitat.<\/span><\/p>\n<p><span style=\"font-weight: 400;\">Aquesta fira medieval inclou una exhibici\u00f3 d&#8217;oficis tradicionals, representacions teatrals de diferents episodis hist\u00f2rics de l&#8217;\u00e8poca medieval de Montcada, actuacions de dansa, poesia trobadoresca, duels de cavallers i acrob\u00e0cies.<\/span><\/p>\n<p><span style=\"font-weight: 400;\">Per ambientar encara m\u00e9s aquesta experi\u00e8ncia de recreaci\u00f3 hist\u00f2rica, comptem amb un grup professional de recreadors que ofereixen una demostraci\u00f3 de l&#8217;equipament dels cavallers i representen duels. Tamb\u00e9 hi ha la pres\u00e8ncia dels gegants de Montcada.<\/span><\/p>\n<p><span style=\"font-weight: 400;\">Volem compartir aquest projecte amb altres centres educatius de Montcada amb l&#8217;objectiu de col\u00b7laborar i enriquir-lo de manera conjunta. Amb aix\u00f2 en ment, preveiem organitzar en un futur una mostra col\u00b7lectiva que podria coincidir amb la fira medieval organitzada per l\u2019associaci\u00f3 de ve\u00efns de Montcada Nova i amb el suport de la regidoria d\u2019educaci\u00f3, el CRP i altres entitats de Montcada.<\/span><\/p>\n<p><span style=\"font-weight: 400;\">Pensem que la hist\u00f2ria de la Montcada Medieval ha de ser apreciada, viscuda i compresa per tothom que resideix i estudia a Montcada. Aix\u00f2 requereix la implicaci\u00f3 de joves que estiguin compromesos amb el seu entorn immediat, que coneguin la realitat que els envolta i que siguin conscients de la traject\u00f2ria del passat. Tot i que les restes i les evid\u00e8ncies d&#8217;aquella \u00e8poca poden haver desaparegut, continuen essent part del nostre present i patrimoni compartit.<\/span><\/p>\n<p><span style=\"font-weight: 400;\">Aquesta col\u00b7laboraci\u00f3 entre centres educatius i altres entitats ens permetr\u00e0 aprofundir en la nostra comprensi\u00f3 del passat medieval de Montcada i refor\u00e7ar el lligam entre la hist\u00f2ria local i les noves generacions.<\/span><\/p>\n<p><span style=\"font-weight: 400;\">La col\u00b7laboraci\u00f3 i l&#8217;aprenentatge conjunt pot permetre als estudiants de diferents centres educatius connectar-se i compartir els seus aprenentatges.Segurament, aquesta experi\u00e8ncia deixar\u00e0 una empremta significativa en els estudiants refor\u00e7ar\u00e0 les relacions entre l\u2019educaci\u00f3 i la comunitat.<\/span><\/p>\n<p><a href=\"https:\/\/agora.xtec.cat\/iesmontserratmiro\/projecte-interdisciplinar-i-daprenentatge-i-servei\/attachment\/captura-de-pantalla-2025-12-09-a-les-20-16-17\/\" rel=\"attachment wp-att-5713\"><img loading=\"lazy\" decoding=\"async\" class=\"alignnone size-full wp-image-5713\" src=\"https:\/\/agora.xtec.cat\/iesmontserratmiro\/wp-content\/uploads\/usu2144\/2025\/12\/Captura-de-pantalla-2025-12-09-a-les-20.16.17.png\" alt=\"\" width=\"2444\" height=\"216\" srcset=\"https:\/\/agora.xtec.cat\/iesmontserratmiro\/wp-content\/uploads\/usu2144\/2025\/12\/Captura-de-pantalla-2025-12-09-a-les-20.16.17.png 2444w, https:\/\/agora.xtec.cat\/iesmontserratmiro\/wp-content\/uploads\/usu2144\/2025\/12\/Captura-de-pantalla-2025-12-09-a-les-20.16.17-300x27.png 300w, https:\/\/agora.xtec.cat\/iesmontserratmiro\/wp-content\/uploads\/usu2144\/2025\/12\/Captura-de-pantalla-2025-12-09-a-les-20.16.17-1024x91.png 1024w, https:\/\/agora.xtec.cat\/iesmontserratmiro\/wp-content\/uploads\/usu2144\/2025\/12\/Captura-de-pantalla-2025-12-09-a-les-20.16.17-768x68.png 768w, https:\/\/agora.xtec.cat\/iesmontserratmiro\/wp-content\/uploads\/usu2144\/2025\/12\/Captura-de-pantalla-2025-12-09-a-les-20.16.17-1536x136.png 1536w, https:\/\/agora.xtec.cat\/iesmontserratmiro\/wp-content\/uploads\/usu2144\/2025\/12\/Captura-de-pantalla-2025-12-09-a-les-20.16.17-2048x181.png 2048w\" sizes=\"auto, (max-width: 2444px) 100vw, 2444px\" \/><\/a><\/p>\n<p><br style=\"font-weight: 400;\" \/><br style=\"font-weight: 400;\" \/><\/p>\n","protected":false},"excerpt":{"rendered":"<p><a href=\"https:\/\/agora.xtec.cat\/iesmontserratmiro\/wp-content\/uploads\/usu2144\/2024\/04\/Viu-Edat-mitjana-2024-3.jpg\"><\/a><br \/>\nA l&#8217;Institut Montserrat Mir\u00f3, durant el curs 2022-2023, vam posar en marxa un emocionant projecte interdisciplinari amb un fil conductor com\u00fa: l\u2019Edat Mitjana a Montcada.<br \/>\nAquest projecte est\u00e0 dissenyat per als estudiants de 2n d\u2019ESO i involucra diverses \u00e0rees acad\u00e8miques, incloent Ci\u00e8ncies socials, Catal\u00e0, Castell\u00e0,&hellip;  <a href=\"https:\/\/agora.xtec.cat\/iesmontserratmiro\/projecte-interdisciplinar-i-daprenentatge-i-servei\/\" title=\"Read Projecte interdisciplinar i d&#8217;aprenentatge i servei\">Llegeix m\u00e9s\u00bb<\/a><\/p>\n","protected":false},"author":1,"featured_media":0,"parent":0,"menu_order":0,"comment_status":"closed","ping_status":"closed","template":"","meta":{"_bbp_topic_count":0,"_bbp_reply_count":0,"_bbp_total_topic_count":0,"_bbp_total_reply_count":0,"_bbp_voice_count":0,"_bbp_anonymous_reply_count":0,"_bbp_topic_count_hidden":0,"_bbp_reply_count_hidden":0,"_bbp_forum_subforum_count":0,"footnotes":""},"class_list":["post-4384","page","type-page","status-publish","hentry"],"post_mailing_queue_ids":[],"_links":{"self":[{"href":"https:\/\/agora.xtec.cat\/iesmontserratmiro\/wp-json\/wp\/v2\/pages\/4384","targetHints":{"allow":["GET"]}}],"collection":[{"href":"https:\/\/agora.xtec.cat\/iesmontserratmiro\/wp-json\/wp\/v2\/pages"}],"about":[{"href":"https:\/\/agora.xtec.cat\/iesmontserratmiro\/wp-json\/wp\/v2\/types\/page"}],"author":[{"embeddable":true,"href":"https:\/\/agora.xtec.cat\/iesmontserratmiro\/wp-json\/wp\/v2\/users\/1"}],"replies":[{"embeddable":true,"href":"https:\/\/agora.xtec.cat\/iesmontserratmiro\/wp-json\/wp\/v2\/comments?post=4384"}],"version-history":[{"count":3,"href":"https:\/\/agora.xtec.cat\/iesmontserratmiro\/wp-json\/wp\/v2\/pages\/4384\/revisions"}],"predecessor-version":[{"id":5715,"href":"https:\/\/agora.xtec.cat\/iesmontserratmiro\/wp-json\/wp\/v2\/pages\/4384\/revisions\/5715"}],"wp:attachment":[{"href":"https:\/\/agora.xtec.cat\/iesmontserratmiro\/wp-json\/wp\/v2\/media?parent=4384"}],"curies":[{"name":"wp","href":"https:\/\/api.w.org\/{rel}","templated":true}]}}