{"id":3633,"date":"2023-06-13T18:46:31","date_gmt":"2023-06-13T16:46:31","guid":{"rendered":"https:\/\/agora.xtec.cat\/iesmontserratmiro\/?page_id=3633"},"modified":"2025-06-17T08:38:21","modified_gmt":"2025-06-17T06:38:21","slug":"llibres-de-text-i-llicencies-digitals-2023-2024","status":"publish","type":"page","link":"https:\/\/agora.xtec.cat\/iesmontserratmiro\/secretaria\/llibres-de-text-i-llicencies-digitals-2023-2024\/","title":{"rendered":"LLIBRES DE TEXT I LLIC\u00c8NCIES DIGITALS 2025-2026"},"content":{"rendered":"<article class=\"post-entry post-entry-type-page post-entry-18486\">\n<header class=\"entry-content-header\"><\/header>\n<\/article>\n<p style=\"text-align: center;\"><strong><span style=\"color: #ff0000;\">\u21d2L&#8217;alumnat NESE B pregunteu a secretaria abans de fer la compra de llibres, llic\u00e8ncies digitals i pagaments TPV Escola<\/span><\/strong><\/p>\n<table style=\"width: 100%; border-collapse: collapse; border-color: #000000; border-style: solid;\">\n<tbody>\n<tr>\n<td style=\"width: 100%; text-align: center;\">\u00a0\u00a0\u00a0\u00a0\u00a0\u00a0\u00a0\u00a0\u00a0\u00a0\u00a0\u00a0 SISTEMA DE COMPRA DELS LLIBRES DE TEXT I LLIC\u00c8NCIES DIGITALS 25-26<\/td>\n<\/tr>\n<\/tbody>\n<\/table>\n<header><\/header>\n<ol>\n<li><strong>LLIBRES DE TEXT<\/strong>: L\u2019AFA del centre ofereix la compra dels llibres de text a trav\u00e9s del servei de reutilitzaci\u00f3 de llibres de l\u2019empresa.<br \/>\n<blockquote>\n<h3><span style=\"color: #ff0000;\"><strong><a style=\"color: #ff0000;\" href=\"https:\/\/agora.xtec.cat\/iesmontserratmiro\/iddink\/\" target=\"_blank\" rel=\"noopener\">\u21d2Iddink.<\/a> (pendent).<\/strong><\/span><\/h3>\n<\/blockquote>\n<\/li>\n<\/ol>\n<p>Tamb\u00e9 podeu consultar el llistat de llibres de text\/llic\u00e8ncies digitals del curs 2025-2026, per si voleu gestionar la compra per un altre sistema, ja sigui a les grans superf\u00edcies, llibreries especialitzades o pel sistema que considereu m\u00e9s adequat.<\/p>\n<blockquote><p><strong style=\"font-family: inherit; font-size: 1em; color: #222222;\">2. LLIC\u00c8NCIES DIGITALS Intermatia <\/strong><span style=\"font-family: inherit; font-size: 1em; color: #222222;\">(Plataforma de treball de Matem\u00e0tiques) <\/span><strong style=\"font-family: inherit; font-size: 1em; color: #222222;\">i Oxford Reading Club OCR<\/strong><span style=\"font-family: inherit; font-size: 1em; color: #222222;\"> (Biblioteca de lectura d&#8217;Angl\u00e8s) amb <\/span><a style=\"font-family: inherit; font-size: 1em;\" href=\"http:\/\/www.tpvescola.com\" target=\"_blank\" rel=\"noopener\">TPV ESCOLA.<\/a><span style=\"font-family: inherit; font-size: 1em; color: #222222;\">(plataforma de gesti\u00f3 de pagaments, autoritzacions i sortides del centre). Rebreu usuari i contrasenya per accedir des del centre.<\/span><\/p><\/blockquote>\n<header><\/header>\n<article class=\"post-entry post-entry-type-page post-entry-18486\">\n<div class=\"entry-content-wrapper clearfix\">\n<div class=\"entry-content\">\n<h3><\/h3>\n<blockquote>\n<h3 style=\"text-align: center;\"><a href=\"https:\/\/agora.xtec.cat\/iesmontserratmiro\/wp-content\/uploads\/usu2144\/2025\/06\/Llibres-ESO-i-BATX-curs-2025-26.pdf\">\u21d2LLISTAT DE LLIBRES DE TEXT I LLIC\u00c8NCIES 25-26<\/a><\/h3>\n<blockquote>\n<h3 style=\"text-align: center;\"><a href=\"https:\/\/agora.xtec.cat\/iesmontserratmiro\/wp-content\/uploads\/usu2144\/2025\/06\/Llibres-ESO-i-BATX-curs-2025-26-1ESO.pdf\">1R ESO<\/a><\/h3>\n<h3 style=\"text-align: center;\"><a href=\"https:\/\/agora.xtec.cat\/iesmontserratmiro\/wp-content\/uploads\/usu2144\/2025\/06\/Llibres-ESO-i-BATX-curs-2025-26-2ESO.pdf\">2N ESO<\/a><\/h3>\n<h3 style=\"text-align: center;\"><a href=\"https:\/\/agora.xtec.cat\/iesmontserratmiro\/wp-content\/uploads\/usu2144\/2025\/06\/Llibres-ESO-i-BATX-curs-2025-26-3ESO.pdf\">3R ESO<\/a><\/h3>\n<h3 style=\"text-align: center;\"><a href=\"https:\/\/agora.xtec.cat\/iesmontserratmiro\/wp-content\/uploads\/usu2144\/2025\/06\/Llibres-ESO-i-BATX-curs-2025-26-4ESO.pdf\">4T ESO<\/a><\/h3>\n<\/blockquote>\n<h3 style=\"text-align: center;\"><a href=\"https:\/\/agora.xtec.cat\/iesmontserratmiro\/wp-content\/uploads\/usu2144\/2025\/06\/Llibres-ESO-i-BATX-curs-2025-26-1BATXHCS.pdf\">1R Batx HMCCSS<\/a><\/h3>\n<h3 style=\"text-align: center;\"><a href=\"https:\/\/agora.xtec.cat\/iesmontserratmiro\/wp-content\/uploads\/usu2144\/2025\/06\/Llibres-ESO-i-BATX-curs-2025-26-1BATXCT.pdf\">1R Batx CT<\/a><\/h3>\n<h3 style=\"text-align: center;\"><a href=\"https:\/\/agora.xtec.cat\/iesmontserratmiro\/wp-content\/uploads\/usu2144\/2025\/06\/Llibres-ESO-i-BATX-curs-2025-26-2BATXHCS.pdf\">2N Batx HMCCSS<\/a><\/h3>\n<h3 style=\"text-align: center;\"><a href=\"https:\/\/agora.xtec.cat\/iesmontserratmiro\/wp-content\/uploads\/usu2144\/2025\/06\/Llibres-ESO-i-BATX-curs-2025-26-2BATXCT.pdf\">2N Batx CT<\/a><\/h3>\n<\/blockquote>\n<h3 style=\"text-align: center;\"><\/h3>\n<p>&nbsp;<\/p>\n<\/div>\n<\/div>\n<\/article>\n<p>&nbsp;<\/p>\n","protected":false},"excerpt":{"rendered":"<p>\u21d2L&#8217;alumnat NESE B pregunteu a secretaria abans de fer la compra de llibres, llic\u00e8ncies digitals i pagaments TPV Escola<\/p>\n<p>\u00a0\u00a0\u00a0\u00a0\u00a0\u00a0\u00a0\u00a0\u00a0\u00a0\u00a0\u00a0 SISTEMA DE COMPRA DELS LLIBRES DE TEXT I LLIC\u00c8NCIES DIGITALS 25-26<\/p>\n<ol>\n<li>LLIBRES DE TEXT: L\u2019AFA del centre ofereix la compra dels llibres de text a trav\u00e9s del&hellip;  <a href=\"https:\/\/agora.xtec.cat\/iesmontserratmiro\/secretaria\/llibres-de-text-i-llicencies-digitals-2023-2024\/\" title=\"Read LLIBRES DE TEXT I LLIC\u00c8NCIES DIGITALS 2025-2026\">Llegeix m\u00e9s\u00bb<\/a><br \/>\n","protected":false},"author":1,"featured_media":0,"parent":81,"menu_order":0,"comment_status":"closed","ping_status":"closed","template":"","meta":{"_bbp_topic_count":0,"_bbp_reply_count":0,"_bbp_total_topic_count":0,"_bbp_total_reply_count":0,"_bbp_voice_count":0,"_bbp_anonymous_reply_count":0,"_bbp_topic_count_hidden":0,"_bbp_reply_count_hidden":0,"_bbp_forum_subforum_count":0,"footnotes":""},"class_list":["post-3633","page","type-page","status-publish","hentry"],"post_mailing_queue_ids":[],"_links":{"self":[{"href":"https:\/\/agora.xtec.cat\/iesmontserratmiro\/wp-json\/wp\/v2\/pages\/3633","targetHints":{"allow":["GET"]}}],"collection":[{"href":"https:\/\/agora.xtec.cat\/iesmontserratmiro\/wp-json\/wp\/v2\/pages"}],"about":[{"href":"https:\/\/agora.xtec.cat\/iesmontserratmiro\/wp-json\/wp\/v2\/types\/page"}],"author":[{"embeddable":true,"href":"https:\/\/agora.xtec.cat\/iesmontserratmiro\/wp-json\/wp\/v2\/users\/1"}],"replies":[{"embeddable":true,"href":"https:\/\/agora.xtec.cat\/iesmontserratmiro\/wp-json\/wp\/v2\/comments?post=3633"}],"version-history":[{"count":6,"href":"https:\/\/agora.xtec.cat\/iesmontserratmiro\/wp-json\/wp\/v2\/pages\/3633\/revisions"}],"predecessor-version":[{"id":5407,"href":"https:\/\/agora.xtec.cat\/iesmontserratmiro\/wp-json\/wp\/v2\/pages\/3633\/revisions\/5407"}],"up":[{"embeddable":true,"href":"https:\/\/agora.xtec.cat\/iesmontserratmiro\/wp-json\/wp\/v2\/pages\/81"}],"wp:attachment":[{"href":"https:\/\/agora.xtec.cat\/iesmontserratmiro\/wp-json\/wp\/v2\/media?parent=3633"}],"curies":[{"name":"wp","href":"https:\/\/api.w.org\/{rel}","templated":true}]}}