{"id":3156,"date":"2023-02-15T09:22:36","date_gmt":"2023-02-15T08:22:36","guid":{"rendered":"https:\/\/agora.xtec.cat\/iesmontserratmiro\/?page_id=3156"},"modified":"2026-02-04T10:30:49","modified_gmt":"2026-02-04T09:30:49","slug":"pau-i-pap-2023","status":"publish","type":"page","link":"https:\/\/agora.xtec.cat\/iesmontserratmiro\/pau-i-pap-2023\/","title":{"rendered":"PAU 2026"},"content":{"rendered":"<h2 style=\"text-align: center;\">\u21d2Informaci\u00f3 d&#8217;acc\u00e9s i admissi\u00f3 a la universitat<\/h2>\n<h2 style=\"text-align: center;\">\u21d2Guia_prematricula_PAU_Alumnat_2nBatx<\/h2>\n<h2 style=\"text-align: center;\"><span style=\"color: #ff0000;\"><a href=\"https:\/\/universitats.gencat.cat\/ca\/preinscripcions\/ponderacions\/index.html\" target=\"_blank\" rel=\"noopener\">\u21d2INFORMACI\u00d3 PONDERACIONS<\/a>\u00a0<\/span><\/h2>\n<p><a href=\"https:\/\/universitats.gencat.cat\/ca\/pau\/index.html\" rel=\"attachment wp-att-5800\"><img loading=\"lazy\" decoding=\"async\" class=\"alignnone wp-image-5800 size-full\" src=\"https:\/\/agora.xtec.cat\/iesmontserratmiro\/wp-content\/uploads\/usu2144\/2026\/02\/Captura-de-pantalla-2026-02-04-102833.png\" alt=\"\" width=\"847\" height=\"804\" srcset=\"https:\/\/agora.xtec.cat\/iesmontserratmiro\/wp-content\/uploads\/usu2144\/2026\/02\/Captura-de-pantalla-2026-02-04-102833.png 847w, https:\/\/agora.xtec.cat\/iesmontserratmiro\/wp-content\/uploads\/usu2144\/2026\/02\/Captura-de-pantalla-2026-02-04-102833-300x285.png 300w, https:\/\/agora.xtec.cat\/iesmontserratmiro\/wp-content\/uploads\/usu2144\/2026\/02\/Captura-de-pantalla-2026-02-04-102833-768x729.png 768w\" sizes=\"auto, (max-width: 847px) 100vw, 847px\" \/><\/a><\/p>\n<p>&nbsp;<\/p>\n<p>&nbsp;<\/p>\n<p><a href=\"https:\/\/agora.xtec.cat\/iesmontserratmiro\/wp-content\/uploads\/usu2144\/2023\/02\/registre_i_prematricula.pdf\"><img loading=\"lazy\" decoding=\"async\" class=\"wp-image-3150 aligncenter\" src=\"https:\/\/agora.xtec.cat\/iesmontserratmiro\/wp-content\/uploads\/usu2144\/2023\/02\/registre_i_prematricula_pages-to-jpg-0001.jpg\" alt=\"\" width=\"813\" height=\"609\" srcset=\"https:\/\/agora.xtec.cat\/iesmontserratmiro\/wp-content\/uploads\/usu2144\/2023\/02\/registre_i_prematricula_pages-to-jpg-0001.jpg 1500w, https:\/\/agora.xtec.cat\/iesmontserratmiro\/wp-content\/uploads\/usu2144\/2023\/02\/registre_i_prematricula_pages-to-jpg-0001-300x225.jpg 300w, https:\/\/agora.xtec.cat\/iesmontserratmiro\/wp-content\/uploads\/usu2144\/2023\/02\/registre_i_prematricula_pages-to-jpg-0001-1024x768.jpg 1024w, https:\/\/agora.xtec.cat\/iesmontserratmiro\/wp-content\/uploads\/usu2144\/2023\/02\/registre_i_prematricula_pages-to-jpg-0001-768x576.jpg 768w, https:\/\/agora.xtec.cat\/iesmontserratmiro\/wp-content\/uploads\/usu2144\/2023\/02\/registre_i_prematricula_pages-to-jpg-0001-200x150.jpg 200w\" sizes=\"auto, (max-width: 813px) 100vw, 813px\" \/><\/a><\/p>\n<p>&nbsp;<\/p>\n<h2><a href=\"https:\/\/universitats.gencat.cat\/ca\/inici\/\" target=\"_blank\" rel=\"noopener\">\u21d2Canal Universitat<\/a><\/h2>\n<p>&nbsp;<\/p>\n<p><span style=\"color: #ff0000;\">PAU:<\/span><\/p>\n<p><a href=\"https:\/\/universitats.gencat.cat\/ca\/proves-acces-PAU-PAP\/sobre-PAU\/que-son-PAU\/\" target=\"_blank\" rel=\"noopener\">Vols fer les PAU?<\/a><\/p>\n<p>Les proves d\u2019acc\u00e9s a la universitat \u00e9s un requisit per a l\u2019estudiant que t\u00e9 el t\u00edtol de batxillerat o equivalent per accedir a les universitats. S\u00f3n an\u00f2nimes i id\u00e8ntiques per a tothom i garanteixen la m\u00e0xima igualtat d\u2019oportunitats a l\u2019estudiant que s\u2019hi presenta. En la coordinaci\u00f3 de la prova hi participen representants de cada una de les universitats p\u00fabliques catalanes, representants del Departament d\u2019Educaci\u00f3 i professorat especialista d\u2019universitats i de batxillerat.<\/p>\n<p>&nbsp;<\/p>\n<p><span style=\"color: #ff0000;\">PAP:<\/span><\/p>\n<p><a class=\"\" title=\"Vols fer la PAP?\" href=\"https:\/\/universitats.gencat.cat\/ca\/proves-acces-PAU-PAP\/sobre-proves-aptitud-personal\/pap-educacio-infantil-primaria\/\" target=\"_blank\" rel=\"noopener\">Vols fer la PAP?<span class=\"sr-only\">.\u00a0<\/span><\/a><\/p>\n<p><a href=\"https:\/\/universitats.gencat.cat\/ca\/proves-acces-PAU-PAP\/sobre-proves-aptitud-personal\/pap-educacio-infantil-primaria\/sobre-PAP\/\"><img loading=\"lazy\" decoding=\"async\" class=\"alignnone wp-image-3053\" src=\"https:\/\/agora.xtec.cat\/iesmontserratmiro\/wp-content\/uploads\/usu2144\/2023\/01\/sobre-les-PAP.png\" alt=\"\" width=\"686\" height=\"332\" srcset=\"https:\/\/agora.xtec.cat\/iesmontserratmiro\/wp-content\/uploads\/usu2144\/2023\/01\/sobre-les-PAP.png 1184w, https:\/\/agora.xtec.cat\/iesmontserratmiro\/wp-content\/uploads\/usu2144\/2023\/01\/sobre-les-PAP-300x145.png 300w, https:\/\/agora.xtec.cat\/iesmontserratmiro\/wp-content\/uploads\/usu2144\/2023\/01\/sobre-les-PAP-1024x496.png 1024w, https:\/\/agora.xtec.cat\/iesmontserratmiro\/wp-content\/uploads\/usu2144\/2023\/01\/sobre-les-PAP-768x372.png 768w\" sizes=\"auto, (max-width: 686px) 100vw, 686px\" \/><\/a><\/p>\n<div class=\"bloc-mobil\">\n<div class=\"descripcio link-dotted\">\n<p>Tots els tr\u00e0mits es realitzen i es consulten al\u00a0<a title=\"Portal d'acc\u00e9s a la universitat\" href=\"https:\/\/accesuniversitat.gencat.cat\/accesuniversitat\/login\" target=\"_blank\" rel=\"noopener\">Portal d&#8217;acc\u00e9s a la universitat<\/a>.<\/p>\n<p>Si el pagament s&#8217;ha efectuat correctament, l&#8217;estat de la teva matr\u00edcula ser\u00e0 &#8220;Matr\u00edcula v\u00e0lida&#8221;. En el cas que gaudeixis d&#8217;una reducci\u00f3 o exempci\u00f3 de l&#8217;import de la taxa, haur\u00e0s d&#8217;incorporar telem\u00e0ticament la documentaci\u00f3 acreditativa a l&#8217;apartat &#8220;Altres dades&#8221; durant el termini de matr\u00edcula.<\/p>\n<\/div>\n<\/div>\n<p>&nbsp;<\/p>\n<p>&nbsp;<\/p>\n","protected":false},"excerpt":{"rendered":"<p>\u21d2Informaci\u00f3 d&#8217;acc\u00e9s i admissi\u00f3 a la universitat<br \/>\n\u21d2Guia_prematricula_PAU_Alumnat_2nBatx<br \/>\n<a href=\"https:\/\/universitats.gencat.cat\/ca\/preinscripcions\/ponderacions\/index.html\" target=\"_blank\" rel=\"noopener\">\u21d2INFORMACI\u00d3 PONDERACIONS<\/a>\u00a0<br \/>\n<a href=\"https:\/\/universitats.gencat.cat\/ca\/pau\/index.html\" rel=\"attachment wp-att-5800\"><\/a><br \/>\n&nbsp;<br \/>\n&nbsp;<br \/>\n<a href=\"https:\/\/agora.xtec.cat\/iesmontserratmiro\/wp-content\/uploads\/usu2144\/2023\/02\/registre_i_prematricula.pdf\"><\/a><br \/>\n&nbsp;<br \/>\n<a href=\"https:\/\/universitats.gencat.cat\/ca\/inici\/\" target=\"_blank\" rel=\"noopener\">\u21d2Canal Universitat<\/a><br \/>\n&nbsp;<br \/>\nPAU:<br \/>\n<a href=\"https:\/\/universitats.gencat.cat\/ca\/proves-acces-PAU-PAP\/sobre-PAU\/que-son-PAU\/\" target=\"_blank\" rel=\"noopener\">Vols fer les PAU?<\/a><br \/>\nLes proves d\u2019acc\u00e9s a la universitat \u00e9s un requisit per a l\u2019estudiant que t\u00e9 el t\u00edtol de batxillerat o equivalent per&hellip;  <a href=\"https:\/\/agora.xtec.cat\/iesmontserratmiro\/pau-i-pap-2023\/\" title=\"Read PAU 2026\">Llegeix m\u00e9s\u00bb<\/a><\/p>\n","protected":false},"author":1,"featured_media":0,"parent":0,"menu_order":0,"comment_status":"closed","ping_status":"closed","template":"","meta":{"_bbp_topic_count":0,"_bbp_reply_count":0,"_bbp_total_topic_count":0,"_bbp_total_reply_count":0,"_bbp_voice_count":0,"_bbp_anonymous_reply_count":0,"_bbp_topic_count_hidden":0,"_bbp_reply_count_hidden":0,"_bbp_forum_subforum_count":0,"footnotes":""},"class_list":["post-3156","page","type-page","status-publish","hentry"],"post_mailing_queue_ids":[],"_links":{"self":[{"href":"https:\/\/agora.xtec.cat\/iesmontserratmiro\/wp-json\/wp\/v2\/pages\/3156","targetHints":{"allow":["GET"]}}],"collection":[{"href":"https:\/\/agora.xtec.cat\/iesmontserratmiro\/wp-json\/wp\/v2\/pages"}],"about":[{"href":"https:\/\/agora.xtec.cat\/iesmontserratmiro\/wp-json\/wp\/v2\/types\/page"}],"author":[{"embeddable":true,"href":"https:\/\/agora.xtec.cat\/iesmontserratmiro\/wp-json\/wp\/v2\/users\/1"}],"replies":[{"embeddable":true,"href":"https:\/\/agora.xtec.cat\/iesmontserratmiro\/wp-json\/wp\/v2\/comments?post=3156"}],"version-history":[{"count":6,"href":"https:\/\/agora.xtec.cat\/iesmontserratmiro\/wp-json\/wp\/v2\/pages\/3156\/revisions"}],"predecessor-version":[{"id":5801,"href":"https:\/\/agora.xtec.cat\/iesmontserratmiro\/wp-json\/wp\/v2\/pages\/3156\/revisions\/5801"}],"wp:attachment":[{"href":"https:\/\/agora.xtec.cat\/iesmontserratmiro\/wp-json\/wp\/v2\/media?parent=3156"}],"curies":[{"name":"wp","href":"https:\/\/api.w.org\/{rel}","templated":true}]}}