{"id":2990,"date":"2023-01-19T12:08:30","date_gmt":"2023-01-19T11:08:30","guid":{"rendered":"https:\/\/agora.xtec.cat\/iesmontserratmiro\/?page_id=2990"},"modified":"2023-01-19T12:15:27","modified_gmt":"2023-01-19T11:15:27","slug":"proves-geso","status":"publish","type":"page","link":"https:\/\/agora.xtec.cat\/iesmontserratmiro\/proves-geso\/","title":{"rendered":"Proves GESO"},"content":{"rendered":"<p><strong>VOLEU OBTENIR EL GRADUAT EN EDUCACI\u00d3 SECUND\u00c0RIA OBLIGAT\u00d2RIA?\u00a0<\/strong><\/p>\n<p>Teniu una altra oportunitat amb les proves GESO.<\/p>\n<p><strong>Per saber-ne m\u00e9s podeu consultar\u00a0<\/strong><a href=\"http:\/\/educacio.gencat.cat\/ca\/serveis-tramits\/proves\/proves-lliures-obtencio-titols\/obtencio-titol-eso\/\" target=\"_blank\" rel=\"noopener noreferrer\"><strong>aquest enlla\u00e7(actualment curs 2022)<\/strong><\/a><\/p>\n<p><strong>Continguts i criteris d\u2019avaluaci\u00f3<\/strong>\u00a0<strong><a href=\"https:\/\/drive.google.com\/file\/d\/1CacbNQ9Now4VlqZx494RDOkA0BJtdIBy\/view?usp=sharing\" target=\"_blank\" rel=\"noopener\">Descarregar PDF<\/a><\/strong><\/p>\n<h3 id=\"h21\">Alumnes que poden presentar-s\u2019hi<\/h3>\n<p>Els tres requisits que han de reunir els alumnes per poder presentar-se a aquestes proves l\u2019any 2023 s\u00f3n:<\/p>\n<ul>\n<li><strong>Haver finalitzat l\u2019ESO l\u2019any 2021 o 2022<\/strong>.<\/li>\n<li><strong>T<\/strong><strong>enir almenys 18 anys o complir-los dins de l\u2019any 2023<\/strong>. Tamb\u00e9 hi pot conc\u00f3rrer l\u2019alumne o alumna que faci els 17 anys l\u2019any 2022 sempre que compleixi alguna de les condicions seg\u00fcents:\n<ul>\n<li>Tenir un contracte laboral que l\u2019impedeixi assistir al centre en r\u00e8gim ordinari.<\/li>\n<li>Trobar-se en proc\u00e9s d\u2019obtenci\u00f3 d\u2019un perm\u00eds de treball (alumnat estranger).<\/li>\n<li>Ser esportista d\u2019alt rendiment.<\/li>\n<\/ul>\n<\/li>\n<li><strong>Haver cursat l\u2019ESO (el quart curs incl\u00f2s) sense haver obtingut el t\u00edtol<\/strong>\u00a0i amb un m\u00e0xim de cinc mat\u00e8ries pendents de qualificaci\u00f3 positiva.<\/li>\n<\/ul>\n<p>En aplicaci\u00f3 d\u2019aquests requisits, queden exclosos de les proves els alumnes inscrits per repetir quart d\u2019ESO en el present curs 2022-2023. En canvi, hi poden conc\u00f3rrer els alumnes que estan matriculats en ensenyaments d\u2019adults o a l\u2019Institut Obert de Catalunya, sempre que compleixin els tres requisits abans esmentats.\u200b<\/p>\n<p><span style=\"font-size: 1.375em; font-weight: bold;\">Inscripci\u00f3 i realitzaci\u00f3 de la prova<\/span><\/p>\n<div id=\"bloc2\" class=\"panel-collapse collapse in\">\n<div class=\"col-xs-12 columna_esquerra\">\n<div class=\"cos_bloc basic_text_peq pd-15\">\n<table class=\"ms-rteTable-5\" width=\"100%\" cellspacing=\"1\" cellpadding=\"3\">\n<tbody>\n<tr class=\"ms-rteTableHeaderRow-5\">\n<th class=\"ms-rteTableHeaderEvenCol-5\" colspan=\"1\" rowspan=\"1\"><strong>TASQUE\u200bS<\/strong><\/th>\n<th class=\"ms-rteTableHeaderOddCol-5\" colspan=\"1\" rowspan=\"1\">\u200b<strong>CALENDARI 2023 (pendent)<\/strong><\/th>\n<\/tr>\n<tr class=\"ms-rteTableOddRow-5\">\n<td class=\"ms-rteTableEvenCol-5\" width=\"60%\">Publicaci\u00f3 al tauler d\u2019anuncis del centre o al seu web dels cont\u200binguts i els criteris d\u2019avaluaci\u00f3 m\u00ednims exigibles per a la superaci\u00f3 de cadascuna de les mat\u00e8ries<\/td>\n<td class=\"ms-rteTableOddCol-5\"><\/td>\n<\/tr>\n<tr class=\"ms-rteTableEvenRow-5\">\n<td class=\"ms-rteTableEvenCol-5\">Termini de presentaci\u00f3 de sol\u00b7licituds d\u2019inscripci\u00f3<\/td>\n<td class=\"ms-rteTableOddCol-5\"><\/td>\n<\/tr>\n<tr class=\"ms-rteTableOddRow-5\">\n<td class=\"ms-rteTableEvenCol-5\">Publicaci\u00f3 al tauler d\u2019anuncis del centre del calendari de les proves i de les llistes d\u2019admesos i exclosos<\/td>\n<td class=\"ms-rteTableOddCol-5\"><\/td>\n<\/tr>\n<tr class=\"ms-rteTableEvenRow-5\">\n<td class=\"ms-rteTableEvenCol-5\">Termini de presentaci\u00f3 de reclamacions a les llistes d\u2019admesos i exclosos<\/td>\n<td class=\"ms-rteTableOddCol-5\"><\/td>\n<\/tr>\n<tr class=\"ms-rteTableOddRow-5\">\n<td class=\"ms-rteTableEvenCol-5\">\u200bRealitzaci\u00f3 de les proves<\/td>\n<td class=\"ms-rteTableOddCol-5\"><\/td>\n<\/tr>\n<\/tbody>\n<\/table>\n<p><strong><a title=\"Descarrega word\" href=\"https:\/\/documents.espai.educacio.gencat.cat\/FormularisModels\/CentresGestioAcademica\/A665.pdf\" target=\"_blank\" rel=\"noopener\"><img decoding=\"async\" class=\"ms-asset-icon ms-rtePosition-4 entered lazyloaded\" src=\"https:\/\/espai.educacio.gencat.cat\/_layouts\/images\/icpdf.png\" alt=\"\" data-lazy-src=\"https:\/\/espai.educacio.gencat.cat\/_layouts\/images\/icpdf.png\" data-ll-status=\"loaded\" \/>Impr\u00e8s de sol\u00b7licitud<\/a>\u00a0<\/strong><\/p>\n<\/div>\n<\/div>\n<\/div>\n","protected":false},"excerpt":{"rendered":"<p>VOLEU OBTENIR EL GRADUAT EN EDUCACI\u00d3 SECUND\u00c0RIA OBLIGAT\u00d2RIA?\u00a0<br \/>\nTeniu una altra oportunitat amb les proves GESO.<br \/>\nPer saber-ne m\u00e9s podeu consultar\u00a0<a href=\"http:\/\/educacio.gencat.cat\/ca\/serveis-tramits\/proves\/proves-lliures-obtencio-titols\/obtencio-titol-eso\/\" target=\"_blank\" rel=\"noopener noreferrer\">aquest enlla\u00e7(actualment curs 2022)<\/a><br \/>\nContinguts i criteris d\u2019avaluaci\u00f3\u00a0<a href=\"https:\/\/drive.google.com\/file\/d\/1CacbNQ9Now4VlqZx494RDOkA0BJtdIBy\/view?usp=sharing\" target=\"_blank\" rel=\"noopener\">Descarregar PDF<\/a><br \/>\nAlumnes que poden presentar-s\u2019hi<br \/>\nEls tres requisits que han de reunir els alumnes per&hellip;  <a href=\"https:\/\/agora.xtec.cat\/iesmontserratmiro\/proves-geso\/\" title=\"Read Proves GESO\">Llegeix m\u00e9s\u00bb<\/a><\/p>\n","protected":false},"author":1,"featured_media":0,"parent":0,"menu_order":0,"comment_status":"closed","ping_status":"closed","template":"","meta":{"_bbp_topic_count":0,"_bbp_reply_count":0,"_bbp_total_topic_count":0,"_bbp_total_reply_count":0,"_bbp_voice_count":0,"_bbp_anonymous_reply_count":0,"_bbp_topic_count_hidden":0,"_bbp_reply_count_hidden":0,"_bbp_forum_subforum_count":0,"footnotes":""},"class_list":["post-2990","page","type-page","status-publish","hentry"],"post_mailing_queue_ids":[],"_links":{"self":[{"href":"https:\/\/agora.xtec.cat\/iesmontserratmiro\/wp-json\/wp\/v2\/pages\/2990","targetHints":{"allow":["GET"]}}],"collection":[{"href":"https:\/\/agora.xtec.cat\/iesmontserratmiro\/wp-json\/wp\/v2\/pages"}],"about":[{"href":"https:\/\/agora.xtec.cat\/iesmontserratmiro\/wp-json\/wp\/v2\/types\/page"}],"author":[{"embeddable":true,"href":"https:\/\/agora.xtec.cat\/iesmontserratmiro\/wp-json\/wp\/v2\/users\/1"}],"replies":[{"embeddable":true,"href":"https:\/\/agora.xtec.cat\/iesmontserratmiro\/wp-json\/wp\/v2\/comments?post=2990"}],"version-history":[{"count":3,"href":"https:\/\/agora.xtec.cat\/iesmontserratmiro\/wp-json\/wp\/v2\/pages\/2990\/revisions"}],"predecessor-version":[{"id":2998,"href":"https:\/\/agora.xtec.cat\/iesmontserratmiro\/wp-json\/wp\/v2\/pages\/2990\/revisions\/2998"}],"wp:attachment":[{"href":"https:\/\/agora.xtec.cat\/iesmontserratmiro\/wp-json\/wp\/v2\/media?parent=2990"}],"curies":[{"name":"wp","href":"https:\/\/api.w.org\/{rel}","templated":true}]}}