{"id":2836,"date":"2022-12-01T12:00:28","date_gmt":"2022-12-01T11:00:28","guid":{"rendered":"https:\/\/agora.xtec.cat\/iesmontserratmiro\/?page_id=2836"},"modified":"2025-10-06T08:52:44","modified_gmt":"2025-10-06T06:52:44","slug":"programa-dinnovacio-educativa-mufps","status":"publish","type":"page","link":"https:\/\/agora.xtec.cat\/iesmontserratmiro\/programa-dinnovacio-educativa-mufps\/","title":{"rendered":"Programa d&#8217;innovaci\u00f3 educativa MUFPS"},"content":{"rendered":"<h3 style=\"text-align: center;\">CURS 2025-26<\/h3>\n<p>Aquest \u00e9s el 4t curs, en el qual seguim desenvolupant el programa d&#8217;innovaci\u00f3 educativa MUFP&#8217;S.<\/p>\n<p>El centre acollir\u00e0 alumnat del M\u00e0ster de Formaci\u00f3 del Professorat de Secund\u00e0ria d&#8217;arreu de Catalunya. Totes les universitats p\u00fabliques i privades poden assignar alumnat de les diferents especials docents al nostre centre per tal de dur a terme el pr\u00e0cticum del m\u00e0ster.<\/p>\n<p>Pr\u00f2ximament, es publicar\u00e0 el dia de la reuni\u00f3 inicial per a l&#8217;alumnat nou del m\u00e0ster.<\/p>\n<h3 style=\"text-align: center;\">CURS 2024-25<\/h3>\n<h4 style=\"text-align: center;\"><span style=\"color: #993366;\">\u21d2<em>REUNI\u00d3 INICIAL ALUMNAT DEL M\u00c0STER DE FORMACI\u00d3 D\u2019EDUCACI\u00d3 SECUND\u00c0RIA 2024-2025: 12\/11\/2024, A LES 9.00\u202fH.\u00a0<\/em><\/span><\/h4>\n<h3><\/h3>\n<h3 style=\"text-align: center;\">CURS 2023-24<\/h3>\n<p>Aquest segon curs hem continuat desenvolupant el programa d&#8217;innovaci\u00f3 educativa MUFP&#8217;S i hem comptat amb la participaci\u00f3 de 8 alumnes en pr\u00e0ctiques de les especialitats Biologia, Tecnologia, Educaci\u00f3 F\u00edsica, Matem\u00e0tiques, Angl\u00e8s i Socials.<\/p>\n<h3><\/h3>\n<h3 style=\"text-align: center;\">CURS 2022-23<\/h3>\n<h3 style=\"text-align: center;\">Des del curs 2022-23, el nostre centre participa en un projecte d&#8217;innovaci\u00f3 educativa del Departament d&#8217;Ensenyament anomenat MUFP&#8217;S.<\/h3>\n<p>La finalitat del Programa d&#8217;innovaci\u00f3 pedag\u00f2gica de Pr\u00e0ctiques del MUFPS en centres educatius \u00e9s millorar i avan\u00e7ar en el model de pr\u00e0ctiques dels estudiants universitaris en centres educatius amb la implicaci\u00f3 directa de la universitat i del centre formador en relaci\u00f3 amb els aspectes qualitatius que caracteritzen la formaci\u00f3 inicial dels nous docents.<\/p>\n<p>Aquest programa t\u00e9 com a objectius:<\/p>\n<ul>\n<li>Assignar valor als centres formadors com a institucions clau en la formaci\u00f3 inicial de la funci\u00f3 docent.<\/li>\n<li>Professionalitzar i recon\u00e8ixer la tasca d\u2019acompanyament dels mentors de centre i dels tutors de les universitats.<\/li>\n<li>Incorporar l\u2019estudiant universitari al centre formador com a agent actiu que col\u00b7labora en el desenvolupament del projecte educatiu de centre, alhora que es retroalimenta per millorar el desenvolupament professional i personal.<\/li>\n<li>Promoure la col\u00b7laboraci\u00f3 en projectes de recerca i de transformaci\u00f3 educativa entre les universitats i els centres formadors.<\/li>\n<\/ul>\n<p>El Programa es crea per aprofundir en la qualitat del model d&#8217;organitzaci\u00f3 i gesti\u00f3 de les pr\u00e0ctiques dels estudiants universitaris en centres educatius que imparteixen educaci\u00f3 secund\u00e0ria, mitjan\u00e7ant la incorporaci\u00f3 de millores en els processos de selecci\u00f3, acompanyament i reconeixement d&#8217;aquests centres, i canvis metodol\u00f2gics orientats a l&#8217;aprenentatge transversal de la professi\u00f3 docent en contextos de treball col\u00b7laboratiu i amb interacci\u00f3 amb l&#8217;entorn.<\/p>\n<p>Aquest curs el nostre centre s&#8217;ha convertit en centre formador d&#8217;alumnat del M\u00e0ster de formaci\u00f3 del professorat de diferents universitats.<\/p>\n<p>Aquesta formaci\u00f3 s&#8217;emmarca dins d&#8217;un programa d&#8217;innovaci\u00f3 educativa (MUFP&#8217;S).<\/p>\n<p>Al llarg de dues setmanes un total de 17 alumnes del m\u00e0ster han estat amb nosaltres per a realitzar la primera fase del seu aprenentatge en context d&#8217;aula.\u00a0Per nosaltres ha estat una experi\u00e8ncia molt enriquidora i gratificant. Els esperem de nou per la 2a fase a principis del 2023!<\/p>\n<p><a href=\"https:\/\/agora.xtec.cat\/iesmontserratmiro\/wp-content\/uploads\/usu2144\/2022\/12\/IMG_6885.jpg\"><img loading=\"lazy\" decoding=\"async\" class=\"alignnone size-full wp-image-2837\" src=\"https:\/\/agora.xtec.cat\/iesmontserratmiro\/wp-content\/uploads\/usu2144\/2022\/12\/IMG_6885.jpg\" alt=\"\" width=\"853\" height=\"640\" srcset=\"https:\/\/agora.xtec.cat\/iesmontserratmiro\/wp-content\/uploads\/usu2144\/2022\/12\/IMG_6885.jpg 853w, https:\/\/agora.xtec.cat\/iesmontserratmiro\/wp-content\/uploads\/usu2144\/2022\/12\/IMG_6885-300x225.jpg 300w, https:\/\/agora.xtec.cat\/iesmontserratmiro\/wp-content\/uploads\/usu2144\/2022\/12\/IMG_6885-768x576.jpg 768w, https:\/\/agora.xtec.cat\/iesmontserratmiro\/wp-content\/uploads\/usu2144\/2022\/12\/IMG_6885-200x150.jpg 200w\" sizes=\"auto, (max-width: 853px) 100vw, 853px\" \/><\/a><\/p>\n","protected":false},"excerpt":{"rendered":"<p>CURS 2025-26<br \/>\nAquest \u00e9s el 4t curs, en el qual seguim desenvolupant el programa d&#8217;innovaci\u00f3 educativa MUFP&#8217;S.<br \/>\nEl centre acollir\u00e0 alumnat del M\u00e0ster de Formaci\u00f3 del Professorat de Secund\u00e0ria d&#8217;arreu de Catalunya. Totes les universitats p\u00fabliques i privades poden assignar alumnat de les diferents especials docents al&hellip;  <a href=\"https:\/\/agora.xtec.cat\/iesmontserratmiro\/programa-dinnovacio-educativa-mufps\/\" title=\"Read Programa d&#8217;innovaci\u00f3 educativa MUFPS\">Llegeix m\u00e9s\u00bb<\/a><\/p>\n","protected":false},"author":1,"featured_media":0,"parent":0,"menu_order":0,"comment_status":"closed","ping_status":"closed","template":"","meta":{"_bbp_topic_count":0,"_bbp_reply_count":0,"_bbp_total_topic_count":0,"_bbp_total_reply_count":0,"_bbp_voice_count":0,"_bbp_anonymous_reply_count":0,"_bbp_topic_count_hidden":0,"_bbp_reply_count_hidden":0,"_bbp_forum_subforum_count":0,"footnotes":""},"class_list":["post-2836","page","type-page","status-publish","hentry"],"post_mailing_queue_ids":[],"_links":{"self":[{"href":"https:\/\/agora.xtec.cat\/iesmontserratmiro\/wp-json\/wp\/v2\/pages\/2836","targetHints":{"allow":["GET"]}}],"collection":[{"href":"https:\/\/agora.xtec.cat\/iesmontserratmiro\/wp-json\/wp\/v2\/pages"}],"about":[{"href":"https:\/\/agora.xtec.cat\/iesmontserratmiro\/wp-json\/wp\/v2\/types\/page"}],"author":[{"embeddable":true,"href":"https:\/\/agora.xtec.cat\/iesmontserratmiro\/wp-json\/wp\/v2\/users\/1"}],"replies":[{"embeddable":true,"href":"https:\/\/agora.xtec.cat\/iesmontserratmiro\/wp-json\/wp\/v2\/comments?post=2836"}],"version-history":[{"count":7,"href":"https:\/\/agora.xtec.cat\/iesmontserratmiro\/wp-json\/wp\/v2\/pages\/2836\/revisions"}],"predecessor-version":[{"id":5579,"href":"https:\/\/agora.xtec.cat\/iesmontserratmiro\/wp-json\/wp\/v2\/pages\/2836\/revisions\/5579"}],"wp:attachment":[{"href":"https:\/\/agora.xtec.cat\/iesmontserratmiro\/wp-json\/wp\/v2\/media?parent=2836"}],"curies":[{"name":"wp","href":"https:\/\/api.w.org\/{rel}","templated":true}]}}