{"id":27,"date":"2014-09-17T16:24:03","date_gmt":"2014-09-17T16:24:03","guid":{"rendered":"http:\/\/agora.xtec.cat\/iesmontserratmiro\/?page_id=27"},"modified":"2021-11-06T11:54:13","modified_gmt":"2021-11-06T10:54:13","slug":"historia","status":"publish","type":"page","link":"https:\/\/agora.xtec.cat\/iesmontserratmiro\/linstitut\/historia\/","title":{"rendered":"Hist\u00f2ria"},"content":{"rendered":"<p>L\u2019Institut Montserrat Mir\u00f3 i Vil\u00e0 compta amb una llarga traject\u00f2ria educativa com a centre p\u00fablic, amb m\u00e9s de 50 anys d\u2019hist\u00f2ria.<\/p>\n<p>Neix a Montcada i Reixac com a institut p\u00fablic l&#8217;any 1970.<\/p>\n<p>El BOE del 24 de juliol de 1970, n\u00ba 176 cont\u00e9 el decreto 2190\/1970 de 9 de juliol on s&#8217;anuncia la creaci\u00f3 d&#8217;un Instituto Nacional de Ense\u00f1anza Media en Montcada-Rexach (Barcelona). El posterior BOE del 24 d&#8217;agost de 1970, n\u00ba 202, p\u00e0g. 13810, anuncia una llista de 60 Institutos Nacionales de Ense\u00f1anza Media que han de comen\u00e7ar la seva activitat administrativa el proper 1 de setembre del 1970, i les activitats acad\u00e8miques l&#8217;1 d&#8217;octubre. En aquesta llista ja s&#8217;esmenta en el n\u00ba 39 el de Montcada-Rexach (Barcelona), mixto. La resta de l&#8217;Ordre del BOE, signada pel sr. Villar Palas\u00ed, Director general de Ense\u00f1anza Media y Profesional, detalla alguns extrems de la presa de posici\u00f3 dels directors i catedr\u00e0tics i professors respectius.<\/p>\n<p>L&#8217;institut s&#8217;ubica al carrer Carrerada, al barri de Montcada Nova. Sorgeix amb la intenci\u00f3 de donar resposta a la necessitat de consolidar un centre p\u00fablic al municipi, ja que fins aleshores l\u2019oferta acad\u00e8mica conjunta de Batxillerat i COU no existia. L\u2019\u00fanic referent de secund\u00e0ria era la Salle Montcada, una escola religiosa on s\u2019estudiava fins a 6\u00e8 de Batxillerat Superior. Si l&#8217;alumnat volia seguir estudis superiors s\u2019havia de despla\u00e7ar a Barcelona, continuant amb la l\u00ednia d\u2019escola religiosa, o a l\u2019 institut de Cerdanyola, fins que no es va inaugurar el nostre centre.<\/p>\n<p>Inici\u00e0 doncs la seva formaci\u00f3 acad\u00e8mica amb els estudis de Batxillerat Elemental i l\u2019antic INBAD (seu de proves especials i d\u2019estudis a dist\u00e0ncia) el curs 1970-71. Es matriculaven alumnes lliures i alumnes de centres externs, com per exemple de Ripollet.<\/p>\n<p>Una vegada consolidats els primers anys, l\u2019institut va comen\u00e7ar a ser el referent de la zona. Alumnes de La Llagosta, Mollet, Santa Perp\u00e8tua, Caldes de Montbui, Poliny\u00e0, Torre Bar\u00f3, etc., formen part dels m\u00e9s de 4000 expedients acad\u00e8mics que t\u00e9 el centre. S&#8217;han impartit classes corresponents a les formacions acad\u00e8miques dels successius sistemes educatius: des del Batxillerat Elemental, el Batxillerat Superior, el COU, el Batxillerat Unificat Polivalent (BUP) i, finalment, amb els actuals sistemes LOGSE i LOE, l\u2019Educaci\u00f3 Secund\u00e0ria Obligat\u00f2ria (ESO) i el Batxillerat. Fins al curs 2008-09 va oferir tamb\u00e9 classes de Batxillerat en r\u00e8gim de nocturn.<\/p>\n<p>Fins al juliol de 1991 el centre no va tenir un nom propi espec\u00edfic. Rebia com a denominaci\u00f3 gen\u00e8rica el d\u2019Institut de Batxillerat que s&#8217;entenia pel context com el propi del municipi i apareixia a vegades com a &#8220;Institut <em>de<\/em> Montcada i Reixac&#8221;. Aleshores l&#8217;Administraci\u00f3 va exigir una denominaci\u00f3 pr\u00f2pia, at\u00e8s que ja hi havia dos instituts p\u00fablics m\u00e9s al municipi. Despr\u00e9s de consultades diverses propostes de la comunitat educativa durant el curs 1990-91 i valorades totes les opcions, finalment es va considerar que el centre mantingu\u00e9s el seu nom vinculat al de la poblaci\u00f3. Aix\u00ed, el 3 de juliol de 1991, al DOGC n\u00fam. 1462, es resol denominar-lo &#8220;Institut Montcada i Reixac&#8221;.<\/p>\n<p>La mort sobtada, l&#8217;any 1999, de la professora Montserrat Mir\u00f3 i Vil\u00e0, una companya nascuda i arrelada al municipi de Montcada i Reixac, va promoure l&#8217;homenatge a la persona per\u00f2 tamb\u00e9 a la tasca de professor d&#8217;institut amb la iniciativa de posar-li el seu nom precisament a l&#8217;institut. Durant el curs 2000\/2001 el centre es passa a denominar &#8220;Institut d\u2019Ensenyament Secundari Montserrat Mir\u00f3 i Vil\u00e0&#8221;, que \u00e9s el que actualment mant\u00e9.<\/p>\n<p>Dels espais del centre destaquem la nostra biblioteca que rep el nom de Biblioteca Elvira Montes des de l\u2019any 2006, en honor d\u2019una professora carism\u00e0tica i emblem\u00e0tica per al centre que va dedicar la seva vida a l\u2019ensenyament de la qu\u00edmica i durant els \u00faltims seus anys va dirigir desinteressadament la biblioteca.<\/p>\n<p>El nostre centre sempre ha treballat amb el comprom\u00eds d\u2019impartir un ensenyament de qualitat i mantenir un bon clima de conviv\u00e8ncia que el propici\u00ef. Comptem, a m\u00e9s, amb un equip de professionals estable i qualificat, en formaci\u00f3 cont\u00ednua, la qual cosa reverteix en una llarga tradici\u00f3 de bons resultats acad\u00e8mics.<\/p>\n<p>Actualment els aproximadament 500 alumnes que hi estudien formen part de l\u2019Ensenyament Secundari Obligatori i el Batxillerat (en les modalitats de Ci\u00e8ncies i Tecnologia, i Humanitats i Ci\u00e8ncies Socials). La plantilla del centre est\u00e0 formada per 50 professors\/es aproximadament i 4 membres del Personal d\u2019Administraci\u00f3 i Serveis, comptant amb un elevat \u00edndex d\u2019estabilitat per part de tots dos sectors.<\/p>\n<p>S\u00f3n molts els joves, adults, professors, mares i pares, personal de consergeria i d\u2019administraci\u00f3, de manteniment i neteja que han passejat pels nostres passadissos, aules i espais m\u00e9s emblem\u00e0tics. En relaci\u00f3 als alumnes, objectiu final de la feina, a hores d&#8217;ara ja comptem en el nostre haver amb un nombre considerable de bons professionals en camps molt diversos com la investigaci\u00f3 cient\u00edfica, les arts esc\u00e8niques i musicals, el m\u00f3n de l&#8217;empresa en general o la pol\u00edtica, i que s\u00f3n el major orgull dels professors de la casa.<\/p>\n<p><a href=\"https:\/\/agora.xtec.cat\/iesmontserratmiro\/wp-content\/uploads\/usu2144\/2021\/11\/0450CC49-C047-4D0B-B82D-3F07F4B56AEB.heic\"><img loading=\"lazy\" decoding=\"async\" class=\"alignnone size-large wp-image-1153\" src=\"https:\/\/agora.xtec.cat\/iesmontserratmiro\/wp-content\/uploads\/usu2144\/2021\/11\/0450CC49-C047-4D0B-B82D-3F07F4B56AEB.heic\" alt=\"\" width=\"1\" height=\"1\" \/><\/a><a href=\"https:\/\/agora.xtec.cat\/iesmontserratmiro\/wp-content\/uploads\/usu2144\/2021\/11\/05-1985-1986-Edifici-2.jpg\"><img loading=\"lazy\" decoding=\"async\" class=\"alignnone  wp-image-1173\" src=\"https:\/\/agora.xtec.cat\/iesmontserratmiro\/wp-content\/uploads\/usu2144\/2021\/11\/05-1985-1986-Edifici-2-1024x694.jpg\" alt=\"\" width=\"379\" height=\"257\" srcset=\"https:\/\/agora.xtec.cat\/iesmontserratmiro\/wp-content\/uploads\/usu2144\/2021\/11\/05-1985-1986-Edifici-2-1024x694.jpg 1024w, https:\/\/agora.xtec.cat\/iesmontserratmiro\/wp-content\/uploads\/usu2144\/2021\/11\/05-1985-1986-Edifici-2-300x203.jpg 300w, https:\/\/agora.xtec.cat\/iesmontserratmiro\/wp-content\/uploads\/usu2144\/2021\/11\/05-1985-1986-Edifici-2-768x521.jpg 768w, https:\/\/agora.xtec.cat\/iesmontserratmiro\/wp-content\/uploads\/usu2144\/2021\/11\/05-1985-1986-Edifici-2-1536x1041.jpg 1536w, https:\/\/agora.xtec.cat\/iesmontserratmiro\/wp-content\/uploads\/usu2144\/2021\/11\/05-1985-1986-Edifici-2.jpg 1959w\" sizes=\"auto, (max-width: 379px) 100vw, 379px\" \/><\/a> \u00a0 <a href=\"https:\/\/agora.xtec.cat\/iesmontserratmiro\/wp-content\/uploads\/usu2144\/2021\/11\/02-1969-Autopista.Montcada-Nova.Riu-Besos-i-Ripoll.jpg\"><img loading=\"lazy\" decoding=\"async\" class=\"alignnone  wp-image-1174\" src=\"https:\/\/agora.xtec.cat\/iesmontserratmiro\/wp-content\/uploads\/usu2144\/2021\/11\/02-1969-Autopista.Montcada-Nova.Riu-Besos-i-Ripoll.jpg\" alt=\"\" width=\"475\" height=\"252\" srcset=\"https:\/\/agora.xtec.cat\/iesmontserratmiro\/wp-content\/uploads\/usu2144\/2021\/11\/02-1969-Autopista.Montcada-Nova.Riu-Besos-i-Ripoll.jpg 486w, https:\/\/agora.xtec.cat\/iesmontserratmiro\/wp-content\/uploads\/usu2144\/2021\/11\/02-1969-Autopista.Montcada-Nova.Riu-Besos-i-Ripoll-300x159.jpg 300w\" sizes=\"auto, (max-width: 475px) 100vw, 475px\" \/><\/a> \u00a0 <a href=\"https:\/\/agora.xtec.cat\/iesmontserratmiro\/wp-content\/uploads\/usu2144\/2021\/11\/03-1970-Edifici-1.jpg\"><img loading=\"lazy\" decoding=\"async\" class=\"alignnone  wp-image-1175\" src=\"https:\/\/agora.xtec.cat\/iesmontserratmiro\/wp-content\/uploads\/usu2144\/2021\/11\/03-1970-Edifici-1.jpg\" alt=\"\" width=\"397\" height=\"249\" srcset=\"https:\/\/agora.xtec.cat\/iesmontserratmiro\/wp-content\/uploads\/usu2144\/2021\/11\/03-1970-Edifici-1.jpg 874w, https:\/\/agora.xtec.cat\/iesmontserratmiro\/wp-content\/uploads\/usu2144\/2021\/11\/03-1970-Edifici-1-300x188.jpg 300w, https:\/\/agora.xtec.cat\/iesmontserratmiro\/wp-content\/uploads\/usu2144\/2021\/11\/03-1970-Edifici-1-768x482.jpg 768w\" sizes=\"auto, (max-width: 397px) 100vw, 397px\" \/><\/a><a href=\"https:\/\/agora.xtec.cat\/iesmontserratmiro\/wp-content\/uploads\/usu2144\/2021\/11\/04-1985-1986-Edifici-1.jpg\"><img loading=\"lazy\" decoding=\"async\" class=\"alignnone  wp-image-1176\" src=\"https:\/\/agora.xtec.cat\/iesmontserratmiro\/wp-content\/uploads\/usu2144\/2021\/11\/04-1985-1986-Edifici-1-1024x574.jpg\" alt=\"\" width=\"575\" height=\"322\" srcset=\"https:\/\/agora.xtec.cat\/iesmontserratmiro\/wp-content\/uploads\/usu2144\/2021\/11\/04-1985-1986-Edifici-1-1024x574.jpg 1024w, https:\/\/agora.xtec.cat\/iesmontserratmiro\/wp-content\/uploads\/usu2144\/2021\/11\/04-1985-1986-Edifici-1-300x168.jpg 300w, https:\/\/agora.xtec.cat\/iesmontserratmiro\/wp-content\/uploads\/usu2144\/2021\/11\/04-1985-1986-Edifici-1-768x431.jpg 768w, https:\/\/agora.xtec.cat\/iesmontserratmiro\/wp-content\/uploads\/usu2144\/2021\/11\/04-1985-1986-Edifici-1-1536x861.jpg 1536w, https:\/\/agora.xtec.cat\/iesmontserratmiro\/wp-content\/uploads\/usu2144\/2021\/11\/04-1985-1986-Edifici-1.jpg 1778w\" sizes=\"auto, (max-width: 575px) 100vw, 575px\" \/><\/a><\/p>\n","protected":false},"excerpt":{"rendered":"<p>L\u2019Institut Montserrat Mir\u00f3 i Vil\u00e0 compta amb una llarga traject\u00f2ria educativa com a centre p\u00fablic, amb m\u00e9s de 50 anys d\u2019hist\u00f2ria.<br \/>\nNeix a Montcada i Reixac com a institut p\u00fablic l&#8217;any 1970.<br \/>\nEl BOE del 24 de juliol de 1970, n\u00ba 176 cont\u00e9 el decreto 2190\/1970 de&hellip;  <a href=\"https:\/\/agora.xtec.cat\/iesmontserratmiro\/linstitut\/historia\/\" title=\"Read Hist\u00f2ria\">Llegeix m\u00e9s\u00bb<\/a><\/p>\n","protected":false},"author":1,"featured_media":0,"parent":19,"menu_order":15,"comment_status":"closed","ping_status":"closed","template":"page-templates\/side-menu.php","meta":{"_bbp_topic_count":0,"_bbp_reply_count":0,"_bbp_total_topic_count":0,"_bbp_total_reply_count":0,"_bbp_voice_count":0,"_bbp_anonymous_reply_count":0,"_bbp_topic_count_hidden":0,"_bbp_reply_count_hidden":0,"_bbp_forum_subforum_count":0,"footnotes":""},"class_list":["post-27","page","type-page","status-publish","hentry"],"post_mailing_queue_ids":[],"_links":{"self":[{"href":"https:\/\/agora.xtec.cat\/iesmontserratmiro\/wp-json\/wp\/v2\/pages\/27","targetHints":{"allow":["GET"]}}],"collection":[{"href":"https:\/\/agora.xtec.cat\/iesmontserratmiro\/wp-json\/wp\/v2\/pages"}],"about":[{"href":"https:\/\/agora.xtec.cat\/iesmontserratmiro\/wp-json\/wp\/v2\/types\/page"}],"author":[{"embeddable":true,"href":"https:\/\/agora.xtec.cat\/iesmontserratmiro\/wp-json\/wp\/v2\/users\/1"}],"replies":[{"embeddable":true,"href":"https:\/\/agora.xtec.cat\/iesmontserratmiro\/wp-json\/wp\/v2\/comments?post=27"}],"version-history":[{"count":2,"href":"https:\/\/agora.xtec.cat\/iesmontserratmiro\/wp-json\/wp\/v2\/pages\/27\/revisions"}],"predecessor-version":[{"id":1178,"href":"https:\/\/agora.xtec.cat\/iesmontserratmiro\/wp-json\/wp\/v2\/pages\/27\/revisions\/1178"}],"up":[{"embeddable":true,"href":"https:\/\/agora.xtec.cat\/iesmontserratmiro\/wp-json\/wp\/v2\/pages\/19"}],"wp:attachment":[{"href":"https:\/\/agora.xtec.cat\/iesmontserratmiro\/wp-json\/wp\/v2\/media?parent=27"}],"curies":[{"name":"wp","href":"https:\/\/api.w.org\/{rel}","templated":true}]}}