{"id":2513,"date":"2022-09-07T19:32:43","date_gmt":"2022-09-07T17:32:43","guid":{"rendered":"https:\/\/agora.xtec.cat\/iesmontserratmiro\/?page_id=2513"},"modified":"2024-10-10T14:30:33","modified_gmt":"2024-10-10T12:30:33","slug":"programa-dinnovacio-educativa-i-servei-de-mediacio","status":"publish","type":"page","link":"https:\/\/agora.xtec.cat\/iesmontserratmiro\/projectes-de-centre\/programa-dinnovacio-educativa-i-servei-de-mediacio\/","title":{"rendered":"#aquiproubullying"},"content":{"rendered":"<h2 style=\"text-align: center;\"><strong><a href=\"https:\/\/agora.xtec.cat\/iesmontserratmiro\/wp-content\/uploads\/usu2144\/2022\/09\/Logo-Aqui-prou-bullying.png\"><img loading=\"lazy\" decoding=\"async\" class=\"wp-image-2514 aligncenter\" src=\"https:\/\/agora.xtec.cat\/iesmontserratmiro\/wp-content\/uploads\/usu2144\/2022\/09\/Logo-Aqui-prou-bullying.png\" alt=\"\" width=\"242\" height=\"54\" srcset=\"https:\/\/agora.xtec.cat\/iesmontserratmiro\/wp-content\/uploads\/usu2144\/2022\/09\/Logo-Aqui-prou-bullying.png 475w, https:\/\/agora.xtec.cat\/iesmontserratmiro\/wp-content\/uploads\/usu2144\/2022\/09\/Logo-Aqui-prou-bullying-300x67.png 300w\" sizes=\"auto, (max-width: 242px) 100vw, 242px\" \/><\/a> <\/strong><\/h2>\n<h2 style=\"text-align: center;\"><strong>Programa d&#8217;Innovaci\u00f3 educativa (#aqu\u00edproubullying) <a href=\"https:\/\/agora.xtec.cat\/iesmontserratmiro\/wp-content\/uploads\/usu2144\/2022\/09\/Logo-Mediacio.png\"><img loading=\"lazy\" decoding=\"async\" class=\"wp-image-2515 aligncenter\" src=\"https:\/\/agora.xtec.cat\/iesmontserratmiro\/wp-content\/uploads\/usu2144\/2022\/09\/Logo-Mediacio.png\" alt=\"\" width=\"158\" height=\"158\" srcset=\"https:\/\/agora.xtec.cat\/iesmontserratmiro\/wp-content\/uploads\/usu2144\/2022\/09\/Logo-Mediacio.png 1080w, https:\/\/agora.xtec.cat\/iesmontserratmiro\/wp-content\/uploads\/usu2144\/2022\/09\/Logo-Mediacio-300x300.png 300w, https:\/\/agora.xtec.cat\/iesmontserratmiro\/wp-content\/uploads\/usu2144\/2022\/09\/Logo-Mediacio-1024x1024.png 1024w, https:\/\/agora.xtec.cat\/iesmontserratmiro\/wp-content\/uploads\/usu2144\/2022\/09\/Logo-Mediacio-150x150.png 150w, https:\/\/agora.xtec.cat\/iesmontserratmiro\/wp-content\/uploads\/usu2144\/2022\/09\/Logo-Mediacio-768x768.png 768w\" sizes=\"auto, (max-width: 158px) 100vw, 158px\" \/><\/a>Servei de mediaci\u00f3<\/strong><\/h2>\n<table style=\"border-collapse: collapse; width: 100%;\">\n<tbody>\n<tr>\n<td style=\"width: 100%; border-style: solid; border-color: #000000; background-color: #61bd2b; text-align: center;\">\r\n\t<div class=\"slideshow_container slideshow_container_style-light\" style=\"height: 300px; \" data-slideshow-id=\"2621\" data-style-name=\"style-light\" data-style-version=\"2.3.1\" >\r\n\r\n\t\t\t\t\t<div class=\"slideshow_loading_icon\"><\/div>\r\n\t\t\r\n\t\t<div class=\"slideshow_content\" style=\"display: none;\">\r\n\r\n\t\t\t<div class=\"slideshow_view\">\r\n\t\t\t\t<div class=\"slideshow_slide slideshow_slide_image\">\r\n\t\t\t\t\t\t\t\t\t\t\t<img src=\"https:\/\/agora.xtec.cat\/iesmontserratmiro\/wp-content\/uploads\/usu2144\/2022\/10\/Xerrada-Families_Presentacio_Equip-de-Convivencia_page-0001.jpg\" alt=\"Xerrada Fam\u00edlies_Presentaci\u00f3_Equip de Conviv\u00e8ncia_page-0001\" width=\"1500\" height=\"844\" \/>\r\n\t\t\t\t\t\t\t\t\t\t<div class=\"slideshow_description_box slideshow_transparent\">\r\n\t\t\t\t\t\t<div class=\"slideshow_title\">Xerrada Fam\u00edlies_Presentaci\u00f3_Equip de Conviv\u00e8ncia_page-0001<\/div>\t\t\t\t\t\t\t\t\t\t\t<\/div>\r\n\t\t\t\t<\/div>\r\n\r\n\t\t\t\t\t\t<div style=\"clear: both;\"><\/div><\/div><div class=\"slideshow_view\">\r\n\t\t\t\t<div class=\"slideshow_slide slideshow_slide_image\">\r\n\t\t\t\t\t\t\t\t\t\t\t<img src=\"https:\/\/agora.xtec.cat\/iesmontserratmiro\/wp-content\/uploads\/usu2144\/2022\/10\/Xerrada-Families_Presentacio_Equip-de-Convivencia_page-0002.jpg\" alt=\"Xerrada Fam\u00edlies_Presentaci\u00f3_Equip de Conviv\u00e8ncia_page-0002\" width=\"1500\" height=\"844\" \/>\r\n\t\t\t\t\t\t\t\t\t\t<div class=\"slideshow_description_box slideshow_transparent\">\r\n\t\t\t\t\t\t<div class=\"slideshow_title\">Xerrada Fam\u00edlies_Presentaci\u00f3_Equip de Conviv\u00e8ncia_page-0002<\/div>\t\t\t\t\t\t\t\t\t\t\t<\/div>\r\n\t\t\t\t<\/div>\r\n\r\n\t\t\t\t\t\t<div style=\"clear: both;\"><\/div><\/div><div class=\"slideshow_view\">\r\n\t\t\t\t<div class=\"slideshow_slide slideshow_slide_image\">\r\n\t\t\t\t\t\t\t\t\t\t\t<img src=\"https:\/\/agora.xtec.cat\/iesmontserratmiro\/wp-content\/uploads\/usu2144\/2022\/10\/Xerrada-Families_Presentacio_Equip-de-Convivencia_page-0003.jpg\" alt=\"Xerrada Fam\u00edlies_Presentaci\u00f3_Equip de Conviv\u00e8ncia_page-0003\" width=\"1500\" height=\"844\" \/>\r\n\t\t\t\t\t\t\t\t\t\t<div class=\"slideshow_description_box slideshow_transparent\">\r\n\t\t\t\t\t\t<div class=\"slideshow_title\">Xerrada Fam\u00edlies_Presentaci\u00f3_Equip de Conviv\u00e8ncia_page-0003<\/div>\t\t\t\t\t\t\t\t\t\t\t<\/div>\r\n\t\t\t\t<\/div>\r\n\r\n\t\t\t\t\t\t<div style=\"clear: both;\"><\/div><\/div><div class=\"slideshow_view\">\r\n\t\t\t\t<div class=\"slideshow_slide slideshow_slide_image\">\r\n\t\t\t\t\t\t\t\t\t\t\t<img src=\"https:\/\/agora.xtec.cat\/iesmontserratmiro\/wp-content\/uploads\/usu2144\/2022\/10\/Xerrada-Families_Presentacio_Equip-de-Convivencia_page-0004.jpg\" alt=\"Xerrada Fam\u00edlies_Presentaci\u00f3_Equip de Conviv\u00e8ncia_page-0004\" width=\"1500\" height=\"844\" \/>\r\n\t\t\t\t\t\t\t\t\t\t<div class=\"slideshow_description_box slideshow_transparent\">\r\n\t\t\t\t\t\t<div class=\"slideshow_title\">Xerrada Fam\u00edlies_Presentaci\u00f3_Equip de Conviv\u00e8ncia_page-0004<\/div>\t\t\t\t\t\t\t\t\t\t\t<\/div>\r\n\t\t\t\t<\/div>\r\n\r\n\t\t\t\t\t\t<div style=\"clear: both;\"><\/div><\/div><div class=\"slideshow_view\">\r\n\t\t\t\t<div class=\"slideshow_slide slideshow_slide_image\">\r\n\t\t\t\t\t\t\t\t\t\t\t<img src=\"https:\/\/agora.xtec.cat\/iesmontserratmiro\/wp-content\/uploads\/usu2144\/2022\/10\/Xerrada-Families_Presentacio_Equip-de-Convivencia_page-0005.jpg\" alt=\"Xerrada Fam\u00edlies_Presentaci\u00f3_Equip de Conviv\u00e8ncia_page-0005\" width=\"1500\" height=\"844\" \/>\r\n\t\t\t\t\t\t\t\t\t\t<div class=\"slideshow_description_box slideshow_transparent\">\r\n\t\t\t\t\t\t<div class=\"slideshow_title\">Xerrada Fam\u00edlies_Presentaci\u00f3_Equip de Conviv\u00e8ncia_page-0005<\/div>\t\t\t\t\t\t\t\t\t\t\t<\/div>\r\n\t\t\t\t<\/div>\r\n\r\n\t\t\t\t\t\t<div style=\"clear: both;\"><\/div><\/div><div class=\"slideshow_view\">\r\n\t\t\t\t<div class=\"slideshow_slide slideshow_slide_image\">\r\n\t\t\t\t\t\t\t\t\t\t\t<img src=\"https:\/\/agora.xtec.cat\/iesmontserratmiro\/wp-content\/uploads\/usu2144\/2022\/10\/Xerrada-Families_Presentacio_Equip-de-Convivencia_page-0006.jpg\" alt=\"Xerrada Fam\u00edlies_Presentaci\u00f3_Equip de Conviv\u00e8ncia_page-0006\" width=\"1500\" height=\"844\" \/>\r\n\t\t\t\t\t\t\t\t\t\t<div class=\"slideshow_description_box slideshow_transparent\">\r\n\t\t\t\t\t\t<div class=\"slideshow_title\">Xerrada Fam\u00edlies_Presentaci\u00f3_Equip de Conviv\u00e8ncia_page-0006<\/div>\t\t\t\t\t\t\t\t\t\t\t<\/div>\r\n\t\t\t\t<\/div>\r\n\r\n\t\t\t\t\t\t<div style=\"clear: both;\"><\/div><\/div><div class=\"slideshow_view\">\r\n\t\t\t\t<div class=\"slideshow_slide slideshow_slide_image\">\r\n\t\t\t\t\t\t\t\t\t\t\t<img src=\"https:\/\/agora.xtec.cat\/iesmontserratmiro\/wp-content\/uploads\/usu2144\/2022\/10\/Xerrada-Families_Presentacio_Equip-de-Convivencia_page-0007.jpg\" alt=\"Xerrada Fam\u00edlies_Presentaci\u00f3_Equip de Conviv\u00e8ncia_page-0007\" width=\"1500\" height=\"844\" \/>\r\n\t\t\t\t\t\t\t\t\t\t<div class=\"slideshow_description_box slideshow_transparent\">\r\n\t\t\t\t\t\t<div class=\"slideshow_title\">Xerrada Fam\u00edlies_Presentaci\u00f3_Equip de Conviv\u00e8ncia_page-0007<\/div>\t\t\t\t\t\t\t\t\t\t\t<\/div>\r\n\t\t\t\t<\/div>\r\n\r\n\t\t\t\t\t\t<div style=\"clear: both;\"><\/div><\/div><div class=\"slideshow_view\">\r\n\t\t\t\t<div class=\"slideshow_slide slideshow_slide_image\">\r\n\t\t\t\t\t\t\t\t\t\t\t<img src=\"https:\/\/agora.xtec.cat\/iesmontserratmiro\/wp-content\/uploads\/usu2144\/2022\/10\/Xerrada-Families_Presentacio_Equip-de-Convivencia_page-0008.jpg\" alt=\"Xerrada Fam\u00edlies_Presentaci\u00f3_Equip de Conviv\u00e8ncia_page-0008\" width=\"1500\" height=\"844\" \/>\r\n\t\t\t\t\t\t\t\t\t\t<div class=\"slideshow_description_box slideshow_transparent\">\r\n\t\t\t\t\t\t<div class=\"slideshow_title\">Xerrada Fam\u00edlies_Presentaci\u00f3_Equip de Conviv\u00e8ncia_page-0008<\/div>\t\t\t\t\t\t\t\t\t\t\t<\/div>\r\n\t\t\t\t<\/div>\r\n\r\n\t\t\t\t\t\t<div style=\"clear: both;\"><\/div><\/div><div class=\"slideshow_view\">\r\n\t\t\t\t<div class=\"slideshow_slide slideshow_slide_image\">\r\n\t\t\t\t\t\t\t\t\t\t\t<img src=\"https:\/\/agora.xtec.cat\/iesmontserratmiro\/wp-content\/uploads\/usu2144\/2022\/10\/Xerrada-Families_Presentacio_Equip-de-Convivencia_page-0009.jpg\" alt=\"Xerrada Fam\u00edlies_Presentaci\u00f3_Equip de Conviv\u00e8ncia_page-0009\" width=\"1500\" height=\"844\" \/>\r\n\t\t\t\t\t\t\t\t\t\t<div class=\"slideshow_description_box slideshow_transparent\">\r\n\t\t\t\t\t\t<div class=\"slideshow_title\">Xerrada Fam\u00edlies_Presentaci\u00f3_Equip de Conviv\u00e8ncia_page-0009<\/div>\t\t\t\t\t\t\t\t\t\t\t<\/div>\r\n\t\t\t\t<\/div>\r\n\r\n\t\t\t\t\t\t<div style=\"clear: both;\"><\/div><\/div><div class=\"slideshow_view\">\r\n\t\t\t\t<div class=\"slideshow_slide slideshow_slide_image\">\r\n\t\t\t\t\t\t\t\t\t\t\t<img src=\"https:\/\/agora.xtec.cat\/iesmontserratmiro\/wp-content\/uploads\/usu2144\/2022\/10\/Xerrada-Families_Presentacio_Equip-de-Convivencia_page-0010.jpg\" alt=\"Xerrada Fam\u00edlies_Presentaci\u00f3_Equip de Conviv\u00e8ncia_page-0010\" width=\"1500\" height=\"844\" \/>\r\n\t\t\t\t\t\t\t\t\t\t<div class=\"slideshow_description_box slideshow_transparent\">\r\n\t\t\t\t\t\t<div class=\"slideshow_title\">Xerrada Fam\u00edlies_Presentaci\u00f3_Equip de Conviv\u00e8ncia_page-0010<\/div>\t\t\t\t\t\t\t\t\t\t\t<\/div>\r\n\t\t\t\t<\/div>\r\n\r\n\t\t\t\t\t\t<div style=\"clear: both;\"><\/div><\/div>\r\n\t\t<\/div>\r\n\r\n\t\t<div class=\"slideshow_controlPanel slideshow_transparent\" style=\"display: none;\"><ul><li class=\"slideshow_togglePlay\" data-play-text=\"Visualitza\" data-pause-text=\"Pausa\"><\/li><\/ul><\/div>\r\n\r\n\t\t<div class=\"slideshow_button slideshow_previous slideshow_transparent\" role=\"button\" data-previous-text=\"Anterior\" style=\"display: none;\"><\/div>\r\n\t\t<div class=\"slideshow_button slideshow_next slideshow_transparent\" role=\"button\" data-next-text=\"Seg\u00fcent\" style=\"display: none;\"><\/div>\r\n\r\n\t\t<div class=\"slideshow_pagination\" style=\"display: none;\" data-go-to-text=\"V\u00e9s a la diapositiva\"><div class=\"slideshow_pagination_center\"><\/div><\/div>\r\n\r\n\t\t<!-- WordPress Slideshow Version 2.3.1 -->\r\n\r\n\t\t\t<\/div>\r\n\r\n<\/td>\n<\/tr>\n<\/tbody>\n<\/table>\n<p>&nbsp;<\/p>\n<p>&nbsp;<\/p>\n<div>A l&#8217;Institut Montserrat Mir\u00f3 i Vil\u00e0 ja fa tres anys que participem amb el programa d&#8217;innovaci\u00f3\u00a0<b>&#8220;Aqu\u00ed prou bullying&#8221;<\/b>, un projecte de prevenci\u00f3, detecci\u00f3 i intervenci\u00f3 davant l&#8217;assetjament amb la participaci\u00f3 de tota la comunitat escolar.<\/div>\n<div><\/div>\n<div>A m\u00e9s a m\u00e9s, disposem d&#8217;un\u00a0<b>Servei de Mediaci\u00f3<\/b>. Formem els alumnes voluntaris perqu\u00e8 puguin col\u00b7laborar amb el manteniment d&#8217;una bona conviv\u00e8ncia del centre, apostant per la cultura del di\u00e0leg i per una gesti\u00f3 positiva dels conflictes.<\/div>\n<div><\/div>\n<div>El Servei va dirigit a tota la comunitat educativa, de manera que tothom qui es trobi en una situaci\u00f3 de conflicte o en detecti alguna, pot comunicar-ho a l&#8217;Equip de Mediaci\u00f3 o a qualsevol professor i comptar amb el nostre ajut.<\/div>\n<div><\/div>\n<div>Tot plegat afavoreix la formaci\u00f3 integral dels alumnes, fomenta una actitud assertiva i uns valors d&#8217;acceptaci\u00f3 de les difer\u00e8ncies, aix\u00ed com tamb\u00e9 desenvolupa habilitats per a gestionar conflictes de manera pac\u00edfica, contribuint al desenvolupament personal i social de l\u2019alumnat.<\/div>\n<div><\/div>\n<div><b>Contacte:\u00a0<a href=\"mailto:mediacio@insmm.org\" target=\"_blank\" rel=\"noopener\">mediacio@insmm.org<\/a><\/b><\/div>\n<div><\/div>\n<div><\/div>\n<div><\/div>\n","protected":false},"excerpt":{"rendered":"<p><a href=\"https:\/\/agora.xtec.cat\/iesmontserratmiro\/wp-content\/uploads\/usu2144\/2022\/09\/Logo-Aqui-prou-bullying.png\"><\/a><br \/>\nPrograma d&#8217;Innovaci\u00f3 educativa (#aqu\u00edproubullying) <a href=\"https:\/\/agora.xtec.cat\/iesmontserratmiro\/wp-content\/uploads\/usu2144\/2022\/09\/Logo-Mediacio.png\"><\/a>Servei de mediaci\u00f3<\/p>\n<p>\t\t\t\t\t\tXerrada Fam\u00edlies_Presentaci\u00f3_Equip de Conviv\u00e8ncia_page-0001\t\t\t\t\t\t\t\t\t\t\t<\/p>\n<p>\t\t\t\t\t\tXerrada Fam\u00edlies_Presentaci\u00f3_Equip de Conviv\u00e8ncia_page-0002\t\t\t\t\t\t\t\t\t\t\t<\/p>\n<p>\t\t\t\t\t\tXerrada Fam\u00edlies_Presentaci\u00f3_Equip de Conviv\u00e8ncia_page-0003\t\t\t\t\t\t\t\t\t\t\t<\/p>\n<p>\t\t\t\t\t\tXerrada Fam\u00edlies_Presentaci\u00f3_Equip de Conviv\u00e8ncia_page-0004\t\t\t\t\t\t\t\t\t\t\t<\/p>\n<p>\t\t\t\t\t\tXerrada Fam\u00edlies_Presentaci\u00f3_Equip de Conviv\u00e8ncia_page-0005\t\t\t\t\t\t\t\t\t\t\t<\/p>\n<p>\t\t\t\t\t\tXerrada Fam\u00edlies_Presentaci\u00f3_Equip de Conviv\u00e8ncia_page-0006\t\t\t\t\t\t\t\t\t\t\t<\/p>\n<p>\t\t\t\t\t\tXerrada Fam\u00edlies_Presentaci\u00f3_Equip de Conviv\u00e8ncia_page-0007\t\t\t\t\t\t\t\t\t\t\t<\/p>\n<p>\t\t\t\t\t\tXerrada Fam\u00edlies_Presentaci\u00f3_Equip de Conviv\u00e8ncia_page-0008\t\t\t\t\t\t\t\t\t\t\t<\/p>\n<p>\t\t\t\t\t\tXerrada Fam\u00edlies_Presentaci\u00f3_Equip de Conviv\u00e8ncia_page-0009\t\t\t\t\t\t\t\t\t\t\t<\/p>\n<p>\t\t\t\t\t\tXerrada Fam\u00edlies_Presentaci\u00f3_Equip de Conviv\u00e8ncia_page-0010\t\t\t\t\t\t\t\t\t\t\t<\/p>\n<ul>\n<li class=\"slideshow_togglePlay\" data-play-text=\"Visualitza\" data-pause-text=\"Pausa\"><\/li>\n<\/ul>\n<p>&nbsp;<br \/>\n&nbsp;<br \/>\nA l&#8217;Institut Montserrat&hellip;  <a href=\"https:\/\/agora.xtec.cat\/iesmontserratmiro\/projectes-de-centre\/programa-dinnovacio-educativa-i-servei-de-mediacio\/\" title=\"Read #aquiproubullying\">Llegeix m\u00e9s\u00bb<\/a><\/p>\n","protected":false},"author":1,"featured_media":0,"parent":1299,"menu_order":0,"comment_status":"closed","ping_status":"closed","template":"","meta":{"_bbp_topic_count":0,"_bbp_reply_count":0,"_bbp_total_topic_count":0,"_bbp_total_reply_count":0,"_bbp_voice_count":0,"_bbp_anonymous_reply_count":0,"_bbp_topic_count_hidden":0,"_bbp_reply_count_hidden":0,"_bbp_forum_subforum_count":0,"footnotes":""},"class_list":["post-2513","page","type-page","status-publish","hentry"],"post_mailing_queue_ids":[],"_links":{"self":[{"href":"https:\/\/agora.xtec.cat\/iesmontserratmiro\/wp-json\/wp\/v2\/pages\/2513","targetHints":{"allow":["GET"]}}],"collection":[{"href":"https:\/\/agora.xtec.cat\/iesmontserratmiro\/wp-json\/wp\/v2\/pages"}],"about":[{"href":"https:\/\/agora.xtec.cat\/iesmontserratmiro\/wp-json\/wp\/v2\/types\/page"}],"author":[{"embeddable":true,"href":"https:\/\/agora.xtec.cat\/iesmontserratmiro\/wp-json\/wp\/v2\/users\/1"}],"replies":[{"embeddable":true,"href":"https:\/\/agora.xtec.cat\/iesmontserratmiro\/wp-json\/wp\/v2\/comments?post=2513"}],"version-history":[{"count":4,"href":"https:\/\/agora.xtec.cat\/iesmontserratmiro\/wp-json\/wp\/v2\/pages\/2513\/revisions"}],"predecessor-version":[{"id":4801,"href":"https:\/\/agora.xtec.cat\/iesmontserratmiro\/wp-json\/wp\/v2\/pages\/2513\/revisions\/4801"}],"up":[{"embeddable":true,"href":"https:\/\/agora.xtec.cat\/iesmontserratmiro\/wp-json\/wp\/v2\/pages\/1299"}],"wp:attachment":[{"href":"https:\/\/agora.xtec.cat\/iesmontserratmiro\/wp-json\/wp\/v2\/media?parent=2513"}],"curies":[{"name":"wp","href":"https:\/\/api.w.org\/{rel}","templated":true}]}}