{"id":2090,"date":"2022-05-10T13:55:47","date_gmt":"2022-05-10T11:55:47","guid":{"rendered":"https:\/\/agora.xtec.cat\/iesmontserratmiro\/?page_id=2090"},"modified":"2025-01-24T14:43:39","modified_gmt":"2025-01-24T13:43:39","slug":"campus-itaca","status":"publish","type":"page","link":"https:\/\/agora.xtec.cat\/iesmontserratmiro\/projectes-de-centre\/campus-itaca\/","title":{"rendered":"Campus \u00edtaca"},"content":{"rendered":"<p>&nbsp;<\/p>\n<div class=\"clear\"><a href=\"https:\/\/agora.xtec.cat\/iesmontserratmiro\/wp-content\/uploads\/usu2144\/2022\/05\/fundacio-campus-itaca.png\"><img loading=\"lazy\" decoding=\"async\" class=\"alignnone size-medium wp-image-2099\" src=\"https:\/\/agora.xtec.cat\/iesmontserratmiro\/wp-content\/uploads\/usu2144\/2022\/05\/fundacio-campus-itaca-300x89.png\" alt=\"\" width=\"300\" height=\"89\" srcset=\"https:\/\/agora.xtec.cat\/iesmontserratmiro\/wp-content\/uploads\/usu2144\/2022\/05\/fundacio-campus-itaca-300x89.png 300w, https:\/\/agora.xtec.cat\/iesmontserratmiro\/wp-content\/uploads\/usu2144\/2022\/05\/fundacio-campus-itaca.png 412w\" sizes=\"auto, (max-width: 300px) 100vw, 300px\" \/><\/a> <a href=\"https:\/\/agora.xtec.cat\/iesmontserratmiro\/wp-content\/uploads\/usu2144\/2022\/05\/campus-itaca.jpg\"><img loading=\"lazy\" decoding=\"async\" class=\"alignnone size-medium wp-image-2100\" src=\"https:\/\/agora.xtec.cat\/iesmontserratmiro\/wp-content\/uploads\/usu2144\/2022\/05\/campus-itaca.jpg\" alt=\"\" width=\"200\" height=\"200\" srcset=\"https:\/\/agora.xtec.cat\/iesmontserratmiro\/wp-content\/uploads\/usu2144\/2022\/05\/campus-itaca.jpg 200w, https:\/\/agora.xtec.cat\/iesmontserratmiro\/wp-content\/uploads\/usu2144\/2022\/05\/campus-itaca-150x150.jpg 150w\" sizes=\"auto, (max-width: 200px) 100vw, 200px\" \/><\/a><a href=\"https:\/\/agora.xtec.cat\/iesmontserratmiro\/wp-content\/uploads\/usu2144\/2022\/05\/Beques_salari_itaca31.jpg\"><img loading=\"lazy\" decoding=\"async\" class=\"alignnone size-full wp-image-2102\" src=\"https:\/\/agora.xtec.cat\/iesmontserratmiro\/wp-content\/uploads\/usu2144\/2022\/05\/Beques_salari_itaca31.jpg\" alt=\"\" width=\"163\" height=\"110\" \/><\/a><\/div>\n<h1><a href=\"https:\/\/www.uab.cat\/web\/campus-itaca\/campus-itaca-juliol-2021-1345838448725.html\"><em><span style=\"color: #ff0000;\">\u00bfQU\u00c8 \u00c9S EL CAMPUS \u00cdTACA?<\/span><\/em><\/a><\/h1>\n<div>El Campus \u00cdtaca es un\u00a0<strong>programa socioeducativo<\/strong>\u00a0de la Universidad Aut\u00f3noma de Barcelona, y patrocinado por el\u00a0<strong>Banco Santander<\/strong>, dirigido a estudiantes de secundaria. Consiste en una\u00a0<strong>estancia en el campus<\/strong>\u00a0durante los meses de junio y julio, organizada en dos turnos de siete d\u00edas cada uno. El alumnado hace una serie de actividades pedag\u00f3gicas y l\u00fadicas que tienen como objetivo incentivarlos a continuar su formaci\u00f3n una vez finalizada la etapa obligatoria. Asimismo, el campus quiere ser un espacio de convivencia entre alumnado de entornos sociales diversos, donde se utiliza el catal\u00e1n como lengua de comunicaci\u00f3n.<\/div>\n<div><\/div>\n<div>Los\u00a0<strong>objetivos\u00a0<\/strong>del programa son:<\/div>\n<ul>\n<li>Dar continuidad a los estudios post-obligatorios una vez finalizada la formaci\u00f3n obligatoria.<\/li>\n<li>Convertirse en un espacio de convivencia entre los chicos y chicas participantes.<\/li>\n<li>Potenciar el uso del catal\u00e1n como lengua vehicular de comunicaci\u00f3n en el Campus.<\/li>\n<\/ul>\n<p><strong>Campus inclusivo<\/strong><\/p>\n<div><\/div>\n<div>La UAB cuenta con la participaci\u00f3n del\u00a0<a href=\"https:\/\/www.uab.cat\/web\/discapacidad-nee-1345780035585.html\" target=\"_blank\" rel=\"noopener\">Servicio de Atenci\u00f3n a la Discapacidad-PIUNE<\/a>\u00a0para la organizaci\u00f3n log\u00edstica y el dise\u00f1o de las actividades de este programa con el fin de garantizar la\u00a0<strong>igualdad de oportunidades y el acceso\u00a0<\/strong>a todos los participantes del Campus \u00cdtaca.<\/div>\n<div><\/div>\n<div><strong>Destinatarios<\/strong><\/div>\n<div><\/div>\n<div>El programa est\u00e1 destinado a\u00a0<strong>chicos y chicas que han terminado 3\u00ba de ESO<\/strong>\u00a0y que durante el pr\u00f3ximo curso, el \u00faltimo de la etapa de educaci\u00f3n obligatoria, deber\u00e1n optar entre acceder al mundo laboral o cursar alg\u00fan m\u00f3dulo profesional de grado medio o bachillerato.<\/div>\n<div><\/div>\n<div>El perfil de alumnado al que se dirige es el de estudiantes con buenas capacidades para los estudios pero que, por su situaci\u00f3n socioecon\u00f3mica y\/o por la falta de referentes adultos cercanos con estudios superiores, se encuentran en una situaci\u00f3n de desventaja educativa .<\/div>\n<div><\/div>\n<div>El \u00e1mbito de actuaci\u00f3n del Campus \u00cdtaca son los institutos p\u00fablicos de\u00a0municipios de la provincia de Barcelona.<\/div>\n<div><\/div>\n<div><strong>Historia del Campus \u00cdtaca<\/strong><\/div>\n<div><\/div>\n<div>El Campus \u00cdtaca nace en 2004, cuando Llu\u00eds Ferrer i Caubet -entonces rector de la UAB-, inspir\u00e1ndose en el proyecto Summer Academy de la Universidad de Strathclyde (Escocia), decidi\u00f3 implementar un proyecto similar con el\u00a0<strong>objetivo de reducir el abandono escolar prematuro y acercar al alumnado a la Universidad<\/strong>. A partir de aqu\u00ed, este proyecto fue organizado desde el 2004 hasta el 2014 por el Instituto de Ciencias de la Educaci\u00f3n. Desde la edici\u00f3n de 2015, la Fundaci\u00f3n Aut\u00f3noma Solidaria es la encargada de la organizaci\u00f3n y la gesti\u00f3n del programa.<\/div>\n<div><\/div>\n<div><\/div>\n<h1><a href=\"https:\/\/agora.xtec.cat\/iesmontserratmiro\/wp-content\/uploads\/usu2144\/2025\/01\/1-Presentacio-nou-model-Campus-Itaca_CI-2025.pdf\">\u21d2 \u00a0\u00a0 M\u00e9s informaci\u00f3 CAMPUS \u00cdTACA 2025<\/a><\/h1>\n<p><a href=\"https:\/\/agora.xtec.cat\/iesmontserratmiro\/wp-content\/uploads\/usu2144\/2025\/01\/presentacio-WEB.jpg\"><img loading=\"lazy\" decoding=\"async\" class=\"alignnone size-full wp-image-5041\" src=\"https:\/\/agora.xtec.cat\/iesmontserratmiro\/wp-content\/uploads\/usu2144\/2025\/01\/presentacio-WEB.jpg\" alt=\"\" width=\"2000\" height=\"1125\" srcset=\"https:\/\/agora.xtec.cat\/iesmontserratmiro\/wp-content\/uploads\/usu2144\/2025\/01\/presentacio-WEB.jpg 2000w, https:\/\/agora.xtec.cat\/iesmontserratmiro\/wp-content\/uploads\/usu2144\/2025\/01\/presentacio-WEB-300x169.jpg 300w, https:\/\/agora.xtec.cat\/iesmontserratmiro\/wp-content\/uploads\/usu2144\/2025\/01\/presentacio-WEB-1024x576.jpg 1024w, https:\/\/agora.xtec.cat\/iesmontserratmiro\/wp-content\/uploads\/usu2144\/2025\/01\/presentacio-WEB-768x432.jpg 768w, https:\/\/agora.xtec.cat\/iesmontserratmiro\/wp-content\/uploads\/usu2144\/2025\/01\/presentacio-WEB-1536x864.jpg 1536w\" sizes=\"auto, (max-width: 2000px) 100vw, 2000px\" \/><\/a><\/p>\n<div><\/div>\n","protected":false},"excerpt":{"rendered":"<p>&nbsp;<br \/>\n<a href=\"https:\/\/agora.xtec.cat\/iesmontserratmiro\/wp-content\/uploads\/usu2144\/2022\/05\/fundacio-campus-itaca.png\"><\/a> <a href=\"https:\/\/agora.xtec.cat\/iesmontserratmiro\/wp-content\/uploads\/usu2144\/2022\/05\/campus-itaca.jpg\"><\/a><a href=\"https:\/\/agora.xtec.cat\/iesmontserratmiro\/wp-content\/uploads\/usu2144\/2022\/05\/Beques_salari_itaca31.jpg\"><\/a><br \/>\n<a href=\"https:\/\/www.uab.cat\/web\/campus-itaca\/campus-itaca-juliol-2021-1345838448725.html\">\u00bfQU\u00c8 \u00c9S EL CAMPUS \u00cdTACA?<\/a><br \/>\nEl Campus \u00cdtaca es un\u00a0programa socioeducativo\u00a0de la Universidad Aut\u00f3noma de Barcelona, y patrocinado por el\u00a0Banco Santander, dirigido a estudiantes de secundaria. Consiste en una\u00a0estancia en el campus\u00a0durante los meses de junio y julio, organizada en dos&hellip;  <a href=\"https:\/\/agora.xtec.cat\/iesmontserratmiro\/projectes-de-centre\/campus-itaca\/\" title=\"Read Campus \u00edtaca\">Llegeix m\u00e9s\u00bb<\/a><\/p>\n","protected":false},"author":1,"featured_media":0,"parent":1299,"menu_order":0,"comment_status":"closed","ping_status":"closed","template":"","meta":{"_bbp_topic_count":0,"_bbp_reply_count":0,"_bbp_total_topic_count":0,"_bbp_total_reply_count":0,"_bbp_voice_count":0,"_bbp_anonymous_reply_count":0,"_bbp_topic_count_hidden":0,"_bbp_reply_count_hidden":0,"_bbp_forum_subforum_count":0,"footnotes":""},"class_list":["post-2090","page","type-page","status-publish","hentry"],"post_mailing_queue_ids":[],"_links":{"self":[{"href":"https:\/\/agora.xtec.cat\/iesmontserratmiro\/wp-json\/wp\/v2\/pages\/2090","targetHints":{"allow":["GET"]}}],"collection":[{"href":"https:\/\/agora.xtec.cat\/iesmontserratmiro\/wp-json\/wp\/v2\/pages"}],"about":[{"href":"https:\/\/agora.xtec.cat\/iesmontserratmiro\/wp-json\/wp\/v2\/types\/page"}],"author":[{"embeddable":true,"href":"https:\/\/agora.xtec.cat\/iesmontserratmiro\/wp-json\/wp\/v2\/users\/1"}],"replies":[{"embeddable":true,"href":"https:\/\/agora.xtec.cat\/iesmontserratmiro\/wp-json\/wp\/v2\/comments?post=2090"}],"version-history":[{"count":6,"href":"https:\/\/agora.xtec.cat\/iesmontserratmiro\/wp-json\/wp\/v2\/pages\/2090\/revisions"}],"predecessor-version":[{"id":5045,"href":"https:\/\/agora.xtec.cat\/iesmontserratmiro\/wp-json\/wp\/v2\/pages\/2090\/revisions\/5045"}],"up":[{"embeddable":true,"href":"https:\/\/agora.xtec.cat\/iesmontserratmiro\/wp-json\/wp\/v2\/pages\/1299"}],"wp:attachment":[{"href":"https:\/\/agora.xtec.cat\/iesmontserratmiro\/wp-json\/wp\/v2\/media?parent=2090"}],"curies":[{"name":"wp","href":"https:\/\/api.w.org\/{rel}","templated":true}]}}