{"id":1392,"date":"2021-12-09T14:17:52","date_gmt":"2021-12-09T13:17:52","guid":{"rendered":"https:\/\/agora.xtec.cat\/iesmontserratmiro\/?page_id=1392"},"modified":"2024-02-28T08:58:18","modified_gmt":"2024-02-28T07:58:18","slug":"aula-dacollida","status":"publish","type":"page","link":"https:\/\/agora.xtec.cat\/iesmontserratmiro\/aula-dacollida\/","title":{"rendered":"Aula d&#8217;acollida"},"content":{"rendered":"<h2><span style=\"color: #ff0000;\">CURS 2023-2024<\/span><\/h2>\n<h3><span style=\"color: #3366ff;\"><a style=\"color: #3366ff;\" href=\"https:\/\/photos.app.goo.gl\/aE91DFtqkKH17Jew9\" target=\"_blank\" rel=\"noopener\">Dia internacional de les lleng\u00fces maternes (21\/02\/2024)<\/a><\/span><\/h3>\n<p><a href=\"https:\/\/agora.xtec.cat\/iesmontserratmiro\/wp-content\/uploads\/usu2144\/2024\/02\/1709028898879.jpg\"><img loading=\"lazy\" decoding=\"async\" class=\"alignnone size-full wp-image-4173\" src=\"https:\/\/agora.xtec.cat\/iesmontserratmiro\/wp-content\/uploads\/usu2144\/2024\/02\/1709028898879.jpg\" alt=\"\" width=\"2040\" height=\"1530\" srcset=\"https:\/\/agora.xtec.cat\/iesmontserratmiro\/wp-content\/uploads\/usu2144\/2024\/02\/1709028898879.jpg 2040w, https:\/\/agora.xtec.cat\/iesmontserratmiro\/wp-content\/uploads\/usu2144\/2024\/02\/1709028898879-300x225.jpg 300w, https:\/\/agora.xtec.cat\/iesmontserratmiro\/wp-content\/uploads\/usu2144\/2024\/02\/1709028898879-1024x768.jpg 1024w, https:\/\/agora.xtec.cat\/iesmontserratmiro\/wp-content\/uploads\/usu2144\/2024\/02\/1709028898879-768x576.jpg 768w, https:\/\/agora.xtec.cat\/iesmontserratmiro\/wp-content\/uploads\/usu2144\/2024\/02\/1709028898879-1536x1152.jpg 1536w, https:\/\/agora.xtec.cat\/iesmontserratmiro\/wp-content\/uploads\/usu2144\/2024\/02\/1709028898879-200x150.jpg 200w\" sizes=\"auto, (max-width: 2040px) 100vw, 2040px\" \/><\/a><\/p>\n<h2><span style=\"color: #ff0000;\">CURS 2021-2022<\/span><\/h2>\n<h4><span style=\"color: #00ff00;\">Dia internacional de les lleng\u00fces maternes<\/span><\/h4>\n<p><em>Avui (21\/02\/2022)\u00a0dia\u00a0internacional de les lleng\u00fces maternes, hem anat al Casal C\u00edvic de Montcada on l&#8217;alumnat de l&#8217;aula d&#8217;acollida del nostre centre, ha parlat de la seva\u00a0llengua\u00a0materna i ha exposat les seves frases fetes. Ha estat una activitat enriquidora tant pel nostre alumnat com pels usuaris del casal, que tamb\u00e9 van exposar les seves frases fetes.<\/em><\/p>\n<p><a href=\"https:\/\/photos.app.goo.gl\/Bc1HL8MdKHpvh45G7\"><img loading=\"lazy\" decoding=\"async\" class=\"alignnone wp-image-1775\" src=\"https:\/\/agora.xtec.cat\/iesmontserratmiro\/wp-content\/uploads\/usu2144\/2022\/03\/IMG-20220304-WA0024-1024x768.jpg\" alt=\"\" width=\"889\" height=\"667\" srcset=\"https:\/\/agora.xtec.cat\/iesmontserratmiro\/wp-content\/uploads\/usu2144\/2022\/03\/IMG-20220304-WA0024-1024x768.jpg 1024w, https:\/\/agora.xtec.cat\/iesmontserratmiro\/wp-content\/uploads\/usu2144\/2022\/03\/IMG-20220304-WA0024-300x225.jpg 300w, https:\/\/agora.xtec.cat\/iesmontserratmiro\/wp-content\/uploads\/usu2144\/2022\/03\/IMG-20220304-WA0024-768x576.jpg 768w, https:\/\/agora.xtec.cat\/iesmontserratmiro\/wp-content\/uploads\/usu2144\/2022\/03\/IMG-20220304-WA0024-1536x1152.jpg 1536w, https:\/\/agora.xtec.cat\/iesmontserratmiro\/wp-content\/uploads\/usu2144\/2022\/03\/IMG-20220304-WA0024-200x150.jpg 200w, https:\/\/agora.xtec.cat\/iesmontserratmiro\/wp-content\/uploads\/usu2144\/2022\/03\/IMG-20220304-WA0024.jpg 1600w\" sizes=\"auto, (max-width: 889px) 100vw, 889px\" \/><\/a><\/p>\n<p>&nbsp;<\/p>\n<h4><span style=\"color: #00ff00;\">Fallat el concurs d&#8217;il\u00b7lustracions de frases fetes:<\/span><\/h4>\n<p><a href=\"https:\/\/www.laveu.cat\/societat.cfm\/id\/604442\/fallat-concurs-d_il%C2%B7lustracions-frases-fetes.htm\"><img loading=\"lazy\" decoding=\"async\" class=\"alignnone wp-image-1749 size-full\" src=\"https:\/\/agora.xtec.cat\/iesmontserratmiro\/wp-content\/uploads\/usu2144\/2022\/03\/montserrat-miro1.jpg\" alt=\"\" width=\"900\" height=\"506\" srcset=\"https:\/\/agora.xtec.cat\/iesmontserratmiro\/wp-content\/uploads\/usu2144\/2022\/03\/montserrat-miro1.jpg 900w, https:\/\/agora.xtec.cat\/iesmontserratmiro\/wp-content\/uploads\/usu2144\/2022\/03\/montserrat-miro1-300x169.jpg 300w, https:\/\/agora.xtec.cat\/iesmontserratmiro\/wp-content\/uploads\/usu2144\/2022\/03\/montserrat-miro1-768x432.jpg 768w\" sizes=\"auto, (max-width: 900px) 100vw, 900px\" \/><\/a><\/p>\n<p>Guanyador del concurs d\u2019il\u00b7lustracions de frases fetes convocat pel Departament d&#8217;Educaci\u00f3 de la Generalitat en el marc del Pla Educatiu d&#8217;Entorn amb el suport de l\u2019Ajuntament i el Servei Local de Catal\u00e0 amb motiu del Dia Internacional de la Llengua Materna, que es commemora el 21 de febrer.<\/p>\n<p>&nbsp;<\/p>\n<h4><span style=\"color: #00ff00;\"><strong>Taller de Nadal:<\/strong><\/span><\/h4>\n<p>El passat dimecres 1 de desembre de 2021, va tenir lloc el taller de Nadal al Casal C\u00edvic de Montcada i Reixac, on l&#8217;alumnat de l&#8217;aula d&#8217;acollida va dissenyar i crear objectes de decoraci\u00f3 nadalenca alhora que els usuaris del Casal\u00a0 van compartir viv\u00e8ncies personals i tradicions catalanes amb l&#8217;alumnat.<\/p>\n<p><a href=\"https:\/\/photos.app.goo.gl\/N8Dc2tjFvAX91KKQ8\" target=\"_blank\" rel=\"noopener\">Aqu\u00ed teniu les fotografies de l&#8217;activitat:<\/a><\/p>\n<p>&nbsp;<\/p>\n<h2><span style=\"color: #ff0000;\">CURS 2019-2020<\/span><\/h2>\n<figure class=\"wp-block-image size-large\"><figcaption>DIA INTERNACIONAL DE LES LLENG\u00fcES MATERNES<\/figcaption><\/figure>\n<p>Per commemorar el Dia Internacional de la Llengua Materna, primer vam inundar el nostre vest\u00edbul amb paraules en les lleng\u00fces dels nostres alumnes (a m\u00e9s a m\u00e9s dels cartells que va enviar l\u2019Ajuntament de Montcada i Reixac). Tamb\u00e9 van anar tots els alumnes d\u2019aula d\u2019acollida a explicar qu\u00e8 \u00e9s el dia de les lleng\u00fces maternes, i cada alumne va explicar quines lleng\u00fces es parlen als seus pa\u00efsos, quines han desaparegut i moltes coses m\u00e9s relacionades amb les seves lleng\u00fces maternes.<\/p>\n<p>Al final vam preguntar a la gent del casal c\u00edvic quines lleng\u00fces coneixen i si coneixen paraules que ja no s\u2019utilitzen. Va ser una experi\u00e8ncia molt enriquidora per les dues bandes. Van participar molt i van sortir una pila de paraules que s\u2019utilitzen a altres parts d\u2019Espanya, dialectes\u2026 Tots vam aprendre.<\/p>\n<p>Aqu\u00ed teniu un enlla\u00e7 a la fotografies que hem penjat a la nostra web<\/p>\n<p><a href=\"https:\/\/photos.app.goo.gl\/4zXpKUGZPKo7HbUt5\" target=\"_blank\" rel=\"noreferrer noopener\">https:\/\/photos.app.goo.gl\/4zXpKUGZPKo7HbUt5<\/a><\/p>\n","protected":false},"excerpt":{"rendered":"<p>CURS 2023-2024<br \/>\n<a style=\"color: #3366ff;\" href=\"https:\/\/photos.app.goo.gl\/aE91DFtqkKH17Jew9\" target=\"_blank\" rel=\"noopener\">Dia internacional de les lleng\u00fces maternes (21\/02\/2024)<\/a><br \/>\n<a href=\"https:\/\/agora.xtec.cat\/iesmontserratmiro\/wp-content\/uploads\/usu2144\/2024\/02\/1709028898879.jpg\"><\/a><br \/>\nCURS 2021-2022<br \/>\nDia internacional de les lleng\u00fces maternes<br \/>\nAvui (21\/02\/2022)\u00a0dia\u00a0internacional de les lleng\u00fces maternes, hem anat al Casal C\u00edvic de Montcada on l&#8217;alumnat de l&#8217;aula d&#8217;acollida del nostre centre, ha parlat de la seva\u00a0llengua\u00a0materna&hellip;  <a href=\"https:\/\/agora.xtec.cat\/iesmontserratmiro\/aula-dacollida\/\" title=\"Read Aula d&#8217;acollida\">Llegeix m\u00e9s\u00bb<\/a><\/p>\n","protected":false},"author":1,"featured_media":0,"parent":0,"menu_order":0,"comment_status":"closed","ping_status":"closed","template":"page-templates\/side-menu.php","meta":{"_bbp_topic_count":0,"_bbp_reply_count":0,"_bbp_total_topic_count":0,"_bbp_total_reply_count":0,"_bbp_voice_count":0,"_bbp_anonymous_reply_count":0,"_bbp_topic_count_hidden":0,"_bbp_reply_count_hidden":0,"_bbp_forum_subforum_count":0,"footnotes":""},"class_list":["post-1392","page","type-page","status-publish","hentry"],"post_mailing_queue_ids":[],"_links":{"self":[{"href":"https:\/\/agora.xtec.cat\/iesmontserratmiro\/wp-json\/wp\/v2\/pages\/1392","targetHints":{"allow":["GET"]}}],"collection":[{"href":"https:\/\/agora.xtec.cat\/iesmontserratmiro\/wp-json\/wp\/v2\/pages"}],"about":[{"href":"https:\/\/agora.xtec.cat\/iesmontserratmiro\/wp-json\/wp\/v2\/types\/page"}],"author":[{"embeddable":true,"href":"https:\/\/agora.xtec.cat\/iesmontserratmiro\/wp-json\/wp\/v2\/users\/1"}],"replies":[{"embeddable":true,"href":"https:\/\/agora.xtec.cat\/iesmontserratmiro\/wp-json\/wp\/v2\/comments?post=1392"}],"version-history":[{"count":6,"href":"https:\/\/agora.xtec.cat\/iesmontserratmiro\/wp-json\/wp\/v2\/pages\/1392\/revisions"}],"predecessor-version":[{"id":4177,"href":"https:\/\/agora.xtec.cat\/iesmontserratmiro\/wp-json\/wp\/v2\/pages\/1392\/revisions\/4177"}],"wp:attachment":[{"href":"https:\/\/agora.xtec.cat\/iesmontserratmiro\/wp-json\/wp\/v2\/media?parent=1392"}],"curies":[{"name":"wp","href":"https:\/\/api.w.org\/{rel}","templated":true}]}}