{"id":1233,"date":"2021-11-11T13:25:56","date_gmt":"2021-11-11T12:25:56","guid":{"rendered":"https:\/\/agora.xtec.cat\/iesmontserratmiro\/?page_id=1233"},"modified":"2023-04-26T13:58:13","modified_gmt":"2023-04-26T11:58:13","slug":"serveis-comunitaris","status":"publish","type":"page","link":"https:\/\/agora.xtec.cat\/iesmontserratmiro\/projecte-curricular-de-centre\/serveis-comunitaris\/","title":{"rendered":"Serveis comunitaris"},"content":{"rendered":"<table style=\"width: 100%; border-collapse: collapse; background-color: #cde653;\">\n<tbody>\n<tr>\n<td style=\"width: 100%;\">\n<h3 style=\"text-align: center;\"><span style=\"color: #ffffff;\"><strong><a style=\"color: #ffffff;\" href=\"http:\/\/xtec.gencat.cat\/ca\/comunitat\/serveicomunitari\/\" target=\"_blank\" rel=\"noopener\">Qu\u00e8 s\u00f3n els serveis comunitaris?<\/a><\/strong><\/span><\/h3>\n<\/td>\n<\/tr>\n<\/tbody>\n<\/table>\n<table style=\"height: 31px; width: 100%; border-collapse: collapse; background-color: #32d1b9;\">\n<tbody>\n<tr style=\"height: 31px;\">\n<td style=\"width: 100%; height: 31px;\">\n<h2 style=\"text-align: center;\"><span style=\"color: #ffffff;\">Els serveis comunitaris al Mir\u00f3<\/span><\/h2>\n<\/td>\n<\/tr>\n<\/tbody>\n<\/table>\n<div><\/div>\n<h3><span style=\"color: #ff0000;\">Cat\u00e0leg dels serveis comunitaris de l&#8217;Institut Montserrat Mir\u00f3 i\u00a0 Vil\u00e0 (Curs 2021-2022)<\/span><\/h3>\n<ol>\n<li>\u201c<strong>Hort Comunitari Mas Duran<\/strong>\u201d, projecte del departament d\u2019inclusi\u00f3 de l\u2019ajuntament de Montcada i Reixac.\u00a0 Els alumnes reben formaci\u00f3 en hort ecol\u00f2gic i valors medioambientals, donen suport a l\u2019hort i els aliments obtinguts es destinen a alguna entitat de recaptaci\u00f3 d\u2019aliments.<\/li>\n<\/ol>\n<h3><a href=\"https:\/\/www.laveu.cat\/noticies.cfm\/id\/604162\/els-horts-comunitaris-eina-promoure-cohesio-social-lagricultura-ecologica.htm\" target=\"_blank\" rel=\"noopener\"><span style=\"color: #9e513c;\">\u21d2Servei comunitari, hort comunitari Parc de la Llacuna<\/span><\/a><\/h3>\n<p><iframe loading=\"lazy\" src=\"\/\/www.youtube.com\/embed\/zNZk-ZHLzhY\" width=\"560\" height=\"314\" allowfullscreen=\"allowfullscreen\"><\/iframe><\/p>\n<p>2. \u201cCreo en ti\u201d projecte de l\u2019entitat <strong>ADIMIR<\/strong> (Associaci\u00f3 de Discapacitats de Montcada i Reixac), on els alumnes participen com a \u201combres\u201d dels nens amb TEA en les activitats socio esportives terap\u00e8utiques de futbol i b\u00e0squet.<\/p>\n<div><strong>\u21d2<a href=\"https:\/\/www.laveu.cat\/esports.cfm\/id\/604018\/la-ub-mir-inicia-projecte-inclusiu-col%C2%B7laboracio-amb-fundacio-adimir-.htm\" target=\"_blank\" rel=\"noopener\">Enlla\u00e7 a la not\u00edcia de La Veu<\/a><br \/>\n<\/strong><\/div>\n<div><\/div>\n<div>Prop d\u2019una desena de nens i nenes d\u2019entre 5 i 10 anys entrenen tots els dilluns, de 18.30 a 19.30h, a la pista de la Zona Esportiva Centre, sota les ordres de dues entrenadores de la UB MiR i els professionals d\u2019Adimir. Com a novetat, el projecte compta enguany amb la participaci\u00f3 d\u2019alumnes de <span style=\"color: #800000;\">l\u2019INS Montserrat Mir\u00f3<\/span> que estan fent el servei comunitari, incl\u00f3s en el curr\u00edculum escolar.<\/div>\n<div>Ib\u00e1\u00f1ez ha posat en valor la col\u00b7laboraci\u00f3 dels voluntaris de l\u2019institut, que han rebut una formaci\u00f3 espec\u00edfica per tractar infants de l\u2019espectre autista. <strong>\u201cEns agrada treballar en xarxa amb altres entitats de la ciutat perqu\u00e8 \u00e9s una manera d\u2019implicar el teixit associatiu en la nostra fundaci\u00f3 i donar-nos a con\u00e8ixer\u201d<\/strong>, ha manifestat Ib\u00e1\u00f1ez.<\/div>\n<div>Les entrenadores del nou grup, Laia Jim\u00e9nez i Ana Parra, s\u2019han mostrat molt il\u00b7lusionades. <strong>\u201cQuan ens van proposar entrenar l\u2019equip inclusiu, vam acceptar de seguida. El que m\u00e9s m\u2019omple \u00e9s veure les seves cares de felicitat a la pista\u201d<\/strong>, assegura Ana. Per a Laia, aquest projecte \u00e9s molt enriquidor:<strong> \u201cM\u2019ha canviat completament la imatge que tenia dels infants amb trastorn autista. S\u00f3n nens com qualsevol altre que volen jugar i passar-s\u2019ho b\u00e9\u201d<\/strong>.<\/div>\n<div>\n<h2><a href=\"https:\/\/agora.xtec.cat\/iesmontserratmiro\/wp-content\/uploads\/usu2144\/2021\/11\/esp-basquet-adimir-2.jpg\"><img loading=\"lazy\" decoding=\"async\" class=\"alignnone wp-image-1368\" src=\"https:\/\/agora.xtec.cat\/iesmontserratmiro\/wp-content\/uploads\/usu2144\/2021\/11\/esp-basquet-adimir-2.jpg\" alt=\"\" width=\"401\" height=\"432\" srcset=\"https:\/\/agora.xtec.cat\/iesmontserratmiro\/wp-content\/uploads\/usu2144\/2021\/11\/esp-basquet-adimir-2.jpg 835w, https:\/\/agora.xtec.cat\/iesmontserratmiro\/wp-content\/uploads\/usu2144\/2021\/11\/esp-basquet-adimir-2-278x300.jpg 278w, https:\/\/agora.xtec.cat\/iesmontserratmiro\/wp-content\/uploads\/usu2144\/2021\/11\/esp-basquet-adimir-2-768x828.jpg 768w\" sizes=\"auto, (max-width: 401px) 100vw, 401px\" \/><\/a><\/h2>\n<\/div>\n<p><a href=\"https:\/\/agora.xtec.cat\/iesmontserratmiro\/wp-content\/uploads\/usu2144\/2021\/11\/noticias-F-Adimir-octubre-2021-FORMACION-TEA-CON-MIRO-2-parte_page-0001-725x1024-1.jpg\"><img loading=\"lazy\" decoding=\"async\" class=\"wp-image-1242 alignleft\" src=\"https:\/\/agora.xtec.cat\/iesmontserratmiro\/wp-content\/uploads\/usu2144\/2021\/11\/noticias-F-Adimir-octubre-2021-FORMACION-TEA-CON-MIRO-2-parte_page-0001-725x1024-1.jpg\" alt=\"\" width=\"449\" height=\"634\" srcset=\"https:\/\/agora.xtec.cat\/iesmontserratmiro\/wp-content\/uploads\/usu2144\/2021\/11\/noticias-F-Adimir-octubre-2021-FORMACION-TEA-CON-MIRO-2-parte_page-0001-725x1024-1.jpg 725w, https:\/\/agora.xtec.cat\/iesmontserratmiro\/wp-content\/uploads\/usu2144\/2021\/11\/noticias-F-Adimir-octubre-2021-FORMACION-TEA-CON-MIRO-2-parte_page-0001-725x1024-1-212x300.jpg 212w\" sizes=\"auto, (max-width: 449px) 100vw, 449px\" \/><\/a><\/p>\n<p>&nbsp;<\/p>\n<p><a href=\"https:\/\/agora.xtec.cat\/iesmontserratmiro\/wp-content\/uploads\/usu2144\/2021\/11\/noticias-F-Adimir-octubre-2021-FORMACION-TEA-CON-MIRO-2-parte_page-0002-2-725x1024-1.jpg\"><img loading=\"lazy\" decoding=\"async\" class=\"alignnone wp-image-1243\" src=\"https:\/\/agora.xtec.cat\/iesmontserratmiro\/wp-content\/uploads\/usu2144\/2021\/11\/noticias-F-Adimir-octubre-2021-FORMACION-TEA-CON-MIRO-2-parte_page-0002-2-725x1024-1.jpg\" alt=\"\" width=\"476\" height=\"672\" srcset=\"https:\/\/agora.xtec.cat\/iesmontserratmiro\/wp-content\/uploads\/usu2144\/2021\/11\/noticias-F-Adimir-octubre-2021-FORMACION-TEA-CON-MIRO-2-parte_page-0002-2-725x1024-1.jpg 725w, https:\/\/agora.xtec.cat\/iesmontserratmiro\/wp-content\/uploads\/usu2144\/2021\/11\/noticias-F-Adimir-octubre-2021-FORMACION-TEA-CON-MIRO-2-parte_page-0002-2-725x1024-1-212x300.jpg 212w\" sizes=\"auto, (max-width: 476px) 100vw, 476px\" \/><\/a><\/p>\n<p><strong>3. Servei PASSA<\/strong> (Punt d\u2019informaci\u00f3 i Assessorament en Adiccions), projecte de l\u2019ajuntament de Montcada i Reixac). Els alumnes treballen diferents adiccions (pantalles, alcohol, tabac, cannabis\u2026) i despr\u00e9s fan un video preventiu per sensibilitzar la poblaci\u00f3.<\/p>\n<p><strong>4. Acompanyament Gent Gran<\/strong>. projecte del <strong>Casal C\u00edvic<\/strong>. Els alumnes acompanyen en activitats com jocs de taula,trobades amb valor, ajuden amb els dubtes amb el m\u00f2bil, i tamb\u00e9 ajuden a l\u2019hort del casal.<\/p>\n<p><a href=\"https:\/\/photos.app.goo.gl\/WT7s574JxiSPQiuS7\" target=\"_blank\" rel=\"noopener\"><img loading=\"lazy\" decoding=\"async\" class=\"alignnone wp-image-1777\" src=\"https:\/\/agora.xtec.cat\/iesmontserratmiro\/wp-content\/uploads\/usu2144\/2022\/03\/IMG-20220304-WA0028-768x1024.jpg\" alt=\"\" width=\"561\" height=\"748\" srcset=\"https:\/\/agora.xtec.cat\/iesmontserratmiro\/wp-content\/uploads\/usu2144\/2022\/03\/IMG-20220304-WA0028-768x1024.jpg 768w, https:\/\/agora.xtec.cat\/iesmontserratmiro\/wp-content\/uploads\/usu2144\/2022\/03\/IMG-20220304-WA0028-225x300.jpg 225w, https:\/\/agora.xtec.cat\/iesmontserratmiro\/wp-content\/uploads\/usu2144\/2022\/03\/IMG-20220304-WA0028-1152x1536.jpg 1152w, https:\/\/agora.xtec.cat\/iesmontserratmiro\/wp-content\/uploads\/usu2144\/2022\/03\/IMG-20220304-WA0028.jpg 1200w\" sizes=\"auto, (max-width: 561px) 100vw, 561px\" \/><\/a><\/p>\n<p><strong>5. Dinamitzaci\u00f3 i promoci\u00f3 del korfball. <\/strong>Els participants realitzaran tasques de suport a l\u2019activitat extraescolar de korfball, difusi\u00f3, promoci\u00f3, arbitratge\u2026 amb l\u2019Associaci\u00f3 Esportiva de l\u2019institut. (Ins. Montserrat Mir\u00f3 i Vil\u00e0, Montcada i Reixac).<\/p>\n<p><strong>6. Dinamitzaci\u00f3 i promoci\u00f3 de l\u2019esport i altres activitats a les hores del pati. <\/strong>Els participants realitzaran tasques de difusi\u00f3, promoci\u00f3, arbitratge, jocs de ball tipus \u201ctic toc\u201d, tallers de m\u00fasica i d\u2019art amb el departament d\u2019Educaci\u00f3 F\u00edsica de l\u2019institut.<\/p>\n<p><strong>7. \u201cLectura Assistida\u201d<\/strong> a l\u2019escola <strong>El Tur\u00f3. <\/strong>Els alumnes ajuden els alumnes de prim\u00e0ria a millorar la seva t\u00e8cnica i h\u00e0bits lectors.<\/p>\n<p>Aquest 1r trimestre alguns estudiants de 4t d\u2019ESO del nostre centre passaran 10 h als grups de P3, P4, 1r, 2n i 3r del CEIP El Tur\u00f3 de Montcada , ajudant les mestres i refor\u00e7ant la lectura.<\/p>\n<p><a href=\"https:\/\/agora.xtec.cat\/iesmontserratmiro\/wp-content\/uploads\/usu2144\/2021\/11\/IMG_2216-2.jpg\"><img loading=\"lazy\" decoding=\"async\" class=\"alignnone size-large wp-image-1235\" src=\"https:\/\/agora.xtec.cat\/iesmontserratmiro\/wp-content\/uploads\/usu2144\/2021\/11\/IMG_2216-2-1024x1024.jpg\" alt=\"\" width=\"1024\" height=\"1024\" srcset=\"https:\/\/agora.xtec.cat\/iesmontserratmiro\/wp-content\/uploads\/usu2144\/2021\/11\/IMG_2216-2-1024x1024.jpg 1024w, https:\/\/agora.xtec.cat\/iesmontserratmiro\/wp-content\/uploads\/usu2144\/2021\/11\/IMG_2216-2-300x300.jpg 300w, https:\/\/agora.xtec.cat\/iesmontserratmiro\/wp-content\/uploads\/usu2144\/2021\/11\/IMG_2216-2-150x150.jpg 150w, https:\/\/agora.xtec.cat\/iesmontserratmiro\/wp-content\/uploads\/usu2144\/2021\/11\/IMG_2216-2-768x768.jpg 768w, https:\/\/agora.xtec.cat\/iesmontserratmiro\/wp-content\/uploads\/usu2144\/2021\/11\/IMG_2216-2-1536x1536.jpg 1536w, https:\/\/agora.xtec.cat\/iesmontserratmiro\/wp-content\/uploads\/usu2144\/2021\/11\/IMG_2216-2.jpg 1920w\" sizes=\"auto, (max-width: 1024px) 100vw, 1024px\" \/><\/a><\/p>\n<p><strong>8. \u201cLectura Assistida\u201d<\/strong> a l\u2019escola <strong>Font Freda. <\/strong>Els alumnes ajuden els alumnes de prim\u00e0ria a millorar la seva t\u00e8cnica i h\u00e0bits lectors.<\/p>\n<p><iframe loading=\"lazy\" src=\"\/\/www.youtube.com\/embed\/HynSwFPdHm4\" width=\"560\" height=\"314\" allowfullscreen=\"allowfullscreen\"><\/iframe><\/p>\n<p><a href=\"https:\/\/www.laveu.cat\/tv.cfm\/id\/604865\/alumnes-l_ins-m-miro-fan-padrins-lectura-infants-l_escola-font-freda.htm\" target=\"_blank\" rel=\"noopener\">Not\u00edcia publicada a la veu.cat<\/a><\/p>\n<p><strong>9.\u00a0<\/strong> <strong>\u201cAqu\u00ed prou bulling\u201d, <\/strong>els alumnes actuen com a guaites per buscar, detectar i aturar possibles situacions d\u2019assetjament i altres accions que dificultin les relacions entre iguals.<\/p>\n<p><strong>10. Joves per la diversitat, <\/strong>projecte de <strong>Can Tauler,<\/strong> on els alumnes fan diferents accions en l\u2019\u00e0mbit de la interculturalitat, conviv\u00e8ncia, acollida i diversitat.<\/p>\n<p><strong>11. Voluntariat per la llengua, <\/strong>projecte on els alumnes conversen en catal\u00e0 amb alumnes d\u2019aula d\u2019acollida del nostre institut.<\/p>\n<p><strong>12. Joves per la natura, <\/strong>projecte de l\u2019entitat <strong>La Horda.<\/strong><\/p>\n<h3><a href=\"https:\/\/www.laveu.cat\/societat.cfm\/id\/604485\/_joves-natura_-engresca-cinquantena-d_alumnes-secundaria.htm\" target=\"_blank\" rel=\"noopener\">\u21d2&#8217;Joves per la natura&#8217; engresca una cinquantena d&#8217;alumnes de secund\u00e0ria\u00a0<\/a><\/h3>\n<p><a href=\"https:\/\/photos.app.goo.gl\/JhkfbHRpdf2sJp579\"><img loading=\"lazy\" decoding=\"async\" class=\"alignnone wp-image-1776 \" src=\"https:\/\/agora.xtec.cat\/iesmontserratmiro\/wp-content\/uploads\/usu2144\/2022\/03\/WhatsApp-Image-2022-03-02-at-13.08.29-2-768x1024.jpeg\" alt=\"\" width=\"490\" height=\"653\" srcset=\"https:\/\/agora.xtec.cat\/iesmontserratmiro\/wp-content\/uploads\/usu2144\/2022\/03\/WhatsApp-Image-2022-03-02-at-13.08.29-2-768x1024.jpeg 768w, https:\/\/agora.xtec.cat\/iesmontserratmiro\/wp-content\/uploads\/usu2144\/2022\/03\/WhatsApp-Image-2022-03-02-at-13.08.29-2-225x300.jpeg 225w, https:\/\/agora.xtec.cat\/iesmontserratmiro\/wp-content\/uploads\/usu2144\/2022\/03\/WhatsApp-Image-2022-03-02-at-13.08.29-2-1152x1536.jpeg 1152w, https:\/\/agora.xtec.cat\/iesmontserratmiro\/wp-content\/uploads\/usu2144\/2022\/03\/WhatsApp-Image-2022-03-02-at-13.08.29-2.jpeg 1536w\" sizes=\"auto, (max-width: 490px) 100vw, 490px\" \/><\/a><\/p>\n<h3><span style=\"color: #ff0000;\"><a style=\"color: #ff0000;\" href=\"https:\/\/photos.app.goo.gl\/JhkfbHRpdf2sJp579\" target=\"_blank\" rel=\"noopener\">M\u00e9s fotografies<\/a><\/span><\/h3>\n<p><em>Els alumnes fan tasques de manteniment, neteja i adequaci\u00f3 de l\u2019entorn. Tamb\u00e9 es realitzaran presses d\u2019aigua del riu Ripoll per<\/em><br \/>\n<em>estudiar-ne la qualitat.<\/em><\/p>\n<p>&nbsp;<\/p>\n","protected":false},"excerpt":{"rendered":"<p><a style=\"color: #ffffff;\" href=\"http:\/\/xtec.gencat.cat\/ca\/comunitat\/serveicomunitari\/\" target=\"_blank\" rel=\"noopener\">Qu\u00e8 s\u00f3n els serveis comunitaris?<\/a><\/p>\n<p>Els serveis comunitaris al Mir\u00f3<\/p>\n<p>Cat\u00e0leg dels serveis comunitaris de l&#8217;Institut Montserrat Mir\u00f3 i\u00a0 Vil\u00e0 (Curs 2021-2022)<\/p>\n<ol>\n<li>\u201cHort Comunitari Mas Duran\u201d, projecte del departament d\u2019inclusi\u00f3 de l\u2019ajuntament de Montcada i Reixac.\u00a0 Els alumnes reben formaci\u00f3 en hort ecol\u00f2gic&hellip;  <a href=\"https:\/\/agora.xtec.cat\/iesmontserratmiro\/projecte-curricular-de-centre\/serveis-comunitaris\/\" title=\"Read Serveis comunitaris\">Llegeix m\u00e9s\u00bb<\/a><br \/>\n","protected":false},"author":1,"featured_media":0,"parent":977,"menu_order":0,"comment_status":"closed","ping_status":"closed","template":"page-templates\/side-menu.php","meta":{"_bbp_topic_count":0,"_bbp_reply_count":0,"_bbp_total_topic_count":0,"_bbp_total_reply_count":0,"_bbp_voice_count":0,"_bbp_anonymous_reply_count":0,"_bbp_topic_count_hidden":0,"_bbp_reply_count_hidden":0,"_bbp_forum_subforum_count":0,"footnotes":""},"class_list":["post-1233","page","type-page","status-publish","hentry"],"post_mailing_queue_ids":[],"_links":{"self":[{"href":"https:\/\/agora.xtec.cat\/iesmontserratmiro\/wp-json\/wp\/v2\/pages\/1233","targetHints":{"allow":["GET"]}}],"collection":[{"href":"https:\/\/agora.xtec.cat\/iesmontserratmiro\/wp-json\/wp\/v2\/pages"}],"about":[{"href":"https:\/\/agora.xtec.cat\/iesmontserratmiro\/wp-json\/wp\/v2\/types\/page"}],"author":[{"embeddable":true,"href":"https:\/\/agora.xtec.cat\/iesmontserratmiro\/wp-json\/wp\/v2\/users\/1"}],"replies":[{"embeddable":true,"href":"https:\/\/agora.xtec.cat\/iesmontserratmiro\/wp-json\/wp\/v2\/comments?post=1233"}],"version-history":[{"count":3,"href":"https:\/\/agora.xtec.cat\/iesmontserratmiro\/wp-json\/wp\/v2\/pages\/1233\/revisions"}],"predecessor-version":[{"id":3509,"href":"https:\/\/agora.xtec.cat\/iesmontserratmiro\/wp-json\/wp\/v2\/pages\/1233\/revisions\/3509"}],"up":[{"embeddable":true,"href":"https:\/\/agora.xtec.cat\/iesmontserratmiro\/wp-json\/wp\/v2\/pages\/977"}],"wp:attachment":[{"href":"https:\/\/agora.xtec.cat\/iesmontserratmiro\/wp-json\/wp\/v2\/media?parent=1233"}],"curies":[{"name":"wp","href":"https:\/\/api.w.org\/{rel}","templated":true}]}}