{"id":1214,"date":"2021-11-10T10:16:05","date_gmt":"2021-11-10T09:16:05","guid":{"rendered":"https:\/\/agora.xtec.cat\/iesmontserratmiro\/?page_id=1214"},"modified":"2021-11-10T10:33:17","modified_gmt":"2021-11-10T09:33:17","slug":"50e-aniversari","status":"publish","type":"page","link":"https:\/\/agora.xtec.cat\/iesmontserratmiro\/linstitut\/historia\/50e-aniversari\/","title":{"rendered":"50\u00e8 Aniversari"},"content":{"rendered":"<h3 style=\"text-align: center;\"><span style=\"color: #ff0000;\">V\u00eddeo presentaci\u00f3 del 50\u00e8 aniversari<\/span><\/h3>\n<p style=\"text-align: center;\"><a href=\"https:\/\/photos.app.goo.gl\/QkuRxEKgwhVgeyba6\" target=\"_blank\" rel=\"noopener\"><img loading=\"lazy\" decoding=\"async\" class=\"alignnone size-full wp-image-1220\" src=\"https:\/\/agora.xtec.cat\/iesmontserratmiro\/wp-content\/uploads\/usu2144\/2021\/11\/video-50-aniversari.png\" alt=\"\" width=\"624\" height=\"477\" srcset=\"https:\/\/agora.xtec.cat\/iesmontserratmiro\/wp-content\/uploads\/usu2144\/2021\/11\/video-50-aniversari.png 624w, https:\/\/agora.xtec.cat\/iesmontserratmiro\/wp-content\/uploads\/usu2144\/2021\/11\/video-50-aniversari-300x229.png 300w\" sizes=\"auto, (max-width: 624px) 100vw, 624px\" \/><\/a><\/p>\n<p style=\"text-align: center;\"><a href=\"https:\/\/agora.xtec.cat\/iesmontserratmiro\/wp-content\/uploads\/usu2144\/2021\/11\/Contraportada-agenda.-50.jpg\"><img loading=\"lazy\" decoding=\"async\" class=\"alignnone wp-image-1215\" src=\"https:\/\/agora.xtec.cat\/iesmontserratmiro\/wp-content\/uploads\/usu2144\/2021\/11\/Contraportada-agenda.-50.jpg\" alt=\"\" width=\"1059\" height=\"1377\" srcset=\"https:\/\/agora.xtec.cat\/iesmontserratmiro\/wp-content\/uploads\/usu2144\/2021\/11\/Contraportada-agenda.-50.jpg 680w, https:\/\/agora.xtec.cat\/iesmontserratmiro\/wp-content\/uploads\/usu2144\/2021\/11\/Contraportada-agenda.-50-231x300.jpg 231w\" sizes=\"auto, (max-width: 1059px) 100vw, 1059px\" \/><\/a><\/p>\n<p><strong><em>Guanyadors del concurs de cartells del 50\u00e8 aniversari.<\/em><\/strong><\/p>\n<p>&nbsp;<\/p>\n<p><a href=\"https:\/\/agora.xtec.cat\/iesmontserratmiro\/wp-content\/uploads\/usu2144\/2021\/11\/IMG_2187-e1580980702181.jpg\"><img loading=\"lazy\" decoding=\"async\" class=\"wp-image-1217 alignleft\" src=\"https:\/\/agora.xtec.cat\/iesmontserratmiro\/wp-content\/uploads\/usu2144\/2021\/11\/IMG_2187-e1580980702181-768x1024.jpg\" alt=\"\" width=\"417\" height=\"556\" srcset=\"https:\/\/agora.xtec.cat\/iesmontserratmiro\/wp-content\/uploads\/usu2144\/2021\/11\/IMG_2187-e1580980702181-768x1024.jpg 768w, https:\/\/agora.xtec.cat\/iesmontserratmiro\/wp-content\/uploads\/usu2144\/2021\/11\/IMG_2187-e1580980702181-225x300.jpg 225w, https:\/\/agora.xtec.cat\/iesmontserratmiro\/wp-content\/uploads\/usu2144\/2021\/11\/IMG_2187-e1580980702181-1152x1536.jpg 1152w, https:\/\/agora.xtec.cat\/iesmontserratmiro\/wp-content\/uploads\/usu2144\/2021\/11\/IMG_2187-e1580980702181.jpg 1224w\" sizes=\"auto, (max-width: 417px) 100vw, 417px\" \/><\/a><a href=\"https:\/\/agora.xtec.cat\/iesmontserratmiro\/wp-content\/uploads\/usu2144\/2021\/11\/IMG_2028-e1580980719389.jpg\"><img loading=\"lazy\" decoding=\"async\" class=\"alignnone wp-image-1216\" src=\"https:\/\/agora.xtec.cat\/iesmontserratmiro\/wp-content\/uploads\/usu2144\/2021\/11\/IMG_2028-e1580980719389-768x1024.jpg\" alt=\"\" width=\"418\" height=\"557\" srcset=\"https:\/\/agora.xtec.cat\/iesmontserratmiro\/wp-content\/uploads\/usu2144\/2021\/11\/IMG_2028-e1580980719389-768x1024.jpg 768w, https:\/\/agora.xtec.cat\/iesmontserratmiro\/wp-content\/uploads\/usu2144\/2021\/11\/IMG_2028-e1580980719389-225x300.jpg 225w, https:\/\/agora.xtec.cat\/iesmontserratmiro\/wp-content\/uploads\/usu2144\/2021\/11\/IMG_2028-e1580980719389-1152x1536.jpg 1152w, https:\/\/agora.xtec.cat\/iesmontserratmiro\/wp-content\/uploads\/usu2144\/2021\/11\/IMG_2028-e1580980719389.jpg 1224w\" sizes=\"auto, (max-width: 418px) 100vw, 418px\" \/><\/a><\/p>\n<p>Si voleu veure les fotografies dels actes que es van fer amb motiu de la celebraci\u00f3 del 50\u00e8 aniversari, <a href=\"https:\/\/photos.app.goo.gl\/EwCyLvcTj3zRsRdh9\" target=\"_blank\" rel=\"noopener\">cliqueu aqu\u00ed<\/a><\/p>\n","protected":false},"excerpt":{"rendered":"<p>V\u00eddeo presentaci\u00f3 del 50\u00e8 aniversari<br \/>\n<a href=\"https:\/\/photos.app.goo.gl\/QkuRxEKgwhVgeyba6\" target=\"_blank\" rel=\"noopener\"><\/a><br \/>\n<a href=\"https:\/\/agora.xtec.cat\/iesmontserratmiro\/wp-content\/uploads\/usu2144\/2021\/11\/Contraportada-agenda.-50.jpg\"><\/a><br \/>\nGuanyadors del concurs de cartells del 50\u00e8 aniversari.<br \/>\n&nbsp;<br \/>\n<a href=\"https:\/\/agora.xtec.cat\/iesmontserratmiro\/wp-content\/uploads\/usu2144\/2021\/11\/IMG_2187-e1580980702181.jpg\"><\/a><a href=\"https:\/\/agora.xtec.cat\/iesmontserratmiro\/wp-content\/uploads\/usu2144\/2021\/11\/IMG_2028-e1580980719389.jpg\"><\/a><br \/>\nSi voleu veure les fotografies dels actes que es van fer amb motiu de la celebraci\u00f3 del 50\u00e8 aniversari, <a href=\"https:\/\/photos.app.goo.gl\/EwCyLvcTj3zRsRdh9\" target=\"_blank\" rel=\"noopener\">cliqueu aqu\u00ed<\/a><\/p>\n","protected":false},"author":1,"featured_media":0,"parent":27,"menu_order":0,"comment_status":"closed","ping_status":"closed","template":"page-templates\/side-menu.php","meta":{"_bbp_topic_count":0,"_bbp_reply_count":0,"_bbp_total_topic_count":0,"_bbp_total_reply_count":0,"_bbp_voice_count":0,"_bbp_anonymous_reply_count":0,"_bbp_topic_count_hidden":0,"_bbp_reply_count_hidden":0,"_bbp_forum_subforum_count":0,"footnotes":""},"class_list":["post-1214","page","type-page","status-publish","hentry"],"post_mailing_queue_ids":[],"_links":{"self":[{"href":"https:\/\/agora.xtec.cat\/iesmontserratmiro\/wp-json\/wp\/v2\/pages\/1214","targetHints":{"allow":["GET"]}}],"collection":[{"href":"https:\/\/agora.xtec.cat\/iesmontserratmiro\/wp-json\/wp\/v2\/pages"}],"about":[{"href":"https:\/\/agora.xtec.cat\/iesmontserratmiro\/wp-json\/wp\/v2\/types\/page"}],"author":[{"embeddable":true,"href":"https:\/\/agora.xtec.cat\/iesmontserratmiro\/wp-json\/wp\/v2\/users\/1"}],"replies":[{"embeddable":true,"href":"https:\/\/agora.xtec.cat\/iesmontserratmiro\/wp-json\/wp\/v2\/comments?post=1214"}],"version-history":[{"count":4,"href":"https:\/\/agora.xtec.cat\/iesmontserratmiro\/wp-json\/wp\/v2\/pages\/1214\/revisions"}],"predecessor-version":[{"id":1221,"href":"https:\/\/agora.xtec.cat\/iesmontserratmiro\/wp-json\/wp\/v2\/pages\/1214\/revisions\/1221"}],"up":[{"embeddable":true,"href":"https:\/\/agora.xtec.cat\/iesmontserratmiro\/wp-json\/wp\/v2\/pages\/27"}],"wp:attachment":[{"href":"https:\/\/agora.xtec.cat\/iesmontserratmiro\/wp-json\/wp\/v2\/media?parent=1214"}],"curies":[{"name":"wp","href":"https:\/\/api.w.org\/{rel}","templated":true}]}}