{"id":1129,"date":"2021-11-03T20:23:54","date_gmt":"2021-11-03T19:23:54","guid":{"rendered":"https:\/\/agora.xtec.cat\/iesmontserratmiro\/?page_id=1129"},"modified":"2025-12-09T20:34:59","modified_gmt":"2025-12-09T19:34:59","slug":"equip-huma","status":"publish","type":"page","link":"https:\/\/agora.xtec.cat\/iesmontserratmiro\/equip-huma\/","title":{"rendered":"Equip directiu"},"content":{"rendered":"<p><a href=\"https:\/\/agora.xtec.cat\/iesmontserratmiro\/wp-content\/uploads\/usu2144\/2024\/06\/IMG_9595.jpg\"><img loading=\"lazy\" decoding=\"async\" class=\"alignnone  wp-image-4606\" src=\"https:\/\/agora.xtec.cat\/iesmontserratmiro\/wp-content\/uploads\/usu2144\/2024\/06\/IMG_9595.jpg\" alt=\"\" width=\"779\" height=\"584\" srcset=\"https:\/\/agora.xtec.cat\/iesmontserratmiro\/wp-content\/uploads\/usu2144\/2024\/06\/IMG_9595.jpg 1024w, https:\/\/agora.xtec.cat\/iesmontserratmiro\/wp-content\/uploads\/usu2144\/2024\/06\/IMG_9595-300x225.jpg 300w, https:\/\/agora.xtec.cat\/iesmontserratmiro\/wp-content\/uploads\/usu2144\/2024\/06\/IMG_9595-768x576.jpg 768w, https:\/\/agora.xtec.cat\/iesmontserratmiro\/wp-content\/uploads\/usu2144\/2024\/06\/IMG_9595-200x150.jpg 200w\" sizes=\"auto, (max-width: 779px) 100vw, 779px\" \/><\/a><\/p>\n<ul>\n<li>Directora: Gemma Hidalgo ( Ci\u00e8ncies Socials)<\/li>\n<li>Cap d&#8217;estudis: Mar Rodr\u00edguez (Tecnologia)<\/li>\n<li>Coordinaci\u00f3 pedag\u00f2gica: Laia G\u00e0llego ( Orientaci\u00f3 educativa)<\/li>\n<li>Secretari: Domingo Cabezas ( Filosofia)<\/li>\n<\/ul>\n","protected":false},"excerpt":{"rendered":"<p><a href=\"https:\/\/agora.xtec.cat\/iesmontserratmiro\/wp-content\/uploads\/usu2144\/2024\/06\/IMG_9595.jpg\"><\/a><\/p>\n<ul>\n<li>Directora: Gemma Hidalgo ( Ci\u00e8ncies Socials)<\/li>\n<li>Cap d&#8217;estudis: Mar Rodr\u00edguez (Tecnologia)<\/li>\n<li>Coordinaci\u00f3 pedag\u00f2gica: Laia G\u00e0llego ( Orientaci\u00f3 educativa)<\/li>\n<li>Secretari: Domingo Cabezas ( Filosofia)<\/li>\n<\/ul>\n","protected":false},"author":1,"featured_media":0,"parent":0,"menu_order":0,"comment_status":"closed","ping_status":"closed","template":"","meta":{"_bbp_topic_count":0,"_bbp_reply_count":0,"_bbp_total_topic_count":0,"_bbp_total_reply_count":0,"_bbp_voice_count":0,"_bbp_anonymous_reply_count":0,"_bbp_topic_count_hidden":0,"_bbp_reply_count_hidden":0,"_bbp_forum_subforum_count":0,"footnotes":""},"class_list":["post-1129","page","type-page","status-publish","hentry"],"post_mailing_queue_ids":[],"_links":{"self":[{"href":"https:\/\/agora.xtec.cat\/iesmontserratmiro\/wp-json\/wp\/v2\/pages\/1129","targetHints":{"allow":["GET"]}}],"collection":[{"href":"https:\/\/agora.xtec.cat\/iesmontserratmiro\/wp-json\/wp\/v2\/pages"}],"about":[{"href":"https:\/\/agora.xtec.cat\/iesmontserratmiro\/wp-json\/wp\/v2\/types\/page"}],"author":[{"embeddable":true,"href":"https:\/\/agora.xtec.cat\/iesmontserratmiro\/wp-json\/wp\/v2\/users\/1"}],"replies":[{"embeddable":true,"href":"https:\/\/agora.xtec.cat\/iesmontserratmiro\/wp-json\/wp\/v2\/comments?post=1129"}],"version-history":[{"count":5,"href":"https:\/\/agora.xtec.cat\/iesmontserratmiro\/wp-json\/wp\/v2\/pages\/1129\/revisions"}],"predecessor-version":[{"id":5718,"href":"https:\/\/agora.xtec.cat\/iesmontserratmiro\/wp-json\/wp\/v2\/pages\/1129\/revisions\/5718"}],"wp:attachment":[{"href":"https:\/\/agora.xtec.cat\/iesmontserratmiro\/wp-json\/wp\/v2\/media?parent=1129"}],"curies":[{"name":"wp","href":"https:\/\/api.w.org\/{rel}","templated":true}]}}