{"id":1034,"date":"2021-10-30T18:58:29","date_gmt":"2021-10-30T16:58:29","guid":{"rendered":"https:\/\/agora.xtec.cat\/iesmontserratmiro\/?page_id=1034"},"modified":"2022-12-04T18:47:14","modified_gmt":"2022-12-04T17:47:14","slug":"ampa","status":"publish","type":"page","link":"https:\/\/agora.xtec.cat\/iesmontserratmiro\/ampa\/","title":{"rendered":"AMPA"},"content":{"rendered":"<p><a href=\"https:\/\/agora.xtec.cat\/iesmontserratmiro\/wp-content\/uploads\/usu2144\/2022\/12\/ampa.png\"><img loading=\"lazy\" decoding=\"async\" class=\"alignnone size-full wp-image-2848\" src=\"https:\/\/agora.xtec.cat\/iesmontserratmiro\/wp-content\/uploads\/usu2144\/2022\/12\/ampa.png\" alt=\"\" width=\"1188\" height=\"573\" srcset=\"https:\/\/agora.xtec.cat\/iesmontserratmiro\/wp-content\/uploads\/usu2144\/2022\/12\/ampa.png 1188w, https:\/\/agora.xtec.cat\/iesmontserratmiro\/wp-content\/uploads\/usu2144\/2022\/12\/ampa-300x145.png 300w, https:\/\/agora.xtec.cat\/iesmontserratmiro\/wp-content\/uploads\/usu2144\/2022\/12\/ampa-1024x494.png 1024w, https:\/\/agora.xtec.cat\/iesmontserratmiro\/wp-content\/uploads\/usu2144\/2022\/12\/ampa-768x370.png 768w\" sizes=\"auto, (max-width: 1188px) 100vw, 1188px\" \/><\/a>Si voleu contactar amb l\u2019<strong><em>AMPA INS Montserrat Mir\u00f3 i Vil\u00e0, dirigiu-vos a:\u00a0\u00a0<\/em><\/strong><a href=\"mailto:ampam.miro@gmail.com\" target=\"_blank\" rel=\"noopener\"><strong><em>ampam.miro@gmail.com<\/em><\/strong><\/a><\/p>\r\n<h1 style=\"text-align: justify;\">IMPORTANT!!!!<\/h1>\r\n<p>Benvolgudes fam\u00edlies,<\/p>\r\n<div dir=\"auto\">\u00a0<\/div>\r\n<div dir=\"auto\">La junta de l&#8217;AMPA de l&#8217;Institut Montserrat Mir\u00f3 i Vil\u00e0 est\u00e0 en precari i amb la falta de membres \u00e9s impossible que funcioni. Per aquest motiu, us demanem la vostra participaci\u00f3 i col\u00b7laboraci\u00f3. Sense l&#8217;AMPA es deixar\u00e0 de col\u00b7laborar amb la direcci\u00f3 del centre en la gesti\u00f3 de temes tan importants com:<\/div>\r\n<div dir=\"auto\">\u00a0<\/div>\r\n<div dir=\"auto\">&#8211; IDDINK i llibres de text.<\/div>\r\n<div dir=\"auto\">&#8211; Extraescolars.<\/div>\r\n<div dir=\"auto\">&#8211; Ieduca.<\/div>\r\n<div dir=\"auto\">&#8211; Millores a les infraestructures de l&#8217;institut.<\/div>\r\n<div dir=\"auto\">&#8211; Aportacions de llibres a la biblioteca.<\/div>\r\n<div dir=\"auto\">&#8211; Organitzaci\u00f3 de la festa de comiat de 4t d&#8217;ESO i 2n de Batxillerat.<\/div>\r\n<div dir=\"auto\">&#8211; Descomptes a les taquilles\u00a0<\/div>\r\n<div dir=\"auto\">\u00a0<\/div>\r\n<div dir=\"auto\">No ens podem permetre perdre tota aquesta riquesa perqu\u00e8 tots sortir\u00edem perjudicats, els primers els\/les nostres\/as fills i filles.<\/div>\r\n<div dir=\"auto\">\u00a0<\/div>\r\n<div dir=\"auto\">Aix\u00ed doncs, us convidem a formar part d&#8217;aquest projecte. Totes les aportacions del vostre temps ser\u00e0n benvingudes.<\/div>\r\n<div dir=\"auto\">\u00a0<\/div>\r\n<div dir=\"auto\">Totes aquelles persones que estigueu interessades ens podeu passar un tel\u00e8fon de contacte mitjan\u00e7ant un e-mail a la nostra adre\u00e7a electr\u00f2nica\u00a0<a href=\"mailto:ampam.miro@gmail.com\" target=\"_blank\" rel=\"noopener\">ampam.miro@gmail.com<\/a>\u00a0i contactarem amb vosaltres per comen\u00e7ar a caminar junts.<\/div>\r\n<div dir=\"auto\">\u00a0<\/div>\r\n<div dir=\"auto\">Gr\u00e0cies per la vostra col\u00b7laboraci\u00f3!<\/div>\r\n<div dir=\"auto\">\u00a0<\/div>\r\n<div dir=\"auto\">Salut,<\/div>\r\n<div dir=\"auto\">\u00a0<\/div>\r\n<div dir=\"auto\">Molt Cordialment, AMPA \u2013 INS Montserrat Mir\u00f3 i Vil\u00e0 22\/09\/2022<\/div>\r\n<p>&nbsp;<\/p>\r\n<p><a href=\"https:\/\/agora.xtec.cat\/iesmontserratmiro\/wp-content\/uploads\/usu2144\/2022\/09\/Informacio-AMPA-2022-2023.pdf\">Informaci\u00f3 AMPA 2022-2023<\/a><\/p>\r\n\r\n<p class=\"has-background has-text-align-center has-very-light-gray-background-color\"><strong><em>INFORMACI\u00d3 IDDINK:<\/em><\/strong> <a href=\"https:\/\/www.iddink.cat\/bestellen\/\" target=\"_blank\" rel=\"noopener\">ACC\u00c9S A IDDINK<\/a><\/p>\r\n\r\n\r\n\r\n<p class=\"has-text-align-center\">Per facilitar l&#8217;adquisici\u00f3 de llibres de text i llic\u00e8ncies digitals, l\u2019AMPA de l\u2019Institut Montserrat Mir\u00f3 i Vil\u00e0 \u00a0t\u00e9 establert un conveni de col\u00b7laboraci\u00f3 amb Iddink.<\/p>\r\n\r\n\r\n\r\n<p class=\"has-background has-pale-cyan-blue-background-color\"><strong>Qu\u00e8 ens ofereix Iddink?<\/strong><\/p>\r\n\r\n\r\n\r\n<figure class=\"wp-block-table is-style-stripes\">\r\n<table class=\"has-subtle-pale-green-background-color has-background\">\r\n<tbody>\r\n<tr>\r\n<td>\u00a0<\/td>\r\n<td><strong>L&#8217;opci\u00f3 de comprar llibres nous, llibres reutilitzables (ecoBooks) i llic\u00e8ncies digitals.<\/strong> No cal comprar tot el lot de llibres, podeu comprar nom\u00e9s aquells que no tingueu.<\/td>\r\n<\/tr>\r\n<tr>\r\n<td>\u00a0<\/td>\r\n<td>Amb l&#8217;opci\u00f3 ecoBooks, <strong>estalvi econ\u00f2mic<\/strong> (fins a un 50% en la compra de llibres de text) i <strong>estalvi ecol\u00f2gic<\/strong> (els ecoBooks es retornen a final de curs).<\/td>\r\n<\/tr>\r\n<tr>\r\n<td>\u00a0<\/td>\r\n<td><strong>Comoditat:<\/strong> podeu fer les comandes per iddink i us les lliuraran a casa.<\/td>\r\n<\/tr>\r\n<\/tbody>\r\n<\/table>\r\n<\/figure>\r\n\r\n\r\n\r\n<p class=\"has-background has-pale-cyan-blue-background-color\"><strong>Com podeu adquirir els llibres i les llic\u00e8ncies a Iddink?<\/strong><\/p>\r\n\r\n\r\n\r\n<p class=\"has-text-color has-text-align-center has-very-dark-gray-color\"><strong>Podreu comprar els llibre<\/strong>s i llic\u00e8ncies a Iddink directament a la primera plana de la web<a href=\"http:\/\/www.iddink.cat\" target=\"_blank\" rel=\"noreferrer noopener\" aria-label=\"\u00a0www.iddink.cat\u00a0 (s'obre en una nova pestanya)\"><strong>\u00a0www.iddink.cat\u00a0<\/strong><\/a>on posa &#8220;Fes la comanda&#8221; .<\/p>\r\n\r\n\r\n\r\n<p class=\"has-text-color has-text-align-center has-vivid-red-color\"><strong> Us demanar\u00e0 el codi de centre: <\/strong><\/p>\r\n\r\n\r\n\r\n<p class=\"has-background has-text-align-center has-pale-cyan-blue-background-color\"><strong>CODI DE CENTRE ( 203JL2)<\/strong><\/p>\r\n\r\n\r\n\r\n<p><strong>Atenci\u00f3:<\/strong> Les families\/alumnat que estan registrats a iddink rebran un mail autom\u00e0tic quan la llista ja estigui disponible a la web. Les fam\u00edlies noves que voleu adquirir els llibres amb Iddink, us heu de donar d&#8217;alta directament des del seu web <a href=\"https:\/\/www.iddink.cat\/bestellen\/\">https:\/\/www.iddink.cat\/bestellen\/<\/a> i seguir les instruccions.<\/p>\r\n\r\n\r\n\r\n<p>A continuaci\u00f3, teniu un v\u00eddeo explicatiu de com adquirir els llibres i llic\u00e8ncies. <strong>Tingueu en compte que heu de fer aquest proc\u00e9s per cada fill\/filla per separat i des d&#8217;un ordinador:<\/strong><\/p>\r\n\r\n\r\n\r\n<figure><iframe loading=\"lazy\" src=\"https:\/\/player.vimeo.com\/video\/427671538\" width=\"440\" height=\"260\" allowfullscreen=\"allowfullscreen\" data-mce-fragment=\"1\"><\/iframe><\/figure>\r\n\r\n\r\n\r\n<p><a href=\"https:\/\/vimeo.com\/427671538\">Com fer una comanda?<\/a> from <a href=\"https:\/\/vimeo.com\/user12002220\">Iddink Spain, S.L.U.<\/a> on <a href=\"https:\/\/vimeo.com\">Vimeo<\/a>.<\/p>\r\n\r\n\r\n\r\n<p>Teniu m\u00e9s v\u00eddeos explicatius del proc\u00e9s de compra, retorn de llibres i iddink digital a l&#8217;apartat <a href=\"http:\/\/insmm.org\/?page_id=1403\" target=\"_blank\" rel=\"noreferrer noopener\" aria-label=\" (s'obre en una nova pestanya)\">d&#8217;iddink<\/a> de la nostra p\u00e0gina web<\/p>\r\n\r\n\r\n\r\n<p><em>* Us informem que les dades b\u00e0siques del vostre fill\/filla s&#8217;envien (encriptades) a l&#8217;entorn web d&#8217;Iddink. Iddink ha signat un contracte amb l\u2019AMPA de l\u2019Ins Montserrat Mir\u00f3 i Vil\u00e0 pel qual no faran servir les dades per res m\u00e9s que no sigui donar el servei d&#8217;aprovisionament de recursos educatius i d&#8217;acc\u00e9s a les llic\u00e8ncies digitals a trav\u00e9s de Iddink digital.<\/em><\/p>\r\n","protected":false},"excerpt":{"rendered":"<p><a href=\"https:\/\/agora.xtec.cat\/iesmontserratmiro\/wp-content\/uploads\/usu2144\/2022\/12\/ampa.png\"><\/a>Si voleu contactar amb l\u2019AMPA INS Montserrat Mir\u00f3 i Vil\u00e0, dirigiu-vos a:\u00a0\u00a0<a href=\"mailto:ampam.miro@gmail.com\" target=\"_blank\" rel=\"noopener\">ampam.miro@gmail.com<\/a><br \/>\nIMPORTANT!!!!<br \/>\nBenvolgudes fam\u00edlies,<br \/>\n\u00a0<br \/>\nLa junta de l&#8217;AMPA de l&#8217;Institut Montserrat Mir\u00f3 i Vil\u00e0 est\u00e0 en precari i amb la falta de membres \u00e9s impossible que funcioni. Per aquest motiu, us demanem la&hellip;  <a href=\"https:\/\/agora.xtec.cat\/iesmontserratmiro\/ampa\/\" title=\"Read AMPA\">Llegeix m\u00e9s\u00bb<\/a><\/p>\n","protected":false},"author":1,"featured_media":0,"parent":0,"menu_order":0,"comment_status":"closed","ping_status":"closed","template":"","meta":{"_bbp_topic_count":0,"_bbp_reply_count":0,"_bbp_total_topic_count":0,"_bbp_total_reply_count":0,"_bbp_voice_count":0,"_bbp_anonymous_reply_count":0,"_bbp_topic_count_hidden":0,"_bbp_reply_count_hidden":0,"_bbp_forum_subforum_count":0,"footnotes":""},"class_list":["post-1034","page","type-page","status-publish","hentry"],"post_mailing_queue_ids":[],"_links":{"self":[{"href":"https:\/\/agora.xtec.cat\/iesmontserratmiro\/wp-json\/wp\/v2\/pages\/1034","targetHints":{"allow":["GET"]}}],"collection":[{"href":"https:\/\/agora.xtec.cat\/iesmontserratmiro\/wp-json\/wp\/v2\/pages"}],"about":[{"href":"https:\/\/agora.xtec.cat\/iesmontserratmiro\/wp-json\/wp\/v2\/types\/page"}],"author":[{"embeddable":true,"href":"https:\/\/agora.xtec.cat\/iesmontserratmiro\/wp-json\/wp\/v2\/users\/1"}],"replies":[{"embeddable":true,"href":"https:\/\/agora.xtec.cat\/iesmontserratmiro\/wp-json\/wp\/v2\/comments?post=1034"}],"version-history":[{"count":3,"href":"https:\/\/agora.xtec.cat\/iesmontserratmiro\/wp-json\/wp\/v2\/pages\/1034\/revisions"}],"predecessor-version":[{"id":2849,"href":"https:\/\/agora.xtec.cat\/iesmontserratmiro\/wp-json\/wp\/v2\/pages\/1034\/revisions\/2849"}],"wp:attachment":[{"href":"https:\/\/agora.xtec.cat\/iesmontserratmiro\/wp-json\/wp\/v2\/media?parent=1034"}],"curies":[{"name":"wp","href":"https:\/\/api.w.org\/{rel}","templated":true}]}}