{"id":9840,"date":"2022-02-11T10:40:16","date_gmt":"2022-02-11T09:40:16","guid":{"rendered":"https:\/\/agora.xtec.cat\/iesmontsacopa\/?page_id=9840"},"modified":"2023-03-13T16:10:09","modified_gmt":"2023-03-13T15:10:09","slug":"cicles-formatius-borsa-de-treball","status":"publish","type":"page","link":"https:\/\/agora.xtec.cat\/iesmontsacopa\/estudis\/cicles-formatius\/cicles-formatius-borsa-de-treball\/","title":{"rendered":"Borsa de Treball"},"content":{"rendered":"<p style=\"text-align: justify;\">La Borsa de Treball \u00e9s un servei que ofereix l&#8217;Institut Montsacopa als seus alumnes i exalumnes. T\u00e9 per objectiu facilitar la seva inserci\u00f3 laboral i potenciar les relacions de l&#8217;institut amb les institucions i empreses del nostre entorn.<\/p>\n<h6 style=\"text-align: justify;\"><strong>NORMES PER L&#8217;ALUMNAT\/EX-ALUMNAT:<\/strong><\/h6>\n<p style=\"text-align: justify; padding-left: 40px;\">Per formar part de la borsa heu d&#8217;estar donats d&#8217;alta al nostre correu.<\/p>\n<p style=\"text-align: justify; padding-left: 40px;\">Comunicar al centre quan es troba feina i\/o es vol donar de baixa del servei.<\/p>\n<h6 style=\"text-align: justify;\"><strong>EMPRESES:<\/strong><\/h6>\n<p style=\"text-align: justify; padding-left: 40px;\">La via per publicar una oferta laboral \u00e9s enviar un correu a l&#8217;adre\u00e7a: <a href=\"mailto:serveiscomunitat@insmontsacopa.cat\">serveiscomunitat@insmontsacopa.cat<\/a><\/p>\n<p style=\"text-align: justify; padding-left: 40px;\">Qu\u00e8 cal incloure ?<\/p>\n<ul>\n<li style=\"list-style-type: none;\">\n<ul>\n<li style=\"list-style-type: none;\">\n<ul>\n<li style=\"list-style-type: none;\">\n<ul style=\"list-style-type: square;\">\n<li style=\"text-align: justify;\">Nom de l&#8217;empresa\/centre.<\/li>\n<li style=\"text-align: justify;\">Descripci\u00f3 de l&#8217;oferta de treball.<\/li>\n<li style=\"text-align: justify;\">Persona de contacte.<\/li>\n<\/ul>\n<\/li>\n<\/ul>\n<\/li>\n<\/ul>\n<\/li>\n<\/ul>\n","protected":false},"excerpt":{"rendered":"<p>La Borsa de Treball \u00e9s un servei que ofereix l&#8217;Institut Montsacopa als seus alumnes i exalumnes. T\u00e9 per objectiu facilitar la seva inserci\u00f3 laboral i potenciar les relacions de l&#8217;institut amb les institucions i empreses del nostre entorn. NORMES PER L&#8217;ALUMNAT\/EX-ALUMNAT: Per formar part de la borsa heu d&#8217;estar donats d&#8217;alta al nostre correu. Comunicar [&hellip;]<\/p>\n","protected":false},"author":1,"featured_media":0,"parent":695,"menu_order":3,"comment_status":"closed","ping_status":"closed","template":"page-templates\/side-menu.php","meta":{"_bbp_topic_count":0,"_bbp_reply_count":0,"_bbp_total_topic_count":0,"_bbp_total_reply_count":0,"_bbp_voice_count":0,"_bbp_anonymous_reply_count":0,"_bbp_topic_count_hidden":0,"_bbp_reply_count_hidden":0,"_bbp_forum_subforum_count":0,"site-sidebar-layout":"default","site-content-layout":"","ast-site-content-layout":"","site-content-style":"default","site-sidebar-style":"default","ast-global-header-display":"","ast-banner-title-visibility":"","ast-main-header-display":"","ast-hfb-above-header-display":"","ast-hfb-below-header-display":"","ast-hfb-mobile-header-display":"","site-post-title":"","ast-breadcrumbs-content":"","ast-featured-img":"","footer-sml-layout":"","theme-transparent-header-meta":"","adv-header-id-meta":"","stick-header-meta":"","header-above-stick-meta":"","header-main-stick-meta":"","header-below-stick-meta":"","astra-migrate-meta-layouts":"default","ast-page-background-enabled":"default","ast-page-background-meta":{"desktop":{"background-color":"var(--ast-global-color-4)","background-image":"","background-repeat":"repeat","background-position":"center center","background-size":"auto","background-attachment":"scroll","background-type":"","background-media":"","overlay-type":"","overlay-color":"","overlay-opacity":"","overlay-gradient":""},"tablet":{"background-color":"","background-image":"","background-repeat":"repeat","background-position":"center center","background-size":"auto","background-attachment":"scroll","background-type":"","background-media":"","overlay-type":"","overlay-color":"","overlay-opacity":"","overlay-gradient":""},"mobile":{"background-color":"","background-image":"","background-repeat":"repeat","background-position":"center center","background-size":"auto","background-attachment":"scroll","background-type":"","background-media":"","overlay-type":"","overlay-color":"","overlay-opacity":"","overlay-gradient":""}},"ast-content-background-meta":{"desktop":{"background-color":"var(--ast-global-color-5)","background-image":"","background-repeat":"repeat","background-position":"center center","background-size":"auto","background-attachment":"scroll","background-type":"","background-media":"","overlay-type":"","overlay-color":"","overlay-opacity":"","overlay-gradient":""},"tablet":{"background-color":"var(--ast-global-color-5)","background-image":"","background-repeat":"repeat","background-position":"center center","background-size":"auto","background-attachment":"scroll","background-type":"","background-media":"","overlay-type":"","overlay-color":"","overlay-opacity":"","overlay-gradient":""},"mobile":{"background-color":"var(--ast-global-color-5)","background-image":"","background-repeat":"repeat","background-position":"center center","background-size":"auto","background-attachment":"scroll","background-type":"","background-media":"","overlay-type":"","overlay-color":"","overlay-opacity":"","overlay-gradient":""}},"footnotes":""},"class_list":["post-9840","page","type-page","status-publish","hentry"],"post_mailing_queue_ids":[],"_links":{"self":[{"href":"https:\/\/agora.xtec.cat\/iesmontsacopa\/wp-json\/wp\/v2\/pages\/9840","targetHints":{"allow":["GET"]}}],"collection":[{"href":"https:\/\/agora.xtec.cat\/iesmontsacopa\/wp-json\/wp\/v2\/pages"}],"about":[{"href":"https:\/\/agora.xtec.cat\/iesmontsacopa\/wp-json\/wp\/v2\/types\/page"}],"author":[{"embeddable":true,"href":"https:\/\/agora.xtec.cat\/iesmontsacopa\/wp-json\/wp\/v2\/users\/1"}],"replies":[{"embeddable":true,"href":"https:\/\/agora.xtec.cat\/iesmontsacopa\/wp-json\/wp\/v2\/comments?post=9840"}],"version-history":[{"count":3,"href":"https:\/\/agora.xtec.cat\/iesmontsacopa\/wp-json\/wp\/v2\/pages\/9840\/revisions"}],"predecessor-version":[{"id":9850,"href":"https:\/\/agora.xtec.cat\/iesmontsacopa\/wp-json\/wp\/v2\/pages\/9840\/revisions\/9850"}],"up":[{"embeddable":true,"href":"https:\/\/agora.xtec.cat\/iesmontsacopa\/wp-json\/wp\/v2\/pages\/695"}],"wp:attachment":[{"href":"https:\/\/agora.xtec.cat\/iesmontsacopa\/wp-json\/wp\/v2\/media?parent=9840"}],"curies":[{"name":"wp","href":"https:\/\/api.w.org\/{rel}","templated":true}]}}