{"id":9336,"date":"2021-10-22T09:39:48","date_gmt":"2021-10-22T07:39:48","guid":{"rendered":"https:\/\/agora.xtec.cat\/iesmontsacopa\/?page_id=9336"},"modified":"2023-01-12T11:59:58","modified_gmt":"2023-01-12T10:59:58","slug":"boscos-de-lectures","status":"publish","type":"page","link":"https:\/\/agora.xtec.cat\/iesmontsacopa\/premis-i-projectes\/projectes\/boscos-de-lectures\/","title":{"rendered":"Boscos de lectures"},"content":{"rendered":"<table style=\"border-collapse: collapse; width: 100%;\">\n<tbody>\n<tr>\n<td style=\"width: 20%; vertical-align: top; border-color: #ffffff;\">\n<p style=\"text-align: center;\"><strong>Curs 2021-2022<\/strong><\/p>\n<p><a href=\"https:\/\/agora.xtec.cat\/iesmontsacopa\/wp-content\/uploads\/usu944\/2021\/10\/boscos_cal_T1.jpg\"><img loading=\"lazy\" decoding=\"async\" class=\"wp-image-9316 size-medium alignleft\" src=\"https:\/\/agora.xtec.cat\/iesmontsacopa\/wp-content\/uploads\/usu944\/2021\/10\/boscos_cal_T1-212x300.jpg\" alt=\"\" width=\"212\" height=\"300\" \/><\/a><\/td>\n<td style=\"width: 80%; border-color: #ffffff;\">\n<table style=\"border-collapse: collapse; width: 100%;\">\n<tbody>\n<tr>\n<td style=\"width: 50%; vertical-align: top; border-color: #ffffff;\" colspan=\"2\">\n<table style=\"border-collapse: collapse; width: 100%;\">\n<tbody>\n<tr>\n<td style=\"width: 100%; border-color: #2cb033;\">\n<h4>1a sessi\u00f3:<\/h4>\n<h4>Dilluns 18 d&#8217;octubre. De quin bosc veniu? Explorem com hem arribat fins aqu\u00ed.<\/h4>\n<\/td>\n<\/tr>\n<\/tbody>\n<\/table>\n<p>Volem acostar la literatura i la lectura als joves de <strong>1r i 2n d&#8217;ESO<\/strong> d&#8217;una manera m\u00e9s diversa, quant a fons, activitats i companys de lectura.<\/p>\n<p>Els <strong>Boscos<\/strong> impliquen sessions a l&#8217;institut, per\u00f2 tamb\u00e9 a la <strong>Biblioteca d&#8217;Olot<\/strong> i a <strong>altres espais<\/strong> de la ciutat.<\/p>\n<p>Aquesta primera sessi\u00f3 es va fer a la biblioteca d&#8217;Olot <strong>Mari\u00e0 Vayreda<\/strong> i l&#8217;experi\u00e8ncia ha estat molt positiva.<\/p>\n<table style=\"border-collapse: collapse; width: 100%;\">\n<tbody>\n<tr>\n<td style=\"width: 25%; border-color: #ffffff;\"><a href=\"https:\/\/agora.xtec.cat\/iesmontsacopa\/wp-content\/uploads\/usu944\/2021\/10\/WhatsApp-Image-2021-10-18-at-18.48.31.jpeg\"><img loading=\"lazy\" decoding=\"async\" class=\"aligncenter size-full wp-image-9347\" src=\"https:\/\/agora.xtec.cat\/iesmontsacopa\/wp-content\/uploads\/usu944\/2021\/10\/WhatsApp-Image-2021-10-18-at-18.48.31.jpeg\" alt=\"\" width=\"1024\" height=\"768\" srcset=\"https:\/\/agora.xtec.cat\/iesmontsacopa\/wp-content\/uploads\/usu944\/2021\/10\/WhatsApp-Image-2021-10-18-at-18.48.31.jpeg 1024w, https:\/\/agora.xtec.cat\/iesmontsacopa\/wp-content\/uploads\/usu944\/2021\/10\/WhatsApp-Image-2021-10-18-at-18.48.31-300x225.jpeg 300w, https:\/\/agora.xtec.cat\/iesmontsacopa\/wp-content\/uploads\/usu944\/2021\/10\/WhatsApp-Image-2021-10-18-at-18.48.31-768x576.jpeg 768w, https:\/\/agora.xtec.cat\/iesmontsacopa\/wp-content\/uploads\/usu944\/2021\/10\/WhatsApp-Image-2021-10-18-at-18.48.31-200x150.jpeg 200w\" sizes=\"auto, (max-width: 1024px) 100vw, 1024px\" \/><\/a><\/td>\n<td style=\"width: 25%; border-color: #ffffff;\"><a href=\"https:\/\/agora.xtec.cat\/iesmontsacopa\/wp-content\/uploads\/usu944\/2021\/10\/IMG_20211018_154932.jpg\"><img loading=\"lazy\" decoding=\"async\" class=\"aligncenter size-full wp-image-9346\" src=\"https:\/\/agora.xtec.cat\/iesmontsacopa\/wp-content\/uploads\/usu944\/2021\/10\/IMG_20211018_154932.jpg\" alt=\"\" width=\"1024\" height=\"768\" srcset=\"https:\/\/agora.xtec.cat\/iesmontsacopa\/wp-content\/uploads\/usu944\/2021\/10\/IMG_20211018_154932.jpg 1024w, https:\/\/agora.xtec.cat\/iesmontsacopa\/wp-content\/uploads\/usu944\/2021\/10\/IMG_20211018_154932-300x225.jpg 300w, https:\/\/agora.xtec.cat\/iesmontsacopa\/wp-content\/uploads\/usu944\/2021\/10\/IMG_20211018_154932-768x576.jpg 768w, https:\/\/agora.xtec.cat\/iesmontsacopa\/wp-content\/uploads\/usu944\/2021\/10\/IMG_20211018_154932-200x150.jpg 200w\" sizes=\"auto, (max-width: 1024px) 100vw, 1024px\" \/><\/a><\/td>\n<td style=\"width: 25%; border-color: #ffffff;\"><a href=\"https:\/\/agora.xtec.cat\/iesmontsacopa\/wp-content\/uploads\/usu944\/2021\/10\/IMG_20211018_154922.jpg\"><img loading=\"lazy\" decoding=\"async\" class=\"aligncenter size-full wp-image-9345\" src=\"https:\/\/agora.xtec.cat\/iesmontsacopa\/wp-content\/uploads\/usu944\/2021\/10\/IMG_20211018_154922.jpg\" alt=\"\" width=\"1024\" height=\"768\" srcset=\"https:\/\/agora.xtec.cat\/iesmontsacopa\/wp-content\/uploads\/usu944\/2021\/10\/IMG_20211018_154922.jpg 1024w, https:\/\/agora.xtec.cat\/iesmontsacopa\/wp-content\/uploads\/usu944\/2021\/10\/IMG_20211018_154922-300x225.jpg 300w, https:\/\/agora.xtec.cat\/iesmontsacopa\/wp-content\/uploads\/usu944\/2021\/10\/IMG_20211018_154922-768x576.jpg 768w, https:\/\/agora.xtec.cat\/iesmontsacopa\/wp-content\/uploads\/usu944\/2021\/10\/IMG_20211018_154922-200x150.jpg 200w\" sizes=\"auto, (max-width: 1024px) 100vw, 1024px\" \/><\/a><\/td>\n<td style=\"width: 25%; border-color: #ffffff;\"><a href=\"https:\/\/agora.xtec.cat\/iesmontsacopa\/wp-content\/uploads\/usu944\/2021\/10\/IMG_20211018_154811.jpg\"><img loading=\"lazy\" decoding=\"async\" class=\"aligncenter size-full wp-image-9344\" src=\"https:\/\/agora.xtec.cat\/iesmontsacopa\/wp-content\/uploads\/usu944\/2021\/10\/IMG_20211018_154811.jpg\" alt=\"\" width=\"1024\" height=\"768\" srcset=\"https:\/\/agora.xtec.cat\/iesmontsacopa\/wp-content\/uploads\/usu944\/2021\/10\/IMG_20211018_154811.jpg 1024w, https:\/\/agora.xtec.cat\/iesmontsacopa\/wp-content\/uploads\/usu944\/2021\/10\/IMG_20211018_154811-300x225.jpg 300w, https:\/\/agora.xtec.cat\/iesmontsacopa\/wp-content\/uploads\/usu944\/2021\/10\/IMG_20211018_154811-768x576.jpg 768w, https:\/\/agora.xtec.cat\/iesmontsacopa\/wp-content\/uploads\/usu944\/2021\/10\/IMG_20211018_154811-200x150.jpg 200w\" sizes=\"auto, (max-width: 1024px) 100vw, 1024px\" \/><\/a><\/td>\n<\/tr>\n<\/tbody>\n<\/table>\n<table style=\"border-collapse: collapse; width: 100%;\">\n<tbody>\n<tr>\n<td style=\"width: 100%; border-color: #2cb033;\">\n<h4>2a sessi\u00f3:<\/h4>\n<h4>Dilluns 25 d&#8217;octubre.Tots som una mica dolents?<\/h4>\n<\/td>\n<\/tr>\n<\/tbody>\n<\/table>\n<p>Avui els exploradors del Montsacopa s&#8217;han trobat a la <strong>Biblioteca d&#8217;Olot.<\/strong><\/p>\n<p style=\"text-align: justify;\">La <strong>Gl\u00f2ria Buch<\/strong>, que s&#8217;encarrega de les sessions de la Biblioteca, els ha presentat les darreres novetats. Seguidament, han fet una din\u00e0mica per trobar els dolents d&#8217;algunes de les novel\u00b7les que formen part del fons de literatura juvenil de la Biblioteca, ja que aquest mes el dediquem a com s&#8217;explica a la literatura la lluita entre b\u00e9 i mal que tots portem dins.<\/p>\n<p style=\"text-align: justify;\">La <strong>Gl\u00f2ria Buch<\/strong> ens en diu: &#8220;s\u00f3n un grup amb moltes ganes de cr\u00e9ixer com a lectors. Tenen clar qu\u00e8 no els agrada i volen trobar all\u00f2 que els encanti; s\u00f3n participatius i de seguida hem congeniat&#8221;.<\/p>\n<table style=\"border-collapse: collapse; width: 100%;\">\n<tbody>\n<tr>\n<td style=\"width: 33.3333%; border-color: #ffffff;\"><a href=\"https:\/\/agora.xtec.cat\/iesmontsacopa\/wp-content\/uploads\/usu944\/2021\/11\/WhatsApp-Image-2021-11-08-at-19.14.52-1.jpeg\"><img loading=\"lazy\" decoding=\"async\" class=\"aligncenter wp-image-9489 size-full\" src=\"https:\/\/agora.xtec.cat\/iesmontsacopa\/wp-content\/uploads\/usu944\/2021\/11\/WhatsApp-Image-2021-11-08-at-19.14.52-1.jpeg\" alt=\"\" width=\"1600\" height=\"1200\" srcset=\"https:\/\/agora.xtec.cat\/iesmontsacopa\/wp-content\/uploads\/usu944\/2021\/11\/WhatsApp-Image-2021-11-08-at-19.14.52-1.jpeg 1600w, https:\/\/agora.xtec.cat\/iesmontsacopa\/wp-content\/uploads\/usu944\/2021\/11\/WhatsApp-Image-2021-11-08-at-19.14.52-1-300x225.jpeg 300w, https:\/\/agora.xtec.cat\/iesmontsacopa\/wp-content\/uploads\/usu944\/2021\/11\/WhatsApp-Image-2021-11-08-at-19.14.52-1-1024x768.jpeg 1024w, https:\/\/agora.xtec.cat\/iesmontsacopa\/wp-content\/uploads\/usu944\/2021\/11\/WhatsApp-Image-2021-11-08-at-19.14.52-1-768x576.jpeg 768w, https:\/\/agora.xtec.cat\/iesmontsacopa\/wp-content\/uploads\/usu944\/2021\/11\/WhatsApp-Image-2021-11-08-at-19.14.52-1-1536x1152.jpeg 1536w, https:\/\/agora.xtec.cat\/iesmontsacopa\/wp-content\/uploads\/usu944\/2021\/11\/WhatsApp-Image-2021-11-08-at-19.14.52-1-200x150.jpeg 200w\" sizes=\"auto, (max-width: 1600px) 100vw, 1600px\" \/><\/a><\/td>\n<td style=\"width: 33.3333%; border-color: #ffffff;\"><a href=\"https:\/\/agora.xtec.cat\/iesmontsacopa\/wp-content\/uploads\/usu944\/2021\/11\/WhatsApp-Image-2021-11-08-at-19.13.40.jpeg\"><img loading=\"lazy\" decoding=\"async\" class=\"aligncenter wp-image-9488 size-full\" src=\"https:\/\/agora.xtec.cat\/iesmontsacopa\/wp-content\/uploads\/usu944\/2021\/11\/WhatsApp-Image-2021-11-08-at-19.13.40.jpeg\" alt=\"\" width=\"1600\" height=\"1200\" srcset=\"https:\/\/agora.xtec.cat\/iesmontsacopa\/wp-content\/uploads\/usu944\/2021\/11\/WhatsApp-Image-2021-11-08-at-19.13.40.jpeg 1600w, https:\/\/agora.xtec.cat\/iesmontsacopa\/wp-content\/uploads\/usu944\/2021\/11\/WhatsApp-Image-2021-11-08-at-19.13.40-300x225.jpeg 300w, https:\/\/agora.xtec.cat\/iesmontsacopa\/wp-content\/uploads\/usu944\/2021\/11\/WhatsApp-Image-2021-11-08-at-19.13.40-1024x768.jpeg 1024w, https:\/\/agora.xtec.cat\/iesmontsacopa\/wp-content\/uploads\/usu944\/2021\/11\/WhatsApp-Image-2021-11-08-at-19.13.40-768x576.jpeg 768w, https:\/\/agora.xtec.cat\/iesmontsacopa\/wp-content\/uploads\/usu944\/2021\/11\/WhatsApp-Image-2021-11-08-at-19.13.40-1536x1152.jpeg 1536w, https:\/\/agora.xtec.cat\/iesmontsacopa\/wp-content\/uploads\/usu944\/2021\/11\/WhatsApp-Image-2021-11-08-at-19.13.40-200x150.jpeg 200w\" sizes=\"auto, (max-width: 1600px) 100vw, 1600px\" \/><\/a><\/td>\n<td style=\"width: 33.3333%; border-color: #ffffff;\"><a href=\"https:\/\/agora.xtec.cat\/iesmontsacopa\/wp-content\/uploads\/usu944\/2021\/11\/WhatsApp-Image-2021-11-08-at-19.13.38.jpeg\"><img loading=\"lazy\" decoding=\"async\" class=\"aligncenter wp-image-9487 size-full\" src=\"https:\/\/agora.xtec.cat\/iesmontsacopa\/wp-content\/uploads\/usu944\/2021\/11\/WhatsApp-Image-2021-11-08-at-19.13.38.jpeg\" alt=\"\" width=\"1600\" height=\"1200\" srcset=\"https:\/\/agora.xtec.cat\/iesmontsacopa\/wp-content\/uploads\/usu944\/2021\/11\/WhatsApp-Image-2021-11-08-at-19.13.38.jpeg 1600w, https:\/\/agora.xtec.cat\/iesmontsacopa\/wp-content\/uploads\/usu944\/2021\/11\/WhatsApp-Image-2021-11-08-at-19.13.38-300x225.jpeg 300w, https:\/\/agora.xtec.cat\/iesmontsacopa\/wp-content\/uploads\/usu944\/2021\/11\/WhatsApp-Image-2021-11-08-at-19.13.38-1024x768.jpeg 1024w, https:\/\/agora.xtec.cat\/iesmontsacopa\/wp-content\/uploads\/usu944\/2021\/11\/WhatsApp-Image-2021-11-08-at-19.13.38-768x576.jpeg 768w, https:\/\/agora.xtec.cat\/iesmontsacopa\/wp-content\/uploads\/usu944\/2021\/11\/WhatsApp-Image-2021-11-08-at-19.13.38-1536x1152.jpeg 1536w, https:\/\/agora.xtec.cat\/iesmontsacopa\/wp-content\/uploads\/usu944\/2021\/11\/WhatsApp-Image-2021-11-08-at-19.13.38-200x150.jpeg 200w\" sizes=\"auto, (max-width: 1600px) 100vw, 1600px\" \/><\/a><\/td>\n<\/tr>\n<\/tbody>\n<\/table>\n<table style=\"border-collapse: collapse; width: 100%;\">\n<tbody>\n<tr>\n<td style=\"width: 100%; border-color: #2cb033;\">\n<h4>3a sessi\u00f3<\/h4>\n<h4>Dimecres 3 de novembre. Dins d&#8217;una llibreria, visitem el DRAC<\/h4>\n<\/td>\n<\/tr>\n<\/tbody>\n<\/table>\n<p style=\"text-align: justify;\">Vam fer el pla perfecte de qualsevol amant dels llibres: passar una tarda de pluja dins d&#8217;una <strong>llibreria<\/strong>. \ud83d\ude42<\/p>\n<p style=\"text-align: justify;\">Malgrat que vam tenir unes quantes baixes per culpa de la pluja i altres motius, vam formar un grup actiu, amb ganes de participar i preguntar, de recordar lectures infantils i de buscar-ne de noves com a joves lectors. A m\u00e9s, als exploradors els agrada trobar-se amb alumnes d&#8217;altres centres; tot plegat \u00e9s m\u00e9s ric i divers.<\/p>\n<p style=\"text-align: justify;\">Ens vam trobar davant del Drac, com veieu a la foto, i vam llegir un poema de <strong>Joan Margarit<\/strong> que inclou un vers delici\u00f3s: &#8220;La llibertat \u00e9s una llibreria&#8221; (poema La llibertat). Vam estar comentant qu\u00e8 significava per a nosaltres la frase, situant-ho en el context del franquisme i la Transici\u00f3.<\/p>\n<p style=\"text-align: justify;\">Un cop dins la llibreria, la <strong>Irene Bonet<\/strong>, la llibretera i mestressa, ens va explicar el seu ofici, les parts m\u00e9s maques i les m\u00e9s avorrides. Entre els exploradors alg\u00fa va revelar la seva vocaci\u00f3 de llibretera! De tots els qui \u00e9rem, alguns no havien trepitjat mai el Drac, de manera que per a ells la sessi\u00f3 va ser especialment valuosa.<\/p>\n<p style=\"text-align: justify;\">Despr\u00e9s de les explicacions vam baixar al pis de baix, on vam fer una <strong>activitat<\/strong> de cerca de llibres a partir d&#8217;una premissa: &#8220;Troba un llibre d&#8217;amors impossibles&#8221;, &#8220;Troba un llibre per planificar les millors vacances de la teva vida&#8221;, &#8220;Troba un llibre que acabi fatal&#8221;, &#8220;Troba un llibre que tingui una persona protagonista que no sigui blanca&#8221;, etc.<\/p>\n<p>Finalment, vam comen\u00e7ar a fer la <strong>llista de la compra<\/strong>: quins llibres d&#8217;aquesta llibreria penses que poden formar part del fons dels Boscos de Lectures? Aquesta llista la revisarem en uns mesos; els t\u00edtols que entre tots votem que val la pena comprar i preservar es convertiran en el nostre fons.<\/p>\n<table style=\"border-collapse: collapse; width: 100%;\">\n<tbody>\n<tr>\n<td style=\"width: 25%; border-color: #ffffff;\"><a href=\"https:\/\/agora.xtec.cat\/iesmontsacopa\/wp-content\/uploads\/usu944\/2021\/11\/IMG_20211103_154226.jpg\"><img loading=\"lazy\" decoding=\"async\" class=\"aligncenter wp-image-9495 size-full\" src=\"https:\/\/agora.xtec.cat\/iesmontsacopa\/wp-content\/uploads\/usu944\/2021\/11\/IMG_20211103_154226.jpg\" alt=\"\" width=\"576\" height=\"768\" srcset=\"https:\/\/agora.xtec.cat\/iesmontsacopa\/wp-content\/uploads\/usu944\/2021\/11\/IMG_20211103_154226.jpg 576w, https:\/\/agora.xtec.cat\/iesmontsacopa\/wp-content\/uploads\/usu944\/2021\/11\/IMG_20211103_154226-225x300.jpg 225w\" sizes=\"auto, (max-width: 576px) 100vw, 576px\" \/><\/a><\/td>\n<td style=\"width: 25%; border-color: #ffffff;\"><a href=\"https:\/\/agora.xtec.cat\/iesmontsacopa\/wp-content\/uploads\/usu944\/2021\/11\/IMG_20211103_161350.jpg\"><img loading=\"lazy\" decoding=\"async\" class=\"aligncenter wp-image-9496 size-full\" src=\"https:\/\/agora.xtec.cat\/iesmontsacopa\/wp-content\/uploads\/usu944\/2021\/11\/IMG_20211103_161350.jpg\" alt=\"\" width=\"1024\" height=\"768\" srcset=\"https:\/\/agora.xtec.cat\/iesmontsacopa\/wp-content\/uploads\/usu944\/2021\/11\/IMG_20211103_161350.jpg 1024w, https:\/\/agora.xtec.cat\/iesmontsacopa\/wp-content\/uploads\/usu944\/2021\/11\/IMG_20211103_161350-300x225.jpg 300w, https:\/\/agora.xtec.cat\/iesmontsacopa\/wp-content\/uploads\/usu944\/2021\/11\/IMG_20211103_161350-768x576.jpg 768w, https:\/\/agora.xtec.cat\/iesmontsacopa\/wp-content\/uploads\/usu944\/2021\/11\/IMG_20211103_161350-200x150.jpg 200w\" sizes=\"auto, (max-width: 1024px) 100vw, 1024px\" \/><\/a><\/td>\n<td style=\"width: 25%; border-color: #ffffff;\"><a href=\"https:\/\/agora.xtec.cat\/iesmontsacopa\/wp-content\/uploads\/usu944\/2021\/11\/IMG_20211103_161751.jpg\"><img loading=\"lazy\" decoding=\"async\" class=\"aligncenter wp-image-9497 size-full\" src=\"https:\/\/agora.xtec.cat\/iesmontsacopa\/wp-content\/uploads\/usu944\/2021\/11\/IMG_20211103_161751.jpg\" alt=\"\" width=\"1024\" height=\"768\" srcset=\"https:\/\/agora.xtec.cat\/iesmontsacopa\/wp-content\/uploads\/usu944\/2021\/11\/IMG_20211103_161751.jpg 1024w, https:\/\/agora.xtec.cat\/iesmontsacopa\/wp-content\/uploads\/usu944\/2021\/11\/IMG_20211103_161751-300x225.jpg 300w, https:\/\/agora.xtec.cat\/iesmontsacopa\/wp-content\/uploads\/usu944\/2021\/11\/IMG_20211103_161751-768x576.jpg 768w, https:\/\/agora.xtec.cat\/iesmontsacopa\/wp-content\/uploads\/usu944\/2021\/11\/IMG_20211103_161751-200x150.jpg 200w\" sizes=\"auto, (max-width: 1024px) 100vw, 1024px\" \/><\/a><\/td>\n<td style=\"width: 25%; border-color: #ffffff;\"><a href=\"https:\/\/agora.xtec.cat\/iesmontsacopa\/wp-content\/uploads\/usu944\/2021\/11\/IMG_20211103_171050-scaled.jpg\"><img loading=\"lazy\" decoding=\"async\" class=\"aligncenter wp-image-9498 size-full\" src=\"https:\/\/agora.xtec.cat\/iesmontsacopa\/wp-content\/uploads\/usu944\/2021\/11\/IMG_20211103_171050-scaled.jpg\" alt=\"\" width=\"2560\" height=\"1920\" srcset=\"https:\/\/agora.xtec.cat\/iesmontsacopa\/wp-content\/uploads\/usu944\/2021\/11\/IMG_20211103_171050-scaled.jpg 2560w, https:\/\/agora.xtec.cat\/iesmontsacopa\/wp-content\/uploads\/usu944\/2021\/11\/IMG_20211103_171050-300x225.jpg 300w, https:\/\/agora.xtec.cat\/iesmontsacopa\/wp-content\/uploads\/usu944\/2021\/11\/IMG_20211103_171050-1024x768.jpg 1024w, https:\/\/agora.xtec.cat\/iesmontsacopa\/wp-content\/uploads\/usu944\/2021\/11\/IMG_20211103_171050-768x576.jpg 768w, https:\/\/agora.xtec.cat\/iesmontsacopa\/wp-content\/uploads\/usu944\/2021\/11\/IMG_20211103_171050-1536x1152.jpg 1536w, https:\/\/agora.xtec.cat\/iesmontsacopa\/wp-content\/uploads\/usu944\/2021\/11\/IMG_20211103_171050-2048x1536.jpg 2048w, https:\/\/agora.xtec.cat\/iesmontsacopa\/wp-content\/uploads\/usu944\/2021\/11\/IMG_20211103_171050-200x150.jpg 200w\" sizes=\"auto, (max-width: 2560px) 100vw, 2560px\" \/><\/a><\/td>\n<\/tr>\n<\/tbody>\n<\/table>\n<\/td>\n<\/tr>\n<\/tbody>\n<\/table>\n<\/td>\n<\/tr>\n<\/tbody>\n<\/table>\n<table style=\"border-collapse: collapse; width: 100%; height: 32px;\">\n<tbody>\n<tr style=\"height: 32px;\">\n<td style=\"width: 50%; border-color: #ffffff; height: 32px;\"><\/td>\n<td style=\"width: 50%; vertical-align: top; border-color: #ffffff; height: 32px;\"><\/td>\n<\/tr>\n<\/tbody>\n<\/table>\n","protected":false},"excerpt":{"rendered":"<p>Curs 2021-2022 1a sessi\u00f3: Dilluns 18 d&#8217;octubre. De quin bosc veniu? Explorem com hem arribat fins aqu\u00ed. Volem acostar la literatura i la lectura als joves de 1r i 2n d&#8217;ESO d&#8217;una manera m\u00e9s diversa, quant a fons, activitats i companys de lectura. Els Boscos impliquen sessions a l&#8217;institut, per\u00f2 tamb\u00e9 a la Biblioteca d&#8217;Olot [&hellip;]<\/p>\n","protected":false},"author":1,"featured_media":0,"parent":890,"menu_order":3,"comment_status":"closed","ping_status":"closed","template":"page-templates\/side-menu.php","meta":{"_bbp_topic_count":0,"_bbp_reply_count":0,"_bbp_total_topic_count":0,"_bbp_total_reply_count":0,"_bbp_voice_count":0,"_bbp_anonymous_reply_count":0,"_bbp_topic_count_hidden":0,"_bbp_reply_count_hidden":0,"_bbp_forum_subforum_count":0,"site-sidebar-layout":"default","site-content-layout":"","ast-site-content-layout":"","site-content-style":"default","site-sidebar-style":"default","ast-global-header-display":"","ast-banner-title-visibility":"","ast-main-header-display":"","ast-hfb-above-header-display":"","ast-hfb-below-header-display":"","ast-hfb-mobile-header-display":"","site-post-title":"","ast-breadcrumbs-content":"","ast-featured-img":"","footer-sml-layout":"","theme-transparent-header-meta":"","adv-header-id-meta":"","stick-header-meta":"","header-above-stick-meta":"","header-main-stick-meta":"","header-below-stick-meta":"","astra-migrate-meta-layouts":"default","ast-page-background-enabled":"default","ast-page-background-meta":{"desktop":{"background-color":"var(--ast-global-color-4)","background-image":"","background-repeat":"repeat","background-position":"center center","background-size":"auto","background-attachment":"scroll","background-type":"","background-media":"","overlay-type":"","overlay-color":"","overlay-opacity":"","overlay-gradient":""},"tablet":{"background-color":"","background-image":"","background-repeat":"repeat","background-position":"center center","background-size":"auto","background-attachment":"scroll","background-type":"","background-media":"","overlay-type":"","overlay-color":"","overlay-opacity":"","overlay-gradient":""},"mobile":{"background-color":"","background-image":"","background-repeat":"repeat","background-position":"center center","background-size":"auto","background-attachment":"scroll","background-type":"","background-media":"","overlay-type":"","overlay-color":"","overlay-opacity":"","overlay-gradient":""}},"ast-content-background-meta":{"desktop":{"background-color":"var(--ast-global-color-5)","background-image":"","background-repeat":"repeat","background-position":"center center","background-size":"auto","background-attachment":"scroll","background-type":"","background-media":"","overlay-type":"","overlay-color":"","overlay-opacity":"","overlay-gradient":""},"tablet":{"background-color":"var(--ast-global-color-5)","background-image":"","background-repeat":"repeat","background-position":"center center","background-size":"auto","background-attachment":"scroll","background-type":"","background-media":"","overlay-type":"","overlay-color":"","overlay-opacity":"","overlay-gradient":""},"mobile":{"background-color":"var(--ast-global-color-5)","background-image":"","background-repeat":"repeat","background-position":"center center","background-size":"auto","background-attachment":"scroll","background-type":"","background-media":"","overlay-type":"","overlay-color":"","overlay-opacity":"","overlay-gradient":""}},"footnotes":""},"class_list":["post-9336","page","type-page","status-publish","hentry"],"post_mailing_queue_ids":[],"_links":{"self":[{"href":"https:\/\/agora.xtec.cat\/iesmontsacopa\/wp-json\/wp\/v2\/pages\/9336","targetHints":{"allow":["GET"]}}],"collection":[{"href":"https:\/\/agora.xtec.cat\/iesmontsacopa\/wp-json\/wp\/v2\/pages"}],"about":[{"href":"https:\/\/agora.xtec.cat\/iesmontsacopa\/wp-json\/wp\/v2\/types\/page"}],"author":[{"embeddable":true,"href":"https:\/\/agora.xtec.cat\/iesmontsacopa\/wp-json\/wp\/v2\/users\/1"}],"replies":[{"embeddable":true,"href":"https:\/\/agora.xtec.cat\/iesmontsacopa\/wp-json\/wp\/v2\/comments?post=9336"}],"version-history":[{"count":4,"href":"https:\/\/agora.xtec.cat\/iesmontsacopa\/wp-json\/wp\/v2\/pages\/9336\/revisions"}],"predecessor-version":[{"id":11189,"href":"https:\/\/agora.xtec.cat\/iesmontsacopa\/wp-json\/wp\/v2\/pages\/9336\/revisions\/11189"}],"up":[{"embeddable":true,"href":"https:\/\/agora.xtec.cat\/iesmontsacopa\/wp-json\/wp\/v2\/pages\/890"}],"wp:attachment":[{"href":"https:\/\/agora.xtec.cat\/iesmontsacopa\/wp-json\/wp\/v2\/media?parent=9336"}],"curies":[{"name":"wp","href":"https:\/\/api.w.org\/{rel}","templated":true}]}}