{"id":896,"date":"2016-06-27T14:49:49","date_gmt":"2016-06-27T13:49:49","guid":{"rendered":"http:\/\/agora.xtec.cat\/iesmontsacopa\/?page_id=896"},"modified":"2021-12-01T12:03:51","modified_gmt":"2021-12-01T11:03:51","slug":"riscos-laborals","status":"publish","type":"page","link":"https:\/\/agora.xtec.cat\/iesmontsacopa\/secretaria\/riscos-laborals\/","title":{"rendered":"Riscos laborals"},"content":{"rendered":"<p><a href=\"https:\/\/agora.xtec.cat\/iesmontsacopa\/wp-content\/uploads\/usu944\/2021\/11\/guia_simulacre_21_22.pdf\">Guia per portar a terme l&#8217;evacuaci\u00f3 del centre<\/a><\/p>\n<p><a href=\"https:\/\/agora.xtec.cat\/iesmontsacopa\/wp-content\/uploads\/usu944\/2021\/11\/guia_resum_simulagre_21_22.pdf\">Guia resum d&#8217;evacuaci\u00f3 del centre<\/a><\/p>\n<p><a href=\"https:\/\/agora.xtec.cat\/iesmontsacopa\/wp-content\/uploads\/usu944\/2021\/11\/emplacament_ok_211118.jpg\" target=\"_blank\" rel=\"noopener noreferrer\">Pl\u00e0nol punt de reuni\u00f3<\/a><\/p>\n<p><a href=\"http:\/\/www.xtec.cat\/iesmontsacopa\/riscos\/planta_baixa.jpg\" target=\"_blank\" rel=\"noopener noreferrer\">Pl\u00e0nol planta baixa<\/a><\/p>\n<p><a href=\"http:\/\/www.xtec.cat\/iesmontsacopa\/riscos\/evacuaciopp.pdf\" target=\"_blank\" rel=\"noopener noreferrer\">Pl\u00e0nol planta primera<\/a><\/p>\n<p><a href=\"http:\/\/www.xtec.cat\/iesmontsacopa\/riscos\/evacuaciogimnas10.pdf\" target=\"_blank\" rel=\"noopener noreferrer\">Pl\u00e0nol gimn\u00e0s<\/a><\/p>\n<p><a href=\"http:\/\/www.xtec.cat\/iesmontsacopa\/riscos\/aula_pista.jpg\" target=\"_blank\" rel=\"noopener noreferrer\">Aula pista<\/a><\/p>\n<hr \/>\n<h4><strong>Resum simulacres d&#8217;evacuaci\u00f3<\/strong><\/h4>\n<p style=\"text-align: center;\"><a href=\"https:\/\/agora.xtec.cat\/iesmontsacopa\/wp-content\/uploads\/usu944\/2019\/11\/resultats_19_20.jpg\"><img loading=\"lazy\" decoding=\"async\" class=\"alignnone size-full wp-image-5197\" src=\"https:\/\/agora.xtec.cat\/iesmontsacopa\/wp-content\/uploads\/usu944\/2019\/11\/resultats_19_20.jpg\" alt=\"\" width=\"967\" height=\"601\" srcset=\"https:\/\/agora.xtec.cat\/iesmontsacopa\/wp-content\/uploads\/usu944\/2019\/11\/resultats_19_20.jpg 967w, https:\/\/agora.xtec.cat\/iesmontsacopa\/wp-content\/uploads\/usu944\/2019\/11\/resultats_19_20-300x186.jpg 300w, https:\/\/agora.xtec.cat\/iesmontsacopa\/wp-content\/uploads\/usu944\/2019\/11\/resultats_19_20-768x477.jpg 768w\" sizes=\"auto, (max-width: 967px) 100vw, 967px\" \/><\/a><\/p>\n<hr \/>\n<h4><span class=\"Estilo38\"><strong>Exemples d&#8217;evacuaci\u00f3<\/strong> <\/span><\/h4>\n<p style=\"text-align: justify;\"><span class=\"Estilo36\">Una evacuaci\u00f3 ordenada evita els accidents afegits pel p\u00e0nic i les presses. Saber qu\u00e8 cal fer per procedir amb seguretat \u00e9s primordial en una evacuaci\u00f3, i \u00e9s per aix\u00f2 es fan els simulacres d&#8217;emerg\u00e8ncia. Una escola de prim\u00e0ria ens mostra les mesures que cal prendre i els passos a seguir per aconseguir una evacuaci\u00f3 ordenada.<\/span><\/p>\n<table style=\"border-collapse: collapse; width: 100%;\">\n<tbody>\n<tr>\n<td style=\"width: 100%; border-color: #ffffff;\"><iframe loading=\"lazy\" title=\"YouTube video player\" src=\"https:\/\/www.youtube.com\/embed\/2IwK7aNvxkE\" width=\"560\" height=\"315\" frameborder=\"0\" allowfullscreen=\"allowfullscreen\"><\/iframe><\/td>\n<\/tr>\n<tr>\n<td style=\"width: 100%; border-color: #ffffff;\">\n<h4 id=\":pk\" class=\"hP\" style=\"text-align: left;\" tabindex=\"-1\"><strong>V\u00eddeo simulacre d&#8217;un centre escolar<\/strong><\/h4>\n<p><a href=\"https:\/\/drive.google.com\/file\/d\/1uECG9vUspi0h2vay1t5y-pA-QFz26xtF\/view?usp=sharing\"><img loading=\"lazy\" decoding=\"async\" class=\"wp-image-9608 size-full alignleft\" src=\"https:\/\/agora.xtec.cat\/iesmontsacopa\/wp-content\/uploads\/usu944\/2021\/12\/simulacre.jpg\" alt=\"\" width=\"644\" height=\"364\" srcset=\"https:\/\/agora.xtec.cat\/iesmontsacopa\/wp-content\/uploads\/usu944\/2021\/12\/simulacre.jpg 644w, https:\/\/agora.xtec.cat\/iesmontsacopa\/wp-content\/uploads\/usu944\/2021\/12\/simulacre-300x170.jpg 300w\" sizes=\"auto, (max-width: 644px) 100vw, 644px\" \/><\/a><\/p>\n<h4 tabindex=\"-1\"><\/h4>\n<h4 tabindex=\"-1\"><\/h4>\n<h4 tabindex=\"-1\"><\/h4>\n<h4 tabindex=\"-1\"><\/h4>\n<h4 tabindex=\"-1\"><\/h4>\n<h4 tabindex=\"-1\"><\/h4>\n<h4 tabindex=\"-1\"><\/h4>\n<h4 tabindex=\"-1\"><\/h4>\n<h4 tabindex=\"-1\"><\/h4>\n<\/td>\n<\/tr>\n<tr>\n<td style=\"width: 100%; border-color: #ffffff;\">\n<h4 id=\":pk\" class=\"hP\" style=\"text-align: left;\" tabindex=\"-1\"><strong>V\u00eddeo desallotjament estadi Santiago Bernabeu<\/strong><\/h4>\n<p><span style=\"color: #111111; font-family: Roboto, Arial, sans-serif;\">V\u00eddeo on es mostra el desallotjament de l&#8217;estadi Santiago Bernabeu arrel de l&#8217;amena\u00e7a de bomba en nom de ETA. S&#8217;estava disputant un partit entre el Real Madrid i la Real Sociedad que es va haver de suspendre en el minut 88.<\/span><\/p>\n<p style=\"text-align: left;\"><iframe loading=\"lazy\" src=\"https:\/\/www.youtube.com\/embed\/EahkzIqvyq0\" width=\"560\" height=\"315\" frameborder=\"0\" allowfullscreen=\"allowfullscreen\"><\/iframe><\/p>\n<\/td>\n<\/tr>\n<\/tbody>\n<\/table>\n<p>&nbsp;<\/p>\n<p style=\"text-align: left;\">\n<h4 tabindex=\"-1\"><\/h4>\n<p style=\"text-align: left;\">\n","protected":false},"excerpt":{"rendered":"<p>Guia per portar a terme l&#8217;evacuaci\u00f3 del centre Guia resum d&#8217;evacuaci\u00f3 del centre Pl\u00e0nol punt de reuni\u00f3 Pl\u00e0nol planta baixa Pl\u00e0nol planta primera Pl\u00e0nol gimn\u00e0s Aula pista Resum simulacres d&#8217;evacuaci\u00f3 Exemples d&#8217;evacuaci\u00f3 Una evacuaci\u00f3 ordenada evita els accidents afegits pel p\u00e0nic i les presses. Saber qu\u00e8 cal fer per procedir amb seguretat \u00e9s primordial en [&hellip;]<\/p>\n","protected":false},"author":1,"featured_media":0,"parent":81,"menu_order":0,"comment_status":"closed","ping_status":"closed","template":"page-templates\/side-menu.php","meta":{"_bbp_topic_count":0,"_bbp_reply_count":0,"_bbp_total_topic_count":0,"_bbp_total_reply_count":0,"_bbp_voice_count":0,"_bbp_anonymous_reply_count":0,"_bbp_topic_count_hidden":0,"_bbp_reply_count_hidden":0,"_bbp_forum_subforum_count":0,"site-sidebar-layout":"default","site-content-layout":"","ast-site-content-layout":"","site-content-style":"default","site-sidebar-style":"default","ast-global-header-display":"","ast-banner-title-visibility":"","ast-main-header-display":"","ast-hfb-above-header-display":"","ast-hfb-below-header-display":"","ast-hfb-mobile-header-display":"","site-post-title":"","ast-breadcrumbs-content":"","ast-featured-img":"","footer-sml-layout":"","theme-transparent-header-meta":"","adv-header-id-meta":"","stick-header-meta":"","header-above-stick-meta":"","header-main-stick-meta":"","header-below-stick-meta":"","astra-migrate-meta-layouts":"default","ast-page-background-enabled":"default","ast-page-background-meta":{"desktop":{"background-color":"var(--ast-global-color-4)","background-image":"","background-repeat":"repeat","background-position":"center center","background-size":"auto","background-attachment":"scroll","background-type":"","background-media":"","overlay-type":"","overlay-color":"","overlay-opacity":"","overlay-gradient":""},"tablet":{"background-color":"","background-image":"","background-repeat":"repeat","background-position":"center center","background-size":"auto","background-attachment":"scroll","background-type":"","background-media":"","overlay-type":"","overlay-color":"","overlay-opacity":"","overlay-gradient":""},"mobile":{"background-color":"","background-image":"","background-repeat":"repeat","background-position":"center center","background-size":"auto","background-attachment":"scroll","background-type":"","background-media":"","overlay-type":"","overlay-color":"","overlay-opacity":"","overlay-gradient":""}},"ast-content-background-meta":{"desktop":{"background-color":"var(--ast-global-color-5)","background-image":"","background-repeat":"repeat","background-position":"center center","background-size":"auto","background-attachment":"scroll","background-type":"","background-media":"","overlay-type":"","overlay-color":"","overlay-opacity":"","overlay-gradient":""},"tablet":{"background-color":"var(--ast-global-color-5)","background-image":"","background-repeat":"repeat","background-position":"center center","background-size":"auto","background-attachment":"scroll","background-type":"","background-media":"","overlay-type":"","overlay-color":"","overlay-opacity":"","overlay-gradient":""},"mobile":{"background-color":"var(--ast-global-color-5)","background-image":"","background-repeat":"repeat","background-position":"center center","background-size":"auto","background-attachment":"scroll","background-type":"","background-media":"","overlay-type":"","overlay-color":"","overlay-opacity":"","overlay-gradient":""}},"footnotes":""},"class_list":["post-896","page","type-page","status-publish","hentry"],"post_mailing_queue_ids":[],"_links":{"self":[{"href":"https:\/\/agora.xtec.cat\/iesmontsacopa\/wp-json\/wp\/v2\/pages\/896","targetHints":{"allow":["GET"]}}],"collection":[{"href":"https:\/\/agora.xtec.cat\/iesmontsacopa\/wp-json\/wp\/v2\/pages"}],"about":[{"href":"https:\/\/agora.xtec.cat\/iesmontsacopa\/wp-json\/wp\/v2\/types\/page"}],"author":[{"embeddable":true,"href":"https:\/\/agora.xtec.cat\/iesmontsacopa\/wp-json\/wp\/v2\/users\/1"}],"replies":[{"embeddable":true,"href":"https:\/\/agora.xtec.cat\/iesmontsacopa\/wp-json\/wp\/v2\/comments?post=896"}],"version-history":[{"count":4,"href":"https:\/\/agora.xtec.cat\/iesmontsacopa\/wp-json\/wp\/v2\/pages\/896\/revisions"}],"predecessor-version":[{"id":9618,"href":"https:\/\/agora.xtec.cat\/iesmontsacopa\/wp-json\/wp\/v2\/pages\/896\/revisions\/9618"}],"up":[{"embeddable":true,"href":"https:\/\/agora.xtec.cat\/iesmontsacopa\/wp-json\/wp\/v2\/pages\/81"}],"wp:attachment":[{"href":"https:\/\/agora.xtec.cat\/iesmontsacopa\/wp-json\/wp\/v2\/media?parent=896"}],"curies":[{"name":"wp","href":"https:\/\/api.w.org\/{rel}","templated":true}]}}