{"id":890,"date":"2016-06-27T14:48:17","date_gmt":"2016-06-27T13:48:17","guid":{"rendered":"http:\/\/agora.xtec.cat\/iesmontsacopa\/?page_id=890"},"modified":"2026-03-28T11:58:55","modified_gmt":"2026-03-28T10:58:55","slug":"projectes","status":"publish","type":"page","link":"https:\/\/agora.xtec.cat\/iesmontsacopa\/premis-i-projectes\/projectes\/","title":{"rendered":"Projectes"},"content":{"rendered":"\n<div class=\"wp-block-columns has-background is-layout-flex wp-container-core-columns-is-layout-1 wp-block-columns-is-layout-flex\" style=\"border-radius:16px;background-color:#edf3f6\">\n<div class=\"wp-block-column is-layout-flow wp-block-column-is-layout-flow\" style=\"flex-basis:100%\">\n<h5><a href=\"https:\/\/agora.xtec.cat\/iesmontsacopa\/premis-i-projectes\/projectes\/set-de-dignitat\/\">Set de dignitat<\/a><\/h5>\n<h5><a href=\"https:\/\/agora.xtec.cat\/iesmontsacopa\/premis-i-projectes\/projectes\/innovacio-i-investigacio-aplicades-i-transferencia-de-coneixement-en-la-formacio-professional\/\">Projecte OLDBOT<\/a><\/h5>\n<h5><a href=\"https:\/\/agora.xtec.cat\/iesmontsacopa\/premis-i-projectes\/projectes\/steamcat\/\">STEAMcat<\/a><\/h5>\n<h5><a href=\"https:\/\/agora.xtec.cat\/iesmontsacopa\/premis-i-projectes\/projectes\/boscos-de-lectures\/\">Boscos de lectures<\/a><\/h5>\n<h5><a href=\"https:\/\/agora.xtec.cat\/iesmontsacopa\/premis-i-projectes\/projectes\/escola-verda\/\" rel=\"noopener noreferrer\">Escoles verdes<\/a><\/h5>\n<h5><a href=\"https:\/\/agora.xtec.cat\/iesmontsacopa\/premis-i-projectes\/projectes\/erasmus\/\" rel=\"noopener noreferrer\">Erasmus+<\/a><\/h5>\n<h5><a href=\"https:\/\/agora.xtec.cat\/iesmontsacopa\/premis-i-projectes\/projectes\/young-volcandpark\/\" rel=\"noopener noreferrer\">Young Volcandpark<\/a><\/h5>\n<h5><a href=\"https:\/\/agora.xtec.cat\/iesmontsacopa\/premis-i-projectes\/projectes\/amb-mirada-matematica\/\" rel=\"noopener noreferrer\">Amb mirada matem\u00e0tica<\/a><\/h5>\n<h5><a href=\"https:\/\/agora.xtec.cat\/iesmontsacopa\/premis-i-projectes\/projectes\/la-memoria-de-lescola-franquista\/\">La mem\u00f2ria de l&#8217;escola franquista<\/a><\/h5>\n<h5><a href=\"https:\/\/agora.xtec.cat\/iesmontsacopa\/premis-i-projectes\/projectes\/cordova-murcia-i-olot-una-mica-mes-a-prop\/\">C\u00f2rdova, Murcia i Olot, una mica m\u00e9s a prop<\/a><\/h5>\n<h5><a href=\"https:\/\/agora.xtec.cat\/iesmontsacopa\/premis-i-projectes\/projectes\/pla-de-llengues-estrangeres\/\">Pla de lleng\u00fces estrangeres<\/a><\/h5>\n<p>\u00a0<\/p>\n\n\n\n<figure class=\"wp-block-image alignright size-full\"><a href=\"https:\/\/agora.xtec.cat\/iesmontsacopa\/wp-content\/uploads\/usu944\/2026\/03\/logo2trans_horitzontalpetit.png\"><img loading=\"lazy\" decoding=\"async\" width=\"102\" height=\"32\" src=\"https:\/\/agora.xtec.cat\/iesmontsacopa\/wp-content\/uploads\/usu944\/2026\/03\/logo2trans_horitzontalpetit.png\" alt=\"\" class=\"wp-image-16247\"\/><\/a><\/figure>\n<\/div>\n<\/div>\n","protected":false},"excerpt":{"rendered":"<p>Set de dignitat Projecte OLDBOT STEAMcat Boscos de lectures Escoles verdes Erasmus+ Young Volcandpark Amb mirada matem\u00e0tica La mem\u00f2ria de l&#8217;escola franquista C\u00f2rdova, Murcia i Olot, una mica m\u00e9s a prop Pla de lleng\u00fces estrangeres \u00a0<\/p>\n","protected":false},"author":1,"featured_media":0,"parent":887,"menu_order":2,"comment_status":"closed","ping_status":"closed","template":"","meta":{"_bbp_topic_count":0,"_bbp_reply_count":0,"_bbp_total_topic_count":0,"_bbp_total_reply_count":0,"_bbp_voice_count":0,"_bbp_anonymous_reply_count":0,"_bbp_topic_count_hidden":0,"_bbp_reply_count_hidden":0,"_bbp_forum_subforum_count":0,"site-sidebar-layout":"default","site-content-layout":"","ast-site-content-layout":"default","site-content-style":"default","site-sidebar-style":"default","ast-global-header-display":"","ast-banner-title-visibility":"","ast-main-header-display":"","ast-hfb-above-header-display":"","ast-hfb-below-header-display":"","ast-hfb-mobile-header-display":"","site-post-title":"","ast-breadcrumbs-content":"","ast-featured-img":"","footer-sml-layout":"","theme-transparent-header-meta":"default","adv-header-id-meta":"","stick-header-meta":"","header-above-stick-meta":"","header-main-stick-meta":"","header-below-stick-meta":"","astra-migrate-meta-layouts":"set","ast-page-background-enabled":"default","ast-page-background-meta":{"desktop":{"background-color":"var(--ast-global-color-4)","background-image":"","background-repeat":"repeat","background-position":"center center","background-size":"auto","background-attachment":"scroll","background-type":"","background-media":"","overlay-type":"","overlay-color":"","overlay-opacity":"","overlay-gradient":""},"tablet":{"background-color":"","background-image":"","background-repeat":"repeat","background-position":"center center","background-size":"auto","background-attachment":"scroll","background-type":"","background-media":"","overlay-type":"","overlay-color":"","overlay-opacity":"","overlay-gradient":""},"mobile":{"background-color":"","background-image":"","background-repeat":"repeat","background-position":"center center","background-size":"auto","background-attachment":"scroll","background-type":"","background-media":"","overlay-type":"","overlay-color":"","overlay-opacity":"","overlay-gradient":""}},"ast-content-background-meta":{"desktop":{"background-color":"var(--ast-global-color-5)","background-image":"","background-repeat":"repeat","background-position":"center center","background-size":"auto","background-attachment":"scroll","background-type":"","background-media":"","overlay-type":"","overlay-color":"","overlay-opacity":"","overlay-gradient":""},"tablet":{"background-color":"var(--ast-global-color-5)","background-image":"","background-repeat":"repeat","background-position":"center center","background-size":"auto","background-attachment":"scroll","background-type":"","background-media":"","overlay-type":"","overlay-color":"","overlay-opacity":"","overlay-gradient":""},"mobile":{"background-color":"var(--ast-global-color-5)","background-image":"","background-repeat":"repeat","background-position":"center center","background-size":"auto","background-attachment":"scroll","background-type":"","background-media":"","overlay-type":"","overlay-color":"","overlay-opacity":"","overlay-gradient":""}},"footnotes":""},"class_list":["post-890","page","type-page","status-publish","hentry"],"post_mailing_queue_ids":[],"_links":{"self":[{"href":"https:\/\/agora.xtec.cat\/iesmontsacopa\/wp-json\/wp\/v2\/pages\/890","targetHints":{"allow":["GET"]}}],"collection":[{"href":"https:\/\/agora.xtec.cat\/iesmontsacopa\/wp-json\/wp\/v2\/pages"}],"about":[{"href":"https:\/\/agora.xtec.cat\/iesmontsacopa\/wp-json\/wp\/v2\/types\/page"}],"author":[{"embeddable":true,"href":"https:\/\/agora.xtec.cat\/iesmontsacopa\/wp-json\/wp\/v2\/users\/1"}],"replies":[{"embeddable":true,"href":"https:\/\/agora.xtec.cat\/iesmontsacopa\/wp-json\/wp\/v2\/comments?post=890"}],"version-history":[{"count":6,"href":"https:\/\/agora.xtec.cat\/iesmontsacopa\/wp-json\/wp\/v2\/pages\/890\/revisions"}],"predecessor-version":[{"id":16343,"href":"https:\/\/agora.xtec.cat\/iesmontsacopa\/wp-json\/wp\/v2\/pages\/890\/revisions\/16343"}],"up":[{"embeddable":true,"href":"https:\/\/agora.xtec.cat\/iesmontsacopa\/wp-json\/wp\/v2\/pages\/887"}],"wp:attachment":[{"href":"https:\/\/agora.xtec.cat\/iesmontsacopa\/wp-json\/wp\/v2\/media?parent=890"}],"curies":[{"name":"wp","href":"https:\/\/api.w.org\/{rel}","templated":true}]}}