{"id":819,"date":"2016-06-23T20:44:08","date_gmt":"2016-06-23T19:44:08","guid":{"rendered":"http:\/\/agora.xtec.cat\/iesmontsacopa\/?page_id=819"},"modified":"2026-03-25T15:04:47","modified_gmt":"2026-03-25T14:04:47","slug":"orientacio","status":"publish","type":"page","link":"https:\/\/agora.xtec.cat\/iesmontsacopa\/estudis\/orientacio\/","title":{"rendered":"Orientaci\u00f3"},"content":{"rendered":"<p><a href=\"https:\/\/www.unportal.cat\/\" target=\"_blank\" rel=\"noopener\"><img loading=\"lazy\" decoding=\"async\" class=\"aligncenter wp-image-9535 size-full\" src=\"https:\/\/agora.xtec.cat\/iesmontsacopa\/wp-content\/uploads\/usu944\/2021\/11\/web_educacio_superior.jpg\" alt=\"\" width=\"735\" height=\"107\" srcset=\"https:\/\/agora.xtec.cat\/iesmontsacopa\/wp-content\/uploads\/usu944\/2021\/11\/web_educacio_superior.jpg 735w, https:\/\/agora.xtec.cat\/iesmontsacopa\/wp-content\/uploads\/usu944\/2021\/11\/web_educacio_superior-300x44.jpg 300w\" sizes=\"auto, (max-width: 735px) 100vw, 735px\" \/><\/a><\/p>\n<table style=\"width: 100%; border-color: #ffffff;\">\n<tbody>\n<tr>\n<td style=\"border-color: #ffffff; text-align: right; vertical-align: top; width: 15.8442%;\"><strong>En acabar ESO<\/strong><\/td>\n<td style=\"border-color: #ffffff; text-align: right; vertical-align: top; width: 83.2468%;\">\n<p style=\"text-align: justify;\">El sistema educatiu a Catalunya compta amb gran varietat d&#8217;estudis: 3 modalitats de batxillerat, m\u00e9s de 240 titulacions de formaci\u00f3 professional, m\u00e9s de 180 cicles d&#8217;ensenyaments art\u00edstics i m\u00e9s de 30 d&#8217;esportius, etc. A m\u00e9s, si continues la teva formaci\u00f3, pots escollir entre un ampli ventall d&#8217;estudis universitaris (estudis de grau, estudis de m\u00e0ster, etc.), que estan adscrits a diferents branques de coneixement.<\/p>\n<table style=\"width: 100%;\">\n<tbody>\n<tr>\n<td style=\"width: 30%; border-color: #ffffff;\"><a href=\"https:\/\/triaeducativa.gencat.cat\/ca\/inici\/\" target=\"_blank\" rel=\"noopener noreferrer\"><img loading=\"lazy\" decoding=\"async\" class=\"aligncenter wp-image-8313 size-medium\" src=\"https:\/\/agora.xtec.cat\/iesmontsacopa\/wp-content\/uploads\/usu944\/2021\/04\/Tria_educativa-300x238.png\" alt=\"\" width=\"300\" height=\"238\" srcset=\"https:\/\/agora.xtec.cat\/iesmontsacopa\/wp-content\/uploads\/usu944\/2021\/04\/Tria_educativa-300x238.png 300w, https:\/\/agora.xtec.cat\/iesmontsacopa\/wp-content\/uploads\/usu944\/2021\/04\/Tria_educativa-768x610.png 768w, https:\/\/agora.xtec.cat\/iesmontsacopa\/wp-content\/uploads\/usu944\/2021\/04\/Tria_educativa-1024x813.png 1024w, https:\/\/agora.xtec.cat\/iesmontsacopa\/wp-content\/uploads\/usu944\/2021\/04\/Tria_educativa.png 1047w\" sizes=\"auto, (max-width: 300px) 100vw, 300px\" \/><\/a><\/td>\n<td style=\"border-color: #ffffff;\">\n<p style=\"text-align: justify;\">Com que decidir-se per una opci\u00f3 no \u00e9s gens f\u00e0cil, el Departament d&#8217;Educaci\u00f3 ha posat en marxa el nou web tem\u00e0tic <a href=\"http:\/\/triaeducativa.gencat.cat\" target=\"_blank\" rel=\"noopener noreferrer\">triaeducativa.gencat.cat<\/a> ,que neix amb un objectiu principal: oferir informaci\u00f3 de qualitat i actualitzada als nois i noies que acaben l&#8217;ESO i han de decidir quina formaci\u00f3 s&#8217;ajusta m\u00e9s als seus interessos i a la posterior sortida laboral. Aquest nou portal tem\u00e0tic veu la llum en el context de pand\u00e8mia per la covid-19, que per segon any consecutiu impedeix la participaci\u00f3 del Departament en un esdeveniment presencial tan vinculat al suport i l&#8217;acompanyament als nostres joves com \u00e9s el Sal\u00f3 de l&#8217;Ensenyament.<\/p>\n<\/td>\n<\/tr>\n<tr>\n<td style=\"width: 30%; border-color: #ffffff;\" colspan=\"2\">\n<p style=\"text-align: justify;\">El nou web \u00e9s responsiu i, per tant, es pot consultar des de qualsevol dispositiu m\u00f2bil. El portal inclou les fitxes actualitzades de tots els estudis, d&#8217;acord amb els canvis introdu\u00efts arran de l&#8217;entrada en vigor de la nova llei d&#8217;Educaci\u00f3, la LOMLOE, el 19 de gener de 2021. A m\u00e9s, i trobareu v\u00eddeos explicatius sobre els diferents estudis, podcasts sobre temes diversos (proves d&#8217;acc\u00e9s a ensenyaments d&#8217;arts esc\u00e8niques i esportius, novetats del proper curs, recomanacions per fer un bon treball de recerca&#8230;), un desplegable descarregable que reuneix tota la informaci\u00f3 sintetitzada sobre l&#8217;oferta formativa, i molts altres materials. El men\u00fa superior incorpora un bot\u00f3 de traducci\u00f3 autom\u00e0tica que facilita la navegaci\u00f3 per tot el web en catal\u00e0, castell\u00e0, occit\u00e0-aran\u00e8s, angl\u00e8s, franc\u00e8s, itali\u00e0, portugu\u00e8s, alemany, rus, urd\u00fa, \u00e0rab i xin\u00e8s.<\/p>\n<\/td>\n<\/tr>\n<\/tbody>\n<\/table>\n<\/td>\n<\/tr>\n<tr>\n<td style=\"border-color: #ffffff; text-align: right; vertical-align: top; width: 99.091%;\" colspan=\"2\">\u00a0<\/td>\n<\/tr>\n<tr>\n<td style=\"border-color: #ffffff; text-align: right; vertical-align: top; width: 15.8442%;\"><strong>En acabar BATXILLERAT<br \/>CC FF<\/strong><\/td>\n<td style=\"border-color: #ffffff; vertical-align: top; text-align: justify; width: 83.2468%;\">Vols estudiar a les universitats de Catalunya?<br style=\"font-weight: normal;\" \/>El Govern de la Generalitat de Catalunya posa al teu abast diferents eines per guiar-te i orientar-te en el proc\u00e9s. Segueix-les!\n<p style=\"text-align: center;\"><a href=\"http:\/\/universitats.gencat.cat\/ca\/inici\/index.html\" target=\"_blank\" rel=\"noopener noreferrer\"><img loading=\"lazy\" decoding=\"async\" class=\"aligncenter wp-image-8364 size-full\" src=\"https:\/\/agora.xtec.cat\/iesmontsacopa\/wp-content\/uploads\/usu944\/2021\/04\/universitats.jpg\" alt=\"\" width=\"433\" height=\"66\" srcset=\"https:\/\/agora.xtec.cat\/iesmontsacopa\/wp-content\/uploads\/usu944\/2021\/04\/universitats.jpg 433w, https:\/\/agora.xtec.cat\/iesmontsacopa\/wp-content\/uploads\/usu944\/2021\/04\/universitats-300x46.jpg 300w\" sizes=\"auto, (max-width: 433px) 100vw, 433px\" \/><\/a><\/p>\n<p style=\"text-align: center;\">\u00a0<\/p>\n<\/td>\n<\/tr>\n<tr>\n<td style=\"border-color: #ffffff; text-align: right; vertical-align: top; width: 99.091%;\" colspan=\"2\">\u00a0<\/td>\n<\/tr>\n<tr>\n<td style=\"border-color: #ffffff; text-align: right; vertical-align: top; width: 15.8442%;\"><strong><span class=\"Estilo36\">Altres estudis<\/span><\/strong><\/td>\n<td style=\"border-color: #ffffff; text-align: right; vertical-align: top; width: 83.2468%;\">\n<p style=\"text-align: left;\"><a href=\"http:\/\/xtec.gencat.cat\/ca\/curriculum\/professionals\/fp\" target=\"_blank\" rel=\"noopener noreferrer\">Orientaci\u00f3 <\/a><a href=\"http:\/\/xtec.gencat.cat\/ca\/curriculum\/professionals\/fp\" target=\"_blank\" rel=\"noopener noreferrer\">Formaci\u00f3 professional<\/a><\/p>\n<p style=\"text-align: left;\"><a title=\"Ensenyaments art\u00edsitcs\" href=\"http:\/\/www.xtec.cat\/web\/curriculum\/professionals\/artistics\" target=\"_blank\" rel=\"noopener noreferrer\">Ensenyaments art\u00edstics<\/a><\/p>\n<\/td>\n<\/tr>\n<tr>\n<td style=\"border-color: #ffffff; text-align: right; vertical-align: top; width: 99.091%;\" colspan=\"2\">\u00a0<\/td>\n<\/tr>\n<tr>\n<td style=\"border-color: #ffffff; text-align: right; vertical-align: top; width: 15.8442%;\"><strong><span class=\"Estilo36\">Proves d&#8217;acc\u00e9s<\/span><\/strong><\/td>\n<td style=\"border-color: #ffffff; text-align: right; vertical-align: top; width: 83.2468%;\">\n<p style=\"text-align: justify;\">El Departament d&#8217;Ensenyament convoca\u00a0peri\u00f2dicament les <strong>proves d&#8217;acc\u00e9s<\/strong>, que permeten acreditar unes aptitutds m\u00ednimes per tal d&#8217;accedir posteriorment a uns estudis, i les <strong>proves lliures per a l&#8217;obtenci\u00f3 de t\u00edtols i certificats<\/strong>, mitjan\u00e7ant les quals se certifica la superaci\u00f3 d&#8217;uns estudis determinats.<\/p>\n<p style=\"text-align: center;\"><a href=\"http:\/\/ensenyament.gencat.cat\/ca\/serveis-tramits\/proves\/proves-lliures-obtencio-titols\/\" target=\"_blank\" rel=\"attachment noopener wp-att-836 noreferrer\"><img loading=\"lazy\" decoding=\"async\" class=\"alignnone size-full wp-image-836\" src=\"http:\/\/agora.xtec.cat\/iesmontsacopa\/wp-content\/uploads\/usu944\/2016\/06\/proves_acces.jpg\" alt=\"proves_acces\" width=\"642\" height=\"67\" srcset=\"https:\/\/agora.xtec.cat\/iesmontsacopa\/wp-content\/uploads\/usu944\/2016\/06\/proves_acces.jpg 642w, https:\/\/agora.xtec.cat\/iesmontsacopa\/wp-content\/uploads\/usu944\/2016\/06\/proves_acces-300x31.jpg 300w\" sizes=\"auto, (max-width: 642px) 100vw, 642px\" \/><\/a><\/p>\n<\/td>\n<\/tr>\n<\/tbody>\n<\/table>\n\n\n\n\n<figure class=\"wp-block-image alignright size-full\"><a href=\"https:\/\/agora.xtec.cat\/iesmontsacopa\/wp-content\/uploads\/usu944\/2026\/03\/logo2trans_horitzontalpetit.png\"><img loading=\"lazy\" decoding=\"async\" width=\"102\" height=\"32\" src=\"https:\/\/agora.xtec.cat\/iesmontsacopa\/wp-content\/uploads\/usu944\/2026\/03\/logo2trans_horitzontalpetit.png\" alt=\"\" class=\"wp-image-16247\"\/><\/a><\/figure>\n","protected":false},"excerpt":{"rendered":"<p>En acabar ESO El sistema educatiu a Catalunya compta amb gran varietat d&#8217;estudis: 3 modalitats de batxillerat, m\u00e9s de 240 titulacions de formaci\u00f3 professional, m\u00e9s de 180 cicles d&#8217;ensenyaments art\u00edstics i m\u00e9s de 30 d&#8217;esportius, etc. A m\u00e9s, si continues la teva formaci\u00f3, pots escollir entre un ampli ventall d&#8217;estudis universitaris (estudis de grau, estudis [&hellip;]<\/p>\n","protected":false},"author":1,"featured_media":0,"parent":195,"menu_order":0,"comment_status":"closed","ping_status":"closed","template":"","meta":{"_bbp_topic_count":0,"_bbp_reply_count":0,"_bbp_total_topic_count":0,"_bbp_total_reply_count":0,"_bbp_voice_count":0,"_bbp_anonymous_reply_count":0,"_bbp_topic_count_hidden":0,"_bbp_reply_count_hidden":0,"_bbp_forum_subforum_count":0,"site-sidebar-layout":"default","site-content-layout":"","ast-site-content-layout":"default","site-content-style":"default","site-sidebar-style":"default","ast-global-header-display":"","ast-banner-title-visibility":"","ast-main-header-display":"","ast-hfb-above-header-display":"","ast-hfb-below-header-display":"","ast-hfb-mobile-header-display":"","site-post-title":"","ast-breadcrumbs-content":"","ast-featured-img":"","footer-sml-layout":"","theme-transparent-header-meta":"","adv-header-id-meta":"","stick-header-meta":"","header-above-stick-meta":"","header-main-stick-meta":"","header-below-stick-meta":"","astra-migrate-meta-layouts":"set","ast-page-background-enabled":"default","ast-page-background-meta":{"desktop":{"background-color":"var(--ast-global-color-4)","background-image":"","background-repeat":"repeat","background-position":"center center","background-size":"auto","background-attachment":"scroll","background-type":"","background-media":"","overlay-type":"","overlay-color":"","overlay-opacity":"","overlay-gradient":""},"tablet":{"background-color":"","background-image":"","background-repeat":"repeat","background-position":"center center","background-size":"auto","background-attachment":"scroll","background-type":"","background-media":"","overlay-type":"","overlay-color":"","overlay-opacity":"","overlay-gradient":""},"mobile":{"background-color":"","background-image":"","background-repeat":"repeat","background-position":"center center","background-size":"auto","background-attachment":"scroll","background-type":"","background-media":"","overlay-type":"","overlay-color":"","overlay-opacity":"","overlay-gradient":""}},"ast-content-background-meta":{"desktop":{"background-color":"var(--ast-global-color-5)","background-image":"","background-repeat":"repeat","background-position":"center center","background-size":"auto","background-attachment":"scroll","background-type":"","background-media":"","overlay-type":"","overlay-color":"","overlay-opacity":"","overlay-gradient":""},"tablet":{"background-color":"var(--ast-global-color-5)","background-image":"","background-repeat":"repeat","background-position":"center center","background-size":"auto","background-attachment":"scroll","background-type":"","background-media":"","overlay-type":"","overlay-color":"","overlay-opacity":"","overlay-gradient":""},"mobile":{"background-color":"var(--ast-global-color-5)","background-image":"","background-repeat":"repeat","background-position":"center center","background-size":"auto","background-attachment":"scroll","background-type":"","background-media":"","overlay-type":"","overlay-color":"","overlay-opacity":"","overlay-gradient":""}},"footnotes":""},"class_list":["post-819","page","type-page","status-publish","hentry"],"post_mailing_queue_ids":[],"_links":{"self":[{"href":"https:\/\/agora.xtec.cat\/iesmontsacopa\/wp-json\/wp\/v2\/pages\/819","targetHints":{"allow":["GET"]}}],"collection":[{"href":"https:\/\/agora.xtec.cat\/iesmontsacopa\/wp-json\/wp\/v2\/pages"}],"about":[{"href":"https:\/\/agora.xtec.cat\/iesmontsacopa\/wp-json\/wp\/v2\/types\/page"}],"author":[{"embeddable":true,"href":"https:\/\/agora.xtec.cat\/iesmontsacopa\/wp-json\/wp\/v2\/users\/1"}],"replies":[{"embeddable":true,"href":"https:\/\/agora.xtec.cat\/iesmontsacopa\/wp-json\/wp\/v2\/comments?post=819"}],"version-history":[{"count":4,"href":"https:\/\/agora.xtec.cat\/iesmontsacopa\/wp-json\/wp\/v2\/pages\/819\/revisions"}],"predecessor-version":[{"id":16261,"href":"https:\/\/agora.xtec.cat\/iesmontsacopa\/wp-json\/wp\/v2\/pages\/819\/revisions\/16261"}],"up":[{"embeddable":true,"href":"https:\/\/agora.xtec.cat\/iesmontsacopa\/wp-json\/wp\/v2\/pages\/195"}],"wp:attachment":[{"href":"https:\/\/agora.xtec.cat\/iesmontsacopa\/wp-json\/wp\/v2\/media?parent=819"}],"curies":[{"name":"wp","href":"https:\/\/api.w.org\/{rel}","templated":true}]}}