{"id":7710,"date":"2021-02-01T09:15:01","date_gmt":"2021-02-01T08:15:01","guid":{"rendered":"http:\/\/agora.xtec.cat\/iesmontsacopa\/?page_id=7710"},"modified":"2022-08-03T14:34:08","modified_gmt":"2022-08-03T12:34:08","slug":"pla-de-llengues-estrangeres","status":"publish","type":"page","link":"https:\/\/agora.xtec.cat\/iesmontsacopa\/premis-i-projectes\/projectes\/pla-de-llengues-estrangeres\/","title":{"rendered":"Pla de lleng\u00fces estrangeres"},"content":{"rendered":"<h2><strong><span class=\"Estilo10\">2007-2010<\/span><\/strong><\/h2>\n<p align=\"justify\">El departament d\u2019angl\u00e8s de l\u2019Institut ha participat en el Pla experimental de llegues estrangeres i millora de la compet\u00e8ncia oral de l\u2019alumnat amb el projecte\u00a0<em>Let\u2019s Talk \u201c Millora de la compet\u00e8ncia comunicativa general de l\u2019alumnat en llengua anglesa en especial incid\u00e8ncia en les compet\u00e8ncies de producci\u00f3, recepci\u00f3 i interacci\u00f3 oral<strong>\u201c<\/strong><\/em><\/p>\n<p align=\"justify\">Aquest projecte s\u2019ha aplicat durant el trienni 2007-2010. Tot el professorat d\u2019angl\u00e8s del centre hi ha estat implicat. Durant el curs 2008-2009 el centre ha tingut una auxiliar de conversa en llengua anglesa.<\/p>\n<p align=\"justify\">Durant aquest per\u00edode s\u2019han fet nombrosos v\u00eddeos orals i gravacions i els alumnes han representar diversos esquetxos en angl\u00e8s.<\/p>\n<p align=\"justify\">L\u2019institut tamb\u00e9 ha participat en la mostra de teatre en llengua anglesa que s\u2019ha realitzat al Teatre Principal d\u2019Olot juntament amb els altres instituts de la comarca.<\/p>\n","protected":false},"excerpt":{"rendered":"<p>2007-2010 El departament d\u2019angl\u00e8s de l\u2019Institut ha participat en el Pla experimental de llegues estrangeres i millora de la compet\u00e8ncia oral de l\u2019alumnat amb el projecte\u00a0Let\u2019s Talk \u201c Millora de la compet\u00e8ncia comunicativa general de l\u2019alumnat en llengua anglesa en especial incid\u00e8ncia en les compet\u00e8ncies de producci\u00f3, recepci\u00f3 i interacci\u00f3 oral\u201c Aquest projecte s\u2019ha aplicat [&hellip;]<\/p>\n","protected":false},"author":1,"featured_media":0,"parent":890,"menu_order":10,"comment_status":"closed","ping_status":"closed","template":"page-templates\/side-menu.php","meta":{"_bbp_topic_count":0,"_bbp_reply_count":0,"_bbp_total_topic_count":0,"_bbp_total_reply_count":0,"_bbp_voice_count":0,"_bbp_anonymous_reply_count":0,"_bbp_topic_count_hidden":0,"_bbp_reply_count_hidden":0,"_bbp_forum_subforum_count":0,"site-sidebar-layout":"default","site-content-layout":"","ast-site-content-layout":"","site-content-style":"default","site-sidebar-style":"default","ast-global-header-display":"","ast-banner-title-visibility":"","ast-main-header-display":"","ast-hfb-above-header-display":"","ast-hfb-below-header-display":"","ast-hfb-mobile-header-display":"","site-post-title":"","ast-breadcrumbs-content":"","ast-featured-img":"","footer-sml-layout":"","theme-transparent-header-meta":"","adv-header-id-meta":"","stick-header-meta":"","header-above-stick-meta":"","header-main-stick-meta":"","header-below-stick-meta":"","astra-migrate-meta-layouts":"default","ast-page-background-enabled":"default","ast-page-background-meta":{"desktop":{"background-color":"var(--ast-global-color-4)","background-image":"","background-repeat":"repeat","background-position":"center center","background-size":"auto","background-attachment":"scroll","background-type":"","background-media":"","overlay-type":"","overlay-color":"","overlay-opacity":"","overlay-gradient":""},"tablet":{"background-color":"","background-image":"","background-repeat":"repeat","background-position":"center center","background-size":"auto","background-attachment":"scroll","background-type":"","background-media":"","overlay-type":"","overlay-color":"","overlay-opacity":"","overlay-gradient":""},"mobile":{"background-color":"","background-image":"","background-repeat":"repeat","background-position":"center center","background-size":"auto","background-attachment":"scroll","background-type":"","background-media":"","overlay-type":"","overlay-color":"","overlay-opacity":"","overlay-gradient":""}},"ast-content-background-meta":{"desktop":{"background-color":"var(--ast-global-color-5)","background-image":"","background-repeat":"repeat","background-position":"center center","background-size":"auto","background-attachment":"scroll","background-type":"","background-media":"","overlay-type":"","overlay-color":"","overlay-opacity":"","overlay-gradient":""},"tablet":{"background-color":"var(--ast-global-color-5)","background-image":"","background-repeat":"repeat","background-position":"center center","background-size":"auto","background-attachment":"scroll","background-type":"","background-media":"","overlay-type":"","overlay-color":"","overlay-opacity":"","overlay-gradient":""},"mobile":{"background-color":"var(--ast-global-color-5)","background-image":"","background-repeat":"repeat","background-position":"center center","background-size":"auto","background-attachment":"scroll","background-type":"","background-media":"","overlay-type":"","overlay-color":"","overlay-opacity":"","overlay-gradient":""}},"footnotes":""},"class_list":["post-7710","page","type-page","status-publish","hentry"],"post_mailing_queue_ids":[],"_links":{"self":[{"href":"https:\/\/agora.xtec.cat\/iesmontsacopa\/wp-json\/wp\/v2\/pages\/7710","targetHints":{"allow":["GET"]}}],"collection":[{"href":"https:\/\/agora.xtec.cat\/iesmontsacopa\/wp-json\/wp\/v2\/pages"}],"about":[{"href":"https:\/\/agora.xtec.cat\/iesmontsacopa\/wp-json\/wp\/v2\/types\/page"}],"author":[{"embeddable":true,"href":"https:\/\/agora.xtec.cat\/iesmontsacopa\/wp-json\/wp\/v2\/users\/1"}],"replies":[{"embeddable":true,"href":"https:\/\/agora.xtec.cat\/iesmontsacopa\/wp-json\/wp\/v2\/comments?post=7710"}],"version-history":[{"count":2,"href":"https:\/\/agora.xtec.cat\/iesmontsacopa\/wp-json\/wp\/v2\/pages\/7710\/revisions"}],"predecessor-version":[{"id":7712,"href":"https:\/\/agora.xtec.cat\/iesmontsacopa\/wp-json\/wp\/v2\/pages\/7710\/revisions\/7712"}],"up":[{"embeddable":true,"href":"https:\/\/agora.xtec.cat\/iesmontsacopa\/wp-json\/wp\/v2\/pages\/890"}],"wp:attachment":[{"href":"https:\/\/agora.xtec.cat\/iesmontsacopa\/wp-json\/wp\/v2\/media?parent=7710"}],"curies":[{"name":"wp","href":"https:\/\/api.w.org\/{rel}","templated":true}]}}