{"id":7705,"date":"2021-02-01T09:12:39","date_gmt":"2021-02-01T08:12:39","guid":{"rendered":"http:\/\/agora.xtec.cat\/iesmontsacopa\/?page_id=7705"},"modified":"2022-08-03T14:33:58","modified_gmt":"2022-08-03T12:33:58","slug":"cordova-murcia-i-olot-una-mica-mes-a-prop","status":"publish","type":"page","link":"https:\/\/agora.xtec.cat\/iesmontsacopa\/premis-i-projectes\/projectes\/cordova-murcia-i-olot-una-mica-mes-a-prop\/","title":{"rendered":"C\u00f2rdova, Murcia i Olot, una mica m\u00e9s a prop"},"content":{"rendered":"<h2><strong><span class=\"Estilo10\">2008-2010<\/span><\/strong><\/h2>\n<h6 class=\"Estilo10\"><a href=\"http:\/\/agora.xtec.cat\/iesmontsacopa\/wp-content\/uploads\/usu944\/2016\/06\/cormurolot.jpg\" rel=\"attachment wp-att-923\"><img loading=\"lazy\" decoding=\"async\" class=\"alignnone size-full wp-image-923\" src=\"http:\/\/agora.xtec.cat\/iesmontsacopa\/wp-content\/uploads\/usu944\/2016\/06\/cormurolot.jpg\" alt=\"cormurolot\" width=\"116\" height=\"83\" \/><\/a>C\u00f2rdova, Murcia i Olot, una mica m\u00e9s a prop<\/h6>\n<p align=\"justify\">Durant els cursos 2008-09 i 2009-10 alumnes de l\u2019IES Blas Infante de C\u00f2rdova, l\u2019IES Poeta S\u00e1nchez Bautista de M\u00farcia i l\u2019INS Montsacopa d\u2019Olot van participar en un dels projectes organitzats en el marc de les\u00a0<i>Agrupaciones de Centros Educativos (ARCE)\u00a0<\/i>de la Subdirecci\u00f3 General de Cooperaci\u00f3 Territorial depenent del Ministerio de Educaci\u00f3n. Es tractava d\u2019un programa que va promoure l\u2019establiment d\u2019agrupacions entre centres de diferents Comunitats Aut\u00f2nomes i va impulsar intercanvis entre centres i la mobilitat d\u2019alumnes i professors, per tal de contribuir a l\u2019adquisici\u00f3 i millora de les seves aptituds, no nom\u00e9s en les compet\u00e8ncies, \u00e0rees, o temes en qu\u00e8 se centrava el projecte, sin\u00f3 tamb\u00e9 en la capacitat de treballar en equip.<\/p>\n<p>Una de les prioritats del projecte va ser l\u2019intercanvi entre els alumnes. Als intercanvis hi varen participar uns 25 alumnes de cada centre. La durada dels intercanvis va ser d\u2019uns quatre dies i es van realitzar durant les festes significatives de cada ciutat: la\u00a0<i>Fiesta de los Patios\u00a0<\/i>de C\u00f2rdova (maig de 2009), la\u00a0<i>Fira de Sant Lluc\u00a0<\/i>d\u2019Olot (octubre de 2009) i les\u00a0<i>Fiestas de Primavera<\/i>\u00a0de M\u00farcia (abril de 2010) .<\/p>\n<p align=\"justify\"><a href=\"http:\/\/youtu.be\/z8NzzD8j2_U\">Imatges de la segona trobada d\u2019alumnes a Olot<\/a><\/p>\n<p align=\"justify\">Durant els dos anys de projecte es van dur a terme activitats molt diverses, alguna de les quals eren destiandes a fomentar i facilitar la relaci\u00f3 entre alumnes i d\u2019altres eren interdisciplin\u00e0ries. Tot i el marcat car\u00e0cter multidisciplinar del projecte, les activitats matem\u00e0tiques van constituir un element important del projecte.<\/p>\n<table>\n<tbody>\n<tr>\n<td><iframe loading=\"lazy\" src=\"https:\/\/www.youtube.com\/embed\/7AxZRCmL3uo\" width=\"560\" height=\"315\" frameborder=\"0\" data-mce-fragment=\"1\"><\/iframe><\/td>\n<td><iframe loading=\"lazy\" src=\"https:\/\/www.youtube.com\/embed\/tMQWCYtA8Wo\" width=\"560\" height=\"315\" frameborder=\"0\" data-mce-fragment=\"1\"><\/iframe><\/td>\n<\/tr>\n<\/tbody>\n<\/table>\n<table class=\" aligncenter\">\n<tbody>\n<tr>\n<td><iframe loading=\"lazy\" src=\"https:\/\/www.youtube.com\/embed\/z8NzzD8j2_U\" width=\"560\" height=\"315\" frameborder=\"0\" data-mce-fragment=\"1\"><\/iframe><\/td>\n<td><\/td>\n<td><\/td>\n<\/tr>\n<\/tbody>\n<\/table>\n<table>\n<tbody>\n<tr>\n<td><iframe loading=\"lazy\" src=\"https:\/\/player.vimeo.com\/video\/381129618\" width=\"640\" height=\"480\" frameborder=\"0\" data-mce-fragment=\"1\"><\/iframe>\u00a0Presentaci\u00f3 JAEM 2011<\/td>\n<\/tr>\n<\/tbody>\n<\/table>\n<p align=\"justify\">Tota la informaci\u00f3 la podeu trobar a la p\u00e0gina web del projecte\u00a0<a href=\"http:\/\/cordobamurciaolot.webnode.com\/\">http:\/\/cordobamurciaolot.webnode.com\/<\/a><\/p>\n<p><strong>Professorat responsable:\u00a0<\/strong>Montse Gelis i Vicen\u00e7 Masdemont<\/p>\n<p><strong>Alumnat:<\/strong>\u00a0Arnau Abel, Gemma Codina, Coral G\u00fcell, Ariadna Iglesias, Helena L\u00f3pez, Laia Luque, Bernat Rib\u00f3, Ada S\u00e1nchez, Marc Sol\u00e9, Marta Subir\u00e0, \u00c8ric Yeste, Vanessa Carrillo, Neus Ferrer, S\u00edlvia Padrosa, Mar Reixach, Gerard Roura, Marina S\u00e1nchez, Mireia Su\u00f1er, Anna Carrillo, Marc Casanova, Jordi Galobardes, Albert Nebot, Mireia Pujol, Sandra Sotillo, Arnau Vidal. Alimatou Waggeh i Robert Herrero.<\/p>\n","protected":false},"excerpt":{"rendered":"<p>2008-2010 C\u00f2rdova, Murcia i Olot, una mica m\u00e9s a prop Durant els cursos 2008-09 i 2009-10 alumnes de l\u2019IES Blas Infante de C\u00f2rdova, l\u2019IES Poeta S\u00e1nchez Bautista de M\u00farcia i l\u2019INS Montsacopa d\u2019Olot van participar en un dels projectes organitzats en el marc de les\u00a0Agrupaciones de Centros Educativos (ARCE)\u00a0de la Subdirecci\u00f3 General de Cooperaci\u00f3 Territorial [&hellip;]<\/p>\n","protected":false},"author":1,"featured_media":0,"parent":890,"menu_order":9,"comment_status":"closed","ping_status":"closed","template":"page-templates\/side-menu.php","meta":{"_bbp_topic_count":0,"_bbp_reply_count":0,"_bbp_total_topic_count":0,"_bbp_total_reply_count":0,"_bbp_voice_count":0,"_bbp_anonymous_reply_count":0,"_bbp_topic_count_hidden":0,"_bbp_reply_count_hidden":0,"_bbp_forum_subforum_count":0,"site-sidebar-layout":"default","site-content-layout":"","ast-site-content-layout":"","site-content-style":"default","site-sidebar-style":"default","ast-global-header-display":"","ast-banner-title-visibility":"","ast-main-header-display":"","ast-hfb-above-header-display":"","ast-hfb-below-header-display":"","ast-hfb-mobile-header-display":"","site-post-title":"","ast-breadcrumbs-content":"","ast-featured-img":"","footer-sml-layout":"","theme-transparent-header-meta":"","adv-header-id-meta":"","stick-header-meta":"","header-above-stick-meta":"","header-main-stick-meta":"","header-below-stick-meta":"","astra-migrate-meta-layouts":"default","ast-page-background-enabled":"default","ast-page-background-meta":{"desktop":{"background-color":"var(--ast-global-color-4)","background-image":"","background-repeat":"repeat","background-position":"center center","background-size":"auto","background-attachment":"scroll","background-type":"","background-media":"","overlay-type":"","overlay-color":"","overlay-opacity":"","overlay-gradient":""},"tablet":{"background-color":"","background-image":"","background-repeat":"repeat","background-position":"center center","background-size":"auto","background-attachment":"scroll","background-type":"","background-media":"","overlay-type":"","overlay-color":"","overlay-opacity":"","overlay-gradient":""},"mobile":{"background-color":"","background-image":"","background-repeat":"repeat","background-position":"center center","background-size":"auto","background-attachment":"scroll","background-type":"","background-media":"","overlay-type":"","overlay-color":"","overlay-opacity":"","overlay-gradient":""}},"ast-content-background-meta":{"desktop":{"background-color":"var(--ast-global-color-5)","background-image":"","background-repeat":"repeat","background-position":"center center","background-size":"auto","background-attachment":"scroll","background-type":"","background-media":"","overlay-type":"","overlay-color":"","overlay-opacity":"","overlay-gradient":""},"tablet":{"background-color":"var(--ast-global-color-5)","background-image":"","background-repeat":"repeat","background-position":"center center","background-size":"auto","background-attachment":"scroll","background-type":"","background-media":"","overlay-type":"","overlay-color":"","overlay-opacity":"","overlay-gradient":""},"mobile":{"background-color":"var(--ast-global-color-5)","background-image":"","background-repeat":"repeat","background-position":"center center","background-size":"auto","background-attachment":"scroll","background-type":"","background-media":"","overlay-type":"","overlay-color":"","overlay-opacity":"","overlay-gradient":""}},"footnotes":""},"class_list":["post-7705","page","type-page","status-publish","hentry"],"post_mailing_queue_ids":[],"_links":{"self":[{"href":"https:\/\/agora.xtec.cat\/iesmontsacopa\/wp-json\/wp\/v2\/pages\/7705","targetHints":{"allow":["GET"]}}],"collection":[{"href":"https:\/\/agora.xtec.cat\/iesmontsacopa\/wp-json\/wp\/v2\/pages"}],"about":[{"href":"https:\/\/agora.xtec.cat\/iesmontsacopa\/wp-json\/wp\/v2\/types\/page"}],"author":[{"embeddable":true,"href":"https:\/\/agora.xtec.cat\/iesmontsacopa\/wp-json\/wp\/v2\/users\/1"}],"replies":[{"embeddable":true,"href":"https:\/\/agora.xtec.cat\/iesmontsacopa\/wp-json\/wp\/v2\/comments?post=7705"}],"version-history":[{"count":3,"href":"https:\/\/agora.xtec.cat\/iesmontsacopa\/wp-json\/wp\/v2\/pages\/7705\/revisions"}],"predecessor-version":[{"id":7708,"href":"https:\/\/agora.xtec.cat\/iesmontsacopa\/wp-json\/wp\/v2\/pages\/7705\/revisions\/7708"}],"up":[{"embeddable":true,"href":"https:\/\/agora.xtec.cat\/iesmontsacopa\/wp-json\/wp\/v2\/pages\/890"}],"wp:attachment":[{"href":"https:\/\/agora.xtec.cat\/iesmontsacopa\/wp-json\/wp\/v2\/media?parent=7705"}],"curies":[{"name":"wp","href":"https:\/\/api.w.org\/{rel}","templated":true}]}}