{"id":7694,"date":"2021-02-01T08:53:34","date_gmt":"2021-02-01T07:53:34","guid":{"rendered":"http:\/\/agora.xtec.cat\/iesmontsacopa\/?page_id=7694"},"modified":"2022-08-03T14:33:44","modified_gmt":"2022-08-03T12:33:44","slug":"la-memoria-de-lescola-franquista","status":"publish","type":"page","link":"https:\/\/agora.xtec.cat\/iesmontsacopa\/premis-i-projectes\/projectes\/la-memoria-de-lescola-franquista\/","title":{"rendered":"La mem\u00f2ria de l\u2019escola franquista"},"content":{"rendered":"<h2><strong>2008-2009<\/strong><\/h2>\n<h6 class=\"Estilo10\">La mem\u00f2ria de l&#8217;escola franquista<\/h6>\n<p align=\"justify\"><span style=\"font-family: Helvetica,Arial,sans-serif;\">A partir d&#8217;una proposta del col\u00b7lectiu de cinema <em>olot.doc<\/em> i amb la participaci\u00f3 de l&#8217;institut Montsacopa, es va organitzar un taller per tal de con\u00e8ixer el m\u00f3n del documental des de diferents vessants: te\u00f2rica, t\u00e8cnica, pr\u00e0ctica i de realitzaci\u00f3 del producte final. El resultat \u00e9s un documental condu\u00eft des d&#8217;<em>olot.doc<\/em> per Toni Herrero i des de l&#8217;institut per Jes\u00fas Guti\u00e9rrez.<\/span><\/p>\n<p align=\"justify\"><span style=\"font-family: Helvetica,Arial,sans-serif;\">Es tracta d&#8217;un projecte de mem\u00f2ria oral en el qual participen alumnes de 4t d&#8217;ESO d&#8217;aquest institut i que pret\u00e9n recordar com eren les escoles durant la dictadura de Franco (de 1939 a 1975), especialment les de les primeres d\u00e8cades, quan la repressi\u00f3 va ser m\u00e9s manifesta.<\/span><\/p>\n<p align=\"justify\"><span style=\"font-family: Helvetica,Arial,sans-serif;\">En el documental, quinze noies consulten diversos testimonis, la majoria d&#8217;ells avis de les mateixes alumnes, i tamb\u00e9 hi intervenen d&#8217;alguns especialistes que aporten la seva pr\u00f2pia experi\u00e8ncia. A partir de la informaci\u00f3 aconseguida per mitj\u00e0 de les entrevistes, es descobreix la metodologia de l&#8217;escola franquista, les pen\u00faries econ\u00f2miques i materials, la persecuci\u00f3 del catal\u00e0, la influ\u00e8ncia de l&#8217;Esgl\u00e8sia Cat\u00f2lica i la por generada per l&#8217;autoritat del mestres.<\/span><\/p>\n<p align=\"justify\"><span style=\"font-family: Helvetica,Arial,sans-serif;\">Aquest documental \u00e9s una lli\u00e7\u00f3 de vida, de la vida que va tocar patir als nostres avis i \u00e0vies, que s\u00f3n els garants d&#8217;una mem\u00f2ria que no s&#8217;hauria de perdre mai.<\/span><\/p>\n<p align=\"justify\"><span style=\"font-family: Helvetica,Arial,sans-serif;\">Enlla\u00e7 al documental: <a href=\"http:\/\/vimeo.com\/11401561\">http:\/\/vimeo.com\/11401561<\/a><\/span><\/p>\n<p align=\"justify\"><span style=\"font-family: Helvetica,Arial,sans-serif;\"><strong>Coordinaci\u00f3 i direcci\u00f3:<\/strong> Jes\u00fas Guti\u00e9rrez i Toni Herrero<\/span><\/p>\n<p align=\"justify\"><span style=\"font-family: Helvetica,Arial,sans-serif;\"><strong>Alumnat: <\/strong>Cristina Aulinas, N\u00faria Canal, Laura Capdevila, Ada Carmona, Macarena Dom\u00ednguez, Andrea Jim\u00e9nez, Beatriz Jim\u00e9nez, Lorena Jim\u00e9nez, T\u00e0nia Mesa, Berta Llu\u00eds, Sara Nicastro, Yaiza Quiroga, Mireia Rull, Lara Trias i Sira Vidal.<\/span><\/p>\n","protected":false},"excerpt":{"rendered":"<p>2008-2009 La mem\u00f2ria de l&#8217;escola franquista A partir d&#8217;una proposta del col\u00b7lectiu de cinema olot.doc i amb la participaci\u00f3 de l&#8217;institut Montsacopa, es va organitzar un taller per tal de con\u00e8ixer el m\u00f3n del documental des de diferents vessants: te\u00f2rica, t\u00e8cnica, pr\u00e0ctica i de realitzaci\u00f3 del producte final. El resultat \u00e9s un documental condu\u00eft des [&hellip;]<\/p>\n","protected":false},"author":1,"featured_media":0,"parent":890,"menu_order":8,"comment_status":"closed","ping_status":"closed","template":"page-templates\/side-menu.php","meta":{"_bbp_topic_count":0,"_bbp_reply_count":0,"_bbp_total_topic_count":0,"_bbp_total_reply_count":0,"_bbp_voice_count":0,"_bbp_anonymous_reply_count":0,"_bbp_topic_count_hidden":0,"_bbp_reply_count_hidden":0,"_bbp_forum_subforum_count":0,"site-sidebar-layout":"default","site-content-layout":"","ast-site-content-layout":"","site-content-style":"default","site-sidebar-style":"default","ast-global-header-display":"","ast-banner-title-visibility":"","ast-main-header-display":"","ast-hfb-above-header-display":"","ast-hfb-below-header-display":"","ast-hfb-mobile-header-display":"","site-post-title":"","ast-breadcrumbs-content":"","ast-featured-img":"","footer-sml-layout":"","theme-transparent-header-meta":"","adv-header-id-meta":"","stick-header-meta":"","header-above-stick-meta":"","header-main-stick-meta":"","header-below-stick-meta":"","astra-migrate-meta-layouts":"default","ast-page-background-enabled":"default","ast-page-background-meta":{"desktop":{"background-color":"var(--ast-global-color-4)","background-image":"","background-repeat":"repeat","background-position":"center center","background-size":"auto","background-attachment":"scroll","background-type":"","background-media":"","overlay-type":"","overlay-color":"","overlay-opacity":"","overlay-gradient":""},"tablet":{"background-color":"","background-image":"","background-repeat":"repeat","background-position":"center center","background-size":"auto","background-attachment":"scroll","background-type":"","background-media":"","overlay-type":"","overlay-color":"","overlay-opacity":"","overlay-gradient":""},"mobile":{"background-color":"","background-image":"","background-repeat":"repeat","background-position":"center center","background-size":"auto","background-attachment":"scroll","background-type":"","background-media":"","overlay-type":"","overlay-color":"","overlay-opacity":"","overlay-gradient":""}},"ast-content-background-meta":{"desktop":{"background-color":"var(--ast-global-color-5)","background-image":"","background-repeat":"repeat","background-position":"center center","background-size":"auto","background-attachment":"scroll","background-type":"","background-media":"","overlay-type":"","overlay-color":"","overlay-opacity":"","overlay-gradient":""},"tablet":{"background-color":"var(--ast-global-color-5)","background-image":"","background-repeat":"repeat","background-position":"center center","background-size":"auto","background-attachment":"scroll","background-type":"","background-media":"","overlay-type":"","overlay-color":"","overlay-opacity":"","overlay-gradient":""},"mobile":{"background-color":"var(--ast-global-color-5)","background-image":"","background-repeat":"repeat","background-position":"center center","background-size":"auto","background-attachment":"scroll","background-type":"","background-media":"","overlay-type":"","overlay-color":"","overlay-opacity":"","overlay-gradient":""}},"footnotes":""},"class_list":["post-7694","page","type-page","status-publish","hentry"],"post_mailing_queue_ids":[],"_links":{"self":[{"href":"https:\/\/agora.xtec.cat\/iesmontsacopa\/wp-json\/wp\/v2\/pages\/7694","targetHints":{"allow":["GET"]}}],"collection":[{"href":"https:\/\/agora.xtec.cat\/iesmontsacopa\/wp-json\/wp\/v2\/pages"}],"about":[{"href":"https:\/\/agora.xtec.cat\/iesmontsacopa\/wp-json\/wp\/v2\/types\/page"}],"author":[{"embeddable":true,"href":"https:\/\/agora.xtec.cat\/iesmontsacopa\/wp-json\/wp\/v2\/users\/1"}],"replies":[{"embeddable":true,"href":"https:\/\/agora.xtec.cat\/iesmontsacopa\/wp-json\/wp\/v2\/comments?post=7694"}],"version-history":[{"count":2,"href":"https:\/\/agora.xtec.cat\/iesmontsacopa\/wp-json\/wp\/v2\/pages\/7694\/revisions"}],"predecessor-version":[{"id":7696,"href":"https:\/\/agora.xtec.cat\/iesmontsacopa\/wp-json\/wp\/v2\/pages\/7694\/revisions\/7696"}],"up":[{"embeddable":true,"href":"https:\/\/agora.xtec.cat\/iesmontsacopa\/wp-json\/wp\/v2\/pages\/890"}],"wp:attachment":[{"href":"https:\/\/agora.xtec.cat\/iesmontsacopa\/wp-json\/wp\/v2\/media?parent=7694"}],"curies":[{"name":"wp","href":"https:\/\/api.w.org\/{rel}","templated":true}]}}