{"id":7689,"date":"2021-02-01T08:49:48","date_gmt":"2021-02-01T07:49:48","guid":{"rendered":"http:\/\/agora.xtec.cat\/iesmontsacopa\/?page_id=7689"},"modified":"2022-08-03T14:32:31","modified_gmt":"2022-08-03T12:32:31","slug":"amb-mirada-matematica","status":"publish","type":"page","link":"https:\/\/agora.xtec.cat\/iesmontsacopa\/premis-i-projectes\/projectes\/amb-mirada-matematica\/","title":{"rendered":"Amb mirada matem\u00e0TICa"},"content":{"rendered":"<h2><strong>2010-2012<\/strong><\/h2>\n<h5><span class=\"Estilo10\" style=\"font-weight: bold;\"><a href=\"http:\/\/agora.xtec.cat\/iesmontsacopa\/wp-content\/uploads\/usu944\/2016\/06\/ambmirada.jpg\" rel=\"attachment wp-att-922\"><img loading=\"lazy\" decoding=\"async\" class=\"alignnone size-full wp-image-922\" src=\"http:\/\/agora.xtec.cat\/iesmontsacopa\/wp-content\/uploads\/usu944\/2016\/06\/ambmirada.jpg\" alt=\"ambmirada\" width=\"160\" height=\"97\" \/><\/a>Amb mirada matem\u00e0TICa<\/span><\/h5>\n<p><span style=\"font-family: Helvetica,Arial,sans-serif;\">Despr\u00e9s d&#8217;haver participat durant dos cursos el projecte<em> C\u00f2rdova, M\u00farcia i Olot, una mica m\u00e9s a prop<\/em> i seguint en la mateixa l\u00ednia, hem format una xarxa de centres amb el projecte <em>Amb mirada matem\u00e0tica<\/em> el qual forma part del programa ARCE del Ministerio de Educaci\u00f3n, i promou les xarxes de centres escolars que ja hagin participat anteriorment en un projecte d&#8217;agrupacions escolars.<\/span><\/p>\n<p align=\"justify\"><span style=\"font-family: Helvetica,Arial,sans-serif;\">En aquest nou projecte, hi hem participat els centres IES Los Realejos de Los Realejos (Tenerife), l&#8217;IES Bajo Guadalquivir de lebrija (Sevilla), L&#8217;IES Blas Infante de C\u00f2rdova, el SI Serra de Noet de Berga (Barcelona) i l&#8217;INS Montsacopa d&#8217;Olot (Girona)<\/span><\/p>\n<p align=\"justify\"><span style=\"font-family: Helvetica,Arial,sans-serif;\">Ha tingut una durada de dos cursos (2010-2012) en qu\u00e8 s&#8217;han treballat les Compet\u00e8ncies B\u00e0siques de l&#8217;ESO dins l&#8217;\u00e0rea de Matem\u00e0tiques. Els alumnes dels centres implicats han estat comunicats mitjan\u00e7ant una xarxa social amb el professorat i han usat una gamma important d&#8217;eines Web 2.0 per a la generaci\u00f3 de continguts i s&#8217;ha fet difusi\u00f3 de materials produ\u00efts i de l&#8217;experi\u00e8ncia. La metodologia integradora ha facilitat que cada alumne desenvolupi els seus potencials.<\/span><\/p>\n<p align=\"justify\"><span style=\"font-family: Helvetica,Arial,sans-serif;\">Tamb\u00e9 s&#8217;ha dut a terme una trobada amb tots els alumnes que han participat acitvament en totes les activitats, durant el juny de 2012 a Santiago de Compostel\u00b7la.<\/span><\/p>\n<p align=\"center\"><a href=\"https:\/\/issuu.com\/mgelis\/docs\/cuadernillo_barcelona_santiago\" target=\"_blank\" rel=\"noopener noreferrer\"><img loading=\"lazy\" decoding=\"async\" class=\"alignnone wp-image-7446 size-full\" src=\"https:\/\/agora.xtec.cat\/iesmontsacopa\/wp-content\/uploads\/usu944\/2020\/11\/quadern_conmiradamatematica.jpg\" alt=\"\" width=\"283\" height=\"405\" srcset=\"https:\/\/agora.xtec.cat\/iesmontsacopa\/wp-content\/uploads\/usu944\/2020\/11\/quadern_conmiradamatematica.jpg 283w, https:\/\/agora.xtec.cat\/iesmontsacopa\/wp-content\/uploads\/usu944\/2020\/11\/quadern_conmiradamatematica-210x300.jpg 210w\" sizes=\"auto, (max-width: 283px) 100vw, 283px\" \/><\/a><\/p>\n<div>\n<div style=\"width: 250px; text-align: left;\"><\/div>\n<p><span style=\"font-family: Helvetica,Arial,sans-serif;\">Tota la informaci\u00f3 la podreu trobar a <a href=\"https:\/\/reddescartes.org\/mediawiki\/index.php?title=Con_mirada_matem%C3%A1TICa\" target=\"_blank\" rel=\"noopener noreferrer\">https:\/\/reddescartes.org\/mediawiki\/index.php?title=Con_mirada_matem%C3%A1TICa<\/a><\/span><\/p>\n<\/div>\n<p><span style=\"font-family: Helvetica,Arial,sans-serif;\"><strong>Professorat responsable: <\/strong>Montse Gelis i Vicen\u00e7 Masdemont<\/span><\/p>\n<p><span style=\"font-family: Helvetica,Arial,sans-serif;\"><strong>Alumnat:<\/strong> Mireia Su\u00f1er, Arnau Abel, Albert Nebot, Marina S\u00e1nchez, Laia Coma, Pau Caballero, Bernat Rib\u00f3, \u00c8ric Yeste, Maria Vilanova, S\u00edlvia Padrosa, Alicia Chamorro, Marc Casanova, Mireia Ribera, Sandra Soltillo, Marta Subir\u00e0, Robert Herrero, Helena L\u00f3pez, Laia Soler, Anna Carrillo, Gemma Codina, Iria Colom\u00e9, Mar Reixach, Jordi Galobardes i Raquel Fern\u00e1ndez.<\/span><\/p>\n","protected":false},"excerpt":{"rendered":"<p>2010-2012 Amb mirada matem\u00e0TICa Despr\u00e9s d&#8217;haver participat durant dos cursos el projecte C\u00f2rdova, M\u00farcia i Olot, una mica m\u00e9s a prop i seguint en la mateixa l\u00ednia, hem format una xarxa de centres amb el projecte Amb mirada matem\u00e0tica el qual forma part del programa ARCE del Ministerio de Educaci\u00f3n, i promou les xarxes de [&hellip;]<\/p>\n","protected":false},"author":1,"featured_media":0,"parent":890,"menu_order":6,"comment_status":"closed","ping_status":"closed","template":"page-templates\/side-menu.php","meta":{"_bbp_topic_count":0,"_bbp_reply_count":0,"_bbp_total_topic_count":0,"_bbp_total_reply_count":0,"_bbp_voice_count":0,"_bbp_anonymous_reply_count":0,"_bbp_topic_count_hidden":0,"_bbp_reply_count_hidden":0,"_bbp_forum_subforum_count":0,"site-sidebar-layout":"default","site-content-layout":"","ast-site-content-layout":"","site-content-style":"default","site-sidebar-style":"default","ast-global-header-display":"","ast-banner-title-visibility":"","ast-main-header-display":"","ast-hfb-above-header-display":"","ast-hfb-below-header-display":"","ast-hfb-mobile-header-display":"","site-post-title":"","ast-breadcrumbs-content":"","ast-featured-img":"","footer-sml-layout":"","theme-transparent-header-meta":"","adv-header-id-meta":"","stick-header-meta":"","header-above-stick-meta":"","header-main-stick-meta":"","header-below-stick-meta":"","astra-migrate-meta-layouts":"default","ast-page-background-enabled":"default","ast-page-background-meta":{"desktop":{"background-color":"var(--ast-global-color-4)","background-image":"","background-repeat":"repeat","background-position":"center center","background-size":"auto","background-attachment":"scroll","background-type":"","background-media":"","overlay-type":"","overlay-color":"","overlay-opacity":"","overlay-gradient":""},"tablet":{"background-color":"","background-image":"","background-repeat":"repeat","background-position":"center center","background-size":"auto","background-attachment":"scroll","background-type":"","background-media":"","overlay-type":"","overlay-color":"","overlay-opacity":"","overlay-gradient":""},"mobile":{"background-color":"","background-image":"","background-repeat":"repeat","background-position":"center center","background-size":"auto","background-attachment":"scroll","background-type":"","background-media":"","overlay-type":"","overlay-color":"","overlay-opacity":"","overlay-gradient":""}},"ast-content-background-meta":{"desktop":{"background-color":"var(--ast-global-color-5)","background-image":"","background-repeat":"repeat","background-position":"center center","background-size":"auto","background-attachment":"scroll","background-type":"","background-media":"","overlay-type":"","overlay-color":"","overlay-opacity":"","overlay-gradient":""},"tablet":{"background-color":"var(--ast-global-color-5)","background-image":"","background-repeat":"repeat","background-position":"center center","background-size":"auto","background-attachment":"scroll","background-type":"","background-media":"","overlay-type":"","overlay-color":"","overlay-opacity":"","overlay-gradient":""},"mobile":{"background-color":"var(--ast-global-color-5)","background-image":"","background-repeat":"repeat","background-position":"center center","background-size":"auto","background-attachment":"scroll","background-type":"","background-media":"","overlay-type":"","overlay-color":"","overlay-opacity":"","overlay-gradient":""}},"footnotes":""},"class_list":["post-7689","page","type-page","status-publish","hentry"],"post_mailing_queue_ids":[],"_links":{"self":[{"href":"https:\/\/agora.xtec.cat\/iesmontsacopa\/wp-json\/wp\/v2\/pages\/7689","targetHints":{"allow":["GET"]}}],"collection":[{"href":"https:\/\/agora.xtec.cat\/iesmontsacopa\/wp-json\/wp\/v2\/pages"}],"about":[{"href":"https:\/\/agora.xtec.cat\/iesmontsacopa\/wp-json\/wp\/v2\/types\/page"}],"author":[{"embeddable":true,"href":"https:\/\/agora.xtec.cat\/iesmontsacopa\/wp-json\/wp\/v2\/users\/1"}],"replies":[{"embeddable":true,"href":"https:\/\/agora.xtec.cat\/iesmontsacopa\/wp-json\/wp\/v2\/comments?post=7689"}],"version-history":[{"count":3,"href":"https:\/\/agora.xtec.cat\/iesmontsacopa\/wp-json\/wp\/v2\/pages\/7689\/revisions"}],"predecessor-version":[{"id":7692,"href":"https:\/\/agora.xtec.cat\/iesmontsacopa\/wp-json\/wp\/v2\/pages\/7689\/revisions\/7692"}],"up":[{"embeddable":true,"href":"https:\/\/agora.xtec.cat\/iesmontsacopa\/wp-json\/wp\/v2\/pages\/890"}],"wp:attachment":[{"href":"https:\/\/agora.xtec.cat\/iesmontsacopa\/wp-json\/wp\/v2\/media?parent=7689"}],"curies":[{"name":"wp","href":"https:\/\/api.w.org\/{rel}","templated":true}]}}