{"id":7678,"date":"2021-02-01T08:37:22","date_gmt":"2021-02-01T07:37:22","guid":{"rendered":"http:\/\/agora.xtec.cat\/iesmontsacopa\/?page_id=7678"},"modified":"2023-05-29T15:50:25","modified_gmt":"2023-05-29T13:50:25","slug":"escola-verda","status":"publish","type":"page","link":"https:\/\/agora.xtec.cat\/iesmontsacopa\/premis-i-projectes\/projectes\/escola-verda\/","title":{"rendered":"Escoles Verdes"},"content":{"rendered":"<h5><strong>MAIG 2023<\/strong><\/h5>\n<h5><strong>Acci\u00f3 Moixina<\/strong><\/h5>\n<p style=\"text-align: justify;\">El 24\/05\/23 els integrants del comit\u00e8 ambiental de l&#8217;Institut vam participar en l&#8217;acci\u00f3 Moixina. L&#8217;acci\u00f3 Moixina consisteix en arrencar els cr\u00e9ixens bords dels regs de la Moixina ja que s\u00f3n una planta invasora que provoca que l&#8217;aigua no pugui circular correctament. Per aix\u00f2, amb l&#8217;equipament necessari, hem passat el mat\u00ed col\u00b7laborant en aquesta acci\u00f3 conjuntament amb els altres centres Escola Verda de la Garrotxa. Hem apr\u00e8s moltes coses sobre la zona, hem treballat i sobretot ens hem divertit. Hem acabat el dia recollint m\u00e9s d&#8217;una tona de cr\u00e9ixens fent aix\u00ed que millori tot l&#8217;ecosistema de la Moixina. (<em>Roger Valldeperas, 1r ESO<\/em>)<\/p>\n<p>Podeu veure les fotografies en aquest <a href=\"https:\/\/drive.google.com\/drive\/folders\/1-CNlCbWJvzVe_bgFfK_FvRkZvJ3c6Me2?usp=sharing\" target=\"_blank\" rel=\"noopener\" data-saferedirecturl=\"https:\/\/www.google.com\/url?q=https:\/\/drive.google.com\/drive\/folders\/1-CNlCbWJvzVe_bgFfK_FvRkZvJ3c6Me2?usp%3Dsharing&amp;source=gmail&amp;ust=1685453451685000&amp;usg=AOvVaw38JMM3mB1bezQiDUCv7eOC\">enlla\u00e7<\/a>.<\/p>\n<p><a href=\"https:\/\/agora.xtec.cat\/iesmontsacopa\/wp-content\/uploads\/usu944\/2023\/05\/moixina.png\"><img loading=\"lazy\" decoding=\"async\" class=\"aligncenter size-full wp-image-12024\" src=\"https:\/\/agora.xtec.cat\/iesmontsacopa\/wp-content\/uploads\/usu944\/2023\/05\/moixina.png\" alt=\"\" width=\"1074\" height=\"436\" srcset=\"https:\/\/agora.xtec.cat\/iesmontsacopa\/wp-content\/uploads\/usu944\/2023\/05\/moixina.png 1074w, https:\/\/agora.xtec.cat\/iesmontsacopa\/wp-content\/uploads\/usu944\/2023\/05\/moixina-300x122.png 300w, https:\/\/agora.xtec.cat\/iesmontsacopa\/wp-content\/uploads\/usu944\/2023\/05\/moixina-1024x416.png 1024w, https:\/\/agora.xtec.cat\/iesmontsacopa\/wp-content\/uploads\/usu944\/2023\/05\/moixina-768x312.png 768w\" sizes=\"auto, (max-width: 1074px) 100vw, 1074px\" \/><\/a><\/p>\n<h5><strong>GENER 2023<\/strong><\/h5>\n<h5><strong>Ja som centre &#8220;Escola Verda&#8221;<\/strong><\/h5>\n<p style=\"text-align: justify;\">Aquest curs 2022-2023 l&#8217;Institut Montsacopa ha estat reconegut com a centre &#8220;escola verda&#8221;.<br \/>\nL&#8217;objectiu del programa \u00e9s integrar els valors de sostenibilitat dins el dia a dia del centre i contribuir a l&#8217;assoliment dels ODS i l&#8217;agenda 2030.<br \/>\nEl Comit\u00e8 Ambiental lidera les accions que es porten a terme amb la col.laboraci\u00f3 de tota la comunitat educativa.<br \/>\nEstem molt contents d&#8217;haver obtingut aquest distintiu!<\/p>\n<p><a href=\"https:\/\/agora.xtec.cat\/iesmontsacopa\/wp-content\/uploads\/usu944\/2023\/01\/IMG-20230111-WA0008.jpg\"><img loading=\"lazy\" decoding=\"async\" class=\"aligncenter size-full wp-image-11185\" src=\"https:\/\/agora.xtec.cat\/iesmontsacopa\/wp-content\/uploads\/usu944\/2023\/01\/IMG-20230111-WA0008.jpg\" alt=\"\" width=\"1024\" height=\"768\" srcset=\"https:\/\/agora.xtec.cat\/iesmontsacopa\/wp-content\/uploads\/usu944\/2023\/01\/IMG-20230111-WA0008.jpg 1024w, https:\/\/agora.xtec.cat\/iesmontsacopa\/wp-content\/uploads\/usu944\/2023\/01\/IMG-20230111-WA0008-300x225.jpg 300w, https:\/\/agora.xtec.cat\/iesmontsacopa\/wp-content\/uploads\/usu944\/2023\/01\/IMG-20230111-WA0008-768x576.jpg 768w, https:\/\/agora.xtec.cat\/iesmontsacopa\/wp-content\/uploads\/usu944\/2023\/01\/IMG-20230111-WA0008-200x150.jpg 200w\" sizes=\"auto, (max-width: 1024px) 100vw, 1024px\" \/><\/a><\/p>\n<h5><strong>MAIG 2022<\/strong><\/h5>\n<h6><strong>ACCI\u00d3 MOIXINA<\/strong><\/h6>\n<p style=\"text-align: justify;\">El dimarts 31 de maig, els delegats del comit\u00e8 d&#8217;Escola Verda de l\u2019institut, juntament amb els de l\u2019escola La B\u00f2bila i l\u2019institut La Garrotxa, vam participar a Acci\u00f3 Moixina, activitat que forma part del programa Escoles verdes. Es tracta d\u2019intervenir en el corrent d\u2019aigua per tal d\u2019afavorir-ne el flux arrencant el creixen bord (Apium nodiflorum), herba que arrela al fons de rierols, s\u00e9quies i basses i, alhora, afavorir la recuperaci\u00f3 de la biodiversitat d\u2019aquest espai natural.<\/p>\n<p style=\"text-align: justify;\">Els tres centres ens vam trobar al p\u00e0rquing de La Moixina. Ens vam dividir en tres grups i cada un anava amb un guia que, primer, ens van fer una ruta per l\u2019indret explicant-nos particularitats sobre els diferents espais naturals del lloc, com l\u2019estany d\u2019en Broc, la font Moixina&#8230;<\/p>\n<p style=\"text-align: justify;\">Vam esmorzar a la capella de la Salut i, seguidament, vam comen\u00e7ar a treure els creixen bord, mentre els altres grups treien les mateixes herbes en altres zones dels aiguamolls. Tot seguit, vam agafar totes les herbes que hav\u00edem tret i les vam posar en contenidors per tal de reciclar-les.<\/p>\n<p style=\"text-align: justify;\">Un cop acabada la feina, vam anar a la piscina municipal per agafar la teisa i tornar a l\u2019institut.<\/p>\n<p style=\"text-align: justify;\">Ens ho vam passar molt b\u00e9 i, alhora, vam aprendre moltes coses sobre la naturalesa que ens envolta, la flora i fauna que viu i configura el nostre entorn.<\/p>\n<p>Cl\u00e0udia Badosa (memmbre del comit\u00e8 ambiental)<\/p>\n<table style=\"border-collapse: collapse; width: 100%;\">\n<tbody>\n<tr>\n<td style=\"width: 25%; border-color: #ffffff;\"><a href=\"https:\/\/agora.xtec.cat\/iesmontsacopa\/wp-content\/uploads\/usu944\/2022\/06\/IMG_20220531_113404-rotated.jpg\"><img loading=\"lazy\" decoding=\"async\" class=\"aligncenter size-full wp-image-10347\" src=\"https:\/\/agora.xtec.cat\/iesmontsacopa\/wp-content\/uploads\/usu944\/2022\/06\/IMG_20220531_113404-rotated.jpg\" alt=\"\" width=\"768\" height=\"1023\" srcset=\"https:\/\/agora.xtec.cat\/iesmontsacopa\/wp-content\/uploads\/usu944\/2022\/06\/IMG_20220531_113404-rotated.jpg 768w, https:\/\/agora.xtec.cat\/iesmontsacopa\/wp-content\/uploads\/usu944\/2022\/06\/IMG_20220531_113404-225x300.jpg 225w\" sizes=\"auto, (max-width: 768px) 100vw, 768px\" \/><\/a><\/td>\n<td style=\"width: 25%; border-color: #ffffff;\"><a href=\"https:\/\/agora.xtec.cat\/iesmontsacopa\/wp-content\/uploads\/usu944\/2022\/06\/IMG_20220531_113333-rotated.jpg\"><img loading=\"lazy\" decoding=\"async\" class=\"aligncenter size-full wp-image-10346\" src=\"https:\/\/agora.xtec.cat\/iesmontsacopa\/wp-content\/uploads\/usu944\/2022\/06\/IMG_20220531_113333-rotated.jpg\" alt=\"\" width=\"768\" height=\"1023\" srcset=\"https:\/\/agora.xtec.cat\/iesmontsacopa\/wp-content\/uploads\/usu944\/2022\/06\/IMG_20220531_113333-rotated.jpg 768w, https:\/\/agora.xtec.cat\/iesmontsacopa\/wp-content\/uploads\/usu944\/2022\/06\/IMG_20220531_113333-225x300.jpg 225w\" sizes=\"auto, (max-width: 768px) 100vw, 768px\" \/><\/a><\/td>\n<td style=\"width: 25%; border-color: #ffffff;\"><a href=\"https:\/\/agora.xtec.cat\/iesmontsacopa\/wp-content\/uploads\/usu944\/2022\/06\/IMG_20220531_113312-rotated.jpg\"><img loading=\"lazy\" decoding=\"async\" class=\"aligncenter size-full wp-image-10345\" src=\"https:\/\/agora.xtec.cat\/iesmontsacopa\/wp-content\/uploads\/usu944\/2022\/06\/IMG_20220531_113312-rotated.jpg\" alt=\"\" width=\"768\" height=\"1023\" srcset=\"https:\/\/agora.xtec.cat\/iesmontsacopa\/wp-content\/uploads\/usu944\/2022\/06\/IMG_20220531_113312-rotated.jpg 768w, https:\/\/agora.xtec.cat\/iesmontsacopa\/wp-content\/uploads\/usu944\/2022\/06\/IMG_20220531_113312-225x300.jpg 225w\" sizes=\"auto, (max-width: 768px) 100vw, 768px\" \/><\/a><\/td>\n<td style=\"width: 25%; border-color: #ffffff;\"><a href=\"https:\/\/agora.xtec.cat\/iesmontsacopa\/wp-content\/uploads\/usu944\/2022\/06\/IMG_20220531_112904.jpg\"><img loading=\"lazy\" decoding=\"async\" class=\"aligncenter size-full wp-image-10344\" src=\"https:\/\/agora.xtec.cat\/iesmontsacopa\/wp-content\/uploads\/usu944\/2022\/06\/IMG_20220531_112904.jpg\" alt=\"\" width=\"1023\" height=\"768\" srcset=\"https:\/\/agora.xtec.cat\/iesmontsacopa\/wp-content\/uploads\/usu944\/2022\/06\/IMG_20220531_112904.jpg 1023w, https:\/\/agora.xtec.cat\/iesmontsacopa\/wp-content\/uploads\/usu944\/2022\/06\/IMG_20220531_112904-300x225.jpg 300w, https:\/\/agora.xtec.cat\/iesmontsacopa\/wp-content\/uploads\/usu944\/2022\/06\/IMG_20220531_112904-768x577.jpg 768w, https:\/\/agora.xtec.cat\/iesmontsacopa\/wp-content\/uploads\/usu944\/2022\/06\/IMG_20220531_112904-200x150.jpg 200w\" sizes=\"auto, (max-width: 1023px) 100vw, 1023px\" \/><\/a><\/td>\n<\/tr>\n<\/tbody>\n<\/table>\n<hr \/>\n<h5><strong>SETEMBRE 2021<\/strong><\/h5>\n<p style=\"text-align: justify;\">Aquest curs l&#8217;institut ha iniciat el proc\u00e9s per formar part del Projecte Escoles Verdes. El programa de formaci\u00f3 dura 2 anys i aquest curs comencem realitzant la Diagnosi del centre per tal de determinar els punts forts i punts febles dels quals partim. Un dels objectius principals del Programa \u00e9s la participaci\u00f3 de tota la comunitat educativa, per aix\u00f2 us demanem que ens ajudeu responent l&#8217;enquesta seg\u00fcent:<\/p>\n<h4 style=\"text-align: center;\"><a href=\"https:\/\/docs.google.com\/forms\/d\/e\/1FAIpQLSf01vVKvz2KMER0ZgVklU_vlf0f9oJzfs_N7VlFIHGP22bZ2w\/viewform?gxids=7628\" target=\"_blank\" rel=\"noopener noreferrer\"><strong>Enlla\u00e7 a l&#8217;enquesta<\/strong><\/a><\/h4>\n<p>&nbsp;<\/p>\n<p style=\"text-align: justify;\">Per con\u00e8ixer una mica m\u00e9s en qu\u00e8 consisteix aquest Projecte teniu una breu presentaci\u00f3 explicativa:<\/p>\n<p><a href=\"https:\/\/agora.xtec.cat\/iesmontsacopa\/wp-content\/uploads\/usu944\/2021\/02\/Presentaci\u00f3WEB_feb2020.pdf\" target=\"_blank\" rel=\"noopener noreferrer\"><img loading=\"lazy\" decoding=\"async\" class=\"wp-image-7717 size-full aligncenter\" src=\"https:\/\/agora.xtec.cat\/iesmontsacopa\/wp-content\/uploads\/usu944\/2021\/02\/escoles_verdes.jpg\" alt=\"\" width=\"983\" height=\"531\" srcset=\"https:\/\/agora.xtec.cat\/iesmontsacopa\/wp-content\/uploads\/usu944\/2021\/02\/escoles_verdes.jpg 983w, https:\/\/agora.xtec.cat\/iesmontsacopa\/wp-content\/uploads\/usu944\/2021\/02\/escoles_verdes-300x162.jpg 300w, https:\/\/agora.xtec.cat\/iesmontsacopa\/wp-content\/uploads\/usu944\/2021\/02\/escoles_verdes-768x415.jpg 768w\" sizes=\"auto, (max-width: 983px) 100vw, 983px\" \/><\/a><\/p>\n<p>&nbsp;<\/p>\n","protected":false},"excerpt":{"rendered":"<p>MAIG 2023 Acci\u00f3 Moixina El 24\/05\/23 els integrants del comit\u00e8 ambiental de l&#8217;Institut vam participar en l&#8217;acci\u00f3 Moixina. L&#8217;acci\u00f3 Moixina consisteix en arrencar els cr\u00e9ixens bords dels regs de la Moixina ja que s\u00f3n una planta invasora que provoca que l&#8217;aigua no pugui circular correctament. Per aix\u00f2, amb l&#8217;equipament necessari, hem passat el mat\u00ed col\u00b7laborant [&hellip;]<\/p>\n","protected":false},"author":1,"featured_media":0,"parent":890,"menu_order":4,"comment_status":"closed","ping_status":"closed","template":"page-templates\/side-menu.php","meta":{"_bbp_topic_count":0,"_bbp_reply_count":0,"_bbp_total_topic_count":0,"_bbp_total_reply_count":0,"_bbp_voice_count":0,"_bbp_anonymous_reply_count":0,"_bbp_topic_count_hidden":0,"_bbp_reply_count_hidden":0,"_bbp_forum_subforum_count":0,"site-sidebar-layout":"default","site-content-layout":"","ast-site-content-layout":"","site-content-style":"default","site-sidebar-style":"default","ast-global-header-display":"","ast-banner-title-visibility":"","ast-main-header-display":"","ast-hfb-above-header-display":"","ast-hfb-below-header-display":"","ast-hfb-mobile-header-display":"","site-post-title":"","ast-breadcrumbs-content":"","ast-featured-img":"","footer-sml-layout":"","theme-transparent-header-meta":"","adv-header-id-meta":"","stick-header-meta":"","header-above-stick-meta":"","header-main-stick-meta":"","header-below-stick-meta":"","astra-migrate-meta-layouts":"default","ast-page-background-enabled":"default","ast-page-background-meta":{"desktop":{"background-color":"var(--ast-global-color-4)","background-image":"","background-repeat":"repeat","background-position":"center center","background-size":"auto","background-attachment":"scroll","background-type":"","background-media":"","overlay-type":"","overlay-color":"","overlay-opacity":"","overlay-gradient":""},"tablet":{"background-color":"","background-image":"","background-repeat":"repeat","background-position":"center center","background-size":"auto","background-attachment":"scroll","background-type":"","background-media":"","overlay-type":"","overlay-color":"","overlay-opacity":"","overlay-gradient":""},"mobile":{"background-color":"","background-image":"","background-repeat":"repeat","background-position":"center center","background-size":"auto","background-attachment":"scroll","background-type":"","background-media":"","overlay-type":"","overlay-color":"","overlay-opacity":"","overlay-gradient":""}},"ast-content-background-meta":{"desktop":{"background-color":"var(--ast-global-color-5)","background-image":"","background-repeat":"repeat","background-position":"center center","background-size":"auto","background-attachment":"scroll","background-type":"","background-media":"","overlay-type":"","overlay-color":"","overlay-opacity":"","overlay-gradient":""},"tablet":{"background-color":"var(--ast-global-color-5)","background-image":"","background-repeat":"repeat","background-position":"center center","background-size":"auto","background-attachment":"scroll","background-type":"","background-media":"","overlay-type":"","overlay-color":"","overlay-opacity":"","overlay-gradient":""},"mobile":{"background-color":"var(--ast-global-color-5)","background-image":"","background-repeat":"repeat","background-position":"center center","background-size":"auto","background-attachment":"scroll","background-type":"","background-media":"","overlay-type":"","overlay-color":"","overlay-opacity":"","overlay-gradient":""}},"footnotes":""},"class_list":["post-7678","page","type-page","status-publish","hentry"],"post_mailing_queue_ids":[],"_links":{"self":[{"href":"https:\/\/agora.xtec.cat\/iesmontsacopa\/wp-json\/wp\/v2\/pages\/7678","targetHints":{"allow":["GET"]}}],"collection":[{"href":"https:\/\/agora.xtec.cat\/iesmontsacopa\/wp-json\/wp\/v2\/pages"}],"about":[{"href":"https:\/\/agora.xtec.cat\/iesmontsacopa\/wp-json\/wp\/v2\/types\/page"}],"author":[{"embeddable":true,"href":"https:\/\/agora.xtec.cat\/iesmontsacopa\/wp-json\/wp\/v2\/users\/1"}],"replies":[{"embeddable":true,"href":"https:\/\/agora.xtec.cat\/iesmontsacopa\/wp-json\/wp\/v2\/comments?post=7678"}],"version-history":[{"count":3,"href":"https:\/\/agora.xtec.cat\/iesmontsacopa\/wp-json\/wp\/v2\/pages\/7678\/revisions"}],"predecessor-version":[{"id":12027,"href":"https:\/\/agora.xtec.cat\/iesmontsacopa\/wp-json\/wp\/v2\/pages\/7678\/revisions\/12027"}],"up":[{"embeddable":true,"href":"https:\/\/agora.xtec.cat\/iesmontsacopa\/wp-json\/wp\/v2\/pages\/890"}],"wp:attachment":[{"href":"https:\/\/agora.xtec.cat\/iesmontsacopa\/wp-json\/wp\/v2\/media?parent=7678"}],"curies":[{"name":"wp","href":"https:\/\/api.w.org\/{rel}","templated":true}]}}