{"id":75,"date":"2014-09-18T10:21:02","date_gmt":"2014-09-18T09:21:02","guid":{"rendered":"http:\/\/agora.xtec.cat\/iesmontsacopa\/?page_id=75"},"modified":"2026-03-25T15:01:00","modified_gmt":"2026-03-25T14:01:00","slug":"activitats-extraescolars","status":"publish","type":"page","link":"https:\/\/agora.xtec.cat\/iesmontsacopa\/serveis\/activitats-extraescolars\/","title":{"rendered":"Taller d&#8217;estudi"},"content":{"rendered":"\n<div class=\"wp-block-columns is-layout-flex wp-container-core-columns-is-layout-1 wp-block-columns-is-layout-flex\">\n<div class=\"wp-block-column is-layout-flow wp-block-column-is-layout-flow\">\n<p>L\u2019Ajuntament d\u2019Olot, a trav\u00e9s del Pla Educatiu d\u2019Entorn, ofereix uns TALLERS D\u2019ESTUDI ASSISTIT, totalment gratu\u00efts, als alumnes dels instituts. Cal, per\u00f2, comprometre\u2019s i complir una s\u00e8rie de compromisos.<\/p>\n<p>Hem pensat que el vostre fill podria beneficiar-se d\u2019aquest Taller i us demanem que llegiu la present circular i la retorneu a l\u2019institut degudament signada.<\/p>\n<p>L\u2019institut es compromet a vetllar perqu\u00e8 el Taller funcioni com a ajuda en l\u2019aprenentatge.<\/p>\n<table style=\"border-collapse: collapse; width: 100%; height: 144px;\">\n<tbody>\n<tr style=\"height: 48px;\">\n<td style=\"width: 22.1854%; border-color: #ffffff; height: 48px; text-align: left; vertical-align: middle;\">\n<h5 style=\"text-align: justify;\"><strong>Monitora del TEA:<\/strong><\/h5>\n<\/td>\n<td style=\"width: 77.8146%; border-color: #ffffff; height: 48px; text-align: left; vertical-align: middle;\">\n<h5 style=\"text-align: justify;\"><strong>C\u00e8lia Mayans<\/strong><\/h5>\n<\/td>\n<\/tr>\n<tr style=\"height: 48px;\">\n<td style=\"width: 22.1854%; border-color: #ffffff; height: 48px; background-color: #ffffff; text-align: left; vertical-align: middle;\">\n<h5 style=\"text-align: justify;\"><strong>Data d\u2019inici del TEA:<\/strong><\/h5>\n<\/td>\n<td style=\"width: 77.8146%; border-color: #ffffff; height: 48px; background-color: #ffffff; text-align: left; vertical-align: middle;\">\n<h5 style=\"text-align: justify;\"><strong>Dilluns 6 d\u2019octubre de 2025<\/strong><\/h5>\n<\/td>\n<\/tr>\n<tr style=\"height: 48px;\">\n<td style=\"width: 22.1854%; border-color: #ffffff; height: 48px; text-align: left; vertical-align: middle;\">\n<h5 style=\"text-align: justify;\"><strong>Data final del TEA:<\/strong><\/h5>\n<\/td>\n<td style=\"width: 77.8146%; border-color: #ffffff; height: 48px; text-align: left; vertical-align: middle;\">\n<h5 style=\"text-align: justify;\"><strong>&nbsp;Divendres 5 de juny del 2026<\/strong><\/h5>\n<\/td>\n<\/tr>\n<\/tbody>\n<\/table>\n<hr>\n<h5 style=\"text-align: justify;\"><strong>Normativa<\/strong><\/h5>\n<ol>\n<li style=\"list-style-type: none;\">\n<ol>\n<li style=\"list-style-type: none;\">\n<ol>\n<li style=\"text-align: justify;\">L\u2019assist\u00e8ncia \u00e9s obligat\u00f2ria. Si s\u2019acumulen m\u00e9s de tres dies sense assistir al TEA i sense justificaci\u00f3, l\u2019alumne en pot quedar excl\u00f2s.<\/li>\n<li style=\"text-align: justify;\">\u00c9s obligatori portar el material i ordinador per a treballar i\/o estudiar.<\/li>\n<li style=\"text-align: justify;\">Cal respectar els companys i els monitors.<\/li>\n<li style=\"text-align: justify;\">Cal respectar el material de l\u2019aula.<\/li>\n<li style=\"text-align: justify;\">Es prega la m\u00e0xima puntualitat.<\/li>\n<\/ol>\n<\/li>\n<\/ol>\n<\/li>\n<\/ol>\n<hr>\n<h5 style=\"text-align: justify;\"><strong>Inscripci\u00f3:<\/strong><\/h5>\n<p style=\"text-align: justify;\">Imprimeix el document que trobar\u00e0s en el seg\u00fcent enlla\u00e7: <a href=\"https:\/\/agora.xtec.cat\/iesmontsacopa\/wp-content\/uploads\/usu944\/2025\/09\/Solicitud-TEA-2025-2026.docx.pdf\" target=\"_blank\" rel=\"noopener\"><strong>Full de sol\u00b7licitud<\/strong><\/a> i torna\u2019l al centre degudament signat.<\/p>\n<h5>&nbsp;<\/h5>\n<\/div>\n<\/div>\n\n\n\n<div class=\"wp-block-columns is-layout-flex wp-container-core-columns-is-layout-2 wp-block-columns-is-layout-flex\">\n<div class=\"wp-block-column is-layout-flow wp-block-column-is-layout-flow\">\n<h5><strong>Horaris<\/strong><\/h5>\n<table style=\"border-collapse: collapse; width: 100%; height: 99px;\">\n<tbody>\n<tr style=\"height: 23px;\">\n<td style=\"width: 20%; height: 23px;\">&nbsp;<\/td>\n<td style=\"width: 20%; height: 23px; background-color: #cacce6;\">Dilluns<\/td>\n<td style=\"width: 20%; height: 23px; background-color: #cacce6;\">Dimarts<\/td>\n<td style=\"width: 20%; height: 23px; background-color: #cacce6;\">Dimecres<\/td>\n<td style=\"width: 20%; height: 23px; background-color: #cacce6;\">Dijous<\/td>\n<\/tr>\n<tr style=\"height: 53px;\">\n<td style=\"width: 20%; height: 53px; background-color: #cacce6;\">\n<p>1r i 2n ESO<\/p>\n<\/td>\n<td style=\"width: 20%; height: 53px;\">15.45 a 16.45<\/td>\n<td style=\"width: 20%; height: 53px;\">15.45 a 16.45<\/td>\n<td style=\"width: 20%; height: 53px;\">15.45 a 16.45<\/td>\n<td style=\"width: 20%; height: 53px;\">15.45 a 16.45<\/td>\n<\/tr>\n<tr style=\"height: 23px;\">\n<td style=\"width: 20%; height: 23px; background-color: #cacce6;\">\n<p>3r i 4t ESO<\/p>\n<\/td>\n<td style=\"width: 20%; height: 23px;\">16.45 a 17.45<\/td>\n<td style=\"width: 20%; height: 23px;\">16.45 a 17.45<\/td>\n<td style=\"width: 20%; height: 23px;\">16.45 a 17.45<\/td>\n<td style=\"width: 20%; height: 23px;\">16.45 a 17.45<\/td>\n<\/tr>\n<\/tbody>\n<\/table>\n<h5>&nbsp;<\/h5>\n<\/div>\n<\/div>\n\n\n\n\n\n<div class=\"wp-block-columns is-layout-flex wp-container-core-columns-is-layout-3 wp-block-columns-is-layout-flex\">\n<div class=\"wp-block-column is-layout-flow wp-block-column-is-layout-flow\">\n<h5><strong>Preguntes freq\u00fcents:<\/strong><\/h5>\n<h6 style=\"text-align: justify;\"><strong>Com ho he de fer per inscriure\u2019m al TEA?<\/strong><\/h6>\n<p style=\"text-align: justify; padding-left: 40px;\">Molt senzill, s\u2019ha de demanar un\u00a0<a href=\"https:\/\/agora.xtec.cat\/iesmontsacopa\/wp-content\/uploads\/usu944\/2025\/09\/Solicitud-TEA-2025-2026.docx.pdf\" target=\"_blank\" rel=\"noopener\"><strong>Full de sol\u00b7licitud\u00a0<\/strong><\/a>al tutor o imprimir el que hi ha a l\u2019enlla\u00e7 d\u2019aquesta p\u00e0gina, i tornar-lo signat pels pares i per l\u2019alumne.<\/p>\n<h6 style=\"text-align: justify;\"><strong>Quan puc comen\u00e7ar a anar al TEA?<\/strong><\/h6>\n<p style=\"text-align: justify; padding-left: 40px;\">Les incorporacions al TEA es fan en el moment del curs que sigui necessari.<\/p>\n<h6 style=\"text-align: justify;\"><strong>Com s\u00e9 si puc comen\u00e7ar a anar al TEA?<\/strong><\/h6>\n<p style=\"text-align: justify; padding-left: 40px;\">El tutor\/a t\u2019ho indicar\u00e0.<\/p>\n<h6 style=\"text-align: justify;\"><strong>Qu\u00e8 passa si incompleixo les normes del TEA?<\/strong><\/h6>\n<p style=\"text-align: justify; padding-left: 40px;\">El funcionament del TEA t\u00e9 el seu propi reglament intern. La monitora t\u2019informar\u00e0 de la normativa i les conseq\u00fc\u00e8ncies que es deriven del seu incompliment.<\/p>\n<h6 style=\"text-align: justify;\"><strong>Qu\u00e8 \u00e9s l\u2019informe de valoraci\u00f3 del TEA?<\/strong><\/h6>\n<p style=\"text-align: justify; padding-left: 40px;\">Cada trimestre arribar\u00e0 a casa, juntament amb les notes, un informe del TEA. Aquest informe l\u2019elabora la\u00a0 monitora del taller.<\/p>\n<h6 style=\"text-align: justify;\"><strong>Qu\u00e8 es valora en l\u2019informe dels monitors del TEA?<\/strong><\/h6>\n<p style=\"text-align: justify; padding-left: 40px;\">La monitora valora la puntualitat, portar el material per treballar, el respecte cap als altres, els h\u00e0bits escolars, el respecte de les instal\u00b7lacions, l\u2019assist\u00e8ncia, el comportament\u2026<\/p>\n<\/div>\n<\/div>\n\n\n\n\n\n<figure class=\"wp-block-image alignright size-full\"><a href=\"https:\/\/agora.xtec.cat\/iesmontsacopa\/wp-content\/uploads\/usu944\/2026\/03\/logo2trans_horitzontalpetit.png\"><img loading=\"lazy\" decoding=\"async\" width=\"102\" height=\"32\" src=\"https:\/\/agora.xtec.cat\/iesmontsacopa\/wp-content\/uploads\/usu944\/2026\/03\/logo2trans_horitzontalpetit.png\" alt=\"\" class=\"wp-image-16247\"\/><\/a><\/figure>\n","protected":false},"excerpt":{"rendered":"<p>L\u2019Ajuntament d\u2019Olot, a trav\u00e9s del Pla Educatiu d\u2019Entorn, ofereix uns TALLERS D\u2019ESTUDI ASSISTIT, totalment gratu\u00efts, als alumnes dels instituts. Cal, per\u00f2, comprometre\u2019s i complir una s\u00e8rie de compromisos. Hem pensat que el vostre fill podria beneficiar-se d\u2019aquest Taller i us demanem que llegiu la present circular i la retorneu a l\u2019institut degudament signada. L\u2019institut es [&hellip;]<\/p>\n","protected":false},"author":1,"featured_media":0,"parent":63,"menu_order":40,"comment_status":"closed","ping_status":"closed","template":"","meta":{"_bbp_topic_count":0,"_bbp_reply_count":0,"_bbp_total_topic_count":0,"_bbp_total_reply_count":0,"_bbp_voice_count":0,"_bbp_anonymous_reply_count":0,"_bbp_topic_count_hidden":0,"_bbp_reply_count_hidden":0,"_bbp_forum_subforum_count":0,"site-sidebar-layout":"default","site-content-layout":"","ast-site-content-layout":"default","site-content-style":"default","site-sidebar-style":"default","ast-global-header-display":"","ast-banner-title-visibility":"","ast-main-header-display":"","ast-hfb-above-header-display":"","ast-hfb-below-header-display":"","ast-hfb-mobile-header-display":"","site-post-title":"","ast-breadcrumbs-content":"","ast-featured-img":"","footer-sml-layout":"","theme-transparent-header-meta":"","adv-header-id-meta":"","stick-header-meta":"","header-above-stick-meta":"","header-main-stick-meta":"","header-below-stick-meta":"","astra-migrate-meta-layouts":"set","ast-page-background-enabled":"default","ast-page-background-meta":{"desktop":{"background-color":"var(--ast-global-color-4)","background-image":"","background-repeat":"repeat","background-position":"center center","background-size":"auto","background-attachment":"scroll","background-type":"","background-media":"","overlay-type":"","overlay-color":"","overlay-opacity":"","overlay-gradient":""},"tablet":{"background-color":"","background-image":"","background-repeat":"repeat","background-position":"center center","background-size":"auto","background-attachment":"scroll","background-type":"","background-media":"","overlay-type":"","overlay-color":"","overlay-opacity":"","overlay-gradient":""},"mobile":{"background-color":"","background-image":"","background-repeat":"repeat","background-position":"center center","background-size":"auto","background-attachment":"scroll","background-type":"","background-media":"","overlay-type":"","overlay-color":"","overlay-opacity":"","overlay-gradient":""}},"ast-content-background-meta":{"desktop":{"background-color":"var(--ast-global-color-5)","background-image":"","background-repeat":"repeat","background-position":"center center","background-size":"auto","background-attachment":"scroll","background-type":"","background-media":"","overlay-type":"","overlay-color":"","overlay-opacity":"","overlay-gradient":""},"tablet":{"background-color":"var(--ast-global-color-5)","background-image":"","background-repeat":"repeat","background-position":"center center","background-size":"auto","background-attachment":"scroll","background-type":"","background-media":"","overlay-type":"","overlay-color":"","overlay-opacity":"","overlay-gradient":""},"mobile":{"background-color":"var(--ast-global-color-5)","background-image":"","background-repeat":"repeat","background-position":"center center","background-size":"auto","background-attachment":"scroll","background-type":"","background-media":"","overlay-type":"","overlay-color":"","overlay-opacity":"","overlay-gradient":""}},"footnotes":""},"class_list":["post-75","page","type-page","status-publish","hentry"],"post_mailing_queue_ids":[],"_links":{"self":[{"href":"https:\/\/agora.xtec.cat\/iesmontsacopa\/wp-json\/wp\/v2\/pages\/75","targetHints":{"allow":["GET"]}}],"collection":[{"href":"https:\/\/agora.xtec.cat\/iesmontsacopa\/wp-json\/wp\/v2\/pages"}],"about":[{"href":"https:\/\/agora.xtec.cat\/iesmontsacopa\/wp-json\/wp\/v2\/types\/page"}],"author":[{"embeddable":true,"href":"https:\/\/agora.xtec.cat\/iesmontsacopa\/wp-json\/wp\/v2\/users\/1"}],"replies":[{"embeddable":true,"href":"https:\/\/agora.xtec.cat\/iesmontsacopa\/wp-json\/wp\/v2\/comments?post=75"}],"version-history":[{"count":6,"href":"https:\/\/agora.xtec.cat\/iesmontsacopa\/wp-json\/wp\/v2\/pages\/75\/revisions"}],"predecessor-version":[{"id":16254,"href":"https:\/\/agora.xtec.cat\/iesmontsacopa\/wp-json\/wp\/v2\/pages\/75\/revisions\/16254"}],"up":[{"embeddable":true,"href":"https:\/\/agora.xtec.cat\/iesmontsacopa\/wp-json\/wp\/v2\/pages\/63"}],"wp:attachment":[{"href":"https:\/\/agora.xtec.cat\/iesmontsacopa\/wp-json\/wp\/v2\/media?parent=75"}],"curies":[{"name":"wp","href":"https:\/\/api.w.org\/{rel}","templated":true}]}}