{"id":695,"date":"2016-06-23T09:20:19","date_gmt":"2016-06-23T08:20:19","guid":{"rendered":"http:\/\/agora.xtec.cat\/iesmontsacopa\/?page_id=695"},"modified":"2026-03-25T15:04:07","modified_gmt":"2026-03-25T14:04:07","slug":"cicles-formatius","status":"publish","type":"page","link":"https:\/\/agora.xtec.cat\/iesmontsacopa\/estudis\/cicles-formatius\/","title":{"rendered":"Cicles Formatius"},"content":{"rendered":"<p><iframe loading=\"lazy\" src=\"https:\/\/www.youtube.com\/embed\/3tZEdQVAvvs\" width=\"560\" height=\"315\" frameborder=\"0\" allowfullscreen=\"allowfullscreen\"><span data-mce-type=\"bookmark\" style=\"display: inline-block; width: 0px; overflow: hidden; line-height: 0;\" class=\"mce_SELRES_start\">\ufeff<\/span><span data-mce-type=\"bookmark\" style=\"display: inline-block; width: 0px; overflow: hidden; line-height: 0;\" class=\"mce_SELRES_start\">\ufeff<\/span><span data-mce-type=\"bookmark\" style=\"display: inline-block; width: 0px; overflow: hidden; line-height: 0;\" class=\"mce_SELRES_start\">\ufeff<\/span><\/iframe><\/p>\n<p style=\"text-align: justify;\">Els cicles de formaci\u00f3 professional es divideixen en dos graus: el grau mitj\u00e0 i el grau superior. El primer proporciona el t\u00edtol de t\u00e8cnic o t\u00e8cnica i el segon el t\u00edtol de t\u00e8cnic superior o t\u00e8cnica superior.<br \/>Els cicles formatius estan distribu\u00efts en fam\u00edlies professionals.<\/p>\n<p style=\"text-align: justify;\">En el nostre centre es poden cursar estudis de la fam\u00edlia professional:\u00a0<strong>Serveis Socioculturals i a la Comunitat:<\/strong><\/p>\n<p><style>\n    .clase_table {<br \/>        border-collapse: separate;<br \/>        border-spacing: 10;<br \/>        border: 1px solid White;<br \/>        border-radius: 15px;<br \/>        -moz-border-radius: 20px;<br \/>        padding: 2px;<br \/>    }<br \/><\/style><\/p>\n<table class=\"clase_table\" style=\"width: 100%;\">\n<tbody>\n<tr>\n<td style=\"border-color: #ff9900; border-radius: 15px; width: 100%; border-style: solid;\">\n<h4><a href=\"https:\/\/agora.xtec.cat\/iesmontsacopa\/estudis\/cicles-formatius\/cfgm-atencio-a-persones-en-situacio-de-dependencia\/\"><span style=\"color: #ff9900;\">T\u00e8cnic\/a en atenci\u00f3 a les <strong>persones en situaci\u00f3 de depend\u00e8ncia<\/strong><\/span><\/a><\/h4>\n<p style=\"text-align: justify;\"><span style=\"color: #383636;\">Aquests estudis capaciten per atendre les persones en situaci\u00f3 de depend\u00e8ncia, en l\u2019\u00e0mbit domiciliari i institucional, a fi de mantenir i millorar la seva qualitat de vida, fent activitats assistencials, no sanit\u00e0ries, psicosocials i de suport a la gesti\u00f3 dom\u00e8stica, i aplicant mesures i normes de prevenci\u00f3 i seguretat i derivant-les a altres serveis quan calgui.<\/span><\/p>\n<\/td>\n<\/tr>\n<\/tbody>\n<\/table>\n<table class=\"clase_table\" style=\"width: 100%; height: 251px;\">\n<tbody>\n<tr style=\"height: 251px;\">\n<td style=\"border-color: #d0e319; border-radius: 15px; width: 100%; height: 251px; border-style: solid;\">\n<h4><a href=\"https:\/\/agora.xtec.cat\/iesmontsacopa\/estudis\/cicles-formatius\/cfgs-educacio-infantil\/\"><span style=\"color: #d0e319;\">T\u00e8cnic\/a superior en <strong>educaci\u00f3 infantil<\/strong><\/span><\/a><\/h4>\n<p style=\"text-align: justify;\"><span style=\"color: #383636;\">Dissenyar, implementar i avaluar projectes i programes educatius d\u2019atenci\u00f3 a la inf\u00e0ncia en el primer cicle d\u2019educaci\u00f3 infantil en l\u2019\u00e0mbit formal, d\u2019acord amb la proposta pedag\u00f2gica elaborada per un Mestre amb l\u2019especialitzaci\u00f3 en educaci\u00f3 infantil o t\u00edtol de grau equivalent, i a tota l\u2019etapa en l\u2019\u00e0mbit no formal, generant entorns segurs i en col\u00b7laboraci\u00f3 amb altres professionals i amb les fam\u00edlies.<\/span><\/p>\n<\/td>\n<\/tr>\n<\/tbody>\n<\/table>\n<table class=\"clase_table\">\n<tbody>\n<tr>\n<td style=\"border-color: #b66ef9; border-radius: 15px; border-style: solid;\">\n<h4><a href=\"https:\/\/agora.xtec.cat\/iesmontsacopa\/estudis\/cicles-formatius\/cfgs-tecnic-a-en-integracio-social\/\"><span style=\"color: #b66ef9;\">T\u00e8cnic\/a superior en <strong>integraci\u00f3 social<\/strong><\/span><\/a><\/h4>\n<p style=\"text-align: justify;\"><span style=\"color: #383636;\">Programar, organitzar, implementar i avaluar les intervencions d\u2019integraci\u00f3 social aplicant estrat\u00e8gies i t\u00e8cniques espec\u00edfiques, promovent la igualtat d\u2019oportunitats, actuant en tot moment amb una actitud de respecte cap a les persones destinat\u00e0ries i garantint la creaci\u00f3 d\u2019entorns segurs tant per a les persones destinat\u00e0ries com per al professional.<\/span><\/p>\n<\/td>\n<\/tr>\n<\/tbody>\n<\/table>\n\n\n\n\n<figure class=\"wp-block-image alignright size-full\"><a href=\"https:\/\/agora.xtec.cat\/iesmontsacopa\/wp-content\/uploads\/usu944\/2026\/03\/logo2trans_horitzontalpetit.png\"><img loading=\"lazy\" decoding=\"async\" width=\"102\" height=\"32\" src=\"https:\/\/agora.xtec.cat\/iesmontsacopa\/wp-content\/uploads\/usu944\/2026\/03\/logo2trans_horitzontalpetit.png\" alt=\"\" class=\"wp-image-16247\"\/><\/a><\/figure>\n","protected":false},"excerpt":{"rendered":"<p>\ufeff\ufeff\ufeff Els cicles de formaci\u00f3 professional es divideixen en dos graus: el grau mitj\u00e0 i el grau superior. El primer proporciona el t\u00edtol de t\u00e8cnic o t\u00e8cnica i el segon el t\u00edtol de t\u00e8cnic superior o t\u00e8cnica superior.Els cicles formatius estan distribu\u00efts en fam\u00edlies professionals. En el nostre centre es poden cursar estudis de la [&hellip;]<\/p>\n","protected":false},"author":1,"featured_media":0,"parent":195,"menu_order":0,"comment_status":"closed","ping_status":"closed","template":"","meta":{"_bbp_topic_count":0,"_bbp_reply_count":0,"_bbp_total_topic_count":0,"_bbp_total_reply_count":0,"_bbp_voice_count":0,"_bbp_anonymous_reply_count":0,"_bbp_topic_count_hidden":0,"_bbp_reply_count_hidden":0,"_bbp_forum_subforum_count":0,"site-sidebar-layout":"default","site-content-layout":"","ast-site-content-layout":"default","site-content-style":"default","site-sidebar-style":"default","ast-global-header-display":"","ast-banner-title-visibility":"","ast-main-header-display":"","ast-hfb-above-header-display":"","ast-hfb-below-header-display":"","ast-hfb-mobile-header-display":"","site-post-title":"","ast-breadcrumbs-content":"","ast-featured-img":"","footer-sml-layout":"","theme-transparent-header-meta":"","adv-header-id-meta":"","stick-header-meta":"","header-above-stick-meta":"","header-main-stick-meta":"","header-below-stick-meta":"","astra-migrate-meta-layouts":"set","ast-page-background-enabled":"default","ast-page-background-meta":{"desktop":{"background-color":"var(--ast-global-color-4)","background-image":"","background-repeat":"repeat","background-position":"center center","background-size":"auto","background-attachment":"scroll","background-type":"","background-media":"","overlay-type":"","overlay-color":"","overlay-opacity":"","overlay-gradient":""},"tablet":{"background-color":"","background-image":"","background-repeat":"repeat","background-position":"center center","background-size":"auto","background-attachment":"scroll","background-type":"","background-media":"","overlay-type":"","overlay-color":"","overlay-opacity":"","overlay-gradient":""},"mobile":{"background-color":"","background-image":"","background-repeat":"repeat","background-position":"center center","background-size":"auto","background-attachment":"scroll","background-type":"","background-media":"","overlay-type":"","overlay-color":"","overlay-opacity":"","overlay-gradient":""}},"ast-content-background-meta":{"desktop":{"background-color":"var(--ast-global-color-5)","background-image":"","background-repeat":"repeat","background-position":"center center","background-size":"auto","background-attachment":"scroll","background-type":"","background-media":"","overlay-type":"","overlay-color":"","overlay-opacity":"","overlay-gradient":""},"tablet":{"background-color":"var(--ast-global-color-5)","background-image":"","background-repeat":"repeat","background-position":"center center","background-size":"auto","background-attachment":"scroll","background-type":"","background-media":"","overlay-type":"","overlay-color":"","overlay-opacity":"","overlay-gradient":""},"mobile":{"background-color":"var(--ast-global-color-5)","background-image":"","background-repeat":"repeat","background-position":"center center","background-size":"auto","background-attachment":"scroll","background-type":"","background-media":"","overlay-type":"","overlay-color":"","overlay-opacity":"","overlay-gradient":""}},"footnotes":""},"class_list":["post-695","page","type-page","status-publish","hentry"],"post_mailing_queue_ids":[],"_links":{"self":[{"href":"https:\/\/agora.xtec.cat\/iesmontsacopa\/wp-json\/wp\/v2\/pages\/695","targetHints":{"allow":["GET"]}}],"collection":[{"href":"https:\/\/agora.xtec.cat\/iesmontsacopa\/wp-json\/wp\/v2\/pages"}],"about":[{"href":"https:\/\/agora.xtec.cat\/iesmontsacopa\/wp-json\/wp\/v2\/types\/page"}],"author":[{"embeddable":true,"href":"https:\/\/agora.xtec.cat\/iesmontsacopa\/wp-json\/wp\/v2\/users\/1"}],"replies":[{"embeddable":true,"href":"https:\/\/agora.xtec.cat\/iesmontsacopa\/wp-json\/wp\/v2\/comments?post=695"}],"version-history":[{"count":6,"href":"https:\/\/agora.xtec.cat\/iesmontsacopa\/wp-json\/wp\/v2\/pages\/695\/revisions"}],"predecessor-version":[{"id":16260,"href":"https:\/\/agora.xtec.cat\/iesmontsacopa\/wp-json\/wp\/v2\/pages\/695\/revisions\/16260"}],"up":[{"embeddable":true,"href":"https:\/\/agora.xtec.cat\/iesmontsacopa\/wp-json\/wp\/v2\/pages\/195"}],"wp:attachment":[{"href":"https:\/\/agora.xtec.cat\/iesmontsacopa\/wp-json\/wp\/v2\/media?parent=695"}],"curies":[{"name":"wp","href":"https:\/\/api.w.org\/{rel}","templated":true}]}}