{"id":6790,"date":"2020-07-06T16:15:31","date_gmt":"2020-07-06T14:15:31","guid":{"rendered":"http:\/\/agora.xtec.cat\/iesmontsacopa\/?page_id=6790"},"modified":"2022-09-22T09:20:51","modified_gmt":"2022-09-22T07:20:51","slug":"comunicats-de-la-direccio-del-centre","status":"publish","type":"page","link":"https:\/\/agora.xtec.cat\/iesmontsacopa\/comunicats-de-la-direccio-del-centre\/","title":{"rendered":"Comunicats de la direcci\u00f3 del centre"},"content":{"rendered":"<p><strong>Curs 2021-2022<\/strong><\/p>\n<p><a href=\"https:\/\/agora.xtec.cat\/iesmontsacopa\/wp-content\/uploads\/usu944\/2022\/02\/fi_seguiment_covid.pdf\">Fi del seguiment dels casos covid-19 als centres<\/a><\/p>\n<p><a href=\"https:\/\/agora.xtec.cat\/iesmontsacopa\/wp-content\/uploads\/usu944\/2022\/02\/canvis_test.pdf\">Canvis en la realitzaci\u00f3 dels tests d\u2019ant\u00edgens (TAR) als alumnes<\/a><\/p>\n<p><a href=\"https:\/\/agora.xtec.cat\/iesmontsacopa\/wp-content\/uploads\/usu944\/2022\/02\/mascareta_patis.pdf\">Novetats en l\u2019\u00fas de mascareta als centres educatius<\/a><\/p>\n<p><a href=\"https:\/\/agora.xtec.cat\/iesmontsacopa\/wp-content\/uploads\/usu944\/2022\/01\/protocol_covid.pdf\">Protocol de gesti\u00f3 de casos covid als centres actualitzat amb les noves mesures<\/a><\/p>\n<p><a href=\"https:\/\/agora.xtec.cat\/iesmontsacopa\/wp-content\/uploads\/usu944\/2022\/01\/punts_principals_gestio_casos.pdf\">Punts principals del protocol Gesti\u00f3 de casos covid-19 als centres educatius (19.1.2022)<\/a><\/p>\n<p><a href=\"https:\/\/agora.xtec.cat\/iesmontsacopa\/wp-content\/uploads\/usu944\/2022\/01\/comunicacio_positiu_test_antigens.pdf\">Qu\u00e8 has de fer si dones positiu en un test d\u2019ant\u00edgens (TAR)?<\/a><\/p>\n<p><a href=\"https:\/\/agora.xtec.cat\/iesmontsacopa\/wp-content\/uploads\/usu944\/2022\/01\/circuitA_postobligatoris.pdf\">Circuit A &#8211; Ensenyaments postobligatoris<\/a><\/p>\n<p><a href=\"https:\/\/agora.xtec.cat\/iesmontsacopa\/wp-content\/uploads\/usu944\/2022\/01\/carta_circuitB_postobligatoris_bis.pdf\">Circuit B &#8211; Ensenyaments postobligatoris<\/a><\/p>\n<p><a href=\"https:\/\/agora.xtec.cat\/iesmontsacopa\/wp-content\/uploads\/usu944\/2021\/09\/pla_organitzacio_centre_21_22.pdf\" target=\"_blank\" rel=\"noopener\">Pla d\u2019organitzaci\u00f3 de centre (curs 2021-2022)<\/a><\/p>\n<p><a href=\"https:\/\/agora.xtec.cat\/iesmontsacopa\/wp-content\/uploads\/usu944\/2021\/09\/pla_organitzacio_centre_21_22.pdf\" target=\"_blank\" rel=\"noopener\">Pla d\u2019organitzaci\u00f3 de centre (curs 2021-2022)<\/a><\/p>\n<p><a href=\"https:\/\/agora.xtec.cat\/iesmontsacopa\/wp-content\/uploads\/usu944\/2021\/09\/carta_salut_educacio.pdf\">Carta dels Consellers d&#8217;Educaci\u00f3 i de Salut<\/a><\/p>\n<p><a href=\"https:\/\/agora.xtec.cat\/iesmontsacopa\/wp-content\/uploads\/usu944\/2021\/09\/A820.pdf\" target=\"_blank\" rel=\"noopener\">Declaraci\u00f3 responsable d\u2019alumnesmajors de 18 anys (batxillerat i altres ensenyaments)<\/a><\/p>\n<p><a href=\"https:\/\/agora.xtec.cat\/iesmontsacopa\/wp-content\/uploads\/usu944\/2021\/09\/Autoritzacions_Families_Inici_curs_21_22.pdf\" target=\"_blank\" rel=\"noopener\">Autoritzaci\u00f3 per al procediment de gesti\u00f3 de casos i contactes de la covid-19 als centres educatius.<\/a><\/p>\n<table style=\"border-collapse: collapse; width: 100%;\">\n<tbody>\n<tr>\n<td style=\"width: 100%; border-color: #ffffff; text-align: left;\"><\/td>\n<\/tr>\n<tr>\n<td style=\"width: 100%; border-color: #ffffff; text-align: left;\">\n<h5><a href=\"https:\/\/agora.xtec.cat\/iesmontsacopa\/wp-content\/uploads\/usu944\/2022\/03\/no_a_la_guerra.pdf\">No a la guerra!<\/a><\/h5>\n<\/td>\n<\/tr>\n<tr>\n<td style=\"width: 100%; border-color: #ffffff; text-align: left;\"><\/td>\n<\/tr>\n<tr>\n<td style=\"width: 100%; border-color: #ffffff; text-align: left;\">\n<h5><a href=\"https:\/\/agora.xtec.cat\/iesmontsacopa\/manifest-montsacopa-2022\/\">Manifest Montsacopa 2022<\/a><\/h5>\n<\/td>\n<\/tr>\n<\/tbody>\n<\/table>\n<p>&nbsp;<\/p>\n<table style=\"width: 100%; height: 36px;\">\n<tbody>\n<tr>\n<td style=\"background-color: #92ae01; border-color: #ffffff;\"><\/td>\n<\/tr>\n<\/tbody>\n<tbody>\n<tr style=\"height: 58px;\">\n<td style=\"border-color: #ffffff; height: 58px; text-align: left;\">\n<h4><strong><span style=\"color: #333333;\">Curs 2020\/2021<\/span><\/strong><\/h4>\n<\/td>\n<\/tr>\n<tr>\n<td style=\"border-color: #ffffff; text-align: left; width: 100%;\"><a href=\"https:\/\/agora.xtec.cat\/iesmontsacopa\/wp-content\/uploads\/usu944\/2020\/09\/pla_organitzacio_centre_29_09_2020.pdf\" target=\"_blank\" rel=\"noopener noreferrer\">Pla d\u2019organitzaci\u00f3 per a l\u2019obertura al setembre (curs 2020-2021) <\/a>Aprovat pel consell escolar el dia 10 de setembre de 2020<\/p>\n<table>\n<tbody>\n<tr>\n<td><a href=\"https:\/\/agora.xtec.cat\/iesmontsacopa\/wp-content\/uploads\/usu944\/2020\/09\/entrades_sortides_recinte.jpg\"><img loading=\"lazy\" decoding=\"async\" class=\"alignnone wp-image-7260 size-large\" src=\"https:\/\/agora.xtec.cat\/iesmontsacopa\/wp-content\/uploads\/usu944\/2020\/09\/entrades_sortides_recinte-1024x605.jpg\" alt=\"\" width=\"1024\" height=\"605\" srcset=\"https:\/\/agora.xtec.cat\/iesmontsacopa\/wp-content\/uploads\/usu944\/2020\/09\/entrades_sortides_recinte-1024x605.jpg 1024w, https:\/\/agora.xtec.cat\/iesmontsacopa\/wp-content\/uploads\/usu944\/2020\/09\/entrades_sortides_recinte-300x177.jpg 300w, https:\/\/agora.xtec.cat\/iesmontsacopa\/wp-content\/uploads\/usu944\/2020\/09\/entrades_sortides_recinte-768x454.jpg 768w, https:\/\/agora.xtec.cat\/iesmontsacopa\/wp-content\/uploads\/usu944\/2020\/09\/entrades_sortides_recinte.jpg 1230w\" sizes=\"auto, (max-width: 1024px) 100vw, 1024px\" \/><\/a><\/td>\n<td><a href=\"https:\/\/agora.xtec.cat\/iesmontsacopa\/wp-content\/uploads\/usu944\/2020\/09\/entrades_edifici.jpg\"><img loading=\"lazy\" decoding=\"async\" class=\"alignnone wp-image-7262 size-large\" src=\"https:\/\/agora.xtec.cat\/iesmontsacopa\/wp-content\/uploads\/usu944\/2020\/09\/entrades_edifici-1024x593.jpg\" alt=\"\" width=\"1024\" height=\"593\" srcset=\"https:\/\/agora.xtec.cat\/iesmontsacopa\/wp-content\/uploads\/usu944\/2020\/09\/entrades_edifici-1024x593.jpg 1024w, https:\/\/agora.xtec.cat\/iesmontsacopa\/wp-content\/uploads\/usu944\/2020\/09\/entrades_edifici-300x174.jpg 300w, https:\/\/agora.xtec.cat\/iesmontsacopa\/wp-content\/uploads\/usu944\/2020\/09\/entrades_edifici-768x445.jpg 768w, https:\/\/agora.xtec.cat\/iesmontsacopa\/wp-content\/uploads\/usu944\/2020\/09\/entrades_edifici.jpg 1226w\" sizes=\"auto, (max-width: 1024px) 100vw, 1024px\" \/><\/a><\/td>\n<\/tr>\n<\/tbody>\n<\/table>\n<\/td>\n<\/tr>\n<\/tbody>\n<tbody>\n<tr style=\"height: 36px;\">\n<td style=\"background-color: #92ae01; border-color: #ffffff; height: 36px;\"><\/td>\n<\/tr>\n<\/tbody>\n<tbody>\n<tr style=\"height: 58px;\">\n<td style=\"border-color: #ffffff; height: 58px; text-align: left;\">\n<h4><strong><span style=\"color: #333333;\">Curs 2019\/2020<\/span><\/strong><\/h4>\n<\/td>\n<\/tr>\n<tr>\n<td style=\"border-color: #ffffff; text-align: left;\"><a href=\"https:\/\/agora.xtec.cat\/iesmontsacopa\/informacions-3r-trimestre-2019-20\/#susp_batxibac\/\" target=\"_blank\" rel=\"noopener noreferrer\">Informacions 3r trimestre 2019\/20<\/a><\/td>\n<\/tr>\n<tr style=\"border-color: #ffffff;\" align=\"center\">\n<td style=\"border-color: #ffffff; text-align: left; height: 31px;\"><a href=\"https:\/\/agora.xtec.cat\/iesmontsacopa\/informacions-covid-19\/\" target=\"_blank\" rel=\"noopener noreferrer\">Informaci\u00f3 i comunicats COVID-19<\/a><\/td>\n<\/tr>\n<tr style=\"border-color: #ffffff;\" align=\"center\">\n<td style=\"border-color: #ffffff; text-align: left; height: 31px;\"><a href=\"https:\/\/agora.xtec.cat\/iesmontsacopa\/wp-content\/uploads\/usu944\/2019\/10\/comunicat17oct.pdf\" target=\"_blank\" rel=\"noopener noreferrer\">Nota informativa 17\/10\/2019<\/a><\/td>\n<\/tr>\n<tr style=\"border-color: #ffffff;\" align=\"center\">\n<td style=\"border-color: #ffffff; text-align: left; height: 31px;\"><a href=\"https:\/\/agora.xtec.cat\/iesmontsacopa\/wp-content\/uploads\/usu944\/2019\/10\/comunicat_14oct.pdf\" target=\"_blank\" rel=\"noopener noreferrer\">Nota informativa 14\/10\/2019<\/a><\/td>\n<\/tr>\n<\/tbody>\n<tbody>\n<tr>\n<td style=\"background-color: #92ae01; border-color: #ffffff;\"><\/td>\n<\/tr>\n<\/tbody>\n<tbody>\n<tr style=\"height: 31px;\">\n<td style=\"border-color: #ffffff; width: 100%; height: 31px; text-align: left;\">\n<h4><strong><span style=\"color: #333333;\">Curs 2017\/2018<\/span><\/strong><\/h4>\n<\/td>\n<\/tr>\n<tr style=\"height: 31px;\">\n<td style=\"border-color: #ffffff; width: 100%; height: 31px; text-align: left;\"><a href=\"http:\/\/www.xtec.cat\/iesmontsacopa\/documents_nodes\/comunicat_departament.pdf\" target=\"_blank\" rel=\"noopener noreferrer\">Comunicat del Departament d&#8217;Ensenyament-16\/10\/2017<\/a><\/td>\n<\/tr>\n<tr style=\"border-color: #ffffff;\">\n<td style=\"border-color: #ffffff; width: 100%; height: 31px; text-align: left;\"><a href=\"http:\/\/www.xtec.cat\/iesmontsacopa\/documents_nodes\/manifest_alumnes.pdf\" target=\"_blank\" rel=\"noopener noreferrer\">Comunicat dels alumnes-17\/10\/2017<\/a><\/td>\n<\/tr>\n<tr style=\"border-color: #ffffff;\">\n<td style=\"border-color: #ffffff; width: 100%; height: 31px; text-align: left;\"><a href=\"http:\/\/www.xtec.cat\/iesmontsacopa\/documents_nodes\/manifest_montsacopa.pdf\" target=\"_blank\" rel=\"noopener noreferrer\">Manifest de suport a les llibertats i drets de la ciutadania-22\/09\/2017<\/a><\/td>\n<\/tr>\n<tr style=\"border-color: #ffffff;\">\n<td style=\"border-color: #ffffff; width: 100%; height: 31px; text-align: left;\"><a href=\"http:\/\/agora.xtec.cat\/iesmontsacopa\/wp-content\/uploads\/usu944\/2017\/09\/aclariment-1.jpg\" target=\"_blank\" rel=\"noopener noreferrer\">Nota d&#8217;aclariment en relaci\u00f3 a la concentraci\u00f3 dels alumnes el dia 21 de setembre davant l&#8217;Ajuntament d&#8217;Olot-21\/09\/2017<\/a><\/td>\n<\/tr>\n<\/tbody>\n<\/table>\n","protected":false},"excerpt":{"rendered":"<p>Curs 2021-2022 Fi del seguiment dels casos covid-19 als centres Canvis en la realitzaci\u00f3 dels tests d\u2019ant\u00edgens (TAR) als alumnes Novetats en l\u2019\u00fas de mascareta als centres educatius Protocol de gesti\u00f3 de casos covid als centres actualitzat amb les noves mesures Punts principals del protocol Gesti\u00f3 de casos covid-19 als centres educatius (19.1.2022) Qu\u00e8 has [&hellip;]<\/p>\n","protected":false},"author":1,"featured_media":0,"parent":0,"menu_order":0,"comment_status":"closed","ping_status":"closed","template":"","meta":{"_bbp_topic_count":0,"_bbp_reply_count":0,"_bbp_total_topic_count":0,"_bbp_total_reply_count":0,"_bbp_voice_count":0,"_bbp_anonymous_reply_count":0,"_bbp_topic_count_hidden":0,"_bbp_reply_count_hidden":0,"_bbp_forum_subforum_count":0,"site-sidebar-layout":"default","site-content-layout":"","ast-site-content-layout":"","site-content-style":"default","site-sidebar-style":"default","ast-global-header-display":"","ast-banner-title-visibility":"","ast-main-header-display":"","ast-hfb-above-header-display":"","ast-hfb-below-header-display":"","ast-hfb-mobile-header-display":"","site-post-title":"","ast-breadcrumbs-content":"","ast-featured-img":"","footer-sml-layout":"","theme-transparent-header-meta":"","adv-header-id-meta":"","stick-header-meta":"","header-above-stick-meta":"","header-main-stick-meta":"","header-below-stick-meta":"","astra-migrate-meta-layouts":"default","ast-page-background-enabled":"default","ast-page-background-meta":{"desktop":{"background-color":"var(--ast-global-color-4)","background-image":"","background-repeat":"repeat","background-position":"center center","background-size":"auto","background-attachment":"scroll","background-type":"","background-media":"","overlay-type":"","overlay-color":"","overlay-opacity":"","overlay-gradient":""},"tablet":{"background-color":"","background-image":"","background-repeat":"repeat","background-position":"center center","background-size":"auto","background-attachment":"scroll","background-type":"","background-media":"","overlay-type":"","overlay-color":"","overlay-opacity":"","overlay-gradient":""},"mobile":{"background-color":"","background-image":"","background-repeat":"repeat","background-position":"center center","background-size":"auto","background-attachment":"scroll","background-type":"","background-media":"","overlay-type":"","overlay-color":"","overlay-opacity":"","overlay-gradient":""}},"ast-content-background-meta":{"desktop":{"background-color":"var(--ast-global-color-5)","background-image":"","background-repeat":"repeat","background-position":"center center","background-size":"auto","background-attachment":"scroll","background-type":"","background-media":"","overlay-type":"","overlay-color":"","overlay-opacity":"","overlay-gradient":""},"tablet":{"background-color":"var(--ast-global-color-5)","background-image":"","background-repeat":"repeat","background-position":"center center","background-size":"auto","background-attachment":"scroll","background-type":"","background-media":"","overlay-type":"","overlay-color":"","overlay-opacity":"","overlay-gradient":""},"mobile":{"background-color":"var(--ast-global-color-5)","background-image":"","background-repeat":"repeat","background-position":"center center","background-size":"auto","background-attachment":"scroll","background-type":"","background-media":"","overlay-type":"","overlay-color":"","overlay-opacity":"","overlay-gradient":""}},"footnotes":""},"class_list":["post-6790","page","type-page","status-publish","hentry"],"post_mailing_queue_ids":[],"_links":{"self":[{"href":"https:\/\/agora.xtec.cat\/iesmontsacopa\/wp-json\/wp\/v2\/pages\/6790","targetHints":{"allow":["GET"]}}],"collection":[{"href":"https:\/\/agora.xtec.cat\/iesmontsacopa\/wp-json\/wp\/v2\/pages"}],"about":[{"href":"https:\/\/agora.xtec.cat\/iesmontsacopa\/wp-json\/wp\/v2\/types\/page"}],"author":[{"embeddable":true,"href":"https:\/\/agora.xtec.cat\/iesmontsacopa\/wp-json\/wp\/v2\/users\/1"}],"replies":[{"embeddable":true,"href":"https:\/\/agora.xtec.cat\/iesmontsacopa\/wp-json\/wp\/v2\/comments?post=6790"}],"version-history":[{"count":4,"href":"https:\/\/agora.xtec.cat\/iesmontsacopa\/wp-json\/wp\/v2\/pages\/6790\/revisions"}],"predecessor-version":[{"id":10801,"href":"https:\/\/agora.xtec.cat\/iesmontsacopa\/wp-json\/wp\/v2\/pages\/6790\/revisions\/10801"}],"wp:attachment":[{"href":"https:\/\/agora.xtec.cat\/iesmontsacopa\/wp-json\/wp\/v2\/media?parent=6790"}],"curies":[{"name":"wp","href":"https:\/\/api.w.org\/{rel}","templated":true}]}}