{"id":655,"date":"2016-06-18T12:18:54","date_gmt":"2016-06-18T11:18:54","guid":{"rendered":"http:\/\/agora.xtec.cat\/iesmontsacopa\/?page_id=655"},"modified":"2023-08-24T11:15:29","modified_gmt":"2023-08-24T09:15:29","slug":"serveis-a-la-comunitat","status":"publish","type":"page","link":"https:\/\/agora.xtec.cat\/iesmontsacopa\/departaments-didactics\/serveis-a-la-comunitat\/","title":{"rendered":"Serveis a la Comunitat"},"content":{"rendered":"<h6>Cap de departament (curs 2023\/24): N\u00faria Santana<\/h6>\n<hr \/>\n<h6 id=\"confinament_tap\"><\/h6>\n<h5><strong>CURS 2019\/2020<\/strong><\/h5>\n<h4><strong>Treballs en temps de confinament (3r trimestre)<\/strong><\/h4>\n<h4><\/h4>\n<h4>Serveis Socioculturals i a la Comunitat<\/h4>\n<h5>Projecte: <em>Llibre de vida<\/em><\/h5>\n<p style=\"text-align: justify;\"><em>Alumnat de 2n de TAP fa entrega d&#8217;un llibre personal creat amb imatges i amb paraules obtingudes de les petites trobades amb usuaris de la resid\u00e8ncia Montsacopa d&#8217;Olot. <\/em><\/p>\n<p style=\"text-align: justify;\"><em>Tot i la situaci\u00f3 dif\u00edcil que hem viscut aquests dies s&#8217;ha pogut fer entrega del llibre i ha estat molt emotiu. <\/em><\/p>\n<p><a href=\"https:\/\/photos.google.com\/share\/AF1QipMhC_KNyA4lVoTK7DOJ66BUu54ffVp7j543psY2-0vbBMXfYAyCayazWf4iy3WzxQ\/photo\/AF1QipPOkBc75DC9RlFfaTVUGF56Xbc-eT3KaQvJ6i35?key=eGp6bVAwLVRRdGY3eC1mMkpydzU4TVFMY3BNQ25R\" target=\"_blank\" rel=\"noopener noreferrer\"><img loading=\"lazy\" decoding=\"async\" class=\"alignnone wp-image-7017 size-full\" src=\"https:\/\/agora.xtec.cat\/iesmontsacopa\/wp-content\/uploads\/usu944\/2020\/07\/portada_tap2_llibrevida.png\" alt=\"\" width=\"893\" height=\"250\" srcset=\"https:\/\/agora.xtec.cat\/iesmontsacopa\/wp-content\/uploads\/usu944\/2020\/07\/portada_tap2_llibrevida.png 893w, https:\/\/agora.xtec.cat\/iesmontsacopa\/wp-content\/uploads\/usu944\/2020\/07\/portada_tap2_llibrevida-300x84.png 300w, https:\/\/agora.xtec.cat\/iesmontsacopa\/wp-content\/uploads\/usu944\/2020\/07\/portada_tap2_llibrevida-768x215.png 768w\" sizes=\"auto, (max-width: 893px) 100vw, 893px\" \/><\/a><\/p>\n<p>&nbsp;<\/p>\n<div>\n<div>\n<h4>Educaci\u00f3 Infantil<\/h4>\n<p style=\"text-align: justify;\"><em>L&#8217;alumnat de segon d&#8217;Educaci\u00f3 Infantil han elaborat el Projecte d&#8217;Atenci\u00f3 a la Inf\u00e0ncia durant el confinament, culminant aix\u00ed els continguts apresos durant els dos anys del cicle formatiu.<\/em><\/p>\n<p style=\"text-align: justify;\"><em>Aquest curs, al no poder-se fer l&#8217;exposici\u00f3 oral de manera presencial, se&#8217;ls ha demanat un video que resum\u00eds el seu treball i alhora fos una mostra de creativitat. <\/em><\/p>\n<p style=\"text-align: justify;\"><em>Els videos de l&#8217;Al\u00edcia L\u00f3pez, la Sara del Saz i la Mireia Arrufat en s\u00f3n un clar exemple:<\/em><\/p>\n<table style=\"width: 100%; border-color: #92ae01;\">\n<tbody>\n<tr>\n<td style=\"border-color: #dedcdc;\"><a href=\"https:\/\/drive.google.com\/file\/d\/1KCpG8PjwBy-J-xWlngDDXPzLmWC8I8LH\/view?usp=sharing\">Casal d&#8217;estiu. Un viatge ple de colors. <\/a><a href=\"https:\/\/drive.google.com\/file\/d\/1KCpG8PjwBy-J-xWlngDDXPzLmWC8I8LH\/view?usp=sharing\">Sara del Saz<\/a><\/td>\n<\/tr>\n<tr>\n<td style=\"border-color: #dedcdc;\"><a href=\"https:\/\/drive.google.com\/file\/d\/1SZJYvIaCUXxRZ0NIO4jC9txtPs_y2EBU\/view?usp=sharing\">3, 2, 1 Acci\u00f3! <\/a><a href=\"https:\/\/drive.google.com\/file\/d\/1SZJYvIaCUXxRZ0NIO4jC9txtPs_y2EBU\/view?usp=sharing\">Mireia Arrufat<\/a><\/td>\n<\/tr>\n<tr>\n<td style=\"border-color: #dedcdc;\"><a href=\"https:\/\/drive.google.com\/file\/d\/1SoO8llIZ8hULiA8InedVZ-1FCSeT4cDX\/view?usp=sharing\">El petit fesolet. <\/a><a href=\"https:\/\/drive.google.com\/file\/d\/1SoO8llIZ8hULiA8InedVZ-1FCSeT4cDX\/view?usp=sharing\">Al\u00edcia L\u00f3pez<\/a><\/td>\n<\/tr>\n<\/tbody>\n<\/table>\n<div>\n<div>\n<hr \/>\n<\/div>\n<\/div>\n<p>&nbsp;<\/p>\n<\/div>\n<\/div>\n","protected":false},"excerpt":{"rendered":"<p>Cap de departament (curs 2023\/24): N\u00faria Santana CURS 2019\/2020 Treballs en temps de confinament (3r trimestre) Serveis Socioculturals i a la Comunitat Projecte: Llibre de vida Alumnat de 2n de TAP fa entrega d&#8217;un llibre personal creat amb imatges i amb paraules obtingudes de les petites trobades amb usuaris de la resid\u00e8ncia Montsacopa d&#8217;Olot. Tot [&hellip;]<\/p>\n","protected":false},"author":1,"featured_media":0,"parent":616,"menu_order":13,"comment_status":"closed","ping_status":"closed","template":"page-templates\/side-menu.php","meta":{"_bbp_topic_count":0,"_bbp_reply_count":0,"_bbp_total_topic_count":0,"_bbp_total_reply_count":0,"_bbp_voice_count":0,"_bbp_anonymous_reply_count":0,"_bbp_topic_count_hidden":0,"_bbp_reply_count_hidden":0,"_bbp_forum_subforum_count":0,"site-sidebar-layout":"default","site-content-layout":"","ast-site-content-layout":"","site-content-style":"default","site-sidebar-style":"default","ast-global-header-display":"","ast-banner-title-visibility":"","ast-main-header-display":"","ast-hfb-above-header-display":"","ast-hfb-below-header-display":"","ast-hfb-mobile-header-display":"","site-post-title":"","ast-breadcrumbs-content":"","ast-featured-img":"","footer-sml-layout":"","theme-transparent-header-meta":"","adv-header-id-meta":"","stick-header-meta":"","header-above-stick-meta":"","header-main-stick-meta":"","header-below-stick-meta":"","astra-migrate-meta-layouts":"default","ast-page-background-enabled":"default","ast-page-background-meta":{"desktop":{"background-color":"var(--ast-global-color-4)","background-image":"","background-repeat":"repeat","background-position":"center center","background-size":"auto","background-attachment":"scroll","background-type":"","background-media":"","overlay-type":"","overlay-color":"","overlay-opacity":"","overlay-gradient":""},"tablet":{"background-color":"","background-image":"","background-repeat":"repeat","background-position":"center center","background-size":"auto","background-attachment":"scroll","background-type":"","background-media":"","overlay-type":"","overlay-color":"","overlay-opacity":"","overlay-gradient":""},"mobile":{"background-color":"","background-image":"","background-repeat":"repeat","background-position":"center center","background-size":"auto","background-attachment":"scroll","background-type":"","background-media":"","overlay-type":"","overlay-color":"","overlay-opacity":"","overlay-gradient":""}},"ast-content-background-meta":{"desktop":{"background-color":"var(--ast-global-color-5)","background-image":"","background-repeat":"repeat","background-position":"center center","background-size":"auto","background-attachment":"scroll","background-type":"","background-media":"","overlay-type":"","overlay-color":"","overlay-opacity":"","overlay-gradient":""},"tablet":{"background-color":"var(--ast-global-color-5)","background-image":"","background-repeat":"repeat","background-position":"center center","background-size":"auto","background-attachment":"scroll","background-type":"","background-media":"","overlay-type":"","overlay-color":"","overlay-opacity":"","overlay-gradient":""},"mobile":{"background-color":"var(--ast-global-color-5)","background-image":"","background-repeat":"repeat","background-position":"center center","background-size":"auto","background-attachment":"scroll","background-type":"","background-media":"","overlay-type":"","overlay-color":"","overlay-opacity":"","overlay-gradient":""}},"footnotes":""},"class_list":["post-655","page","type-page","status-publish","hentry"],"post_mailing_queue_ids":[],"_links":{"self":[{"href":"https:\/\/agora.xtec.cat\/iesmontsacopa\/wp-json\/wp\/v2\/pages\/655","targetHints":{"allow":["GET"]}}],"collection":[{"href":"https:\/\/agora.xtec.cat\/iesmontsacopa\/wp-json\/wp\/v2\/pages"}],"about":[{"href":"https:\/\/agora.xtec.cat\/iesmontsacopa\/wp-json\/wp\/v2\/types\/page"}],"author":[{"embeddable":true,"href":"https:\/\/agora.xtec.cat\/iesmontsacopa\/wp-json\/wp\/v2\/users\/1"}],"replies":[{"embeddable":true,"href":"https:\/\/agora.xtec.cat\/iesmontsacopa\/wp-json\/wp\/v2\/comments?post=655"}],"version-history":[{"count":3,"href":"https:\/\/agora.xtec.cat\/iesmontsacopa\/wp-json\/wp\/v2\/pages\/655\/revisions"}],"predecessor-version":[{"id":12468,"href":"https:\/\/agora.xtec.cat\/iesmontsacopa\/wp-json\/wp\/v2\/pages\/655\/revisions\/12468"}],"up":[{"embeddable":true,"href":"https:\/\/agora.xtec.cat\/iesmontsacopa\/wp-json\/wp\/v2\/pages\/616"}],"wp:attachment":[{"href":"https:\/\/agora.xtec.cat\/iesmontsacopa\/wp-json\/wp\/v2\/media?parent=655"}],"curies":[{"name":"wp","href":"https:\/\/api.w.org\/{rel}","templated":true}]}}