{"id":649,"date":"2016-06-18T12:17:52","date_gmt":"2016-06-18T11:17:52","guid":{"rendered":"http:\/\/agora.xtec.cat\/iesmontsacopa\/?page_id=649"},"modified":"2023-08-24T11:13:12","modified_gmt":"2023-08-24T09:13:12","slug":"ambit_cientific","status":"publish","type":"page","link":"https:\/\/agora.xtec.cat\/iesmontsacopa\/departaments-didactics\/ambit_cientific\/","title":{"rendered":"\u00c0mbit cient\u00edfic"},"content":{"rendered":"<h6>Cap de departament (curs 2023\/24): Diana Curto<\/h6>\n<p>&nbsp;<\/p>\n<hr \/>\n<h5><strong>CURS 2019\/2020<\/strong><\/h5>\n<h4><strong>Treballs en temps de confinament (3r trimestre)<\/strong><\/h4>\n<h5><strong>F\u00edsica i Qu\u00edmica<\/strong><\/h5>\n<p style=\"text-align: justify;\"><em>Des del Departament de F\u00edsica i Qu\u00edmica de l\u2019Institut es va pensar fer algunes activitats pr\u00e0ctiques relacionades amb l&#8217;energia i la calor a partir de materials reciclats o casolans. D&#8217;aquesta manera, canvi\u00e0vem una mica la in\u00e8rcia de fer exercicis escrits i d&#8217;una forma divertida i entretinguda pass\u00e0vem el confinament.<\/em><\/p>\n<p style=\"text-align: justify;\"><em>La primera activitat va ser construir una &#8220;miniatracci\u00f3&#8221; i relacionar algun aspecte del seu funcionament amb l&#8217;energia. La segona activitat va ser construir un forn solar casol\u00e0 i explicar de manera cient\u00edfica les diferents formes de propagaci\u00f3 de la calor tot coent algun aliment.<\/em><\/p>\n<table style=\"width: 100%; border-color: #92ae01;\">\n<tbody>\n<tr>\n<td style=\"border-color: #dedcdc;\"><a href=\"https:\/\/drive.google.com\/file\/d\/1uxWjjm4fFZk7CQ0khxBIy-h7oID21drH\/view?usp=sharing\">Miniatracci\u00f3. Tura Masias<\/a><\/td>\n<\/tr>\n<tr>\n<td style=\"border-color: #dedcdc;\"><a href=\"https:\/\/drive.google.com\/file\/d\/1YnjQliHUvalVSHKMA2e6u1ZPChmHyszi\/view?usp=sharing\">Forn solar casol\u00e0. J\u00falia Magallanes<\/a><\/td>\n<\/tr>\n<\/tbody>\n<\/table>\n<div>\n<div><\/div>\n<\/div>\n","protected":false},"excerpt":{"rendered":"<p>Cap de departament (curs 2023\/24): Diana Curto &nbsp; CURS 2019\/2020 Treballs en temps de confinament (3r trimestre) F\u00edsica i Qu\u00edmica Des del Departament de F\u00edsica i Qu\u00edmica de l\u2019Institut es va pensar fer algunes activitats pr\u00e0ctiques relacionades amb l&#8217;energia i la calor a partir de materials reciclats o casolans. D&#8217;aquesta manera, canvi\u00e0vem una mica la [&hellip;]<\/p>\n","protected":false},"author":1,"featured_media":0,"parent":616,"menu_order":4,"comment_status":"closed","ping_status":"closed","template":"page-templates\/side-menu.php","meta":{"_bbp_topic_count":0,"_bbp_reply_count":0,"_bbp_total_topic_count":0,"_bbp_total_reply_count":0,"_bbp_voice_count":0,"_bbp_anonymous_reply_count":0,"_bbp_topic_count_hidden":0,"_bbp_reply_count_hidden":0,"_bbp_forum_subforum_count":0,"site-sidebar-layout":"default","site-content-layout":"","ast-site-content-layout":"","site-content-style":"default","site-sidebar-style":"default","ast-global-header-display":"","ast-banner-title-visibility":"","ast-main-header-display":"","ast-hfb-above-header-display":"","ast-hfb-below-header-display":"","ast-hfb-mobile-header-display":"","site-post-title":"","ast-breadcrumbs-content":"","ast-featured-img":"","footer-sml-layout":"","theme-transparent-header-meta":"","adv-header-id-meta":"","stick-header-meta":"","header-above-stick-meta":"","header-main-stick-meta":"","header-below-stick-meta":"","astra-migrate-meta-layouts":"default","ast-page-background-enabled":"default","ast-page-background-meta":{"desktop":{"background-color":"var(--ast-global-color-4)","background-image":"","background-repeat":"repeat","background-position":"center center","background-size":"auto","background-attachment":"scroll","background-type":"","background-media":"","overlay-type":"","overlay-color":"","overlay-opacity":"","overlay-gradient":""},"tablet":{"background-color":"","background-image":"","background-repeat":"repeat","background-position":"center center","background-size":"auto","background-attachment":"scroll","background-type":"","background-media":"","overlay-type":"","overlay-color":"","overlay-opacity":"","overlay-gradient":""},"mobile":{"background-color":"","background-image":"","background-repeat":"repeat","background-position":"center center","background-size":"auto","background-attachment":"scroll","background-type":"","background-media":"","overlay-type":"","overlay-color":"","overlay-opacity":"","overlay-gradient":""}},"ast-content-background-meta":{"desktop":{"background-color":"var(--ast-global-color-5)","background-image":"","background-repeat":"repeat","background-position":"center center","background-size":"auto","background-attachment":"scroll","background-type":"","background-media":"","overlay-type":"","overlay-color":"","overlay-opacity":"","overlay-gradient":""},"tablet":{"background-color":"var(--ast-global-color-5)","background-image":"","background-repeat":"repeat","background-position":"center center","background-size":"auto","background-attachment":"scroll","background-type":"","background-media":"","overlay-type":"","overlay-color":"","overlay-opacity":"","overlay-gradient":""},"mobile":{"background-color":"var(--ast-global-color-5)","background-image":"","background-repeat":"repeat","background-position":"center center","background-size":"auto","background-attachment":"scroll","background-type":"","background-media":"","overlay-type":"","overlay-color":"","overlay-opacity":"","overlay-gradient":""}},"footnotes":""},"class_list":["post-649","page","type-page","status-publish","hentry"],"post_mailing_queue_ids":[],"_links":{"self":[{"href":"https:\/\/agora.xtec.cat\/iesmontsacopa\/wp-json\/wp\/v2\/pages\/649","targetHints":{"allow":["GET"]}}],"collection":[{"href":"https:\/\/agora.xtec.cat\/iesmontsacopa\/wp-json\/wp\/v2\/pages"}],"about":[{"href":"https:\/\/agora.xtec.cat\/iesmontsacopa\/wp-json\/wp\/v2\/types\/page"}],"author":[{"embeddable":true,"href":"https:\/\/agora.xtec.cat\/iesmontsacopa\/wp-json\/wp\/v2\/users\/1"}],"replies":[{"embeddable":true,"href":"https:\/\/agora.xtec.cat\/iesmontsacopa\/wp-json\/wp\/v2\/comments?post=649"}],"version-history":[{"count":3,"href":"https:\/\/agora.xtec.cat\/iesmontsacopa\/wp-json\/wp\/v2\/pages\/649\/revisions"}],"predecessor-version":[{"id":12455,"href":"https:\/\/agora.xtec.cat\/iesmontsacopa\/wp-json\/wp\/v2\/pages\/649\/revisions\/12455"}],"up":[{"embeddable":true,"href":"https:\/\/agora.xtec.cat\/iesmontsacopa\/wp-json\/wp\/v2\/pages\/616"}],"wp:attachment":[{"href":"https:\/\/agora.xtec.cat\/iesmontsacopa\/wp-json\/wp\/v2\/media?parent=649"}],"curies":[{"name":"wp","href":"https:\/\/api.w.org\/{rel}","templated":true}]}}