{"id":634,"date":"2016-06-18T12:15:29","date_gmt":"2016-06-18T11:15:29","guid":{"rendered":"http:\/\/agora.xtec.cat\/iesmontsacopa\/?page_id=634"},"modified":"2023-08-24T11:16:13","modified_gmt":"2023-08-24T09:16:13","slug":"educacio-fisica","status":"publish","type":"page","link":"https:\/\/agora.xtec.cat\/iesmontsacopa\/departaments-didactics\/educacio-fisica\/","title":{"rendered":"Educaci\u00f3 F\u00edsica"},"content":{"rendered":"<h6>Cap de departament (curs 2023\/24): Anna Jurado Moreno<\/h6>\n<hr \/>\n<p><a href=\"https:\/\/udhandbol.wordpress.com\/\" target=\"_blank\" rel=\"attachment noopener wp-att-1032 noreferrer\"><img loading=\"lazy\" decoding=\"async\" class=\"alignnone size-full wp-image-1032\" src=\"http:\/\/agora.xtec.cat\/iesmontsacopa\/wp-content\/uploads\/usu944\/2016\/06\/handbol.jpg\" alt=\"handbol\" width=\"138\" height=\"55\" \/><\/a><\/p>\n<p class=\"Estilo41\" align=\"justify\"><strong>Juguem a handbol <\/strong><span class=\"Estilo36\">En aquest bloc hi trobareu tota la informaci\u00f3 de la unitat did\u00e0ctica &#8220;juguem a handbol&#8221;. Els objectius, les tasques que cal fer o la descripci\u00f3 de l&#8217;avaluaci\u00f3 en s\u00f3n alguns exemples. <\/span><\/p>\n<p><a href=\"https:\/\/futbolsalaiesmontsacopa.wordpress.com\/\" target=\"_blank\" rel=\"attachment noopener wp-att-1033 noreferrer\"><img loading=\"lazy\" decoding=\"async\" class=\"alignnone size-full wp-image-1033\" src=\"http:\/\/agora.xtec.cat\/iesmontsacopa\/wp-content\/uploads\/usu944\/2016\/06\/futbol.jpg\" alt=\"futbol\" width=\"147\" height=\"45\" \/><\/a><\/p>\n<p><strong class=\"Estilo41\">Juguem a futbol<\/strong> En aquest bloc hi trobareu tota la informaci\u00f3 de la unitat did\u00e0ctica &#8220;juguem a futbol&#8221;. Els objectius, les tasques que cal fer o la descripci\u00f3 de l&#8217;avaluaci\u00f3 en s\u00f3n alguns exemples.<\/p>\n","protected":false},"excerpt":{"rendered":"<p>Cap de departament (curs 2023\/24): Anna Jurado Moreno Juguem a handbol En aquest bloc hi trobareu tota la informaci\u00f3 de la unitat did\u00e0ctica &#8220;juguem a handbol&#8221;. Els objectius, les tasques que cal fer o la descripci\u00f3 de l&#8217;avaluaci\u00f3 en s\u00f3n alguns exemples. Juguem a futbol En aquest bloc hi trobareu tota la informaci\u00f3 de la [&hellip;]<\/p>\n","protected":false},"author":1,"featured_media":0,"parent":616,"menu_order":7,"comment_status":"closed","ping_status":"closed","template":"page-templates\/side-menu.php","meta":{"_bbp_topic_count":0,"_bbp_reply_count":0,"_bbp_total_topic_count":0,"_bbp_total_reply_count":0,"_bbp_voice_count":0,"_bbp_anonymous_reply_count":0,"_bbp_topic_count_hidden":0,"_bbp_reply_count_hidden":0,"_bbp_forum_subforum_count":0,"site-sidebar-layout":"default","site-content-layout":"","ast-site-content-layout":"","site-content-style":"default","site-sidebar-style":"default","ast-global-header-display":"","ast-banner-title-visibility":"","ast-main-header-display":"","ast-hfb-above-header-display":"","ast-hfb-below-header-display":"","ast-hfb-mobile-header-display":"","site-post-title":"","ast-breadcrumbs-content":"","ast-featured-img":"","footer-sml-layout":"","theme-transparent-header-meta":"","adv-header-id-meta":"","stick-header-meta":"","header-above-stick-meta":"","header-main-stick-meta":"","header-below-stick-meta":"","astra-migrate-meta-layouts":"default","ast-page-background-enabled":"default","ast-page-background-meta":{"desktop":{"background-color":"var(--ast-global-color-4)","background-image":"","background-repeat":"repeat","background-position":"center center","background-size":"auto","background-attachment":"scroll","background-type":"","background-media":"","overlay-type":"","overlay-color":"","overlay-opacity":"","overlay-gradient":""},"tablet":{"background-color":"","background-image":"","background-repeat":"repeat","background-position":"center center","background-size":"auto","background-attachment":"scroll","background-type":"","background-media":"","overlay-type":"","overlay-color":"","overlay-opacity":"","overlay-gradient":""},"mobile":{"background-color":"","background-image":"","background-repeat":"repeat","background-position":"center center","background-size":"auto","background-attachment":"scroll","background-type":"","background-media":"","overlay-type":"","overlay-color":"","overlay-opacity":"","overlay-gradient":""}},"ast-content-background-meta":{"desktop":{"background-color":"var(--ast-global-color-5)","background-image":"","background-repeat":"repeat","background-position":"center center","background-size":"auto","background-attachment":"scroll","background-type":"","background-media":"","overlay-type":"","overlay-color":"","overlay-opacity":"","overlay-gradient":""},"tablet":{"background-color":"var(--ast-global-color-5)","background-image":"","background-repeat":"repeat","background-position":"center center","background-size":"auto","background-attachment":"scroll","background-type":"","background-media":"","overlay-type":"","overlay-color":"","overlay-opacity":"","overlay-gradient":""},"mobile":{"background-color":"var(--ast-global-color-5)","background-image":"","background-repeat":"repeat","background-position":"center center","background-size":"auto","background-attachment":"scroll","background-type":"","background-media":"","overlay-type":"","overlay-color":"","overlay-opacity":"","overlay-gradient":""}},"footnotes":""},"class_list":["post-634","page","type-page","status-publish","hentry"],"post_mailing_queue_ids":[],"_links":{"self":[{"href":"https:\/\/agora.xtec.cat\/iesmontsacopa\/wp-json\/wp\/v2\/pages\/634","targetHints":{"allow":["GET"]}}],"collection":[{"href":"https:\/\/agora.xtec.cat\/iesmontsacopa\/wp-json\/wp\/v2\/pages"}],"about":[{"href":"https:\/\/agora.xtec.cat\/iesmontsacopa\/wp-json\/wp\/v2\/types\/page"}],"author":[{"embeddable":true,"href":"https:\/\/agora.xtec.cat\/iesmontsacopa\/wp-json\/wp\/v2\/users\/1"}],"replies":[{"embeddable":true,"href":"https:\/\/agora.xtec.cat\/iesmontsacopa\/wp-json\/wp\/v2\/comments?post=634"}],"version-history":[{"count":3,"href":"https:\/\/agora.xtec.cat\/iesmontsacopa\/wp-json\/wp\/v2\/pages\/634\/revisions"}],"predecessor-version":[{"id":12463,"href":"https:\/\/agora.xtec.cat\/iesmontsacopa\/wp-json\/wp\/v2\/pages\/634\/revisions\/12463"}],"up":[{"embeddable":true,"href":"https:\/\/agora.xtec.cat\/iesmontsacopa\/wp-json\/wp\/v2\/pages\/616"}],"wp:attachment":[{"href":"https:\/\/agora.xtec.cat\/iesmontsacopa\/wp-json\/wp\/v2\/media?parent=634"}],"curies":[{"name":"wp","href":"https:\/\/api.w.org\/{rel}","templated":true}]}}