{"id":620,"date":"2016-06-18T12:13:15","date_gmt":"2016-06-18T11:13:15","guid":{"rendered":"http:\/\/agora.xtec.cat\/iesmontsacopa\/?page_id=620"},"modified":"2023-08-24T11:17:40","modified_gmt":"2023-08-24T09:17:40","slug":"angles","status":"publish","type":"page","link":"https:\/\/agora.xtec.cat\/iesmontsacopa\/departaments-didactics\/angles\/","title":{"rendered":"Angl\u00e8s"},"content":{"rendered":"<h6>Cap de departament (curs 2023\/24): Rosa M. Ingl\u00e9s<\/h6>\n<hr \/>\n<table style=\"width: 100%;\">\n<tbody>\n<tr>\n<td style=\"border-color: #ffffff; vertical-align: top;\"><\/td>\n<td style=\"border-color: #ffffff; vertical-align: top;\"><\/td>\n<\/tr>\n<tr>\n<td style=\"border-color: #ffffff; vertical-align: top;\">Vincles d&#8217;inter\u00e8s:<\/td>\n<td style=\"border-color: #ffffff; vertical-align: top;\"><b><a href=\"http:\/\/www.xtec.cat\/iesmontsacopa\/departaments\/angles\/links_interes.htm\">IMPROVE YOUR ENGLISH IN A FUNNY <span class=\"GramE\">WAY<\/span> <span class=\"GramE\">\u00a0 (<\/span>Links d&#8217;inter\u00e8s)<\/a><\/b><\/td>\n<\/tr>\n<tr>\n<td style=\"border-color: #ffffff; vertical-align: top;\"><\/td>\n<td style=\"border-color: #ffffff; vertical-align: top;\"><\/td>\n<\/tr>\n<tr>\n<td style=\"border-color: #ffffff; vertical-align: top;\">Pla experimental de lleng\u00fces estrangeres<\/td>\n<td style=\"border-color: #ffffff; vertical-align: top; text-align: justify;\">El departament d\u2019angl\u00e8s de l\u2019INS Montsacopa va presentar l\u2019any 2007 un projecte per participar en el Pla experimental de lleng\u00fces estrangeres i millorar la compet\u00e8ncia oral de l\u2019alumnat. El Departament d\u2019Educaci\u00f3 va aprovar aquest projecte i s\u2019aplicar\u00e0 durant el trienni 2007\u20132010. Tots els professors d\u2019angl\u00e8s del departament hi estan implicats.<\/td>\n<\/tr>\n<tr>\n<td style=\"border-color: #ffffff; vertical-align: top;\"><\/td>\n<td style=\"border-color: #ffffff; vertical-align: top;\"><\/td>\n<\/tr>\n<tr>\n<td style=\"border-color: #ffffff; vertical-align: top;\">Bibliografia recomanada per a la&#8217;alumnat<\/td>\n<td style=\"border-color: #ffffff; vertical-align: top; text-align: justify;\">\n<div class=\"Estilo36\" align=\"justify\"><span style=\"font-family: Arial,Helvetica,sans-serif;\">Gram\u00e0tiques recomanades. Algunes gram\u00e0tiques porten els exercicis incorporats. En altres cal adquirir el llibre d\u2019exercicis. Consulteu al professorat abans d\u2018adquirir alguna d\u2019aquestes gram\u00e0tiques <\/span><\/div>\n<p align=\"justify\"><span class=\"Estilo22\"><span style=\"font-family: Arial,Helvetica,sans-serif;\">Norman Coe, Grammar Spectrum 3, OUP<br \/>\nMontserrat Guitart , M. Alba Muntaner, Gram\u00e0tica pr\u00e0ctica de l\u2019angl\u00e8s, Ed. Teide<br \/>\nMark Harrison, Grammar Spectrum 2, OUP<br \/>\nRaymond Murply , Essential Grammar in Use, CUP,<br \/>\nRaymond Murply, English Grammar in Use, CUP,<br \/>\nKen Paterson, Grammar Spectrum 1, OUP<br \/>\nLuke Prodromou, Grammatr and Vocabulary for First Certificate, Longman<br \/>\nS. Pit Corder, An Intermediate English Practice Book, Ed. Longman<br \/>\nFrancisco S\u00e1nchez Benedito, Gram\u00e0tica Inglesa, Editorial Longman<br \/>\nRichard Side and Guy Wellman, Grammar and Vocabulary for Cambridge Advanced and Proficiency, Ed. Longman<br \/>\nMichael Swan and Catherine Walker, The Good Grammar Book, Oxford University Press.<br \/>\nMichael Swan and Catherine Walker, How English Works, OUP<br \/>\nE. Walker , Grammar Practice for Elementary Students, Ed. Longman<br \/>\nE. Walker; Grammar Practice for Intermediate Students, Ed. Longman.<\/span><\/span><\/p>\n<\/td>\n<\/tr>\n<tr>\n<td style=\"border-color: #ffffff; vertical-align: top;\"><\/td>\n<td style=\"border-color: #ffffff; vertical-align: top;\"><\/td>\n<\/tr>\n<tr>\n<td style=\"border-color: #ffffff; vertical-align: top;\">Llibres sobre vocabulari<\/td>\n<td style=\"border-color: #ffffff; vertical-align: top;\"><span style=\"font-family: Arial,Helvetica,sans-serif;\">Michael Berman and John Flower, Vocabulary 1 , LTP<br \/>\nMichael Berman and John Flower, Vocabulary 2 , LTP<br \/>\nMichael Berman and John Flower, Vocabulary 3 , LTP<br \/>\nMike Fee, Using Words 1, Edicions \u00c0rtic<br \/>\nMike Fee, Using Words 2, Edicions \u00c0rtic<br \/>\nMichael McCarthy and Felicity O\u2019Dell, English Vocabulary in Use elementary, CUP<br \/>\nMichael McCarthy and Felicity O\u2019Dell, English Vocabulary in Use pre-intermediate, \/Intermediate ,CUP<br \/>\nB. J. Thomas, Elementary Vocabulary, Longman<br \/>\nB.J. Thomas, Intermediate Vocabulary, Longman.<br \/>\nPeter Watcyn-Jones, Test your vocabulary 1, Penguin<br \/>\nPeter Watcyn-Jones, Test your vocabulary 2, Penguin<br \/>\nPeter Watcyn-Jones, Test your vocabulary 3, Penguin<br \/>\nPeter Watcyn-Jones, Test your vocabulary 4, Penguin<br \/>\nPeter Watcyn-Jones, Test your vocabulary 5, Penguin<br \/>\nOxford Photo Dictionary Angl\u00e8s-Catal\u00e0, Oxford University Press<\/span><\/td>\n<\/tr>\n<tr>\n<td style=\"border-color: #ffffff; vertical-align: top;\"><\/td>\n<td style=\"border-color: #ffffff; vertical-align: top;\"><\/td>\n<\/tr>\n<tr>\n<td style=\"border-color: #ffffff; vertical-align: top;\">Lectures graduades<\/td>\n<td style=\"border-color: #ffffff; vertical-align: top; text-align: justify;\"><span style=\"font-family: Arial,Helvetica,sans-serif;\">El servei de pr\u00e9stec del departament d\u2019angl\u00e8s t\u00e9 com a objectiu facilitar als estudiants<br \/>\nLectures graduades de tots els nivells (des de principiants fins a avan\u00e7ats). Aquest servei \u00e9s totalment gratu\u00eft.<\/span><\/td>\n<\/tr>\n<\/tbody>\n<\/table>\n","protected":false},"excerpt":{"rendered":"<p>Cap de departament (curs 2023\/24): Rosa M. Ingl\u00e9s Vincles d&#8217;inter\u00e8s: IMPROVE YOUR ENGLISH IN A FUNNY WAY \u00a0 (Links d&#8217;inter\u00e8s) Pla experimental de lleng\u00fces estrangeres El departament d\u2019angl\u00e8s de l\u2019INS Montsacopa va presentar l\u2019any 2007 un projecte per participar en el Pla experimental de lleng\u00fces estrangeres i millorar la compet\u00e8ncia oral de l\u2019alumnat. El Departament [&hellip;]<\/p>\n","protected":false},"author":1,"featured_media":0,"parent":616,"menu_order":1,"comment_status":"closed","ping_status":"closed","template":"page-templates\/side-menu.php","meta":{"_bbp_topic_count":0,"_bbp_reply_count":0,"_bbp_total_topic_count":0,"_bbp_total_reply_count":0,"_bbp_voice_count":0,"_bbp_anonymous_reply_count":0,"_bbp_topic_count_hidden":0,"_bbp_reply_count_hidden":0,"_bbp_forum_subforum_count":0,"site-sidebar-layout":"default","site-content-layout":"","ast-site-content-layout":"","site-content-style":"default","site-sidebar-style":"default","ast-global-header-display":"","ast-banner-title-visibility":"","ast-main-header-display":"","ast-hfb-above-header-display":"","ast-hfb-below-header-display":"","ast-hfb-mobile-header-display":"","site-post-title":"","ast-breadcrumbs-content":"","ast-featured-img":"","footer-sml-layout":"","theme-transparent-header-meta":"","adv-header-id-meta":"","stick-header-meta":"","header-above-stick-meta":"","header-main-stick-meta":"","header-below-stick-meta":"","astra-migrate-meta-layouts":"default","ast-page-background-enabled":"default","ast-page-background-meta":{"desktop":{"background-color":"var(--ast-global-color-4)","background-image":"","background-repeat":"repeat","background-position":"center center","background-size":"auto","background-attachment":"scroll","background-type":"","background-media":"","overlay-type":"","overlay-color":"","overlay-opacity":"","overlay-gradient":""},"tablet":{"background-color":"","background-image":"","background-repeat":"repeat","background-position":"center center","background-size":"auto","background-attachment":"scroll","background-type":"","background-media":"","overlay-type":"","overlay-color":"","overlay-opacity":"","overlay-gradient":""},"mobile":{"background-color":"","background-image":"","background-repeat":"repeat","background-position":"center center","background-size":"auto","background-attachment":"scroll","background-type":"","background-media":"","overlay-type":"","overlay-color":"","overlay-opacity":"","overlay-gradient":""}},"ast-content-background-meta":{"desktop":{"background-color":"var(--ast-global-color-5)","background-image":"","background-repeat":"repeat","background-position":"center center","background-size":"auto","background-attachment":"scroll","background-type":"","background-media":"","overlay-type":"","overlay-color":"","overlay-opacity":"","overlay-gradient":""},"tablet":{"background-color":"var(--ast-global-color-5)","background-image":"","background-repeat":"repeat","background-position":"center center","background-size":"auto","background-attachment":"scroll","background-type":"","background-media":"","overlay-type":"","overlay-color":"","overlay-opacity":"","overlay-gradient":""},"mobile":{"background-color":"var(--ast-global-color-5)","background-image":"","background-repeat":"repeat","background-position":"center center","background-size":"auto","background-attachment":"scroll","background-type":"","background-media":"","overlay-type":"","overlay-color":"","overlay-opacity":"","overlay-gradient":""}},"footnotes":""},"class_list":["post-620","page","type-page","status-publish","hentry"],"post_mailing_queue_ids":[],"_links":{"self":[{"href":"https:\/\/agora.xtec.cat\/iesmontsacopa\/wp-json\/wp\/v2\/pages\/620","targetHints":{"allow":["GET"]}}],"collection":[{"href":"https:\/\/agora.xtec.cat\/iesmontsacopa\/wp-json\/wp\/v2\/pages"}],"about":[{"href":"https:\/\/agora.xtec.cat\/iesmontsacopa\/wp-json\/wp\/v2\/types\/page"}],"author":[{"embeddable":true,"href":"https:\/\/agora.xtec.cat\/iesmontsacopa\/wp-json\/wp\/v2\/users\/1"}],"replies":[{"embeddable":true,"href":"https:\/\/agora.xtec.cat\/iesmontsacopa\/wp-json\/wp\/v2\/comments?post=620"}],"version-history":[{"count":4,"href":"https:\/\/agora.xtec.cat\/iesmontsacopa\/wp-json\/wp\/v2\/pages\/620\/revisions"}],"predecessor-version":[{"id":12456,"href":"https:\/\/agora.xtec.cat\/iesmontsacopa\/wp-json\/wp\/v2\/pages\/620\/revisions\/12456"}],"up":[{"embeddable":true,"href":"https:\/\/agora.xtec.cat\/iesmontsacopa\/wp-json\/wp\/v2\/pages\/616"}],"wp:attachment":[{"href":"https:\/\/agora.xtec.cat\/iesmontsacopa\/wp-json\/wp\/v2\/media?parent=620"}],"curies":[{"name":"wp","href":"https:\/\/api.w.org\/{rel}","templated":true}]}}