{"id":574,"date":"2016-06-16T21:20:12","date_gmt":"2016-06-16T20:20:12","guid":{"rendered":"http:\/\/agora.xtec.cat\/iesmontsacopa\/?page_id=574"},"modified":"2026-03-28T11:36:47","modified_gmt":"2026-03-28T10:36:47","slug":"llibres","status":"publish","type":"page","link":"https:\/\/agora.xtec.cat\/iesmontsacopa\/estudis\/llibres\/","title":{"rendered":"Llibres"},"content":{"rendered":"<h5>Llistat de llibres per al curs 2025-2026<\/h5>\n<table style=\"width: 100%;\">\n<tbody>\n<tr>\n<td style=\"background-color: #92ae01; border-color: #ffffff;\">\u00a0<\/td>\n<\/tr>\n<\/tbody>\n<\/table>\n<h6><a href=\"https:\/\/agora.xtec.cat\/iesmontsacopa\/wp-content\/uploads\/usu944\/2025\/06\/Llibres1ESO_25_26.docx.pdf\">1ESO<\/a><\/h6>\n<h6><a href=\"https:\/\/agora.xtec.cat\/iesmontsacopa\/wp-content\/uploads\/usu944\/2025\/06\/Llibres2ESO_25_26.docx.pdf\">2ESO<\/a><\/h6>\n<h6><a href=\"https:\/\/agora.xtec.cat\/iesmontsacopa\/wp-content\/uploads\/usu944\/2025\/06\/Llibres3ESO_25_26.docx.pdf\">3ESO<\/a><\/h6>\n<h6><a href=\"https:\/\/agora.xtec.cat\/iesmontsacopa\/wp-content\/uploads\/usu944\/2025\/06\/Llibres4ESO_25_26.docx.pdf\">4ESO<\/a><\/h6>\n<table style=\"width: 100%;\">\n<tbody>\n<tr>\n<td style=\"border-color: #ffffff; background-color: #e1e6e8;\">\u00a0<\/td>\n<\/tr>\n<\/tbody>\n<\/table>\n<h6><a href=\"https:\/\/agora.xtec.cat\/iesmontsacopa\/wp-content\/uploads\/usu944\/2025\/06\/Llibres1Batx_25-26.docx.pdf\">1r Batxillerat<\/a><\/h6>\n<h6><a href=\"https:\/\/agora.xtec.cat\/iesmontsacopa\/wp-content\/uploads\/usu944\/2025\/06\/Llibres2Batx_25-26.docx.pdf\">2n Batxillerat<\/a><\/h6>\n<table style=\"width: 100%;\">\n<tbody>\n<tr>\n<td style=\"border-color: #ffffff; background-color: #e1e6e8;\">\u00a0<\/td>\n<\/tr>\n<\/tbody>\n<\/table>\n<h6><a href=\"https:\/\/agora.xtec.cat\/iesmontsacopa\/wp-content\/uploads\/usu944\/2025\/07\/LLIBRES-DE-TEXT-CFGM-TAP-25-26.pdf\">CFGM d\u2019Atenci\u00f3 a les persones en situaci\u00f3 de depend\u00e8ncia<\/a><\/h6>\n<h6><a href=\"https:\/\/agora.xtec.cat\/iesmontsacopa\/wp-content\/uploads\/usu944\/2025\/07\/LLIBRES-DE-TEXT-CFGS-TEI-25-26.pdf\">CFGS d\u2019Educaci\u00f3 infantil<\/a><\/h6>\n<h6><a href=\"https:\/\/agora.xtec.cat\/iesmontsacopa\/wp-content\/uploads\/usu944\/2025\/07\/LLIBRES-DE-TEXT-CFGS-TIS-25-26.pdf\">CFGS d&#8217;Integraci\u00f3 social<\/a><\/h6>\n<table style=\"width: 100%;\">\n<tbody>\n<tr>\n<td style=\"background-color: #92ae01; border-color: #ffffff;\">\u00a0<\/td>\n<\/tr>\n<\/tbody>\n<\/table>\n<table style=\"width: 100%;\">\n<tbody>\n<tr>\n<td style=\"border-color: #ffffff;\">\n<h4><a href=\"https:\/\/agora.xtec.cat\/iesmontsacopa\/estudis\/llibres\/projecte_reutilitzacio\/\">Projecte de reutilitzaci\u00f3 de llibres<\/a><\/h4>\n<p><a href=\"https:\/\/agora.xtec.cat\/iesmontsacopa\/estudis\/llibres\/projecte_reutilitzacio\/\"><img loading=\"lazy\" decoding=\"async\" class=\"alignnone wp-image-482 size-full\" src=\"https:\/\/agora.xtec.cat\/iesmontsacopa\/wp-content\/uploads\/usu944\/2016\/06\/projecte.jpg\" alt=\"\" width=\"733\" height=\"64\" srcset=\"https:\/\/agora.xtec.cat\/iesmontsacopa\/wp-content\/uploads\/usu944\/2016\/06\/projecte.jpg 733w, https:\/\/agora.xtec.cat\/iesmontsacopa\/wp-content\/uploads\/usu944\/2016\/06\/projecte-300x26.jpg 300w\" sizes=\"auto, (max-width: 733px) 100vw, 733px\" \/><\/a><\/p>\n<\/td>\n<\/tr>\n<\/tbody>\n<\/table>\n\n\n\n\n<figure class=\"wp-block-image alignright size-full\"><a href=\"https:\/\/agora.xtec.cat\/iesmontsacopa\/wp-content\/uploads\/usu944\/2026\/03\/logo2trans_horitzontalpetit.png\"><img loading=\"lazy\" decoding=\"async\" width=\"102\" height=\"32\" src=\"https:\/\/agora.xtec.cat\/iesmontsacopa\/wp-content\/uploads\/usu944\/2026\/03\/logo2trans_horitzontalpetit.png\" alt=\"\" class=\"wp-image-16247\"\/><\/a><\/figure>\n","protected":false},"excerpt":{"rendered":"<p>Llistat de llibres per al curs 2025-2026 \u00a0 1ESO 2ESO 3ESO 4ESO \u00a0 1r Batxillerat 2n Batxillerat \u00a0 CFGM d\u2019Atenci\u00f3 a les persones en situaci\u00f3 de depend\u00e8ncia CFGS d\u2019Educaci\u00f3 infantil CFGS d&#8217;Integraci\u00f3 social \u00a0 Projecte de reutilitzaci\u00f3 de llibres<\/p>\n","protected":false},"author":1,"featured_media":0,"parent":195,"menu_order":0,"comment_status":"closed","ping_status":"closed","template":"","meta":{"_bbp_topic_count":0,"_bbp_reply_count":0,"_bbp_total_topic_count":0,"_bbp_total_reply_count":0,"_bbp_voice_count":0,"_bbp_anonymous_reply_count":0,"_bbp_topic_count_hidden":0,"_bbp_reply_count_hidden":0,"_bbp_forum_subforum_count":0,"site-sidebar-layout":"default","site-content-layout":"","ast-site-content-layout":"default","site-content-style":"default","site-sidebar-style":"default","ast-global-header-display":"","ast-banner-title-visibility":"","ast-main-header-display":"","ast-hfb-above-header-display":"","ast-hfb-below-header-display":"","ast-hfb-mobile-header-display":"","site-post-title":"","ast-breadcrumbs-content":"","ast-featured-img":"","footer-sml-layout":"","theme-transparent-header-meta":"","adv-header-id-meta":"","stick-header-meta":"","header-above-stick-meta":"","header-main-stick-meta":"","header-below-stick-meta":"","astra-migrate-meta-layouts":"set","ast-page-background-enabled":"default","ast-page-background-meta":{"desktop":{"background-color":"var(--ast-global-color-4)","background-image":"","background-repeat":"repeat","background-position":"center center","background-size":"auto","background-attachment":"scroll","background-type":"","background-media":"","overlay-type":"","overlay-color":"","overlay-opacity":"","overlay-gradient":""},"tablet":{"background-color":"","background-image":"","background-repeat":"repeat","background-position":"center center","background-size":"auto","background-attachment":"scroll","background-type":"","background-media":"","overlay-type":"","overlay-color":"","overlay-opacity":"","overlay-gradient":""},"mobile":{"background-color":"","background-image":"","background-repeat":"repeat","background-position":"center center","background-size":"auto","background-attachment":"scroll","background-type":"","background-media":"","overlay-type":"","overlay-color":"","overlay-opacity":"","overlay-gradient":""}},"ast-content-background-meta":{"desktop":{"background-color":"var(--ast-global-color-5)","background-image":"","background-repeat":"repeat","background-position":"center center","background-size":"auto","background-attachment":"scroll","background-type":"","background-media":"","overlay-type":"","overlay-color":"","overlay-opacity":"","overlay-gradient":""},"tablet":{"background-color":"var(--ast-global-color-5)","background-image":"","background-repeat":"repeat","background-position":"center center","background-size":"auto","background-attachment":"scroll","background-type":"","background-media":"","overlay-type":"","overlay-color":"","overlay-opacity":"","overlay-gradient":""},"mobile":{"background-color":"var(--ast-global-color-5)","background-image":"","background-repeat":"repeat","background-position":"center center","background-size":"auto","background-attachment":"scroll","background-type":"","background-media":"","overlay-type":"","overlay-color":"","overlay-opacity":"","overlay-gradient":""}},"footnotes":""},"class_list":["post-574","page","type-page","status-publish","hentry"],"post_mailing_queue_ids":[],"_links":{"self":[{"href":"https:\/\/agora.xtec.cat\/iesmontsacopa\/wp-json\/wp\/v2\/pages\/574","targetHints":{"allow":["GET"]}}],"collection":[{"href":"https:\/\/agora.xtec.cat\/iesmontsacopa\/wp-json\/wp\/v2\/pages"}],"about":[{"href":"https:\/\/agora.xtec.cat\/iesmontsacopa\/wp-json\/wp\/v2\/types\/page"}],"author":[{"embeddable":true,"href":"https:\/\/agora.xtec.cat\/iesmontsacopa\/wp-json\/wp\/v2\/users\/1"}],"replies":[{"embeddable":true,"href":"https:\/\/agora.xtec.cat\/iesmontsacopa\/wp-json\/wp\/v2\/comments?post=574"}],"version-history":[{"count":6,"href":"https:\/\/agora.xtec.cat\/iesmontsacopa\/wp-json\/wp\/v2\/pages\/574\/revisions"}],"predecessor-version":[{"id":16329,"href":"https:\/\/agora.xtec.cat\/iesmontsacopa\/wp-json\/wp\/v2\/pages\/574\/revisions\/16329"}],"up":[{"embeddable":true,"href":"https:\/\/agora.xtec.cat\/iesmontsacopa\/wp-json\/wp\/v2\/pages\/195"}],"wp:attachment":[{"href":"https:\/\/agora.xtec.cat\/iesmontsacopa\/wp-json\/wp\/v2\/media?parent=574"}],"curies":[{"name":"wp","href":"https:\/\/api.w.org\/{rel}","templated":true}]}}