{"id":52,"date":"2014-09-17T16:58:07","date_gmt":"2014-09-17T16:58:07","guid":{"rendered":"http:\/\/agora.xtec.cat\/iesmontsacopa\/?page_id=52"},"modified":"2026-03-28T11:23:26","modified_gmt":"2026-03-28T10:23:26","slug":"calendari-del-curs","status":"publish","type":"page","link":"https:\/\/agora.xtec.cat\/iesmontsacopa\/linstitut\/calendari-del-curs\/","title":{"rendered":"Calendari del curs"},"content":{"rendered":"<p><a href=\"https:\/\/agora.xtec.cat\/iesmontsacopa\/wp-content\/uploads\/usu944\/2025\/08\/calendari_25_26.jpg\"><img loading=\"lazy\" decoding=\"async\" class=\"aligncenter size-full wp-image-14989\" src=\"https:\/\/agora.xtec.cat\/iesmontsacopa\/wp-content\/uploads\/usu944\/2025\/08\/calendari_25_26.jpg\" alt=\"\" width=\"1669\" height=\"594\" srcset=\"https:\/\/agora.xtec.cat\/iesmontsacopa\/wp-content\/uploads\/usu944\/2025\/08\/calendari_25_26.jpg 1669w, https:\/\/agora.xtec.cat\/iesmontsacopa\/wp-content\/uploads\/usu944\/2025\/08\/calendari_25_26-300x107.jpg 300w, https:\/\/agora.xtec.cat\/iesmontsacopa\/wp-content\/uploads\/usu944\/2025\/08\/calendari_25_26-1024x364.jpg 1024w, https:\/\/agora.xtec.cat\/iesmontsacopa\/wp-content\/uploads\/usu944\/2025\/08\/calendari_25_26-768x273.jpg 768w, https:\/\/agora.xtec.cat\/iesmontsacopa\/wp-content\/uploads\/usu944\/2025\/08\/calendari_25_26-1536x547.jpg 1536w\" sizes=\"auto, (max-width: 1669px) 100vw, 1669px\" \/><\/a><\/p>\n<hr style=\"border-color: #ffffff; height: 5px;\" \/>\n<table style=\"border-collapse: collapse; width: 100%;\">\n<tbody>\n<tr>\n<td style=\"width: 36.5462%; border-color: #ffffff; background-color: #edf2f5; vertical-align: top;\">\n<p style=\"text-align: left;\"><strong>CALENDARI d\u2019inici de CURS 2025 &#8211; 2026<\/strong><\/p>\n<p style=\"text-align: left;\"><strong>10 de setembre<\/strong><\/p>\n<\/td>\n<td style=\"width: 63.4538%; vertical-align: top; border-color: #ffffff; background-color: #edf2f5;\"><strong>Comen\u00e7ament de les classes d\u2019ESO<\/strong>\n<p><strong>8.15 a 10.15<\/strong>: tutories d&#8217;ESO<br \/>A continuaci\u00f3, classes d&#8217;ESO en horari habitual.<\/p>\n<\/td>\n<\/tr>\n<tr>\n<td style=\"width: 36.5462%; border-color: #ffffff; background-color: #edf2f5; vertical-align: top;\">\n<p style=\"text-align: left;\"><strong>12 de setembre<\/strong><\/p>\n<\/td>\n<td style=\"width: 63.4538%; vertical-align: top; border-color: #ffffff; background-color: #edf2f5;\"><strong>Comen\u00e7ament de les classes de Batxillerat i de Cicles Formatius<\/strong>\n<p><strong>8.15 a 10.15:<\/strong> tutories de Batxillerat<br \/>A continuaci\u00f3, classes de Batxillerat en horari habitual<\/p>\n<p><strong>15.15 a 17.05:<\/strong> tutories de Cicles Formatius<br \/>A continuaci\u00f3, classes de Cicles Formatius en horari habitual.<\/p>\n<\/td>\n<\/tr>\n<\/tbody>\n<\/table>\n<table style=\"width: 100%; border-color: #c4b9b9; height: 99px;\" width=\"100%\">\n<tbody>\n<tr style=\"height: 33px;\">\n<td style=\"height: 33px; border-color: #ffffff; background-color: #edf2f5;\" width=\"204\"><span style=\"color: #000000;\"><strong>20 desembre \u2013 7 gener<\/strong><\/span><\/td>\n<td style=\"height: 33px; border-color: #ffffff; background-color: #edf2f5;\" width=\"408\"><span style=\"color: #000000;\">Vacances de Nadal<\/span><\/td>\n<\/tr>\n<tr style=\"height: 33px;\">\n<td style=\"height: 33px; border-color: #ffffff; width: 204px; background-color: #edf2f5;\" width=\"204\"><span style=\"color: #000000;\"><strong>28 de mar\u00e7\u00a0 \u2013 6 d&#8217;abril<\/strong><\/span><\/td>\n<td style=\"height: 33px; border-color: #ffffff; background-color: #edf2f5;\" width=\"408\"><span style=\"color: #000000;\">Vacances de Setmana Santa<\/span><\/td>\n<\/tr>\n<tr style=\"height: 33px;\">\n<td style=\"height: 33px; border-color: #ffffff; background-color: #edf2f5;\" width=\"204\"><span style=\"color: #000000;\"><strong>19 de juny<\/strong><\/span><\/td>\n<td style=\"height: 33px; border-color: #ffffff; background-color: #edf2f5;\" width=\"408\"><span style=\"color: #000000;\">Acabament del curs escolar<\/span><\/td>\n<\/tr>\n<\/tbody>\n<\/table>\n<table style=\"width: 100%; border-color: #c4b9b9;\" width=\"100%\">\n<tbody>\n<tr>\n<td style=\"width: 50%; text-align: left; vertical-align: top; border-color: #ffffff; background-color: #edf2f5;\" width=\"300\"><span style=\"color: #000000;\"><strong>Dies festius del curs 2025 \u2013 2026<\/strong><\/span>\n<p><span style=\"color: #000000;\">8 i 9 de setembre (Festes del Tura)<\/span><\/p>\n<p><span style=\"color: #000000;\">11 de setembre (Diada de Catalunya)<\/span><\/p>\n<p><span style=\"color: #000000;\">8 de desembre (Dia de la Constituci\u00f3)<\/span><\/p>\n<\/td>\n<td style=\"width: 50%; text-align: left; vertical-align: top; border-color: #ffffff; background-color: #edf2f5;\" width=\"312\"><span style=\"color: #000000;\"><strong>Dies de lliure disposici\u00f3<\/strong><\/span>\n<p><span style=\"color: #000000;\">31 d\u2019octubre<\/span><\/p>\n<p><span style=\"color: #000000;\">13 de febrer<\/span><\/p>\n<p><span style=\"color: #000000;\">16 de febrer<\/span><\/p>\n<p><span style=\"color: #000000;\">4 de maig<\/span><\/p>\n<\/td>\n<\/tr>\n<\/tbody>\n<\/table>\n<table style=\"width: 100%; border-color: #c4b9b9;\">\n<tbody>\n<tr>\n<td style=\"width: 50%; vertical-align: top; border-color: #ffffff; background-color: #edf2f5;\"><span style=\"color: #000000;\"><strong>Jornades d\u2019esport i lleure i Esquiada (1r, 2n i 3r d\u2019ESO): <\/strong>25, 26 i 27 de febrer<\/span>\n<p><span style=\"color: #000000;\"><strong>Setmana de viatges de 4t d\u2019ESO:<\/strong> del 23 al 27 de febrer.<\/span><\/p>\n<p><span style=\"color: #000000;\"><strong>Setmana de viatges de 1r i 2n de Batxillerat<\/strong>: del 23 al 27 de febrer.<\/span><\/p>\n<p><strong>Jornades d&#8217;orientaci\u00f3 4t d&#8217;ESO<\/strong>: 10 i 11 de mar\u00e7<\/p>\n<p><strong>Jornada d&#8217;orientaci\u00f3 1r Batxillerat<\/strong>: 12 de mar\u00e7<\/p>\n<\/td>\n<td style=\"width: 50%; border-color: #ffffff; background-color: #edf2f5; vertical-align: top;\"><span style=\"color: #000000;\"><strong>Compet\u00e8ncies b\u00e0siques 4t ESO: <\/strong>\u00a020 i 23 de mar\u00e7<\/span>\n<p><span style=\"color: #000000;\"><strong>Torneig Llu\u00eds L\u00f3pez 3r d&#8217;ESO<\/strong>: 11 de juny<\/span><\/p>\n<p><span style=\"color: #000000;\"><strong>Intercanvis d&#8217;Angl\u00e8s i Franc\u00e8s: <\/strong>a confirmar<\/span><\/p>\n<p><span style=\"color: #000000;\"><strong>Erasmus:\u00a0<\/strong>dates a concretar<\/span><\/p>\n<p><span style=\"color: #000000;\"><strong>Viatge de CF<\/strong>: del 23 al 27 de febrer<\/span><\/p>\n<p><span style=\"color: #000000;\"><strong>PAU<\/strong>: 9, 10 i 11 de juny\u00a0<\/span><\/p>\n<\/td>\n<\/tr>\n<\/tbody>\n<\/table>\n<p>\u00a0<\/p>\n<table style=\"border-collapse: collapse; width: 100%;\">\n<tbody>\n<tr>\n<td style=\"width: 100%; background-color: #edf2f5; border-color: #ffffff;\"><span style=\"color: #000000;\"><strong>Reunions de fam\u00edlies:<\/strong><\/span>\n<p><span style=\"color: #000000;\"><strong>1r d\u2019ESO: <\/strong>16 de setembre a 2\/4 de 8 del vespre<\/span><\/p>\n<p><span style=\"color: #000000;\"><strong>2n d\u2019ESO: <\/strong>16 de setembre a 2\/4 de 8 del vespre<\/span><\/p>\n<p><span style=\"color: #000000;\"><strong>3r d\u2019ESO: <\/strong>25 de setembre a 2\/4 de 8 del vespre<\/span><\/p>\n<p><span style=\"color: #000000;\"><strong>4t d\u2019ESO:\u00a0<\/strong> 30 de setembre a 2\/4 de 8 del vespre<\/span><\/p>\n<p><span style=\"color: #000000;\"><strong>1r de Batxillerat:\u00a0 <\/strong>23 de setembre a 2\/4 de 8 del vespre<\/span><\/p>\n<p><span style=\"color: #000000;\"><strong>2n de Batxillerat: <\/strong>18 de setembre a 2\/4 de 8 del vespre<\/span><\/p>\n<p><span style=\"color: #000000;\"><strong>1r CFGM: <\/strong>14 d&#8217;octubre a 2\/4 de 8 del vespre<\/span><\/p>\n<p><span style=\"color: #000000;\"><strong>2n CFGM:<\/strong> 21 d&#8217;octubre a 2\/4 de 8 del vespre<\/span><\/p>\n<\/td>\n<\/tr>\n<\/tbody>\n<\/table>\n\n\n\n\n<figure class=\"wp-block-image alignright size-full\"><a href=\"https:\/\/agora.xtec.cat\/iesmontsacopa\/wp-content\/uploads\/usu944\/2026\/03\/logo2trans_horitzontalpetit.png\"><img loading=\"lazy\" decoding=\"async\" width=\"102\" height=\"32\" src=\"https:\/\/agora.xtec.cat\/iesmontsacopa\/wp-content\/uploads\/usu944\/2026\/03\/logo2trans_horitzontalpetit.png\" alt=\"\" class=\"wp-image-16247\"\/><\/a><\/figure>\n","protected":false},"excerpt":{"rendered":"<p>CALENDARI d\u2019inici de CURS 2025 &#8211; 2026 10 de setembre Comen\u00e7ament de les classes d\u2019ESO 8.15 a 10.15: tutories d&#8217;ESOA continuaci\u00f3, classes d&#8217;ESO en horari habitual. 12 de setembre Comen\u00e7ament de les classes de Batxillerat i de Cicles Formatius 8.15 a 10.15: tutories de BatxilleratA continuaci\u00f3, classes de Batxillerat en horari habitual 15.15 a 17.05: [&hellip;]<\/p>\n","protected":false},"author":1,"featured_media":0,"parent":19,"menu_order":70,"comment_status":"closed","ping_status":"closed","template":"","meta":{"_bbp_topic_count":0,"_bbp_reply_count":0,"_bbp_total_topic_count":0,"_bbp_total_reply_count":0,"_bbp_voice_count":0,"_bbp_anonymous_reply_count":0,"_bbp_topic_count_hidden":0,"_bbp_reply_count_hidden":0,"_bbp_forum_subforum_count":0,"site-sidebar-layout":"default","site-content-layout":"","ast-site-content-layout":"default","site-content-style":"default","site-sidebar-style":"default","ast-global-header-display":"","ast-banner-title-visibility":"","ast-main-header-display":"","ast-hfb-above-header-display":"","ast-hfb-below-header-display":"","ast-hfb-mobile-header-display":"","site-post-title":"","ast-breadcrumbs-content":"","ast-featured-img":"","footer-sml-layout":"","theme-transparent-header-meta":"","adv-header-id-meta":"","stick-header-meta":"","header-above-stick-meta":"","header-main-stick-meta":"","header-below-stick-meta":"","astra-migrate-meta-layouts":"set","ast-page-background-enabled":"default","ast-page-background-meta":{"desktop":{"background-color":"var(--ast-global-color-4)","background-image":"","background-repeat":"repeat","background-position":"center center","background-size":"auto","background-attachment":"scroll","background-type":"","background-media":"","overlay-type":"","overlay-color":"","overlay-opacity":"","overlay-gradient":""},"tablet":{"background-color":"","background-image":"","background-repeat":"repeat","background-position":"center center","background-size":"auto","background-attachment":"scroll","background-type":"","background-media":"","overlay-type":"","overlay-color":"","overlay-opacity":"","overlay-gradient":""},"mobile":{"background-color":"","background-image":"","background-repeat":"repeat","background-position":"center center","background-size":"auto","background-attachment":"scroll","background-type":"","background-media":"","overlay-type":"","overlay-color":"","overlay-opacity":"","overlay-gradient":""}},"ast-content-background-meta":{"desktop":{"background-color":"var(--ast-global-color-5)","background-image":"","background-repeat":"repeat","background-position":"center center","background-size":"auto","background-attachment":"scroll","background-type":"","background-media":"","overlay-type":"","overlay-color":"","overlay-opacity":"","overlay-gradient":""},"tablet":{"background-color":"var(--ast-global-color-5)","background-image":"","background-repeat":"repeat","background-position":"center center","background-size":"auto","background-attachment":"scroll","background-type":"","background-media":"","overlay-type":"","overlay-color":"","overlay-opacity":"","overlay-gradient":""},"mobile":{"background-color":"var(--ast-global-color-5)","background-image":"","background-repeat":"repeat","background-position":"center center","background-size":"auto","background-attachment":"scroll","background-type":"","background-media":"","overlay-type":"","overlay-color":"","overlay-opacity":"","overlay-gradient":""}},"footnotes":""},"class_list":["post-52","page","type-page","status-publish","hentry"],"post_mailing_queue_ids":[],"_links":{"self":[{"href":"https:\/\/agora.xtec.cat\/iesmontsacopa\/wp-json\/wp\/v2\/pages\/52","targetHints":{"allow":["GET"]}}],"collection":[{"href":"https:\/\/agora.xtec.cat\/iesmontsacopa\/wp-json\/wp\/v2\/pages"}],"about":[{"href":"https:\/\/agora.xtec.cat\/iesmontsacopa\/wp-json\/wp\/v2\/types\/page"}],"author":[{"embeddable":true,"href":"https:\/\/agora.xtec.cat\/iesmontsacopa\/wp-json\/wp\/v2\/users\/1"}],"replies":[{"embeddable":true,"href":"https:\/\/agora.xtec.cat\/iesmontsacopa\/wp-json\/wp\/v2\/comments?post=52"}],"version-history":[{"count":6,"href":"https:\/\/agora.xtec.cat\/iesmontsacopa\/wp-json\/wp\/v2\/pages\/52\/revisions"}],"predecessor-version":[{"id":16313,"href":"https:\/\/agora.xtec.cat\/iesmontsacopa\/wp-json\/wp\/v2\/pages\/52\/revisions\/16313"}],"up":[{"embeddable":true,"href":"https:\/\/agora.xtec.cat\/iesmontsacopa\/wp-json\/wp\/v2\/pages\/19"}],"wp:attachment":[{"href":"https:\/\/agora.xtec.cat\/iesmontsacopa\/wp-json\/wp\/v2\/media?parent=52"}],"curies":[{"name":"wp","href":"https:\/\/api.w.org\/{rel}","templated":true}]}}