{"id":473,"date":"2016-06-14T21:51:35","date_gmt":"2016-06-14T20:51:35","guid":{"rendered":"http:\/\/agora.xtec.cat\/iesmontsacopa\/?page_id=473"},"modified":"2026-03-29T18:00:05","modified_gmt":"2026-03-29T16:00:05","slug":"projecte_reutilitzacio","status":"publish","type":"page","link":"https:\/\/agora.xtec.cat\/iesmontsacopa\/estudis\/llibres\/projecte_reutilitzacio\/","title":{"rendered":"Projecte de reutilitzaci\u00f3 de llibres"},"content":{"rendered":"\n<div class=\"wp-block-columns is-layout-flex wp-container-core-columns-is-layout-1 wp-block-columns-is-layout-flex\" style=\"border-radius:16px\">\n<div class=\"wp-block-column is-layout-flow wp-block-column-is-layout-flow\">\n<table style=\"width: 98.2281%;\">\n<tbody>\n<tr>\n<td style=\"border-color: #ffffff; background-color: #0988a9; width: 24.7497%; text-align: center;\">\n<h2><span style=\"color: #ffffff;\"><strong>Institut Montsacopa\u00a0<\/strong><\/span><\/h2>\n<\/td>\n<td style=\"border-color: #ffffff; background-color: #0988a9; width: 24.7497%; text-align: center;\">\n<h2><span style=\"color: #c0e605;\"><strong>EcoBooks<\/strong><\/span><\/h2>\n<\/td>\n<\/tr>\n<\/tbody>\n<\/table>\n<p>L&#8217;AMPA, conjuntament amb la direcci\u00f3 del centre, i amb l&#8217;aprovaci\u00f3 del Consell Escolar, ofereix el Projecte de Reutilitzaci\u00f3 de llibres de text amb l&#8217;empresa <a href=\"https:\/\/spain.iddink.es\/ca\/\" target=\"_blank\" rel=\"noopener noreferrer\">IDDINK.<\/a> Els avantatges que ofereix s\u00f3n:<\/p>\n<p>. Estalvi del 55% respecte el PVP en l&#8217;adquisici\u00f3 de llibres reutilitzables.<br \/>. Comanda flexible: Es poden demanar alhora llibres nous, reutilitzables, de lectura&#8230;<br \/>. Les comandes es lliuren a domicili (a partir de la tercera setmana d&#8217;agost)<\/p>\n<\/div>\n<\/div>\n\n\n\n<div class=\"wp-block-columns is-layout-flex wp-container-core-columns-is-layout-2 wp-block-columns-is-layout-flex\">\n<div class=\"wp-block-column is-layout-flow wp-block-column-is-layout-flow\">\n<p><a href=\"https:\/\/agora.xtec.cat\/iesmontsacopa\/wp-content\/uploads\/usu944\/2026\/02\/iddink_2026.pdf\"><img loading=\"lazy\" decoding=\"async\" class=\"alignnone wp-image-15468 size-large\" src=\"https:\/\/agora.xtec.cat\/iesmontsacopa\/wp-content\/uploads\/usu944\/2026\/02\/iddink_portada_26-1024x249.jpg\" alt=\"\" width=\"1024\" height=\"249\"><\/a><\/p>\n<\/div>\n<\/div>\n\n\n\n<div class=\"wp-block-columns is-layout-flex wp-container-core-columns-is-layout-3 wp-block-columns-is-layout-flex\">\n<div class=\"wp-block-column is-layout-flow wp-block-column-is-layout-flow\">\n<p>&nbsp;<\/p>\n<p style=\"text-align: center;\"><iframe loading=\"lazy\" src=\"https:\/\/player.vimeo.com\/video\/953990128?h=5070241f9a\" width=\"640\" height=\"360\" frameborder=\"0\" allowfullscreen=\"allowfullscreen\"><span data-mce-type=\"bookmark\" style=\"display: inline-block; width: 0px; overflow: hidden; line-height: 0;\" class=\"mce_SELRES_start\">\ufeff<\/span><\/iframe><\/p>\n<p><a href=\"https:\/\/vimeo.com\/953990128\">Presentaci\u00f3 d&#8217;Iddink i els ecoBooks<\/a> from <a href=\"https:\/\/vimeo.com\/user12002220\">Iddink Spain<\/a> on <a href=\"https:\/\/vimeo.com\">Vimeo<\/a>.<\/p>\n<\/div>\n<\/div>\n\n\n\n<p><span style=\"color: #ffffff;\">jjj<\/span><\/p>\n\n\n\n<figure class=\"wp-block-image alignright size-full\"><a href=\"https:\/\/agora.xtec.cat\/iesmontsacopa\/wp-content\/uploads\/usu944\/2026\/03\/logo2trans_horitzontalpetit.png\"><img loading=\"lazy\" decoding=\"async\" width=\"102\" height=\"32\" src=\"https:\/\/agora.xtec.cat\/iesmontsacopa\/wp-content\/uploads\/usu944\/2026\/03\/logo2trans_horitzontalpetit.png\" alt=\"\" class=\"wp-image-16247\"\/><\/a><\/figure>\n\n\n","protected":false},"excerpt":{"rendered":"<p>Institut Montsacopa\u00a0 EcoBooks L&#8217;AMPA, conjuntament amb la direcci\u00f3 del centre, i amb l&#8217;aprovaci\u00f3 del Consell Escolar, ofereix el Projecte de Reutilitzaci\u00f3 de llibres de text amb l&#8217;empresa IDDINK. Els avantatges que ofereix s\u00f3n: . Estalvi del 55% respecte el PVP en l&#8217;adquisici\u00f3 de llibres reutilitzables.. Comanda flexible: Es poden demanar alhora llibres nous, reutilitzables, de [&hellip;]<\/p>\n","protected":false},"author":1,"featured_media":0,"parent":574,"menu_order":0,"comment_status":"closed","ping_status":"closed","template":"","meta":{"_bbp_topic_count":0,"_bbp_reply_count":0,"_bbp_total_topic_count":0,"_bbp_total_reply_count":0,"_bbp_voice_count":0,"_bbp_anonymous_reply_count":0,"_bbp_topic_count_hidden":0,"_bbp_reply_count_hidden":0,"_bbp_forum_subforum_count":0,"site-sidebar-layout":"default","site-content-layout":"","ast-site-content-layout":"default","site-content-style":"default","site-sidebar-style":"default","ast-global-header-display":"","ast-banner-title-visibility":"","ast-main-header-display":"","ast-hfb-above-header-display":"","ast-hfb-below-header-display":"","ast-hfb-mobile-header-display":"","site-post-title":"","ast-breadcrumbs-content":"","ast-featured-img":"","footer-sml-layout":"","theme-transparent-header-meta":"","adv-header-id-meta":"","stick-header-meta":"","header-above-stick-meta":"","header-main-stick-meta":"","header-below-stick-meta":"","astra-migrate-meta-layouts":"set","ast-page-background-enabled":"default","ast-page-background-meta":{"desktop":{"background-color":"var(--ast-global-color-4)","background-image":"","background-repeat":"repeat","background-position":"center center","background-size":"auto","background-attachment":"scroll","background-type":"","background-media":"","overlay-type":"","overlay-color":"","overlay-opacity":"","overlay-gradient":""},"tablet":{"background-color":"","background-image":"","background-repeat":"repeat","background-position":"center center","background-size":"auto","background-attachment":"scroll","background-type":"","background-media":"","overlay-type":"","overlay-color":"","overlay-opacity":"","overlay-gradient":""},"mobile":{"background-color":"","background-image":"","background-repeat":"repeat","background-position":"center center","background-size":"auto","background-attachment":"scroll","background-type":"","background-media":"","overlay-type":"","overlay-color":"","overlay-opacity":"","overlay-gradient":""}},"ast-content-background-meta":{"desktop":{"background-color":"var(--ast-global-color-5)","background-image":"","background-repeat":"repeat","background-position":"center center","background-size":"auto","background-attachment":"scroll","background-type":"","background-media":"","overlay-type":"","overlay-color":"","overlay-opacity":"","overlay-gradient":""},"tablet":{"background-color":"var(--ast-global-color-5)","background-image":"","background-repeat":"repeat","background-position":"center center","background-size":"auto","background-attachment":"scroll","background-type":"","background-media":"","overlay-type":"","overlay-color":"","overlay-opacity":"","overlay-gradient":""},"mobile":{"background-color":"var(--ast-global-color-5)","background-image":"","background-repeat":"repeat","background-position":"center center","background-size":"auto","background-attachment":"scroll","background-type":"","background-media":"","overlay-type":"","overlay-color":"","overlay-opacity":"","overlay-gradient":""}},"footnotes":""},"class_list":["post-473","page","type-page","status-publish","hentry"],"post_mailing_queue_ids":[],"_links":{"self":[{"href":"https:\/\/agora.xtec.cat\/iesmontsacopa\/wp-json\/wp\/v2\/pages\/473","targetHints":{"allow":["GET"]}}],"collection":[{"href":"https:\/\/agora.xtec.cat\/iesmontsacopa\/wp-json\/wp\/v2\/pages"}],"about":[{"href":"https:\/\/agora.xtec.cat\/iesmontsacopa\/wp-json\/wp\/v2\/types\/page"}],"author":[{"embeddable":true,"href":"https:\/\/agora.xtec.cat\/iesmontsacopa\/wp-json\/wp\/v2\/users\/1"}],"replies":[{"embeddable":true,"href":"https:\/\/agora.xtec.cat\/iesmontsacopa\/wp-json\/wp\/v2\/comments?post=473"}],"version-history":[{"count":6,"href":"https:\/\/agora.xtec.cat\/iesmontsacopa\/wp-json\/wp\/v2\/pages\/473\/revisions"}],"predecessor-version":[{"id":16452,"href":"https:\/\/agora.xtec.cat\/iesmontsacopa\/wp-json\/wp\/v2\/pages\/473\/revisions\/16452"}],"up":[{"embeddable":true,"href":"https:\/\/agora.xtec.cat\/iesmontsacopa\/wp-json\/wp\/v2\/pages\/574"}],"wp:attachment":[{"href":"https:\/\/agora.xtec.cat\/iesmontsacopa\/wp-json\/wp\/v2\/media?parent=473"}],"curies":[{"name":"wp","href":"https:\/\/api.w.org\/{rel}","templated":true}]}}